{"id":994,"date":"2010-12-01T22:16:15","date_gmt":"2010-12-01T21:16:15","guid":{"rendered":"http:\/\/georg-dahlhoff.de\/blog\/"},"modified":"2018-02-15T18:00:51","modified_gmt":"2018-02-15T17:00:51","slug":"nierstein-schwabsburg","status":"publish","type":"page","link":"https:\/\/georg-dahlhoff.de\/wp\/?page_id=994","title":{"rendered":"Nierstein-Schwabsburg"},"content":{"rendered":"<p style=\"text-align: center;\"><a href=\"https:\/\/georg-dahlhoff.de\/wp\/?page_id=11740\"><img data-recalc-dims=\"1\" loading=\"lazy\" decoding=\"async\" data-attachment-id=\"26915\" data-permalink=\"https:\/\/georg-dahlhoff.de\/wp\/?attachment_id=26915\" data-orig-file=\"https:\/\/i0.wp.com\/georg-dahlhoff.de\/wp\/wp-content\/uploads\/2018\/02\/Fotosammlung_MZ-BIN.jpg?fit=623%2C80&amp;ssl=1\" data-orig-size=\"623,80\" data-comments-opened=\"1\" data-image-meta=\"{&quot;aperture&quot;:&quot;0&quot;,&quot;credit&quot;:&quot;&quot;,&quot;camera&quot;:&quot;&quot;,&quot;caption&quot;:&quot;&quot;,&quot;created_timestamp&quot;:&quot;0&quot;,&quot;copyright&quot;:&quot;&quot;,&quot;focal_length&quot;:&quot;0&quot;,&quot;iso&quot;:&quot;0&quot;,&quot;shutter_speed&quot;:&quot;0&quot;,&quot;title&quot;:&quot;&quot;,&quot;orientation&quot;:&quot;1&quot;}\" data-image-title=\"Fotosammlung_MZ-BIN\" data-image-description=\"\" data-image-caption=\"\" data-large-file=\"https:\/\/i0.wp.com\/georg-dahlhoff.de\/wp\/wp-content\/uploads\/2018\/02\/Fotosammlung_MZ-BIN.jpg?fit=600%2C77&amp;ssl=1\" class=\"aligncenter size-large wp-image-26915\" src=\"https:\/\/i0.wp.com\/georg-dahlhoff.de\/wp\/wp-content\/uploads\/2018\/02\/Fotosammlung_MZ-BIN.jpg?resize=600%2C77&#038;ssl=1\" alt=\"\" width=\"600\" height=\"77\" srcset=\"https:\/\/i0.wp.com\/georg-dahlhoff.de\/wp\/wp-content\/uploads\/2018\/02\/Fotosammlung_MZ-BIN.jpg?resize=600%2C77&amp;ssl=1 600w, https:\/\/i0.wp.com\/georg-dahlhoff.de\/wp\/wp-content\/uploads\/2018\/02\/Fotosammlung_MZ-BIN.jpg?resize=300%2C39&amp;ssl=1 300w, https:\/\/i0.wp.com\/georg-dahlhoff.de\/wp\/wp-content\/uploads\/2018\/02\/Fotosammlung_MZ-BIN.jpg?w=623&amp;ssl=1 623w\" sizes=\"auto, (max-width: 600px) 100vw, 600px\" \/><\/a><\/p>\n<p style=\"text-align: center;\"><strong>Ortsteil Schwabsburg<\/strong>, Stadt Nierstein, Verbandsgemeinde Rhein-Selz <a href=\"http:\/\/www.nierstein.de\/Schwabsburg\/Schwabsburg.htm\" target=\"_blank\">http:\/\/www.nierstein.de\/Schwabsburg\/Schwabsburg.htm<\/a><\/p>\n<p style=\"text-align: center;\">Hier ist Schwabsburg im \u00dcberblick zu sehen: Links das Wahrzeichen der\u00a0<strong>Schlossturm<\/strong>, der Turm des ehemaligen Schwabsburger Schlosses. In der Mitte ragt der Turm der\u00a0<strong>Evangelischen Kirche<\/strong> heraus.<\/p>\n<figure id=\"attachment_24239\" aria-describedby=\"caption-attachment-24239\" style=\"width: 480px\" class=\"wp-caption aligncenter\"><a href=\"https:\/\/i0.wp.com\/georg-dahlhoff.de\/wp\/wp-content\/uploads\/2010\/12\/201107191658.jpg?ssl=1\"><img data-recalc-dims=\"1\" loading=\"lazy\" decoding=\"async\" class=\"size-large wp-image-24239\" src=\"https:\/\/i0.wp.com\/georg-dahlhoff.de\/wp\/wp-content\/uploads\/2010\/12\/201107191658.jpg?resize=480%2C270&#038;ssl=1\" alt=\"Nierstein-Schwabsburg: Orts\u00fcbersicht mit Schlossturm - Bild Nr. 201107191658\" width=\"480\" height=\"270\" \/><\/a><figcaption id=\"caption-attachment-24239\" class=\"wp-caption-text\">Nierstein-Schwabsburg: Orts\u00fcbersicht mit Schlossturm &#8211; Bild Nr. 201107191658<\/figcaption><\/figure>\n<p style=\"text-align: center;\">Blick vom Gel\u00e4nde um den Schlossturm auf die Ortsmitte von Schwabsburg.<\/p>\n<p><figure id=\"attachment_24236\" aria-describedby=\"caption-attachment-24236\" style=\"width: 480px\" class=\"wp-caption aligncenter\"><a href=\"https:\/\/i0.wp.com\/georg-dahlhoff.de\/wp\/wp-content\/uploads\/2010\/12\/201605264369.jpg?ssl=1\"><img data-recalc-dims=\"1\" loading=\"lazy\" decoding=\"async\" class=\"size-large wp-image-24236\" src=\"https:\/\/i0.wp.com\/georg-dahlhoff.de\/wp\/wp-content\/uploads\/2010\/12\/201605264369.jpg?resize=480%2C320&#038;ssl=1\" alt=\"Schwabsburg Ortsmitte mit der Evangelischen Kirche - Bild Nr. 201605264369\" width=\"480\" height=\"320\" \/><\/a><figcaption id=\"caption-attachment-24236\" class=\"wp-caption-text\">Schwabsburg Ortsmitte mit der Evangelischen Kirche &#8211; Bild Nr. 201605264369<\/figcaption><\/figure> <figure id=\"attachment_24237\" aria-describedby=\"caption-attachment-24237\" style=\"width: 480px\" class=\"wp-caption aligncenter\"><a href=\"https:\/\/i0.wp.com\/georg-dahlhoff.de\/wp\/wp-content\/uploads\/2010\/12\/201605264373.jpg?ssl=1\"><img data-recalc-dims=\"1\" loading=\"lazy\" decoding=\"async\" class=\"size-large wp-image-24237\" src=\"https:\/\/i0.wp.com\/georg-dahlhoff.de\/wp\/wp-content\/uploads\/2010\/12\/201605264373.jpg?resize=480%2C320&#038;ssl=1\" alt=\"Schlossturm Schwabsburg - Bild Nr. Schwabsburg\" width=\"480\" height=\"320\" \/><\/a><figcaption id=\"caption-attachment-24237\" class=\"wp-caption-text\">Schlossturm Schwabsburg &#8211; Bild Nr. Schwabsburg<\/figcaption><\/figure> <figure id=\"attachment_1609\" aria-describedby=\"caption-attachment-1609\" style=\"width: 300px\" class=\"wp-caption aligncenter\"><a href=\"https:\/\/i0.wp.com\/georg-dahlhoff.de\/blog\/wp-content\/uploads\/2010\/12\/200507304216-nsw.jpg\" target=\"_blank\"><img data-recalc-dims=\"1\" loading=\"lazy\" decoding=\"async\" class=\"size-medium wp-image-1609\" title=\"200507304216 - Schwabsburg: Weedplatz, evangelische Kirche\" src=\"https:\/\/i0.wp.com\/georg-dahlhoff.de\/blog\/wp-content\/uploads\/2010\/12\/200507304216-nsw-300x225.jpg?resize=300%2C225\" alt=\"\" width=\"300\" height=\"225\" \/><\/a><figcaption id=\"caption-attachment-1609\" class=\"wp-caption-text\">Schwabsburg: Weedplatz, evangelische Kirche &#8211; Bild Nr. 200507304216<\/figcaption><\/figure><\/p>\n<p style=\"text-align: center;\">In der Ortsmitte kann man auch mit einem Blick die Wahrzeichen Schwabsburgs sehen, den\u00a0<strong>Schlossturm<\/strong> und die 1894 erbaute\u00a0<strong>Evangelische Kirche<\/strong>. Links im Bild ist ein besonderes Schmuckst\u00fcck von Schwabsburg, der liebevoll gestaltete\u00a0<strong>Weedplatz<\/strong>, zu sehen.<\/p>\n<p><figure id=\"attachment_1611\" aria-describedby=\"caption-attachment-1611\" style=\"width: 225px\" class=\"wp-caption aligncenter\"><a href=\"https:\/\/i0.wp.com\/georg-dahlhoff.de\/blog\/wp-content\/uploads\/2010\/12\/200507304221-nsw.jpg\" target=\"_blank\"><img data-recalc-dims=\"1\" loading=\"lazy\" decoding=\"async\" class=\"size-medium wp-image-1611\" title=\"200507304221 - Schwabsburg: katholische Kirche\" src=\"https:\/\/i0.wp.com\/georg-dahlhoff.de\/blog\/wp-content\/uploads\/2010\/12\/200507304221-nsw-225x300.jpg?resize=225%2C300\" alt=\"\" width=\"225\" height=\"300\" \/><\/a><figcaption id=\"caption-attachment-1611\" class=\"wp-caption-text\">Schwabsburg: katholische Kirche &#8211; Bild Nr. 200507304221<\/figcaption><\/figure> <figure id=\"attachment_23538\" aria-describedby=\"caption-attachment-23538\" style=\"width: 580px\" class=\"wp-caption aligncenter\"><a href=\"https:\/\/i0.wp.com\/georg-dahlhoff.de\/wp\/wp-content\/uploads\/2010\/12\/201508314932.jpg?ssl=1\"><img data-recalc-dims=\"1\" loading=\"lazy\" decoding=\"async\" class=\"size-large wp-image-23538\" src=\"https:\/\/i0.wp.com\/georg-dahlhoff.de\/wp\/wp-content\/uploads\/2010\/12\/201508314932.jpg?resize=580%2C388&#038;ssl=1\" alt=\"Schwabsburg: Weedplatz - Bild Nr. 201508314932\" width=\"580\" height=\"388\" \/><\/a><figcaption id=\"caption-attachment-23538\" class=\"wp-caption-text\">Schwabsburg: Weedplatz &#8211; Bild Nr. 201508314932<\/figcaption><\/figure><\/p>\n<p style=\"text-align: center;\">Auf dieser Ansicht des\u00a0<strong>Weedplatzes<\/strong> ist einer der Br\u00fccken zu sehen, die \u00fcber den durch Schwabsburg flie\u00dfenden Fl\u00fcgelsbach f\u00fchren.<\/p>\n<figure id=\"attachment_1610\" aria-describedby=\"caption-attachment-1610\" style=\"width: 225px\" class=\"wp-caption aligncenter\"><a href=\"https:\/\/i0.wp.com\/georg-dahlhoff.de\/blog\/wp-content\/uploads\/2010\/12\/200507304220-nsw.jpg\" target=\"_blank\"><img data-recalc-dims=\"1\" loading=\"lazy\" decoding=\"async\" class=\"size-medium wp-image-1610\" title=\"200507304220 - Schwabsburg: Brunnen\" src=\"https:\/\/i0.wp.com\/georg-dahlhoff.de\/blog\/wp-content\/uploads\/2010\/12\/200507304220-nsw-225x300.jpg?resize=225%2C300\" alt=\"\" width=\"225\" height=\"300\" \/><\/a><figcaption id=\"caption-attachment-1610\" class=\"wp-caption-text\">Schwabsburg: Brunnen am Weedplatz &#8211; Bild Nr. 200507304220<\/figcaption><\/figure>\n<p style=\"text-align: center;\">Dieser Brunnen ist Bestandteil des\u00a0<strong>Weedplatzes<\/strong><\/p>\n<figure id=\"attachment_1607\" aria-describedby=\"caption-attachment-1607\" style=\"width: 225px\" class=\"wp-caption aligncenter\"><a href=\"https:\/\/i0.wp.com\/georg-dahlhoff.de\/blog\/wp-content\/uploads\/2010\/12\/200304183393-nsw.jpg\" target=\"_blank\"><img data-recalc-dims=\"1\" loading=\"lazy\" decoding=\"async\" class=\"size-medium wp-image-1607\" title=\"200304183393 - Evangelische Kirche in Schwabsburg\" src=\"https:\/\/i0.wp.com\/georg-dahlhoff.de\/blog\/wp-content\/uploads\/2010\/12\/200304183393-nsw-225x300.jpg?resize=225%2C300\" alt=\"\" width=\"225\" height=\"300\" \/><\/a><figcaption id=\"caption-attachment-1607\" class=\"wp-caption-text\">Schwabsburg: Evangelische Kirche &#8211; Bild Nr. 200304183393<\/figcaption><\/figure>\n<p style=\"text-align: center;\">Die\u00a0<strong>Evangelische Kirche<\/strong> von Schwabsburg zeichnet sich im Inneren durch Ihre schlichte Sch\u00f6nheit aus.<\/p>\n<figure id=\"attachment_1613\" aria-describedby=\"caption-attachment-1613\" style=\"width: 225px\" class=\"wp-caption aligncenter\"><a href=\"https:\/\/i0.wp.com\/georg-dahlhoff.de\/blog\/wp-content\/uploads\/2010\/12\/200509094139-nsw.jpg\" target=\"_blank\"><img data-recalc-dims=\"1\" loading=\"lazy\" decoding=\"async\" class=\"size-medium wp-image-1613\" title=\"200509094139 - Strohballenfiguren\" src=\"https:\/\/i0.wp.com\/georg-dahlhoff.de\/blog\/wp-content\/uploads\/2010\/12\/200509094139-nsw-225x300.jpg?resize=225%2C300\" alt=\"\" width=\"225\" height=\"300\" \/><\/a><figcaption id=\"caption-attachment-1613\" class=\"wp-caption-text\">Schwabsburg: Strohballenfiguren &#8211; Bild Nr. 200509094139<\/figcaption><\/figure>\n<p style=\"text-align: center;\">In Schwabsburg sieht man auch mal andere Gesichter: Wer kann dieser freundlichen Einladung wiederstehen?<\/p>\n<p style=\"text-align: center;\"><strong><span style=\"text-decoration: underline;\">Winterbilder<\/span><\/strong>:<\/p>\n<p><figure id=\"attachment_1581\" aria-describedby=\"caption-attachment-1581\" style=\"width: 300px\" class=\"wp-caption aligncenter\"><a href=\"https:\/\/i0.wp.com\/georg-dahlhoff.de\/blog\/wp-content\/uploads\/2010\/12\/201012091111-1.jpg\" target=\"_blank\"><img data-recalc-dims=\"1\" loading=\"lazy\" decoding=\"async\" class=\"size-medium wp-image-1581\" title=\"201012091111 - Schwabsburg\" src=\"https:\/\/i0.wp.com\/georg-dahlhoff.de\/blog\/wp-content\/uploads\/2010\/12\/201012091111-1-300x199.jpg?resize=300%2C199\" alt=\"\" width=\"300\" height=\"199\" \/><\/a><figcaption id=\"caption-attachment-1581\" class=\"wp-caption-text\">Nierstein-Schwabsburg &#8211; Bild Nr. 201012091111<\/figcaption><\/figure> <figure id=\"attachment_1580\" aria-describedby=\"caption-attachment-1580\" style=\"width: 300px\" class=\"wp-caption aligncenter\"><a href=\"https:\/\/i0.wp.com\/georg-dahlhoff.de\/blog\/wp-content\/uploads\/2010\/12\/201012091113-1.jpg\" target=\"_blank\"><img data-recalc-dims=\"1\" loading=\"lazy\" decoding=\"async\" class=\"size-medium wp-image-1580\" title=\"201012091113 - Schwabsburg: Schlossturm\" src=\"https:\/\/i0.wp.com\/georg-dahlhoff.de\/blog\/wp-content\/uploads\/2010\/12\/201012091113-1-300x199.jpg?resize=300%2C199\" alt=\"\" width=\"300\" height=\"199\" \/><\/a><figcaption id=\"caption-attachment-1580\" class=\"wp-caption-text\">Schwabsburg: Schlossturm &#8211; Bild Nr. 201012091113<\/figcaption><\/figure><\/p>\n<p style=\"text-align: center;\"><em>\u2026<\/em><\/p>\n<p style=\"text-align: center;\"><em>F\u00fcr die Fotografien gilt das Urheberrecht! Jegliche Verwendung des Bildmaterials ohne Genehmigung des Fotografen ist untersagt. Informationen zum Erwerb von Ver\u00f6ffentlichungsrechten finden Sie <\/em><a title=\"Ver\u00f6ffentlichungsrechte\" href=\"https:\/\/georg-dahlhoff.de\/wp\/?page_id=11938\"><em>hier<\/em><\/a><em>.<\/em><\/p>\n","protected":false},"excerpt":{"rendered":"<p>Ortsteil Schwabsburg, Stadt Nierstein, Verbandsgemeinde Rhein-Selz http:\/\/www.nierstein.de\/Schwabsburg\/Schwabsburg.htm Hier ist Schwabsburg im \u00dcberblick zu sehen: Links das Wahrzeichen der\u00a0Schlossturm, der Turm des ehemaligen Schwabsburger Schlosses. In der Mitte ragt der Turm [&hellip;]<\/p>\n","protected":false},"author":1,"featured_media":24029,"parent":902,"menu_order":5,"comment_status":"closed","ping_status":"open","template":"","meta":{"jetpack_post_was_ever_published":false,"footnotes":""},"class_list":["post-994","page","type-page","status-publish","has-post-thumbnail","hentry"],"jetpack_shortlink":"https:\/\/wp.me\/P8MzOO-g2","jetpack-related-posts":[],"jetpack_likes_enabled":true,"jetpack_sharing_enabled":true,"_links":{"self":[{"href":"https:\/\/georg-dahlhoff.de\/wp\/index.php?rest_route=\/wp\/v2\/pages\/994","targetHints":{"allow":["GET"]}}],"collection":[{"href":"https:\/\/georg-dahlhoff.de\/wp\/index.php?rest_route=\/wp\/v2\/pages"}],"about":[{"href":"https:\/\/georg-dahlhoff.de\/wp\/index.php?rest_route=\/wp\/v2\/types\/page"}],"author":[{"embeddable":true,"href":"https:\/\/georg-dahlhoff.de\/wp\/index.php?rest_route=\/wp\/v2\/users\/1"}],"replies":[{"embeddable":true,"href":"https:\/\/georg-dahlhoff.de\/wp\/index.php?rest_route=%2Fwp%2Fv2%2Fcomments&post=994"}],"version-history":[{"count":1,"href":"https:\/\/georg-dahlhoff.de\/wp\/index.php?rest_route=\/wp\/v2\/pages\/994\/revisions"}],"predecessor-version":[{"id":26939,"href":"https:\/\/georg-dahlhoff.de\/wp\/index.php?rest_route=\/wp\/v2\/pages\/994\/revisions\/26939"}],"up":[{"embeddable":true,"href":"https:\/\/georg-dahlhoff.de\/wp\/index.php?rest_route=\/wp\/v2\/pages\/902"}],"wp:featuredmedia":[{"embeddable":true,"href":"https:\/\/georg-dahlhoff.de\/wp\/index.php?rest_route=\/"}],"wp:attachment":[{"href":"https:\/\/georg-dahlhoff.de\/wp\/index.php?rest_route=%2Fwp%2Fv2%2Fmedia&parent=994"}],"curies":[{"name":"wp","href":"https:\/\/api.w.org\/{rel}","templated":true}]}}