{"id":992,"date":"2010-12-01T22:15:47","date_gmt":"2010-12-01T21:15:47","guid":{"rendered":"http:\/\/georg-dahlhoff.de\/blog\/"},"modified":"2018-05-26T23:01:29","modified_gmt":"2018-05-26T21:01:29","slug":"nierstein","status":"publish","type":"page","link":"https:\/\/georg-dahlhoff.de\/wp\/?page_id=992","title":{"rendered":"Nierstein"},"content":{"rendered":"<p style=\"text-align: center;\"><a href=\"https:\/\/georg-dahlhoff.de\/wp\/?page_id=11740\"><img data-recalc-dims=\"1\" loading=\"lazy\" decoding=\"async\" data-attachment-id=\"26915\" data-permalink=\"https:\/\/georg-dahlhoff.de\/wp\/?attachment_id=26915\" data-orig-file=\"https:\/\/i0.wp.com\/georg-dahlhoff.de\/wp\/wp-content\/uploads\/2018\/02\/Fotosammlung_MZ-BIN.jpg?fit=623%2C80&amp;ssl=1\" data-orig-size=\"623,80\" data-comments-opened=\"1\" data-image-meta=\"{&quot;aperture&quot;:&quot;0&quot;,&quot;credit&quot;:&quot;&quot;,&quot;camera&quot;:&quot;&quot;,&quot;caption&quot;:&quot;&quot;,&quot;created_timestamp&quot;:&quot;0&quot;,&quot;copyright&quot;:&quot;&quot;,&quot;focal_length&quot;:&quot;0&quot;,&quot;iso&quot;:&quot;0&quot;,&quot;shutter_speed&quot;:&quot;0&quot;,&quot;title&quot;:&quot;&quot;,&quot;orientation&quot;:&quot;1&quot;}\" data-image-title=\"Fotosammlung_MZ-BIN\" data-image-description=\"\" data-image-caption=\"\" data-large-file=\"https:\/\/i0.wp.com\/georg-dahlhoff.de\/wp\/wp-content\/uploads\/2018\/02\/Fotosammlung_MZ-BIN.jpg?fit=600%2C77&amp;ssl=1\" class=\"aligncenter size-large wp-image-26915\" src=\"https:\/\/i0.wp.com\/georg-dahlhoff.de\/wp\/wp-content\/uploads\/2018\/02\/Fotosammlung_MZ-BIN.jpg?resize=600%2C77&#038;ssl=1\" alt=\"\" width=\"600\" height=\"77\" srcset=\"https:\/\/i0.wp.com\/georg-dahlhoff.de\/wp\/wp-content\/uploads\/2018\/02\/Fotosammlung_MZ-BIN.jpg?resize=600%2C77&amp;ssl=1 600w, https:\/\/i0.wp.com\/georg-dahlhoff.de\/wp\/wp-content\/uploads\/2018\/02\/Fotosammlung_MZ-BIN.jpg?resize=300%2C39&amp;ssl=1 300w, https:\/\/i0.wp.com\/georg-dahlhoff.de\/wp\/wp-content\/uploads\/2018\/02\/Fotosammlung_MZ-BIN.jpg?w=623&amp;ssl=1 623w\" sizes=\"auto, (max-width: 600px) 100vw, 600px\" \/><\/a><\/p>\n<p style=\"text-align: center;\"><strong>Stadt Nierstein<\/strong>, Verbandsgemeinde Rhein-Selz, ca. 8.300 Einwohner<br \/>\n<a href=\"http:\/\/www.nierstein.de\/\" target=\"_blank\" rel=\"noopener\">http:\/\/www.nierstein.de\/<\/a><\/p>\n<figure id=\"attachment_20736\" aria-describedby=\"caption-attachment-20736\" style=\"width: 580px\" class=\"wp-caption aligncenter\"><a href=\"https:\/\/i0.wp.com\/georg-dahlhoff.de\/wp\/wp-content\/uploads\/2010\/12\/201108200779.jpg?ssl=1\"><img data-recalc-dims=\"1\" loading=\"lazy\" decoding=\"async\" class=\"size-large wp-image-20736\" src=\"https:\/\/i0.wp.com\/georg-dahlhoff.de\/wp\/wp-content\/uploads\/2010\/12\/201108200779.jpg?resize=580%2C343&#038;ssl=1\" alt=\"Nierstein am Rhein - Bild Nr. 201108200779\" width=\"580\" height=\"343\" \/><\/a><figcaption id=\"caption-attachment-20736\" class=\"wp-caption-text\">Nierstein am Rhein &#8211; Bild Nr. 201108200779<\/figcaption><\/figure>\n<p style=\"text-align: center;\"><strong>Nierstein<\/strong> ist eine der gr\u00f6\u00dften rheinhessische Weinbaugemeinde am Rhein. Die Weine des &#8222;Roten Hanges&#8220;, so genannt wegen der roten Tonerde, sind weit \u00fcber die Region hinaus bekannt, besonders der Riesling, der hier besonders gut gedeiht.<\/p>\n<figure id=\"attachment_23445\" aria-describedby=\"caption-attachment-23445\" style=\"width: 580px\" class=\"wp-caption aligncenter\"><a href=\"https:\/\/i0.wp.com\/georg-dahlhoff.de\/wp\/wp-content\/uploads\/2010\/12\/201508052754.jpg?ssl=1\"><img data-recalc-dims=\"1\" loading=\"lazy\" decoding=\"async\" class=\"size-large wp-image-23445\" src=\"https:\/\/i0.wp.com\/georg-dahlhoff.de\/wp\/wp-content\/uploads\/2010\/12\/201508052754.jpg?resize=580%2C326&#038;ssl=1\" alt=\"Nierstein am Rhein - Bild Nr. 201508052754\" width=\"580\" height=\"326\" \/><\/a><figcaption id=\"caption-attachment-23445\" class=\"wp-caption-text\">Nierstein am Rhein &#8211; Bild Nr. 201508052754<\/figcaption><\/figure>\n<p style=\"text-align: center;\">Das wichtigste Wahrzeichen der Stadt, hier im Bild, ist die <strong>katholische Kirche St. Kilian. <\/strong>Sie\u00a0liegt au\u00dferhalb der Stadtmitte mitten in den Weinbergen. Anstelle der heutigen Kirche stand dort vor Jahrhunderten eine alte Kapelle. Ein altes Steindenkmal, eingelassen in die Mauern der heutigen Kirche, erinnert an einen fr\u00e4nkischen Friedhof, welcher sich dort ebenfalls befand. Der Torturm der Kirche ist romanisch w\u00e4hrend das Turmobergeschoss mit der Zwiebelhaube und das einschiffige Langhaus aus dem 18. Jahrhundert stammen. Reste der alten Ausstattung aus dem 18. Jahrhundert sind heute im Inneren der Kirche verteilt.<\/p>\n<figure id=\"attachment_20733\" aria-describedby=\"caption-attachment-20733\" style=\"width: 580px\" class=\"wp-caption aligncenter\"><a href=\"https:\/\/i0.wp.com\/georg-dahlhoff.de\/wp\/wp-content\/uploads\/2010\/12\/201309040756.jpg?ssl=1\"><img data-recalc-dims=\"1\" loading=\"lazy\" decoding=\"async\" class=\"size-large wp-image-20733\" src=\"https:\/\/i0.wp.com\/georg-dahlhoff.de\/wp\/wp-content\/uploads\/2010\/12\/201309040756.jpg?resize=580%2C386&#038;ssl=1\" alt=\"Nierstein - Bild Nr. 201309040756\" width=\"580\" height=\"386\" \/><\/a><figcaption id=\"caption-attachment-20733\" class=\"wp-caption-text\">Nierstein &#8211; Bild Nr. 201309040756<\/figcaption><\/figure>\n<figure id=\"attachment_23446\" aria-describedby=\"caption-attachment-23446\" style=\"width: 580px\" class=\"wp-caption aligncenter\"><a href=\"https:\/\/i0.wp.com\/georg-dahlhoff.de\/wp\/wp-content\/uploads\/2010\/12\/201508052769.jpg?ssl=1\"><img data-recalc-dims=\"1\" loading=\"lazy\" decoding=\"async\" class=\"size-large wp-image-23446\" src=\"https:\/\/i0.wp.com\/georg-dahlhoff.de\/wp\/wp-content\/uploads\/2010\/12\/201508052769.jpg?resize=580%2C387&#038;ssl=1\" alt=\"Nierstein: Realschule in der Stadtmitte - Bild Nr. 201508052769\" width=\"580\" height=\"387\" \/><\/a><figcaption id=\"caption-attachment-23446\" class=\"wp-caption-text\">Nierstein: Carl-Zuckmayer-Realschule in der Stadtmitte &#8211; Bild Nr. 201508052769<\/figcaption><\/figure>\n<figure id=\"attachment_23224\" aria-describedby=\"caption-attachment-23224\" style=\"width: 580px\" class=\"wp-caption aligncenter\"><a href=\"https:\/\/i0.wp.com\/georg-dahlhoff.de\/wp\/wp-content\/uploads\/2010\/12\/201504182198.jpg?ssl=1\"><img data-recalc-dims=\"1\" loading=\"lazy\" decoding=\"async\" class=\"size-large wp-image-23224\" src=\"https:\/\/i0.wp.com\/georg-dahlhoff.de\/wp\/wp-content\/uploads\/2010\/12\/201504182198.jpg?resize=580%2C387&#038;ssl=1\" alt=\"Nierstein, Blick vom Trutzburg - Bild Nr. 201504182198\" width=\"580\" height=\"387\" \/><\/a><figcaption id=\"caption-attachment-23224\" class=\"wp-caption-text\">Nierstein, Blick vom Trutzburg &#8211; Bild Nr. 201504182198<\/figcaption><\/figure>\n<figure id=\"attachment_23447\" aria-describedby=\"caption-attachment-23447\" style=\"width: 580px\" class=\"wp-caption aligncenter\"><a href=\"https:\/\/i0.wp.com\/georg-dahlhoff.de\/wp\/wp-content\/uploads\/2010\/12\/201508052767.jpg?ssl=1\"><img data-recalc-dims=\"1\" loading=\"lazy\" decoding=\"async\" class=\"size-large wp-image-23447\" src=\"https:\/\/i0.wp.com\/georg-dahlhoff.de\/wp\/wp-content\/uploads\/2010\/12\/201508052767.jpg?resize=580%2C387&#038;ssl=1\" alt=\"Nierstein - Bild Nr. 201508052767\" width=\"580\" height=\"387\" \/><\/a><figcaption id=\"caption-attachment-23447\" class=\"wp-caption-text\">Nierstein &#8211; Bild Nr. 201508052767<\/figcaption><\/figure>\n<figure id=\"attachment_23449\" aria-describedby=\"caption-attachment-23449\" style=\"width: 580px\" class=\"wp-caption aligncenter\"><a href=\"https:\/\/i0.wp.com\/georg-dahlhoff.de\/wp\/wp-content\/uploads\/2010\/12\/201508052764.jpg?ssl=1\"><img data-recalc-dims=\"1\" loading=\"lazy\" decoding=\"async\" class=\"size-large wp-image-23449\" src=\"https:\/\/i0.wp.com\/georg-dahlhoff.de\/wp\/wp-content\/uploads\/2010\/12\/201508052764.jpg?resize=580%2C387&#038;ssl=1\" alt=\"Katholische Pfarrkirche St. Kilian - Bild Nr. 201508052764\" width=\"580\" height=\"387\" \/><\/a><figcaption id=\"caption-attachment-23449\" class=\"wp-caption-text\">Katholische Pfarrkirche St. Kilian &#8211; Bild Nr. 201508052764<\/figcaption><\/figure>\n<figure id=\"attachment_1628\" aria-describedby=\"caption-attachment-1628\" style=\"width: 225px\" class=\"wp-caption aligncenter\"><a href=\"https:\/\/i0.wp.com\/georg-dahlhoff.de\/blog\/wp-content\/uploads\/2010\/12\/200510080201-nis.jpg\" target=\"_blank\" rel=\"noopener\"><img data-recalc-dims=\"1\" loading=\"lazy\" decoding=\"async\" class=\"size-medium wp-image-1628\" title=\"200510080201 - Nierstein: Begr\u00fc\u00dfungsstein\" src=\"https:\/\/i0.wp.com\/georg-dahlhoff.de\/blog\/wp-content\/uploads\/2010\/12\/200510080201-nis-225x300.jpg?resize=225%2C300\" alt=\"\" width=\"225\" height=\"300\" \/><\/a><figcaption id=\"caption-attachment-1628\" class=\"wp-caption-text\">Nierstein: Begr\u00fc\u00dfungsstein &#8211; Bild Nr. 200510080201<\/figcaption><\/figure>\n<figure id=\"attachment_1294\" aria-describedby=\"caption-attachment-1294\" style=\"width: 179px\" class=\"wp-caption aligncenter\"><a href=\"https:\/\/i0.wp.com\/georg-dahlhoff.de\/blog\/wp-content\/uploads\/2010\/12\/201009110167-nie.jpg\" target=\"_blank\" rel=\"noopener\"><img data-recalc-dims=\"1\" loading=\"lazy\" decoding=\"async\" class=\"size-medium wp-image-1294 \" title=\"201009110167 - Nierstein: Evangelische Martinskirche\" src=\"https:\/\/i0.wp.com\/georg-dahlhoff.de\/blog\/wp-content\/uploads\/2010\/12\/201009110167-nie-179x300.jpg?resize=179%2C300\" alt=\"\" width=\"179\" height=\"300\" \/><\/a><figcaption id=\"caption-attachment-1294\" class=\"wp-caption-text\">Nierstein: Evangelische Martinskirche &#8211; Bild Nr. 201009110167<\/figcaption><\/figure>\n<p style=\"text-align: center;\">In der Stadtmitte neben dem Marktplatz steht die Evangelische Martinskirche. Der Chorturm der Kirche stammt aus dem 12. Jahrhundert. 1370 wurde die Kirche umgebaut, 1782-1787 renoviert und 1896 durch ein Querschiff und einen Westchor erweitert. In der Turmhalle finden sich drei Doppelgrabm\u00e4ler Niersteiner Ritterschulthei\u00dfen aus dem 16. Jahrhundert. Der Taufstein und Reste der mittelalterlichen Kirchhofbefestigung mit dem sp\u00e4tromanischen Rundturm lassen sich auf das 15. Jahrhundert datieren.<\/p>\n<figure id=\"attachment_22406\" aria-describedby=\"caption-attachment-22406\" style=\"width: 580px\" class=\"wp-caption aligncenter\"><a href=\"https:\/\/i0.wp.com\/georg-dahlhoff.de\/wp\/wp-content\/uploads\/2010\/12\/201408073376-1.jpg?ssl=1\"><img data-recalc-dims=\"1\" loading=\"lazy\" decoding=\"async\" class=\"size-large wp-image-22406\" src=\"https:\/\/i0.wp.com\/georg-dahlhoff.de\/wp\/wp-content\/uploads\/2010\/12\/201408073376-1.jpg?resize=580%2C388&#038;ssl=1\" alt=\"Nierstein: Fronhof, Martinskirche - Bild Nr. 201408073376\" width=\"580\" height=\"388\" \/><\/a><figcaption id=\"caption-attachment-22406\" class=\"wp-caption-text\">Nierstein: Fronhof, Martinskirche &#8211; Bild Nr. 201408073376<\/figcaption><\/figure>\n<figure id=\"attachment_1634\" aria-describedby=\"caption-attachment-1634\" style=\"width: 300px\" class=\"wp-caption aligncenter\"><a href=\"https:\/\/i0.wp.com\/georg-dahlhoff.de\/blog\/wp-content\/uploads\/2010\/12\/200308034965-nis.jpg\" target=\"_blank\" rel=\"noopener\"><img data-recalc-dims=\"1\" loading=\"lazy\" decoding=\"async\" class=\"size-medium wp-image-1634\" title=\"200308034965 - Nierstein: Marktplatz\" src=\"https:\/\/i0.wp.com\/georg-dahlhoff.de\/blog\/wp-content\/uploads\/2010\/12\/200308034965-nis-300x225.jpg?resize=300%2C225\" alt=\"\" width=\"300\" height=\"225\" \/><\/a><figcaption id=\"caption-attachment-1634\" class=\"wp-caption-text\">Nierstein: Marktplatz &#8211; Bild Nr. 200308034965<\/figcaption><\/figure>\n<p style=\"text-align: center;\"><strong>Winzerfest in Nierstein!<\/strong> Am Sonntagmorgen ist es hier am\u00a0<strong>Marktplatz<\/strong> noch ruhig. Am Nachmittag werden dann die Weinst\u00e4nde wieder er\u00f6ffnet und die Sitzpl\u00e4tze rund um den\u00a0<strong>Marktbrunnen <\/strong>bleiben dann bestimmt nicht unbesetzt.<\/p>\n<figure id=\"attachment_1636\" aria-describedby=\"caption-attachment-1636\" style=\"width: 300px\" class=\"wp-caption aligncenter\"><a href=\"https:\/\/i0.wp.com\/georg-dahlhoff.de\/blog\/wp-content\/uploads\/2010\/12\/200307164820-nis.jpg\" target=\"_blank\" rel=\"noopener\"><img data-recalc-dims=\"1\" loading=\"lazy\" decoding=\"async\" class=\"size-medium wp-image-1636 \" title=\"200307164820 - Nierstein: Marktbrunnen\" src=\"https:\/\/i0.wp.com\/georg-dahlhoff.de\/blog\/wp-content\/uploads\/2010\/12\/200307164820-nis-300x300.jpg?resize=300%2C300\" alt=\"\" width=\"300\" height=\"300\" \/><\/a><figcaption id=\"caption-attachment-1636\" class=\"wp-caption-text\">Nierstein: Marktbrunnen &#8211; Bild Nr. 200307164820<\/figcaption><\/figure>\n<p style=\"text-align: center;\">Der im Jahr 2003 installierte neue\u00a0<strong>Brunnen am Marktplatz<\/strong> symbolisiert mit der Spirale aus Steinbl\u00f6cken die Ereignisse der Niersteiner Geschichte:<\/p>\n<p style=\"text-align: center;\">S\u00e4ule: Grundstein aus der R\u00f6merzeit.<br \/>\nSprudeld\u00fcse: Heilquelle Sironabad<br \/>\nWasserlauf: Rhein im alten Flussbett<br \/>\ngelbe Keramiksteine: Rheingold<br \/>\ndreieckige Sitzsteine: Rheinschiffer<br \/>\nBuntsandstein: Roter Hang und Weinbau<\/p>\n<figure id=\"attachment_1637\" aria-describedby=\"caption-attachment-1637\" style=\"width: 300px\" class=\"wp-caption aligncenter\"><a href=\"https:\/\/i0.wp.com\/georg-dahlhoff.de\/blog\/wp-content\/uploads\/2010\/12\/200207280398-nis.jpg\" target=\"_blank\" rel=\"noopener\"><img data-recalc-dims=\"1\" loading=\"lazy\" decoding=\"async\" class=\"size-medium wp-image-1637 \" title=\"200207280398 - Nierstein: Museum\" src=\"https:\/\/i0.wp.com\/georg-dahlho%20ff.de\/blog\/wp-content\/uploads\/2010\/12\/200207280398-nis-300x225.jpg?resize=300%2C225\" alt=\"\" width=\"300\" height=\"225\" \/><\/a><figcaption id=\"caption-attachment-1637\" class=\"wp-caption-text\">Nierstein: Pal\u00e4ontologisches Museum &#8211; Bild Nr. 200207280398<\/figcaption><\/figure>\n<p style=\"text-align: center;\">Das\u00a0<strong>Pal\u00e4ontologische Museum<\/strong>, im ehemaligen Rathaus, am Marktplatz zeigt eine \u00e4u\u00dferst sehenswerte und wissenschaftlich viel beachtete private Sammlung von Fossilien aus der Region und ganz Europa.\u00a0Zur Internetseite des Museums gelangen Sie hier:\u00a0<a href=\"http:\/\/www.museum-nierstein.de\/\" target=\"_blank\" rel=\"noopener\">www.museum-nierstein.de<\/a><\/p>\n<figure id=\"attachment_1638\" aria-describedby=\"caption-attachment-1638\" style=\"width: 225px\" class=\"wp-caption aligncenter\"><a href=\"https:\/\/i0.wp.com\/georg-dahlhoff.de\/blog\/wp-content\/uploads\/2010\/12\/200207280397-nis.jpg\" target=\"_blank\" rel=\"noopener\"><img data-recalc-dims=\"1\" loading=\"lazy\" decoding=\"async\" class=\"size-medium wp-image-1638 \" title=\"200207280397 - Nierstein: Museum\" src=\"https:\/\/i0.wp.com\/georg-dahlhoff.de\/blog\/wp-content\/uploads\/2010\/12\/200207280397-nis-225x300.jpg?resize=225%2C300\" alt=\"\" width=\"225\" height=\"300\" \/><\/a><figcaption id=\"caption-attachment-1638\" class=\"wp-caption-text\">Nierstein: Versteinerter Baumstumpf vor dem Pal\u00e4ontologisches Museum &#8211; Bild Nr. 200207280397<\/figcaption><\/figure>\n<p style=\"text-align: center;\">Das\u00a0<strong>Pal\u00e4ontologische Museum<\/strong> hat seit dem Jahr 2000 eine gewichtige Visitenkarte vor der T\u00fcr stehen:\u00a0Ein versteinerter Stumpf eines Mammutbaumes. Er ist ca. 30 Millionen Jahre alt und stammt aus der Gegend um Leipzig.<\/p>\n<figure id=\"attachment_27321\" aria-describedby=\"caption-attachment-27321\" style=\"width: 600px\" class=\"wp-caption aligncenter\"><a href=\"https:\/\/i0.wp.com\/georg-dahlhoff.de\/wp\/wp-content\/uploads\/2018\/05\/201805260449.jpg?ssl=1\"><img data-recalc-dims=\"1\" loading=\"lazy\" decoding=\"async\" data-attachment-id=\"27321\" data-permalink=\"https:\/\/georg-dahlhoff.de\/wp\/?attachment_id=27321\" data-orig-file=\"https:\/\/i0.wp.com\/georg-dahlhoff.de\/wp\/wp-content\/uploads\/2018\/05\/201805260449.jpg?fit=1500%2C1000&amp;ssl=1\" data-orig-size=\"1500,1000\" data-comments-opened=\"1\" data-image-meta=\"{&quot;aperture&quot;:&quot;0&quot;,&quot;credit&quot;:&quot;&quot;,&quot;camera&quot;:&quot;&quot;,&quot;caption&quot;:&quot;&quot;,&quot;created_timestamp&quot;:&quot;0&quot;,&quot;copyright&quot;:&quot;&quot;,&quot;focal_length&quot;:&quot;0&quot;,&quot;iso&quot;:&quot;0&quot;,&quot;shutter_speed&quot;:&quot;0&quot;,&quot;title&quot;:&quot;&quot;,&quot;orientation&quot;:&quot;0&quot;}\" data-image-title=\"201805260449\" data-image-description=\"\" data-image-caption=\"&lt;p&gt;Ehrenmal &amp;#8211; Bild Nr. 201805260449&lt;\/p&gt;\n\" data-large-file=\"https:\/\/i0.wp.com\/georg-dahlhoff.de\/wp\/wp-content\/uploads\/2018\/05\/201805260449.jpg?fit=600%2C400&amp;ssl=1\" class=\"size-large wp-image-27321\" src=\"https:\/\/i0.wp.com\/georg-dahlhoff.de\/wp\/wp-content\/uploads\/2018\/05\/201805260449.jpg?resize=600%2C400&#038;ssl=1\" alt=\"\" width=\"600\" height=\"400\" srcset=\"https:\/\/i0.wp.com\/georg-dahlhoff.de\/wp\/wp-content\/uploads\/2018\/05\/201805260449.jpg?resize=600%2C400&amp;ssl=1 600w, https:\/\/i0.wp.com\/georg-dahlhoff.de\/wp\/wp-content\/uploads\/2018\/05\/201805260449.jpg?resize=300%2C200&amp;ssl=1 300w, https:\/\/i0.wp.com\/georg-dahlhoff.de\/wp\/wp-content\/uploads\/2018\/05\/201805260449.jpg?resize=768%2C512&amp;ssl=1 768w, https:\/\/i0.wp.com\/georg-dahlhoff.de\/wp\/wp-content\/uploads\/2018\/05\/201805260449.jpg?w=1500&amp;ssl=1 1500w\" sizes=\"auto, (max-width: 600px) 100vw, 600px\" \/><\/a><figcaption id=\"caption-attachment-27321\" class=\"wp-caption-text\">Ehrenmal &#8211; Bild Nr. 201805260449<\/figcaption><\/figure>\n<figure id=\"attachment_24335\" aria-describedby=\"caption-attachment-24335\" style=\"width: 480px\" class=\"wp-caption aligncenter\"><a href=\"https:\/\/i0.wp.com\/georg-dahlhoff.de\/wp\/wp-content\/uploads\/2010\/12\/201607110984.jpg?ssl=1\"><img data-recalc-dims=\"1\" loading=\"lazy\" decoding=\"async\" class=\"size-large wp-image-24335\" src=\"https:\/\/i0.wp.com\/georg-dahlhoff.de\/wp\/wp-content\/uploads\/2010\/12\/201607110984.jpg?resize=480%2C321&#038;ssl=1\" alt=\"Wartturm, Nierstein - Bild Nr. 201607110984\" width=\"480\" height=\"321\" \/><\/a><figcaption id=\"caption-attachment-24335\" class=\"wp-caption-text\">Wartturm, Nierstein &#8211; Bild Nr. 201607110984<\/figcaption><\/figure>\n<p style=\"text-align: center;\">Eines der Wahrzeichen der Gemeinde Nierstein ist der <strong>Wartturm<\/strong>, ein mittelalterlicher Signalturm. Er steht oberhalb des &#8222;Roten Hanges&#8220; und ist von Weinreben umgeben. Der Turm ist ein beliebtes Ausflugsziel.<\/p>\n<p style=\"text-align: center;\">Zu neuem Leben erwacht ist das\u00a0<b>Dalberg-Herdingsche Schloss, <\/b>das in den Jahren 1839 bis 1842 im Auftrag der\u00a0Freifrau Ursula von Herding geb. von Ysenburg erbaut wurde. Sp\u00e4ter wurde es als Verwaltungsgeb\u00e4ude der ehemaligen M\u00e4lzerei genutzt. Im Schloss befindet sich eine <a href=\"http:\/\/www.geschichtsverein-nierstein.de\/dalbergherdingschesschloss.htm\" target=\"_blank\" rel=\"noopener\">Kapelle<\/a> mit wertvollen Fresken. Nach dem R\u00fcckbau der\u00a0M\u00e4lzerei, wurde das ehemalige Werksgel\u00e4nde als Wohngebiet\u00a0erschlossen, und\u00a0das Schloss zu einer\u00a0U-f\u00f6rmigen Anlage ausgebaut. In den beiden \u00e4u\u00dferen Fl\u00fcgeln sind zahlreiche neue Wohnungen entstanden.<\/p>\n<figure id=\"attachment_24336\" aria-describedby=\"caption-attachment-24336\" style=\"width: 480px\" class=\"wp-caption aligncenter\"><a href=\"https:\/\/i0.wp.com\/georg-dahlhoff.de\/wp\/wp-content\/uploads\/2010\/12\/201607111008.jpg?ssl=1\"><img data-recalc-dims=\"1\" loading=\"lazy\" decoding=\"async\" class=\"size-large wp-image-24336\" src=\"https:\/\/i0.wp.com\/georg-dahlhoff.de\/wp\/wp-content\/uploads\/2010\/12\/201607111008.jpg?resize=480%2C325&#038;ssl=1\" alt=\"Das Dalberg-Herdingsche Schloss in Nierstein - Bild Nr. 201607111008\" width=\"480\" height=\"325\" \/><\/a><figcaption id=\"caption-attachment-24336\" class=\"wp-caption-text\">Das Dalberg-Herdingsche Schloss in Nierstein &#8211; Bild Nr. 201607111008<\/figcaption><\/figure>\n<p style=\"text-align: center;\"><em>\u2026<\/em><\/p>\n<p style=\"text-align: center;\"><em>F\u00fcr die Fotografien gilt das Urheberrecht! Jegliche Verwendung des Bildmaterials ohne Genehmigung des Fotografen ist untersagt. Informationen zum Erwerb von Ver\u00f6ffentlichungsrechten finden Sie <\/em><a title=\"Ver\u00f6ffentlichungsrechte\" href=\"https:\/\/georg-dahlhoff.de\/wp\/?page_id=11938\"><em>hier<\/em><\/a><em>.<\/em><\/p>\n","protected":false},"excerpt":{"rendered":"<p>Stadt Nierstein, Verbandsgemeinde Rhein-Selz, ca. 8.300 Einwohner http:\/\/www.nierstein.de\/ Nierstein ist eine der gr\u00f6\u00dften rheinhessische Weinbaugemeinde am Rhein. Die Weine des &#8222;Roten Hanges&#8220;, so genannt wegen der roten Tonerde, sind weit [&hellip;]<\/p>\n","protected":false},"author":1,"featured_media":23445,"parent":902,"menu_order":4,"comment_status":"closed","ping_status":"open","template":"","meta":{"jetpack_post_was_ever_published":false,"footnotes":""},"class_list":["post-992","page","type-page","status-publish","has-post-thumbnail","hentry"],"jetpack_shortlink":"https:\/\/wp.me\/P8MzOO-g0","jetpack-related-posts":[],"jetpack_likes_enabled":true,"jetpack_sharing_enabled":true,"_links":{"self":[{"href":"https:\/\/georg-dahlhoff.de\/wp\/index.php?rest_route=\/wp\/v2\/pages\/992","targetHints":{"allow":["GET"]}}],"collection":[{"href":"https:\/\/georg-dahlhoff.de\/wp\/index.php?rest_route=\/wp\/v2\/pages"}],"about":[{"href":"https:\/\/georg-dahlhoff.de\/wp\/index.php?rest_route=\/wp\/v2\/types\/page"}],"author":[{"embeddable":true,"href":"https:\/\/georg-dahlhoff.de\/wp\/index.php?rest_route=\/wp\/v2\/users\/1"}],"replies":[{"embeddable":true,"href":"https:\/\/georg-dahlhoff.de\/wp\/index.php?rest_route=%2Fwp%2Fv2%2Fcomments&post=992"}],"version-history":[{"count":2,"href":"https:\/\/georg-dahlhoff.de\/wp\/index.php?rest_route=\/wp\/v2\/pages\/992\/revisions"}],"predecessor-version":[{"id":27322,"href":"https:\/\/georg-dahlhoff.de\/wp\/index.php?rest_route=\/wp\/v2\/pages\/992\/revisions\/27322"}],"up":[{"embeddable":true,"href":"https:\/\/georg-dahlhoff.de\/wp\/index.php?rest_route=\/wp\/v2\/pages\/902"}],"wp:featuredmedia":[{"embeddable":true,"href":"https:\/\/georg-dahlhoff.de\/wp\/index.php?rest_route=\/"}],"wp:attachment":[{"href":"https:\/\/georg-dahlhoff.de\/wp\/index.php?rest_route=%2Fwp%2Fv2%2Fmedia&parent=992"}],"curies":[{"name":"wp","href":"https:\/\/api.w.org\/{rel}","templated":true}]}}