{"id":986,"date":"2010-12-01T22:14:21","date_gmt":"2010-12-01T21:14:21","guid":{"rendered":"http:\/\/georg-dahlhoff.de\/blog\/"},"modified":"2010-12-01T22:14:21","modified_gmt":"2010-12-01T21:14:21","slug":"niederheimbach","status":"publish","type":"page","link":"https:\/\/georg-dahlhoff.de\/wp\/?page_id=986","title":{"rendered":"Niederheimbach"},"content":{"rendered":"<p style=\"text-align: center;\"><a href=\"https:\/\/georg-dahlhoff.de\/wp\/?page_id=11740\"><img data-recalc-dims=\"1\" loading=\"lazy\" decoding=\"async\" class=\"wp-image-11771 aligncenter\" title=\"mainz-bingen-foto.de\" src=\"https:\/\/i0.wp.com\/georg-dahlhoff.de\/wp\/wp-content\/uploads\/2012\/09\/titelbanner.jpg?resize=623%2C80&#038;ssl=1\" alt=\"\" width=\"623\" height=\"80\" \/><\/a><\/p>\n<p style=\"text-align: center;\"><strong>Gemeinde Niederheimbach<\/strong>, Verbandgemeinde Rhein-Nahe, ca. 800 Einwohner,<br \/>\n<a href=\"http:\/\/www.niederheimbach.de\/\" target=\"_blank\">http:\/\/www.niederheimbach.de\/<\/a><\/p>\n<figure id=\"attachment_1514\" aria-describedby=\"caption-attachment-1514\" style=\"width: 544px\" class=\"wp-caption aligncenter\"><img data-recalc-dims=\"1\" loading=\"lazy\" decoding=\"async\" class=\" wp-image-1514 \" title=\"200506042109 - Niederheimbach\" src=\"https:\/\/i0.wp.com\/georg-dahlhoff.de\/blog\/wp-content\/uploads\/2010\/12\/200506042109-nhb.jpg?resize=544%2C362\" alt=\"\" width=\"544\" height=\"362\" \/><figcaption id=\"caption-attachment-1514\" class=\"wp-caption-text\">Niederheimbach &#8211; Bild Nr. 200506042109<\/figcaption><\/figure>\n<p style=\"text-align: center;\">In einer langen Reihe stehen die H\u00e4user von\u00a0<strong>Niederheimbach<\/strong> im <strong>Oberen Mittelrheintal<\/strong> zwischen Berg und Rhein zus\u00e4tzlich eingeengt durch die Bundesstra\u00dfe 9 und die linksrheinische Eisenbahn-Hauptstrecke.<\/p>\n<figure id=\"attachment_1518\" aria-describedby=\"caption-attachment-1518\" style=\"width: 300px\" class=\"wp-caption aligncenter\"><a href=\"https:\/\/i0.wp.com\/georg-dahlhoff.de\/blog\/wp-content\/uploads\/2010\/12\/200305043667-nhb.jpg\" target=\"_blank\"><img data-recalc-dims=\"1\" loading=\"lazy\" decoding=\"async\" class=\"size-medium wp-image-1518\" title=\"200305043667 - Niederheimbach: Heimburg\" src=\"https:\/\/i0.wp.com\/georg-dahlhoff.de\/blog\/wp-content\/uploads\/2010\/12\/200305043667-nhb-300x225.jpg?resize=300%2C225\" alt=\"\" width=\"300\" height=\"225\" \/><\/a><figcaption id=\"caption-attachment-1518\" class=\"wp-caption-text\">Niederheimbach: Heimburg &#8211; Bild Nr. 200506042109<\/figcaption><\/figure>\n<p style=\"text-align: center;\">Die ehemalige kurmainzische Grenzfestung,\u00a0<strong>Burg Hohneck<\/strong>, man nennt Sie hier auch die\u00a0<strong>Heimburg<\/strong>, liegt auf einer Anh\u00f6he oberhalb des Ortskerns von Niederheimbach.<\/p>\n<figure id=\"attachment_1520\" aria-describedby=\"caption-attachment-1520\" style=\"width: 300px\" class=\"wp-caption aligncenter\"><a href=\"https:\/\/i0.wp.com\/georg-dahlhoff.de\/blog\/wp-content\/uploads\/2010\/12\/200506042116-nhb.jpg\"><img data-recalc-dims=\"1\" loading=\"lazy\" decoding=\"async\" class=\"size-medium wp-image-1520\" title=\"200506042116 - Niederheimbach\" src=\"https:\/\/i0.wp.com\/georg-dahlhoff.de\/blog\/wp-content\/uploads\/2010\/12\/200506042116-nhb-300x225.jpg?resize=300%2C225\" alt=\"\" width=\"300\" height=\"225\" \/><\/a><figcaption id=\"caption-attachment-1520\" class=\"wp-caption-text\">Niederheimbach: Maria Himmelfahrt und Heimburg &#8211; Bild Nr. 200506042116<\/figcaption><\/figure>\n<p style=\"text-align: center;\">Die wohl beliebteste Ansicht von Niederheimbach ist die\u00a0<strong>Heimburg<\/strong> zusammen mit der\u00a0<strong>Pfarrkirche Maria Himmelfahrt<\/strong>.<\/p>\n<figure id=\"attachment_1521\" aria-describedby=\"caption-attachment-1521\" style=\"width: 225px\" class=\"wp-caption aligncenter\"><a href=\"https:\/\/i0.wp.com\/georg-dahlhoff.de\/blog\/wp-content\/uploads\/2010\/12\/200305043615-nhb.jpg\" target=\"_blank\"><img data-recalc-dims=\"1\" loading=\"lazy\" decoding=\"async\" class=\"size-medium wp-image-1521\" title=\"200305043615 - Niederheimbach: Maria Himmelfahrt\" src=\"https:\/\/i0.wp.com\/georg-dahlhoff.de\/blog\/wp-content\/uploads\/2010\/12\/200305043615-nhb-225x300.jpg?resize=225%2C300\" alt=\"\" width=\"225\" height=\"300\" \/><\/a><figcaption id=\"caption-attachment-1521\" class=\"wp-caption-text\">Niederheimbach: Maria Himmelfahrt &#8211; Bild Nr. 200305043615<\/figcaption><\/figure>\n<p style=\"text-align: center;\">Die Anf\u00e4nge der\u00a0<strong>Pfarrkirche Maria Himmelfahrt<\/strong>von Niederheimbach gehen auf das 12. Jahrhundert zur\u00fcck. In ihrer heutigen Gestalt besteht die Kirche seit 1750.<\/p>\n<figure id=\"attachment_1522\" aria-describedby=\"caption-attachment-1522\" style=\"width: 300px\" class=\"wp-caption aligncenter\"><a href=\"https:\/\/i0.wp.com\/georg-dahlhoff.de\/blog\/wp-content\/uploads\/2010\/12\/200305043616-nhb.jpg\" target=\"_blank\"><img data-recalc-dims=\"1\" loading=\"lazy\" decoding=\"async\" class=\"size-medium wp-image-1522\" title=\"200305043616 - Niederheimbach: Im Weinberg\" src=\"https:\/\/i0.wp.com\/georg-dahlhoff.de\/blog\/wp-content\/uploads\/2010\/12\/200305043616-nhb-300x225.jpg?resize=300%2C225\" alt=\"\" width=\"300\" height=\"225\" \/><\/a><figcaption id=\"caption-attachment-1522\" class=\"wp-caption-text\">Niederheimbach: Im Weinberg &#8211; Bild Nr. 200305043616<\/figcaption><\/figure>\n<p style=\"text-align: center;\"><strong>Niederheimbach<\/strong> ist ein idealer Ausgangspunkt f\u00fcr Wanderungen vom\u00a0<strong>Mittelrhein<\/strong> aus in den\u00a0<strong>Hunsr\u00fcck<\/strong>. Zwar geht es dabei lang anhaltend und heftig bergauf, aber die M\u00fche lohnt sich allein schon f\u00fcr die herrlichen Ausblicke auf den Rhein und weiter oben \u00fcber Hunsr\u00fcck und Taunus. Das Bild entstand Anfang Mai beim Aufstieg zur Burg Sooneck. In dieser Zeit kommt frische Farbe in die Weinberge&#8230;<\/p>\n<figure id=\"attachment_1523\" aria-describedby=\"caption-attachment-1523\" style=\"width: 300px\" class=\"wp-caption aligncenter\"><a href=\"https:\/\/i0.wp.com\/georg-dahlhoff.de\/blog\/wp-content\/uploads\/2010\/12\/200506042103-nhb.jpg\" target=\"_blank\"><img data-recalc-dims=\"1\" loading=\"lazy\" decoding=\"async\" class=\"size-medium wp-image-1523\" title=\"200506042103 - Burg Sooneck\" src=\"https:\/\/i0.wp.com\/georg-dahlhoff.de\/blog\/wp-content\/uploads\/2010\/12\/200506042103-nhb-300x225.jpg?resize=300%2C225\" alt=\"\" width=\"300\" height=\"225\" \/><\/a><figcaption id=\"caption-attachment-1523\" class=\"wp-caption-text\">Burg Sooneck bei Niederheimbach &#8211; Bild Nr. 200506042103<\/figcaption><\/figure>\n<p style=\"text-align: center;\">Etwas s\u00fcdlich von\u00a0<strong>Niederheimbach<\/strong> steht\u00a0<strong>Burg Sooneck<\/strong>. Sie wurde wahrscheinlich im 11. Jahrhundert als Vorburg zu Burg Reichenstein erbaut. Im Jahr 1282 wurde sie zusammen mit dieser zerst\u00f6rt. Im 14. Jahrhundert wurde sie wieder aufgebaut und im Jahr 1689 von franz\u00f6sischen Truppen abermals geschliffen. Der Wiederaufbau in den Jahren von 1845 bis 1875 wurde von den S\u00f6hnen Friedrich Wilhelms III. von Preu\u00dfen begonnen. Seit 1918 ist die Burg in staatlichem Besitz und steht heute unter Verwaltung des Landes Rheinland-Pfalz.\u00a0Eine Besichtigung von Burg Sooneck lohnt sich auf jeden Fall. Schon die Au\u00dfenanlagen sowie der Ausblick von hier sind sehenswert.<\/p>\n<p style=\"text-align: center;\">Im Hof von\u00a0<strong>Burg Sooneck<\/strong> gibt es so mache malerische Ansichten:<\/p>\n<p style=\"text-align: center;\"><a href=\"https:\/\/i0.wp.com\/georg-dahlhoff.de\/blog\/wp-content\/uploads\/2010\/12\/200305043625-nbh.jpg\"><img data-recalc-dims=\"1\" loading=\"lazy\" decoding=\"async\" class=\"alignnone size-medium wp-image-1524\" title=\"200305043625 - Burg Sooneck\" src=\"https:\/\/i0.wp.com\/georg-dahlhoff.de\/blog\/wp-content\/uploads\/2010\/12\/200305043625-nbh-225x300.jpg?resize=225%2C300\" alt=\"\" width=\"225\" height=\"300\" \/><\/a> <a href=\"https:\/\/i0.wp.com\/georg-dahlhoff.de\/blog\/wp-content\/uploads\/2010\/12\/200305043635nhb.jpg\" target=\"_blank\"><img data-recalc-dims=\"1\" loading=\"lazy\" decoding=\"async\" class=\"alignnone size-medium wp-image-1525\" title=\"200305063635 - Burg Sooneck\" src=\"https:\/\/i0.wp.com\/georg-dahlhoff.de\/blog\/wp-content\/uploads\/2010\/12\/200305043635nhb-300x225.jpg?resize=300%2C225\" alt=\"\" width=\"300\" height=\"225\" \/><\/a><\/p>\n<p style=\"text-align: center;\"><em>Bild Nr. 200305043625, 200305063635<\/em><\/p>\n<figure id=\"attachment_1526\" aria-describedby=\"caption-attachment-1526\" style=\"width: 225px\" class=\"wp-caption aligncenter\"><a href=\"https:\/\/i0.wp.com\/georg-dahlhoff.de\/blog\/wp-content\/uploads\/2010\/12\/200305043648-nhb.jpg\" target=\"_blank\"><img data-recalc-dims=\"1\" loading=\"lazy\" decoding=\"async\" class=\"size-medium wp-image-1526\" title=\"200305043648 - Siebenburgenblick bei Niederheimbach\" src=\"https:\/\/i0.wp.com\/georg-dahlhoff.de\/blog\/wp-content\/uploads\/2010\/12\/200305043648-nhb-225x300.jpg?resize=225%2C300\" alt=\"\" width=\"225\" height=\"300\" \/><\/a><figcaption id=\"caption-attachment-1526\" class=\"wp-caption-text\">&#8222;Siebenburgenblick&#8220; bei Niederheimbach &#8211; Bild Nr. 200305043648<\/figcaption><\/figure>\n<p style=\"text-align: center;\">Oberhalb von\u00a0<strong>Burg Sooneck<\/strong> steht der Aussichtsturm &#8222;<strong>Siebenburgenblick<\/strong>&#8222;. Die Wanderwege hierhin sind gut beschildert.<\/p>\n<p style=\"text-align: center;\">Es ist mir zwar nicht gelungen 7 Burgen ausfindig zu machen aber diese Burgen sieht man auf jeden Fall:\u00a0<strong>Sooneck, Heimburg, F\u00fcrstenberg, Stahleck und Nollig<\/strong>. Das ist aber auch schon eine ganze Menge. Vielleicht finden Sie ja bei guter Sicht auch noch die restlichen beiden&#8230;<\/p>\n<figure id=\"attachment_1516\" aria-describedby=\"caption-attachment-1516\" style=\"width: 544px\" class=\"wp-caption aligncenter\"><img data-recalc-dims=\"1\" loading=\"lazy\" decoding=\"async\" class=\" wp-image-1516 \" title=\"200305043646 - Oberes Mittelrheintal bei Niederheimbach\" src=\"https:\/\/i0.wp.com\/georg-dahlhoff.de\/blog\/wp-content\/uploads\/2010\/12\/200305043646-nhb.jpg?resize=544%2C363\" alt=\"\" width=\"544\" height=\"363\" \/><figcaption id=\"caption-attachment-1516\" class=\"wp-caption-text\">Oberes Mittelrheintal bei Niederheimbach &#8211; Bild Nr. 200305043646<\/figcaption><\/figure>\n<p style=\"text-align: center;\">Die Aussicht vom\u00a0<strong>Siebenburgenblick<\/strong>: \u00a0Vorn im Bild liegt\u00a0<strong>Niederheimbach<\/strong>, auf der gegen\u00fcberliegenden Seite\u00a0<strong>Lorch<\/strong> und\u00a0Lorchhausenim Rheingau-Taunus-Kreis. Links oben im Bild ist\u00a0<strong>Bacharach<\/strong> zu sehen.<\/p>\n<figure id=\"attachment_1527\" aria-describedby=\"caption-attachment-1527\" style=\"width: 300px\" class=\"wp-caption aligncenter\"><a href=\"https:\/\/i0.wp.com\/georg-dahlhoff.de\/blog\/wp-content\/uploads\/2010\/12\/200305043653-nhb.jpg\" target=\"_blank\"><img data-recalc-dims=\"1\" loading=\"lazy\" decoding=\"async\" class=\"size-medium wp-image-1527\" title=\"200305043653 - Weiher im Hunsr\u00fcck\" src=\"https:\/\/i0.wp.com\/georg-dahlhoff.de\/blog\/wp-content\/uploads\/2010\/12\/200305043653-nhb-300x200.jpg?resize=300%2C200\" alt=\"\" width=\"300\" height=\"200\" \/><\/a><figcaption id=\"caption-attachment-1527\" class=\"wp-caption-text\">Weiher im Hunsr\u00fcck &#8211; Bild Nr. 200305043653<\/figcaption><\/figure>\n<p style=\"text-align: center;\"><strong>Naturerlebnis Hunsr\u00fcck: <\/strong>Dieser romantische kleine Weiher liegt unterhalb des\u00a0<strong>Franzosenkopfes<\/strong>, des &#8222;Hausberges&#8220; von Niederheimbach. Man findet ihn links vom Wanderweg vom Franzosenkopf Richtung Oberheimbach.<\/p>\n<p style=\"text-align: center;\">&#8230;<\/p>\n<p style=\"text-align: center;\">F\u00fcr die Fotografien gilt das Urheberrecht! Jegliche Verwendung des Bildmaterials ohne Genehmigung des Fotografen ist untersagt. Informationen zum Erwerb von Ver\u00f6ffentlichungsrechten finden Sie\u00a0<a title=\"Ver\u00f6ffentlichungsrechte\" href=\"https:\/\/georg-dahlhoff.de\/wp\/?page_id=11938\">hier<\/a>.<\/p>\n","protected":false},"excerpt":{"rendered":"<p>Gemeinde Niederheimbach, Verbandgemeinde Rhein-Nahe, ca. 800 Einwohner, http:\/\/www.niederheimbach.de\/ In einer langen Reihe stehen die H\u00e4user von\u00a0Niederheimbach im Oberen Mittelrheintal zwischen Berg und Rhein zus\u00e4tzlich eingeengt durch die Bundesstra\u00dfe 9 und [&hellip;]<\/p>\n","protected":false},"author":1,"featured_media":0,"parent":902,"menu_order":1,"comment_status":"closed","ping_status":"open","template":"tpl_fullwidth-page.php","meta":{"jetpack_post_was_ever_published":false,"footnotes":""},"class_list":["post-986","page","type-page","status-publish","hentry"],"jetpack_shortlink":"https:\/\/wp.me\/P8MzOO-fU","jetpack-related-posts":[],"jetpack_likes_enabled":true,"jetpack_sharing_enabled":true,"_links":{"self":[{"href":"https:\/\/georg-dahlhoff.de\/wp\/index.php?rest_route=\/wp\/v2\/pages\/986","targetHints":{"allow":["GET"]}}],"collection":[{"href":"https:\/\/georg-dahlhoff.de\/wp\/index.php?rest_route=\/wp\/v2\/pages"}],"about":[{"href":"https:\/\/georg-dahlhoff.de\/wp\/index.php?rest_route=\/wp\/v2\/types\/page"}],"author":[{"embeddable":true,"href":"https:\/\/georg-dahlhoff.de\/wp\/index.php?rest_route=\/wp\/v2\/users\/1"}],"replies":[{"embeddable":true,"href":"https:\/\/georg-dahlhoff.de\/wp\/index.php?rest_route=%2Fwp%2Fv2%2Fcomments&post=986"}],"version-history":[{"count":0,"href":"https:\/\/georg-dahlhoff.de\/wp\/index.php?rest_route=\/wp\/v2\/pages\/986\/revisions"}],"up":[{"embeddable":true,"href":"https:\/\/georg-dahlhoff.de\/wp\/index.php?rest_route=\/wp\/v2\/pages\/902"}],"wp:attachment":[{"href":"https:\/\/georg-dahlhoff.de\/wp\/index.php?rest_route=%2Fwp%2Fv2%2Fmedia&parent=986"}],"curies":[{"name":"wp","href":"https:\/\/api.w.org\/{rel}","templated":true}]}}