{"id":982,"date":"2010-12-01T22:12:16","date_gmt":"2010-12-01T21:12:16","guid":{"rendered":"http:\/\/georg-dahlhoff.de\/blog\/"},"modified":"2017-06-10T15:59:37","modified_gmt":"2017-06-10T13:59:37","slug":"zornheim","status":"publish","type":"page","link":"https:\/\/georg-dahlhoff.de\/wp\/?page_id=982","title":{"rendered":"Zornheim"},"content":{"rendered":"<p style=\"text-align: center;\"><a href=\"https:\/\/georg-dahlhoff.de\/wp\/?page_id=11740\"><img data-recalc-dims=\"1\" loading=\"lazy\" decoding=\"async\" class=\"size-full wp-image-1809 aligncenter\" title=\"mainz-bingen-foto.de\" src=\"https:\/\/i0.wp.com\/georg-dahlhoff.de\/blog\/wp-content\/uploads\/2010\/11\/titelbanner.jpg?resize=623%2C80\" alt=\"\" width=\"623\" height=\"80\" \/><\/a><\/p>\n<p style=\"text-align: center;\"><strong>Gemeinde Zornheim<\/strong>, Verbandsgemeinde Nieder-Olm, ca. 3.850 Einwohner, <a href=\"http:\/\/www.zornheim.de\/\" target=\"_blank\" rel=\"noopener\">http:\/\/www.zornheim.de\/<\/a><\/p>\n<figure id=\"attachment_26176\" aria-describedby=\"caption-attachment-26176\" style=\"width: 600px\" class=\"wp-caption aligncenter\"><a href=\"https:\/\/i0.wp.com\/georg-dahlhoff.de\/wp\/wp-content\/uploads\/2010\/12\/201706106214.jpg?ssl=1\"><img data-recalc-dims=\"1\" loading=\"lazy\" decoding=\"async\" data-attachment-id=\"26176\" data-permalink=\"https:\/\/georg-dahlhoff.de\/wp\/?attachment_id=26176\" data-orig-file=\"https:\/\/i0.wp.com\/georg-dahlhoff.de\/wp\/wp-content\/uploads\/2010\/12\/201706106214.jpg?fit=1600%2C900&amp;ssl=1\" data-orig-size=\"1600,900\" data-comments-opened=\"1\" data-image-meta=\"{&quot;aperture&quot;:&quot;0&quot;,&quot;credit&quot;:&quot;&quot;,&quot;camera&quot;:&quot;&quot;,&quot;caption&quot;:&quot;&quot;,&quot;created_timestamp&quot;:&quot;0&quot;,&quot;copyright&quot;:&quot;&quot;,&quot;focal_length&quot;:&quot;0&quot;,&quot;iso&quot;:&quot;0&quot;,&quot;shutter_speed&quot;:&quot;0&quot;,&quot;title&quot;:&quot;&quot;,&quot;orientation&quot;:&quot;0&quot;}\" data-image-title=\"201706106214\" data-image-description=\"\" data-image-caption=\"&lt;p&gt;Zornheim &amp;#8211; Bild Nr. 201706106214&lt;\/p&gt;\n\" data-large-file=\"https:\/\/i0.wp.com\/georg-dahlhoff.de\/wp\/wp-content\/uploads\/2010\/12\/201706106214.jpg?fit=600%2C338&amp;ssl=1\" class=\"size-large wp-image-26176\" src=\"https:\/\/i0.wp.com\/georg-dahlhoff.de\/wp\/wp-content\/uploads\/2010\/12\/201706106214.jpg?resize=600%2C338&#038;ssl=1\" alt=\"\" width=\"600\" height=\"338\" srcset=\"https:\/\/i0.wp.com\/georg-dahlhoff.de\/wp\/wp-content\/uploads\/2010\/12\/201706106214.jpg?resize=600%2C338&amp;ssl=1 600w, https:\/\/i0.wp.com\/georg-dahlhoff.de\/wp\/wp-content\/uploads\/2010\/12\/201706106214.jpg?resize=300%2C169&amp;ssl=1 300w, https:\/\/i0.wp.com\/georg-dahlhoff.de\/wp\/wp-content\/uploads\/2010\/12\/201706106214.jpg?resize=768%2C432&amp;ssl=1 768w, https:\/\/i0.wp.com\/georg-dahlhoff.de\/wp\/wp-content\/uploads\/2010\/12\/201706106214.jpg?resize=135%2C75&amp;ssl=1 135w, https:\/\/i0.wp.com\/georg-dahlhoff.de\/wp\/wp-content\/uploads\/2010\/12\/201706106214.jpg?w=1600&amp;ssl=1 1600w\" sizes=\"auto, (max-width: 600px) 100vw, 600px\" \/><\/a><figcaption id=\"caption-attachment-26176\" class=\"wp-caption-text\">Zornheim &#8211; Bild Nr. 201706106214<\/figcaption><\/figure>\n<figure id=\"attachment_26178\" aria-describedby=\"caption-attachment-26178\" style=\"width: 600px\" class=\"wp-caption aligncenter\"><a href=\"https:\/\/i0.wp.com\/georg-dahlhoff.de\/wp\/wp-content\/uploads\/2010\/12\/201706106216.jpg?ssl=1\"><img data-recalc-dims=\"1\" loading=\"lazy\" decoding=\"async\" data-attachment-id=\"26178\" data-permalink=\"https:\/\/georg-dahlhoff.de\/wp\/?attachment_id=26178\" data-orig-file=\"https:\/\/i0.wp.com\/georg-dahlhoff.de\/wp\/wp-content\/uploads\/2010\/12\/201706106216.jpg?fit=1500%2C1000&amp;ssl=1\" data-orig-size=\"1500,1000\" data-comments-opened=\"1\" data-image-meta=\"{&quot;aperture&quot;:&quot;0&quot;,&quot;credit&quot;:&quot;&quot;,&quot;camera&quot;:&quot;&quot;,&quot;caption&quot;:&quot;&quot;,&quot;created_timestamp&quot;:&quot;0&quot;,&quot;copyright&quot;:&quot;&quot;,&quot;focal_length&quot;:&quot;0&quot;,&quot;iso&quot;:&quot;0&quot;,&quot;shutter_speed&quot;:&quot;0&quot;,&quot;title&quot;:&quot;&quot;,&quot;orientation&quot;:&quot;0&quot;}\" data-image-title=\"201706106216\" data-image-description=\"\" data-image-caption=\"&lt;p&gt;Zornheim &amp;#8211; Bild Nr. 201706106216&lt;\/p&gt;\n\" data-large-file=\"https:\/\/i0.wp.com\/georg-dahlhoff.de\/wp\/wp-content\/uploads\/2010\/12\/201706106216.jpg?fit=600%2C400&amp;ssl=1\" class=\"size-large wp-image-26178\" src=\"https:\/\/i0.wp.com\/georg-dahlhoff.de\/wp\/wp-content\/uploads\/2010\/12\/201706106216.jpg?resize=600%2C400&#038;ssl=1\" alt=\"\" width=\"600\" height=\"400\" srcset=\"https:\/\/i0.wp.com\/georg-dahlhoff.de\/wp\/wp-content\/uploads\/2010\/12\/201706106216.jpg?resize=600%2C400&amp;ssl=1 600w, https:\/\/i0.wp.com\/georg-dahlhoff.de\/wp\/wp-content\/uploads\/2010\/12\/201706106216.jpg?resize=300%2C200&amp;ssl=1 300w, https:\/\/i0.wp.com\/georg-dahlhoff.de\/wp\/wp-content\/uploads\/2010\/12\/201706106216.jpg?resize=768%2C512&amp;ssl=1 768w, https:\/\/i0.wp.com\/georg-dahlhoff.de\/wp\/wp-content\/uploads\/2010\/12\/201706106216.jpg?w=1500&amp;ssl=1 1500w\" sizes=\"auto, (max-width: 600px) 100vw, 600px\" \/><\/a><figcaption id=\"caption-attachment-26178\" class=\"wp-caption-text\">Zornheim &#8211; Bild Nr. 201706106216<\/figcaption><\/figure>\n<figure id=\"attachment_24567\" aria-describedby=\"caption-attachment-24567\" style=\"width: 480px\" class=\"wp-caption aligncenter\"><a href=\"https:\/\/i0.wp.com\/georg-dahlhoff.de\/wp\/wp-content\/uploads\/2010\/12\/201610020845.jpg?ssl=1\"><img data-recalc-dims=\"1\" loading=\"lazy\" decoding=\"async\" class=\"size-large wp-image-24567\" src=\"https:\/\/i0.wp.com\/georg-dahlhoff.de\/wp\/wp-content\/uploads\/2010\/12\/201610020845.jpg?resize=480%2C270&#038;ssl=1\" alt=\"Fernblick nach Zornheim - Bild Nr. 201610020845\" width=\"480\" height=\"270\" \/><\/a><figcaption id=\"caption-attachment-24567\" class=\"wp-caption-text\">Fernblick nach Zornheim &#8211; Bild Nr. 201610020845<\/figcaption><\/figure>\n<figure id=\"attachment_24432\" aria-describedby=\"caption-attachment-24432\" style=\"width: 480px\" class=\"wp-caption aligncenter\"><a href=\"https:\/\/i0.wp.com\/georg-dahlhoff.de\/wp\/wp-content\/uploads\/2010\/12\/201608170685.jpg?ssl=1\"><img data-recalc-dims=\"1\" loading=\"lazy\" decoding=\"async\" class=\"size-large wp-image-24432\" src=\"https:\/\/i0.wp.com\/georg-dahlhoff.de\/wp\/wp-content\/uploads\/2010\/12\/201608170685.jpg?resize=480%2C320&#038;ssl=1\" alt=\"Der Dorfplatz mit dem Drei-Grazien-Brunnen - Bild Nr. 201608170685\" width=\"480\" height=\"320\" \/><\/a><figcaption id=\"caption-attachment-24432\" class=\"wp-caption-text\">Der Dorfplatz mit dem Drei-Grazien-Brunnen &#8211; Bild Nr. 201608170685<\/figcaption><\/figure>\n<figure id=\"attachment_24433\" aria-describedby=\"caption-attachment-24433\" style=\"width: 343px\" class=\"wp-caption aligncenter\"><a href=\"https:\/\/i0.wp.com\/georg-dahlhoff.de\/wp\/wp-content\/uploads\/2010\/12\/201608170689.jpg?ssl=1\"><img data-recalc-dims=\"1\" loading=\"lazy\" decoding=\"async\" class=\"size-large wp-image-24433\" src=\"https:\/\/i0.wp.com\/georg-dahlhoff.de\/wp\/wp-content\/uploads\/2010\/12\/201608170689.jpg?resize=343%2C480&#038;ssl=1\" alt=\"Der Drei-Grazien-Brunnen - Bild Nr. 201608170689\" width=\"343\" height=\"480\" \/><\/a><figcaption id=\"caption-attachment-24433\" class=\"wp-caption-text\">Der Drei-Grazien-Brunnen &#8211; Bild Nr. 201608170689<\/figcaption><\/figure>\n<p style=\"text-align: justify;\">Der Drei-Grazien-Brunnen ist eine Stiftung der in Zornheim ans\u00e4ssigen Familie Peter E. Eckes und konnte in den Jahren 2014\/2015 von dem Speyerer Bildhauer Franz M\u00fcller-Steinfurth realisiert werden. Der der am 26. April 2015 auf dem neu gestalteten Dorfplatz eingeweihte Brunnen ist ein ganz besonders gelungenes Schmuckstuck im Herzen der Gemeinde.<\/p>\n<figure id=\"attachment_22993\" aria-describedby=\"caption-attachment-22993\" style=\"width: 435px\" class=\"wp-caption aligncenter\"><a href=\"https:\/\/i0.wp.com\/georg-dahlhoff.de\/wp\/wp-content\/uploads\/2010\/12\/201502284135.jpg?ssl=1\"><img data-recalc-dims=\"1\" loading=\"lazy\" decoding=\"async\" class=\"size-large wp-image-22993\" src=\"https:\/\/i0.wp.com\/georg-dahlhoff.de\/wp\/wp-content\/uploads\/2010\/12\/201502284135.jpg?resize=435%2C580&#038;ssl=1\" alt=\"Kath. Pfarrkirche St. Bartholom\u00e4us - Bild Nr. 201502284135 \" width=\"435\" height=\"580\" \/><\/a><figcaption id=\"caption-attachment-22993\" class=\"wp-caption-text\">Kath. Pfarrkirche St. Bartholom\u00e4us &#8211; Bild Nr. 201502284135<\/figcaption><\/figure>\n<p style=\"text-align: center;\">Die heutige Pfarrkirche St. Bartholom\u00e4us wurde in den Jahren 1894\/1895 erbaut. Der Turm wurde zugunsten eines gr\u00f6\u00dferen Glockengel\u00e4uts in den Jahren 1955\/1956 aufgestockt und erhielt sein heutiges modernes Aussehen.<\/p>\n<figure id=\"attachment_22994\" aria-describedby=\"caption-attachment-22994\" style=\"width: 580px\" class=\"wp-caption aligncenter\"><a href=\"https:\/\/i0.wp.com\/georg-dahlhoff.de\/wp\/wp-content\/uploads\/2010\/12\/201502284132.jpg?ssl=1\"><img data-recalc-dims=\"1\" loading=\"lazy\" decoding=\"async\" class=\"size-large wp-image-22994\" src=\"https:\/\/i0.wp.com\/georg-dahlhoff.de\/wp\/wp-content\/uploads\/2010\/12\/201502284132.jpg?resize=580%2C388&#038;ssl=1\" alt=\"Ortsmitte Zornheim - Bild Nr. 201502284132 \" width=\"580\" height=\"388\" \/><\/a><figcaption id=\"caption-attachment-22994\" class=\"wp-caption-text\">Ortsmitte Zornheim &#8211; Bild Nr. 201502284132<\/figcaption><\/figure>\n<figure id=\"attachment_22995\" aria-describedby=\"caption-attachment-22995\" style=\"width: 580px\" class=\"wp-caption aligncenter\"><a href=\"https:\/\/i0.wp.com\/georg-dahlhoff.de\/wp\/wp-content\/uploads\/2010\/12\/201502284137.jpg?ssl=1\"><img data-recalc-dims=\"1\" loading=\"lazy\" decoding=\"async\" class=\"size-large wp-image-22995\" src=\"https:\/\/i0.wp.com\/georg-dahlhoff.de\/wp\/wp-content\/uploads\/2010\/12\/201502284137.jpg?resize=580%2C387&#038;ssl=1\" alt=\"Fachwerk-Ensemble - Bild Nr. 201502284137 \" width=\"580\" height=\"387\" \/><\/a><figcaption id=\"caption-attachment-22995\" class=\"wp-caption-text\">Fachwerk-Ensemble &#8211; Bild Nr. 201502284137<\/figcaption><\/figure>\n<figure id=\"attachment_22998\" aria-describedby=\"caption-attachment-22998\" style=\"width: 388px\" class=\"wp-caption aligncenter\"><a href=\"https:\/\/i0.wp.com\/georg-dahlhoff.de\/wp\/wp-content\/uploads\/2010\/12\/201502284142.jpg?ssl=1\"><img data-recalc-dims=\"1\" loading=\"lazy\" decoding=\"async\" class=\"size-large wp-image-22998\" src=\"https:\/\/i0.wp.com\/georg-dahlhoff.de\/wp\/wp-content\/uploads\/2010\/12\/201502284142.jpg?resize=388%2C580&#038;ssl=1\" alt=\"Im Schatten der Kirche... - Bild Nr. 201502284142\" width=\"388\" height=\"580\" \/><\/a><figcaption id=\"caption-attachment-22998\" class=\"wp-caption-text\">Im Schatten der Kirche&#8230; &#8211; Bild Nr. 201502284142<\/figcaption><\/figure>\n<p style=\"text-align: center;\"><em>&#8230;<\/em><\/p>\n<p style=\"text-align: center;\"><em>F\u00fcr die Fotografien gilt das Urheberrecht! Jegliche Verwendung des Bildmaterials ohne Genehmigung des Fotografen ist untersagt. Informationen zum Erwerb von Ver\u00f6ffentlichungsrechten finden Sie <\/em><a title=\"Ver\u00f6ffentlichungsrechte\" href=\"https:\/\/georg-dahlhoff.de\/wp\/?page_id=11938\"><em>hier<\/em><\/a><em>.<\/em><\/p>\n","protected":false},"excerpt":{"rendered":"<p>Gemeinde Zornheim, Verbandsgemeinde Nieder-Olm, ca. 3.850 Einwohner, http:\/\/www.zornheim.de\/ Der Drei-Grazien-Brunnen ist eine Stiftung der in Zornheim ans\u00e4ssigen Familie Peter E. Eckes und konnte in den Jahren 2014\/2015 von dem Speyerer [&hellip;]<\/p>\n","protected":false},"author":1,"featured_media":26176,"parent":908,"menu_order":7,"comment_status":"open","ping_status":"open","template":"","meta":{"jetpack_post_was_ever_published":false,"footnotes":""},"class_list":["post-982","page","type-page","status-publish","has-post-thumbnail","hentry"],"jetpack_shortlink":"https:\/\/wp.me\/P8MzOO-fQ","jetpack-related-posts":[],"jetpack_likes_enabled":true,"jetpack_sharing_enabled":true,"_links":{"self":[{"href":"https:\/\/georg-dahlhoff.de\/wp\/index.php?rest_route=\/wp\/v2\/pages\/982","targetHints":{"allow":["GET"]}}],"collection":[{"href":"https:\/\/georg-dahlhoff.de\/wp\/index.php?rest_route=\/wp\/v2\/pages"}],"about":[{"href":"https:\/\/georg-dahlhoff.de\/wp\/index.php?rest_route=\/wp\/v2\/types\/page"}],"author":[{"embeddable":true,"href":"https:\/\/georg-dahlhoff.de\/wp\/index.php?rest_route=\/wp\/v2\/users\/1"}],"replies":[{"embeddable":true,"href":"https:\/\/georg-dahlhoff.de\/wp\/index.php?rest_route=%2Fwp%2Fv2%2Fcomments&post=982"}],"version-history":[{"count":2,"href":"https:\/\/georg-dahlhoff.de\/wp\/index.php?rest_route=\/wp\/v2\/pages\/982\/revisions"}],"predecessor-version":[{"id":26179,"href":"https:\/\/georg-dahlhoff.de\/wp\/index.php?rest_route=\/wp\/v2\/pages\/982\/revisions\/26179"}],"up":[{"embeddable":true,"href":"https:\/\/georg-dahlhoff.de\/wp\/index.php?rest_route=\/wp\/v2\/pages\/908"}],"wp:featuredmedia":[{"embeddable":true,"href":"https:\/\/georg-dahlhoff.de\/wp\/index.php?rest_route=\/wp\/v2\/media\/26176"}],"wp:attachment":[{"href":"https:\/\/georg-dahlhoff.de\/wp\/index.php?rest_route=%2Fwp%2Fv2%2Fmedia&parent=982"}],"curies":[{"name":"wp","href":"https:\/\/api.w.org\/{rel}","templated":true}]}}