{"id":976,"date":"2010-12-01T22:10:41","date_gmt":"2010-12-01T21:10:41","guid":{"rendered":"http:\/\/georg-dahlhoff.de\/blog\/"},"modified":"2010-12-01T22:10:41","modified_gmt":"2010-12-01T21:10:41","slug":"welgesheim","status":"publish","type":"page","link":"https:\/\/georg-dahlhoff.de\/wp\/?page_id=976","title":{"rendered":"Welgesheim"},"content":{"rendered":"<p style=\"text-align: center;\"><a href=\"https:\/\/georg-dahlhoff.de\/wp\/?page_id=11740\"><img data-recalc-dims=\"1\" loading=\"lazy\" decoding=\"async\" class=\"size-full wp-image-1809 aligncenter\" title=\"mainz-bingen-foto.de\" src=\"https:\/\/i0.wp.com\/georg-dahlhoff.de\/blog\/wp-content\/uploads\/2010\/11\/titelbanner.jpg?resize=623%2C80\" alt=\"\" width=\"623\" height=\"80\" \/><\/a><\/p>\n<p style=\"text-align: center;\"><strong>Gemeinde Welgesheim<\/strong>, Verbandsgemeinde Sprendlingen-Gensingen, ca. 600 Einwohner,<br \/>\n<a href=\"http:\/\/www.welgesheim.de\/html\/\" target=\"_blank\">http:\/\/www.welgesheim.de\/html\/<\/a><\/p>\n<figure id=\"attachment_1670\" aria-describedby=\"caption-attachment-1670\" style=\"width: 680px\" class=\"wp-caption aligncenter\"><img data-recalc-dims=\"1\" loading=\"lazy\" decoding=\"async\" class=\"size-full wp-image-1670\" title=\"200404247530 - Welgesheim\" src=\"https:\/\/i0.wp.com\/georg-dahlhoff.de\/blog\/wp-content\/uploads\/2010\/12\/200404247530-wel.jpg?resize=680%2C275\" alt=\"\" width=\"680\" height=\"275\" \/><figcaption id=\"caption-attachment-1670\" class=\"wp-caption-text\">Welgesheim &#8211; Bild Nr. 200404247530<\/figcaption><\/figure>\n<p style=\"text-align: center;\">Die kleine Gemeinde\u00a0<strong>Welgesheim<\/strong> liegt nicht weit entfernt von der Autobahn A61, jedoch weit genug weg, dass man hier schon von l\u00e4ndlicher Idylle sprechen kann. Keine Durchgangsstra\u00dfe belastet den Ort, der einst vorwiegend durch Weinbau und Landwirtschaft gepr\u00e4gt war, und heute eine ruhige Wohngemeinde ist. Attraktiv ist die Gemeinde auch durch ihre N\u00e4he zu den St\u00e4dten Bad Kreuznach, Bingen und Ingelheim.<\/p>\n<p style=\"text-align: center;\">Welgesheim, fr\u00fcher Wellingesheim, wurde erstmals im Jahr 770 urkundlich erw\u00e4hnt.<\/p>\n<figure id=\"attachment_1672\" aria-describedby=\"caption-attachment-1672\" style=\"width: 300px\" class=\"wp-caption aligncenter\"><a href=\"https:\/\/i0.wp.com\/georg-dahlhoff.de\/blog\/wp-content\/uploads\/2010\/12\/200404247527-wel.jpg\" target=\"_blank\"><img data-recalc-dims=\"1\" loading=\"lazy\" decoding=\"async\" class=\"size-medium wp-image-1672\" title=\"200404247527 - Welgesheim\" src=\"https:\/\/i0.wp.com\/georg-dahlhoff.de\/blog\/wp-content\/uploads\/2010\/12\/200404247527-wel-300x225.jpg?resize=300%2C225\" alt=\"\" width=\"300\" height=\"225\" \/><\/a><figcaption id=\"caption-attachment-1672\" class=\"wp-caption-text\">Welgesheim &#8211; Bild Nr. 200404247527<\/figcaption><\/figure>\n<p style=\"text-align: center;\">Welgesheim: Am Horizont ist der knapp 700 m hohe\u00a0<strong>Donnersberg<\/strong> zu erkennen.<\/p>\n<figure id=\"attachment_1675\" aria-describedby=\"caption-attachment-1675\" style=\"width: 300px\" class=\"wp-caption aligncenter\"><a href=\"https:\/\/i0.wp.com\/georg-dahlhoff.de\/blog\/wp-content\/uploads\/2010\/12\/200404247518-wel.jpg\" target=\"_blank\"><img data-recalc-dims=\"1\" loading=\"lazy\" decoding=\"async\" class=\"size-medium wp-image-1675\" title=\"200404247518 - Welgesheim: Kircht\u00fcrme \" src=\"https:\/\/i0.wp.com\/georg-dahlhoff.de\/blog\/wp-content\/uploads\/2010\/12\/200404247518-wel-300x200.jpg?resize=300%2C200\" alt=\"\" width=\"300\" height=\"200\" \/><\/a><figcaption id=\"caption-attachment-1675\" class=\"wp-caption-text\">Welgesheim: Kircht\u00fcrme &#8211; Bild Nr. 200404247518<\/figcaption><\/figure>\n<figure id=\"attachment_1676\" aria-describedby=\"caption-attachment-1676\" style=\"width: 200px\" class=\"wp-caption aligncenter\"><a href=\"https:\/\/i0.wp.com\/georg-dahlhoff.de\/blog\/wp-content\/uploads\/2010\/12\/200404247499-wel.jpg\" target=\"_blank\"><img data-recalc-dims=\"1\" loading=\"lazy\" decoding=\"async\" class=\"size-medium wp-image-1676 \" title=\"200404247499 - Welgesheim: Katholische Kirche\" src=\"https:\/\/i0.wp.com\/georg-dahlhoff.de\/blog\/wp-content\/uploads\/2010\/12\/200404247499-wel-200x300.jpg?resize=200%2C300\" alt=\"\" width=\"200\" height=\"300\" \/><\/a><figcaption id=\"caption-attachment-1676\" class=\"wp-caption-text\">Welgesheim: Katholische Kirche &#8211; Bild Nr. 200404247499<\/figcaption><\/figure>\n<p style=\"text-align: center;\">Der Saalbau der Katholischen Kirche zu Allen Heiligen wurde 1784 erbaut, Erweiterungen und Umbauten fanden in den Jahren 1848 und 1879 statt. \u00a0Der markante Turm wurde\u00a01925 umgebaut und besteht in dieser Form bis heute.<\/p>\n<figure id=\"attachment_1677\" aria-describedby=\"caption-attachment-1677\" style=\"width: 200px\" class=\"wp-caption aligncenter\"><a href=\"https:\/\/i0.wp.com\/georg-dahlhoff.de\/blog\/wp-content\/uploads\/2010\/12\/200404247503-wel.jpg\" target=\"_blank\"><img data-recalc-dims=\"1\" loading=\"lazy\" decoding=\"async\" class=\"size-medium wp-image-1677 \" title=\"200404247503 - Welgesheim: Evangelische Kirche\" src=\"https:\/\/i0.wp.com\/georg-dahlhoff.de\/blog\/wp-content\/uploads\/2010\/12\/200404247503-wel-200x300.jpg?resize=200%2C300\" alt=\"\" width=\"200\" height=\"300\" \/><\/a><figcaption id=\"caption-attachment-1677\" class=\"wp-caption-text\">Welgesheim: Evangelische Kirche &#8211; Bild Nr. 200404247503<\/figcaption><\/figure>\n<p style=\"text-align: center;\">Der Saalbau der Evangelischen Kirche entstand 1818\/19, der Westturm im Jahr 1846.<\/p>\n<figure id=\"attachment_1687\" aria-describedby=\"caption-attachment-1687\" style=\"width: 200px\" class=\"wp-caption aligncenter\"><a href=\"https:\/\/i0.wp.com\/georg-dahlhoff.de\/blog\/wp-content\/uploads\/2010\/12\/200404247498-wel.jpg\" target=\"_blank\"><img data-recalc-dims=\"1\" loading=\"lazy\" decoding=\"async\" class=\"size-medium wp-image-1687 \" title=\"200404247498 - Welgesheim: Katholische Kirche\" src=\"https:\/\/i0.wp.com\/georg-dahlhoff.de\/blog\/wp-content\/uploads\/2010\/12\/200404247498-wel-200x300.jpg?resize=200%2C300\" alt=\"\" width=\"200\" height=\"300\" \/><\/a><figcaption id=\"caption-attachment-1687\" class=\"wp-caption-text\">Welgesheim: Katholische Kirche &#8211; Bild Nr. 200404247498<\/figcaption><\/figure>\n<p style=\"text-align: center;\">Die beiden Kirchen, inbesondere der Turm der Katholischen Kirche, pr\u00e4gen das Ortsbild der Gemeinde..<\/p>\n<figure id=\"attachment_1682\" aria-describedby=\"caption-attachment-1682\" style=\"width: 200px\" class=\"wp-caption aligncenter\"><a href=\"https:\/\/i0.wp.com\/georg-dahlhoff.de\/blog\/wp-content\/uploads\/2010\/12\/200404247539-wel.jpg\" target=\"_blank\"><img data-recalc-dims=\"1\" loading=\"lazy\" decoding=\"async\" class=\"size-medium wp-image-1682\" title=\"200404247539 - Welgesheim: Kreuzigungsgruppe am Kriegerdenkmal\" src=\"https:\/\/i0.wp.com\/georg-dahlhoff.de\/blog\/wp-content\/uploads\/2010\/12\/200404247539-wel-200x300.jpg?resize=200%2C300\" alt=\"\" width=\"200\" height=\"300\" \/><\/a><figcaption id=\"caption-attachment-1682\" class=\"wp-caption-text\">Welgesheim: Kreuzigungsgruppe am Kriegerdenkmal &#8211; Bild Nr. 200404247539<\/figcaption><\/figure>\n<p style=\"text-align: center;\">Am Kriegerdenkmal von 1914 &#8211; 1918 befindet sich diese Kreuzigungsgruppe aus dem Jahr 1921.<\/p>\n<figure id=\"attachment_1684\" aria-describedby=\"caption-attachment-1684\" style=\"width: 200px\" class=\"wp-caption aligncenter\"><a href=\"https:\/\/i0.wp.com\/georg-dahlhoff.de\/blog\/wp-content\/uploads\/2010\/12\/200404247542-wel.jpg\" target=\"_blank\"><img data-recalc-dims=\"1\" loading=\"lazy\" decoding=\"async\" class=\"size-medium wp-image-1684 \" title=\"200404247542 - Welgesheim: Wegkapelle\" src=\"https:\/\/i0.wp.com\/georg-dahlhoff.de\/blog\/wp-content\/uploads\/2010\/12\/200404247542-wel-200x300.jpg?resize=200%2C300\" alt=\"\" width=\"200\" height=\"300\" \/><\/a><figcaption id=\"caption-attachment-1684\" class=\"wp-caption-text\">Welgesheim: Wegkapelle &#8211; Bild Nr. 200404247542<\/figcaption><\/figure>\n<p style=\"text-align: center;\"><em>&#8230;<\/em><\/p>\n<p style=\"text-align: center;\"><em>F\u00fcr die Fotografien gilt das Urheberrecht! Jegliche Verwendung des Bildmaterials ohne Genehmigung des Fotografen ist untersagt. Informationen zum Erwerb von Ver\u00f6ffentlichungsrechten finden Sie <\/em><a title=\"Ver\u00f6ffentlichungsrechte\" href=\"https:\/\/georg-dahlhoff.de\/wp\/?page_id=11938\"><em>hier<\/em><\/a><em>.<\/em><\/p>\n","protected":false},"excerpt":{"rendered":"<p>Gemeinde Welgesheim, Verbandsgemeinde Sprendlingen-Gensingen, ca. 600 Einwohner, http:\/\/www.welgesheim.de\/html\/ Die kleine Gemeinde\u00a0Welgesheim liegt nicht weit entfernt von der Autobahn A61, jedoch weit genug weg, dass man hier schon von l\u00e4ndlicher Idylle [&hellip;]<\/p>\n","protected":false},"author":1,"featured_media":0,"parent":908,"menu_order":4,"comment_status":"open","ping_status":"open","template":"tpl_fullwidth-page.php","meta":{"jetpack_post_was_ever_published":false,"footnotes":""},"class_list":["post-976","page","type-page","status-publish","hentry"],"jetpack_shortlink":"https:\/\/wp.me\/P8MzOO-fK","jetpack-related-posts":[],"jetpack_likes_enabled":true,"jetpack_sharing_enabled":true,"_links":{"self":[{"href":"https:\/\/georg-dahlhoff.de\/wp\/index.php?rest_route=\/wp\/v2\/pages\/976","targetHints":{"allow":["GET"]}}],"collection":[{"href":"https:\/\/georg-dahlhoff.de\/wp\/index.php?rest_route=\/wp\/v2\/pages"}],"about":[{"href":"https:\/\/georg-dahlhoff.de\/wp\/index.php?rest_route=\/wp\/v2\/types\/page"}],"author":[{"embeddable":true,"href":"https:\/\/georg-dahlhoff.de\/wp\/index.php?rest_route=\/wp\/v2\/users\/1"}],"replies":[{"embeddable":true,"href":"https:\/\/georg-dahlhoff.de\/wp\/index.php?rest_route=%2Fwp%2Fv2%2Fcomments&post=976"}],"version-history":[{"count":0,"href":"https:\/\/georg-dahlhoff.de\/wp\/index.php?rest_route=\/wp\/v2\/pages\/976\/revisions"}],"up":[{"embeddable":true,"href":"https:\/\/georg-dahlhoff.de\/wp\/index.php?rest_route=\/wp\/v2\/pages\/908"}],"wp:attachment":[{"href":"https:\/\/georg-dahlhoff.de\/wp\/index.php?rest_route=%2Fwp%2Fv2%2Fmedia&parent=976"}],"curies":[{"name":"wp","href":"https:\/\/api.w.org\/{rel}","templated":true}]}}