{"id":974,"date":"2010-12-01T22:10:11","date_gmt":"2010-12-01T21:10:11","guid":{"rendered":"http:\/\/georg-dahlhoff.de\/blog\/"},"modified":"2010-12-01T22:10:11","modified_gmt":"2010-12-01T21:10:11","slug":"weinolsheim","status":"publish","type":"page","link":"https:\/\/georg-dahlhoff.de\/wp\/?page_id=974","title":{"rendered":"Weinolsheim"},"content":{"rendered":"<p style=\"text-align: center;\"><a href=\"https:\/\/georg-dahlhoff.de\/wp\/?page_id=11740\"><img data-recalc-dims=\"1\" loading=\"lazy\" decoding=\"async\" class=\"size-full wp-image-1809 aligncenter\" title=\"mainz-bingen-foto.de\" src=\"https:\/\/i0.wp.com\/georg-dahlhoff.de\/blog\/wp-content\/uploads\/2010\/11\/titelbanner.jpg?resize=623%2C80\" alt=\"\" width=\"623\" height=\"80\" \/><\/a><\/p>\n<p style=\"text-align: center;\"><strong>Gemeinde Weinolsheim<\/strong>, Verbandsgemeinde Rhein-Selz, ca. 750 Einwohner,<br \/>\n<a title=\"Gemeinde Weinolsheim\" href=\"http:\/\/www.vg-rhein-selz.de\/vg_rhein_selz\/Ortsgemeinden\/Weinolsheim\/Gru%C3%9Fwort\/\" target=\"_blank\">Homepage der Gemeinde<\/a><\/p>\n<figure id=\"attachment_1985\" aria-describedby=\"caption-attachment-1985\" style=\"width: 300px\" class=\"wp-caption aligncenter\"><a href=\"https:\/\/i0.wp.com\/georg-dahlhoff.de\/blog\/wp-content\/uploads\/2010\/12\/200306204339-wei.jpg\" target=\"_blank\"><img data-recalc-dims=\"1\" loading=\"lazy\" decoding=\"async\" class=\"size-medium wp-image-1985\" title=\"200306204339 - Weinolsheim\" src=\"https:\/\/i0.wp.com\/georg-dahlhoff.de\/blog\/wp-content\/uploads\/2010\/12\/200306204339-wei-300x225.jpg?resize=300%2C225\" alt=\"\" width=\"300\" height=\"225\" \/><\/a><figcaption id=\"caption-attachment-1985\" class=\"wp-caption-text\">Weinolsheim &#8211; Bild Nr. 200306204339<\/figcaption><\/figure>\n<p style=\"text-align: center;\"><strong>Weinolsheim<\/strong> geh\u00f6rt mit zu den Orten in Rheinhessen, die schon etwa im 5. Jahrhundert n. Chr. von den Franken besiedelt wurden. Die erste urkundliche Erw\u00e4hnung der Gemeinde stammt aus dem Jahr 789 n. Chr.<\/p>\n<figure id=\"attachment_1986\" aria-describedby=\"caption-attachment-1986\" style=\"width: 225px\" class=\"wp-caption aligncenter\"><a href=\"https:\/\/i0.wp.com\/georg-dahlhoff.de\/blog\/wp-content\/uploads\/2010\/12\/200306204340-wei.jpg\" target=\"_blank\"><img data-recalc-dims=\"1\" loading=\"lazy\" decoding=\"async\" class=\"size-medium wp-image-1986  \" title=\"200306204340 - Weinolsheim: Evangelische Kirche\" src=\"https:\/\/i0.wp.com\/georg-dahlhoff.de\/blog\/wp-content\/uploads\/2010\/12\/200306204340-wei-225x300.jpg?resize=225%2C300\" alt=\"\" width=\"225\" height=\"300\" \/><\/a><figcaption id=\"caption-attachment-1986\" class=\"wp-caption-text\">Weinolsheim: Evangelische Kirche &#8211; Bild Nr. 200306204340<\/figcaption><\/figure>\n<p style=\"text-align: center;\">Obwohl Weinolsheim eine recht kleine Gemeinde ist gibt es hier doch mehr als 20 Winzerbetriebe und sehr lebendiges Vereinsleben.\u00a0Im Bild ist die\u00a0<strong>Hauptstra\u00dfe<\/strong> (L425) zu sehen.<\/p>\n<p style=\"text-align: center;\">Die\u00a0<strong>Evangelische Kirche<\/strong> (rechts) wurde im Jahr 1843 erbaut.<\/p>\n<figure id=\"attachment_1989\" aria-describedby=\"caption-attachment-1989\" style=\"width: 225px\" class=\"wp-caption aligncenter\"><a href=\"https:\/\/i0.wp.com\/georg-dahlhoff.de\/blog\/wp-content\/uploads\/2010\/12\/200306204347-wei.jpg\" target=\"_blank\"><img data-recalc-dims=\"1\" loading=\"lazy\" decoding=\"async\" class=\"size-medium wp-image-1989 \" title=\"200306204347 - Weinolsheim: Katholische Kirche\" src=\"https:\/\/i0.wp.com\/georg-dahlhoff.de\/blog\/wp-content\/uploads\/2010\/12\/200306204347-wei-225x300.jpg?resize=225%2C300\" alt=\"\" width=\"225\" height=\"300\" \/><\/a><figcaption id=\"caption-attachment-1989\" class=\"wp-caption-text\">Weinolsheim: Katholische Peterskirche &#8211; Bild Nr. 200306204347<\/figcaption><\/figure>\n<p style=\"text-align: center;\">Die\u00a0<strong>katholische Peterskirche<\/strong> wurde im Jahr 1727 erbaut. Die Orgel stammt ebenfalls aus dem 18. Jahrhundert.<\/p>\n<figure id=\"attachment_1990\" aria-describedby=\"caption-attachment-1990\" style=\"width: 225px\" class=\"wp-caption aligncenter\"><a href=\"https:\/\/i0.wp.com\/georg-dahlhoff.de\/blog\/wp-content\/uploads\/2010\/12\/200306204348-wei.jpg\" target=\"_blank\"><img data-recalc-dims=\"1\" loading=\"lazy\" decoding=\"async\" class=\"size-medium wp-image-1990\" title=\"200306204348 - Fenster\" src=\"https:\/\/i0.wp.com\/georg-dahlhoff.de\/blog\/wp-content\/uploads\/2010\/12\/200306204348-wei-225x300.jpg?resize=225%2C300\" alt=\"\" width=\"225\" height=\"300\" \/><\/a><figcaption id=\"caption-attachment-1990\" class=\"wp-caption-text\">Fenster &#8211; Bild Nr. 200306204348<\/figcaption><\/figure>\n<p style=\"text-align: center;\">Ein sch\u00f6nes Beispiel f\u00fcr die Attraktivit\u00e4t gr\u00fcner Fassaden ist dieses geschmackvoll dekorierte Fenster an einem Haus in der Hauptstra\u00dfe (L425).<\/p>\n<p style=\"text-align: center;\"><em>&#8230;<\/em><\/p>\n<p style=\"text-align: center;\"><em>F\u00fcr die Fotografien gilt das Urheberrecht! Jegliche Verwendung des Bildmaterials ohne Genehmigung des Fotografen ist untersagt. Informationen zum Erwerb von Ver\u00f6ffentlichungsrechten finden Sie <\/em><a title=\"Ver\u00f6ffentlichungsrechte\" href=\"https:\/\/georg-dahlhoff.de\/wp\/?page_id=11938\"><em>hier<\/em><\/a><em>.<\/em><\/p>\n","protected":false},"excerpt":{"rendered":"<p>Gemeinde Weinolsheim, Verbandsgemeinde Rhein-Selz, ca. 750 Einwohner, Homepage der Gemeinde Weinolsheim geh\u00f6rt mit zu den Orten in Rheinhessen, die schon etwa im 5. Jahrhundert n. Chr. von den Franken besiedelt [&hellip;]<\/p>\n","protected":false},"author":1,"featured_media":0,"parent":908,"menu_order":3,"comment_status":"open","ping_status":"open","template":"","meta":{"jetpack_post_was_ever_published":false,"footnotes":""},"class_list":["post-974","page","type-page","status-publish","hentry"],"jetpack_shortlink":"https:\/\/wp.me\/P8MzOO-fI","jetpack-related-posts":[],"jetpack_likes_enabled":true,"jetpack_sharing_enabled":true,"_links":{"self":[{"href":"https:\/\/georg-dahlhoff.de\/wp\/index.php?rest_route=\/wp\/v2\/pages\/974","targetHints":{"allow":["GET"]}}],"collection":[{"href":"https:\/\/georg-dahlhoff.de\/wp\/index.php?rest_route=\/wp\/v2\/pages"}],"about":[{"href":"https:\/\/georg-dahlhoff.de\/wp\/index.php?rest_route=\/wp\/v2\/types\/page"}],"author":[{"embeddable":true,"href":"https:\/\/georg-dahlhoff.de\/wp\/index.php?rest_route=\/wp\/v2\/users\/1"}],"replies":[{"embeddable":true,"href":"https:\/\/georg-dahlhoff.de\/wp\/index.php?rest_route=%2Fwp%2Fv2%2Fcomments&post=974"}],"version-history":[{"count":0,"href":"https:\/\/georg-dahlhoff.de\/wp\/index.php?rest_route=\/wp\/v2\/pages\/974\/revisions"}],"up":[{"embeddable":true,"href":"https:\/\/georg-dahlhoff.de\/wp\/index.php?rest_route=\/wp\/v2\/pages\/908"}],"wp:attachment":[{"href":"https:\/\/georg-dahlhoff.de\/wp\/index.php?rest_route=%2Fwp%2Fv2%2Fmedia&parent=974"}],"curies":[{"name":"wp","href":"https:\/\/api.w.org\/{rel}","templated":true}]}}