{"id":957,"date":"2010-12-01T22:04:57","date_gmt":"2010-12-01T21:04:57","guid":{"rendered":"http:\/\/georg-dahlhoff.de\/blog\/"},"modified":"2018-03-29T18:45:05","modified_gmt":"2018-03-29T16:45:05","slug":"nackenheim","status":"publish","type":"page","link":"https:\/\/georg-dahlhoff.de\/wp\/?page_id=957","title":{"rendered":"Nackenheim"},"content":{"rendered":"<p style=\"text-align: center;\"><a href=\"https:\/\/georg-dahlhoff.de\/wp\/?page_id=11740\"><img data-recalc-dims=\"1\" loading=\"lazy\" decoding=\"async\" data-attachment-id=\"26915\" data-permalink=\"https:\/\/georg-dahlhoff.de\/wp\/?attachment_id=26915\" data-orig-file=\"https:\/\/i0.wp.com\/georg-dahlhoff.de\/wp\/wp-content\/uploads\/2018\/02\/Fotosammlung_MZ-BIN.jpg?fit=623%2C80&amp;ssl=1\" data-orig-size=\"623,80\" data-comments-opened=\"1\" data-image-meta=\"{&quot;aperture&quot;:&quot;0&quot;,&quot;credit&quot;:&quot;&quot;,&quot;camera&quot;:&quot;&quot;,&quot;caption&quot;:&quot;&quot;,&quot;created_timestamp&quot;:&quot;0&quot;,&quot;copyright&quot;:&quot;&quot;,&quot;focal_length&quot;:&quot;0&quot;,&quot;iso&quot;:&quot;0&quot;,&quot;shutter_speed&quot;:&quot;0&quot;,&quot;title&quot;:&quot;&quot;,&quot;orientation&quot;:&quot;1&quot;}\" data-image-title=\"Fotosammlung_MZ-BIN\" data-image-description=\"\" data-image-caption=\"\" data-large-file=\"https:\/\/i0.wp.com\/georg-dahlhoff.de\/wp\/wp-content\/uploads\/2018\/02\/Fotosammlung_MZ-BIN.jpg?fit=600%2C77&amp;ssl=1\" class=\"aligncenter size-large wp-image-26915\" src=\"https:\/\/i0.wp.com\/georg-dahlhoff.de\/wp\/wp-content\/uploads\/2018\/02\/Fotosammlung_MZ-BIN.jpg?resize=600%2C77&#038;ssl=1\" alt=\"\" width=\"600\" height=\"77\" srcset=\"https:\/\/i0.wp.com\/georg-dahlhoff.de\/wp\/wp-content\/uploads\/2018\/02\/Fotosammlung_MZ-BIN.jpg?resize=600%2C77&amp;ssl=1 600w, https:\/\/i0.wp.com\/georg-dahlhoff.de\/wp\/wp-content\/uploads\/2018\/02\/Fotosammlung_MZ-BIN.jpg?resize=300%2C39&amp;ssl=1 300w, https:\/\/i0.wp.com\/georg-dahlhoff.de\/wp\/wp-content\/uploads\/2018\/02\/Fotosammlung_MZ-BIN.jpg?w=623&amp;ssl=1 623w\" sizes=\"auto, (max-width: 600px) 100vw, 600px\" \/><\/a><\/p>\n<p style=\"text-align: center;\"><strong>Gemeinde Nackenheim<\/strong>, Verbandsgemeinde Bodenheim, ca. 5.650 Einwohner <a href=\"http:\/\/www.nackenheim.de\/\" target=\"_blank\" rel=\"noopener\">http:\/\/www.nackenheim.de\/<\/a><\/p>\n<figure id=\"attachment_23130\" aria-describedby=\"caption-attachment-23130\" style=\"width: 580px\" class=\"wp-caption aligncenter\"><a href=\"https:\/\/i0.wp.com\/georg-dahlhoff.de\/wp\/wp-content\/uploads\/2010\/12\/201108152033.jpg?ssl=1\"><img data-recalc-dims=\"1\" loading=\"lazy\" decoding=\"async\" class=\"size-large wp-image-23130\" src=\"https:\/\/i0.wp.com\/georg-dahlhoff.de\/wp\/wp-content\/uploads\/2010\/12\/201108152033.jpg?resize=580%2C387&#038;ssl=1\" alt=\"Nackenheim mit der kath. Pfarrkirche St. Gereon - Bild Nr. 201108152033\" width=\"580\" height=\"387\" \/><\/a><figcaption id=\"caption-attachment-23130\" class=\"wp-caption-text\">Nackenheim mit der kath. Pfarrkirche St. Gereon &#8211; Bild Nr. 201108152033<\/figcaption><\/figure>\n<p style=\"text-align: center;\"><strong>Nackenheim<\/strong> ist eine idyllisch zwischen Rebh\u00fcgeln und dem Rhein gelegene Gemeinde, deren Weinberge vor mehr als 1.200 Jahren erstmals urkundlich erw\u00e4hnt wurden. Der Dichter und Dramatiker <strong>Carl Zuckmayer<\/strong> wurde 1896 hier geboren. In seinem St\u00fcck &#8222;Der fr\u00f6hliche Weinberg&#8220; hat er seiner Heimat ein bleibendes Denkmal gesetzt.<\/p>\n<p style=\"text-align: center;\">Hoch \u00fcber dem gr\u00f6\u00dften Teil der Gemeinde steht als weithin sichtbares Wahrzeichen die\u00a0<strong>katholische Pfarrkirche St. Gereon<\/strong>, die 1716 erbaut und in den Jahren 1902 und 1913 erweitert wurde.\u00a0Der Hochaltar wurde 1697 als Martinsaltar in den Ostchor des Mainzer Doms gestiftet.<\/p>\n<figure id=\"attachment_24332\" aria-describedby=\"caption-attachment-24332\" style=\"width: 480px\" class=\"wp-caption aligncenter\"><a href=\"https:\/\/i0.wp.com\/georg-dahlhoff.de\/wp\/wp-content\/uploads\/2010\/12\/201607111006.jpg?ssl=1\"><img data-recalc-dims=\"1\" loading=\"lazy\" decoding=\"async\" class=\"wp-image-24332 size-large\" src=\"https:\/\/i0.wp.com\/georg-dahlhoff.de\/wp\/wp-content\/uploads\/2010\/12\/201607111006.jpg?resize=480%2C321&#038;ssl=1\" alt=\"201607111006 - Carl-Zuckmayer-Platz\" width=\"480\" height=\"321\" \/><\/a><figcaption id=\"caption-attachment-24332\" class=\"wp-caption-text\">Carl-Zuckmayer-Platz in Nackenheim &#8211; Bild Nr. 201607111006<\/figcaption><\/figure>\n<p style=\"text-align: center;\">Dies ist der\u00a0<strong>Carl-Zuckmayer-Platz<\/strong>, im alten Ortskern von Nackenheim. Links im Bild ist das\u00a0<strong>Landhotel St. Gereon<\/strong> zu sehen. Die Weinstube und das Restaurant sind sehr stilvoll und gem\u00fctlich eingerichtet. Es ist fast \u00fcberfl\u00fcssig zu erw\u00e4hnen, dass hier zum guten Essen, der k\u00f6stlichen Nackenheimer Wein serviert wird. Eine Adresse, die man sich merken sollte&#8230;<\/p>\n<figure id=\"attachment_27063\" aria-describedby=\"caption-attachment-27063\" style=\"width: 600px\" class=\"wp-caption aligncenter\"><a href=\"https:\/\/i0.wp.com\/georg-dahlhoff.de\/wp\/wp-content\/uploads\/2018\/03\/201803296441.jpg?ssl=1\"><img data-recalc-dims=\"1\" loading=\"lazy\" decoding=\"async\" data-attachment-id=\"27063\" data-permalink=\"https:\/\/georg-dahlhoff.de\/wp\/?attachment_id=27063\" data-orig-file=\"https:\/\/i0.wp.com\/georg-dahlhoff.de\/wp\/wp-content\/uploads\/2018\/03\/201803296441.jpg?fit=1500%2C1000&amp;ssl=1\" data-orig-size=\"1500,1000\" data-comments-opened=\"1\" data-image-meta=\"{&quot;aperture&quot;:&quot;0&quot;,&quot;credit&quot;:&quot;&quot;,&quot;camera&quot;:&quot;&quot;,&quot;caption&quot;:&quot;&quot;,&quot;created_timestamp&quot;:&quot;0&quot;,&quot;copyright&quot;:&quot;&quot;,&quot;focal_length&quot;:&quot;0&quot;,&quot;iso&quot;:&quot;0&quot;,&quot;shutter_speed&quot;:&quot;0&quot;,&quot;title&quot;:&quot;&quot;,&quot;orientation&quot;:&quot;0&quot;}\" data-image-title=\"201803296441\" data-image-description=\"\" data-image-caption=\"&lt;p&gt;Rathaus Nackenheim &amp;#8211; Bild Nr. 201803296441&lt;\/p&gt;\n\" data-large-file=\"https:\/\/i0.wp.com\/georg-dahlhoff.de\/wp\/wp-content\/uploads\/2018\/03\/201803296441.jpg?fit=600%2C400&amp;ssl=1\" class=\"size-large wp-image-27063\" src=\"https:\/\/i0.wp.com\/georg-dahlhoff.de\/wp\/wp-content\/uploads\/2018\/03\/201803296441.jpg?resize=600%2C400&#038;ssl=1\" alt=\"\" width=\"600\" height=\"400\" srcset=\"https:\/\/i0.wp.com\/georg-dahlhoff.de\/wp\/wp-content\/uploads\/2018\/03\/201803296441.jpg?resize=600%2C400&amp;ssl=1 600w, https:\/\/i0.wp.com\/georg-dahlhoff.de\/wp\/wp-content\/uploads\/2018\/03\/201803296441.jpg?resize=300%2C200&amp;ssl=1 300w, https:\/\/i0.wp.com\/georg-dahlhoff.de\/wp\/wp-content\/uploads\/2018\/03\/201803296441.jpg?resize=768%2C512&amp;ssl=1 768w, https:\/\/i0.wp.com\/georg-dahlhoff.de\/wp\/wp-content\/uploads\/2018\/03\/201803296441.jpg?w=1500&amp;ssl=1 1500w\" sizes=\"auto, (max-width: 600px) 100vw, 600px\" \/><\/a><figcaption id=\"caption-attachment-27063\" class=\"wp-caption-text\">Rathaus Nackenheim &#8211; Bild Nr. 201803296441<\/figcaption><\/figure>\n<figure id=\"attachment_27065\" aria-describedby=\"caption-attachment-27065\" style=\"width: 600px\" class=\"wp-caption aligncenter\"><a href=\"https:\/\/i0.wp.com\/georg-dahlhoff.de\/wp\/wp-content\/uploads\/2018\/03\/201803296444.jpg?ssl=1\"><img data-recalc-dims=\"1\" loading=\"lazy\" decoding=\"async\" data-attachment-id=\"27065\" data-permalink=\"https:\/\/georg-dahlhoff.de\/wp\/?attachment_id=27065\" data-orig-file=\"https:\/\/i0.wp.com\/georg-dahlhoff.de\/wp\/wp-content\/uploads\/2018\/03\/201803296444.jpg?fit=1500%2C1000&amp;ssl=1\" data-orig-size=\"1500,1000\" data-comments-opened=\"1\" data-image-meta=\"{&quot;aperture&quot;:&quot;0&quot;,&quot;credit&quot;:&quot;&quot;,&quot;camera&quot;:&quot;&quot;,&quot;caption&quot;:&quot;&quot;,&quot;created_timestamp&quot;:&quot;0&quot;,&quot;copyright&quot;:&quot;&quot;,&quot;focal_length&quot;:&quot;0&quot;,&quot;iso&quot;:&quot;0&quot;,&quot;shutter_speed&quot;:&quot;0&quot;,&quot;title&quot;:&quot;&quot;,&quot;orientation&quot;:&quot;0&quot;}\" data-image-title=\"201803296444\" data-image-description=\"\" data-image-caption=\"&lt;p&gt;Rathaus Nackenheim &amp;#8211; Bild Nr. 201803296444&lt;\/p&gt;\n\" data-large-file=\"https:\/\/i0.wp.com\/georg-dahlhoff.de\/wp\/wp-content\/uploads\/2018\/03\/201803296444.jpg?fit=600%2C400&amp;ssl=1\" class=\"size-large wp-image-27065\" src=\"https:\/\/i0.wp.com\/georg-dahlhoff.de\/wp\/wp-content\/uploads\/2018\/03\/201803296444.jpg?resize=600%2C400&#038;ssl=1\" alt=\"\" width=\"600\" height=\"400\" srcset=\"https:\/\/i0.wp.com\/georg-dahlhoff.de\/wp\/wp-content\/uploads\/2018\/03\/201803296444.jpg?resize=600%2C400&amp;ssl=1 600w, https:\/\/i0.wp.com\/georg-dahlhoff.de\/wp\/wp-content\/uploads\/2018\/03\/201803296444.jpg?resize=300%2C200&amp;ssl=1 300w, https:\/\/i0.wp.com\/georg-dahlhoff.de\/wp\/wp-content\/uploads\/2018\/03\/201803296444.jpg?resize=768%2C512&amp;ssl=1 768w, https:\/\/i0.wp.com\/georg-dahlhoff.de\/wp\/wp-content\/uploads\/2018\/03\/201803296444.jpg?w=1500&amp;ssl=1 1500w\" sizes=\"auto, (max-width: 600px) 100vw, 600px\" \/><\/a><figcaption id=\"caption-attachment-27065\" class=\"wp-caption-text\">Rathaus Nackenheim &#8211; Bild Nr. 201803296444<\/figcaption><\/figure>\n<p style=\"text-align: center;\">Dies ist das 1751 gebaute\u00a0<strong>Rathaus<\/strong> der Gemeinde Nackenheim. Links an der Fassade ist eine B\u00fcste von Carl-Zuckmayer installiert.<\/p>\n<figure id=\"attachment_1475\" aria-describedby=\"caption-attachment-1475\" style=\"width: 225px\" class=\"wp-caption aligncenter\"><a href=\"https:\/\/i0.wp.com\/georg-dahlhoff.de\/blog\/wp-content\/uploads\/2010\/12\/200305314019-nak.jpg\" target=\"_blank\" rel=\"noopener\"><img data-recalc-dims=\"1\" loading=\"lazy\" decoding=\"async\" class=\"size-medium wp-image-1475\" title=\"200305314019 - Carl-Zuckmayer\" src=\"https:\/\/i0.wp.com\/georg-dahlhoff.de\/blog\/wp-content\/uploads\/2010\/12\/200305314019-nak-225x300.jpg?resize=225%2C300\" alt=\"\" width=\"225\" height=\"300\" \/><\/a><figcaption id=\"caption-attachment-1475\" class=\"wp-caption-text\">Carl Zuckmayer &#8211; Bild Nr. 200305314019<\/figcaption><\/figure>\n<p style=\"text-align: center;\">Die Nackenheimer sind stolz auf\u00a0<strong>Carl Zuckmayer <\/strong>(1896-1977) den wohl ber\u00fchmtesten B\u00fcrger der Gemeinde. Nach ihm wurde der Platz vor dem Rathaus und die Grundschule benannt, auch die\u00a0<a href=\"http:\/\/www.carl-zuckmayer.de\/\" target=\"_blank\" rel=\"noopener\">Carl-Zuckmayer-Gesellschafft<\/a>, die mit Ihrem Ensemble j\u00e4hrlich die bekanntesten Werke des Dichters auff\u00fchrt, ist hier in Nackenheim zuhause. Diese B\u00fcste, die 1982 von der Bilhauerin Ursula Bertram geschaffen wurde hat Ihren Platz an der Rathausfassade.<\/p>\n<figure id=\"attachment_1477\" aria-describedby=\"caption-attachment-1477\" style=\"width: 300px\" class=\"wp-caption aligncenter\"><a href=\"https:\/\/i0.wp.com\/georg-dahlhoff.de\/blog\/wp-content\/uploads\/2010\/12\/200505271932-nak.jpg\" target=\"_blank\" rel=\"noopener\"><img data-recalc-dims=\"1\" loading=\"lazy\" decoding=\"async\" class=\"size-medium wp-image-1477\" title=\"200505271932 - Nackenheim: Carl-Zuckmayer-Halle\" src=\"https:\/\/i0.wp.com\/georg-dahlhoff.de\/blog\/wp-content\/uploads\/2010\/12\/200505271932-nak-300x225.jpg?resize=300%2C225\" alt=\"\" width=\"300\" height=\"225\" \/><\/a><figcaption id=\"caption-attachment-1477\" class=\"wp-caption-text\">Nackenheim: Carl-Zuckmayer-Halle &#8211; Bild Nr. 200505271932<\/figcaption><\/figure>\n<p style=\"text-align: center;\">In den Jahren 2003 und 2004 entstand die\u00a0<strong>Carl-Zuckmayer-Halle, <\/strong>eine Gemeindehalle f\u00fcr\u00a0die zahlreichen Vereine und als kultureller Mittelpunkt der Gemeinde.<\/p>\n<figure id=\"attachment_24217\" aria-describedby=\"caption-attachment-24217\" style=\"width: 480px\" class=\"wp-caption aligncenter\"><a href=\"https:\/\/i0.wp.com\/georg-dahlhoff.de\/wp\/wp-content\/uploads\/2010\/12\/201605260281.jpg?ssl=1\"><img data-recalc-dims=\"1\" loading=\"lazy\" decoding=\"async\" class=\"size-large wp-image-24217\" src=\"https:\/\/i0.wp.com\/georg-dahlhoff.de\/wp\/wp-content\/uploads\/2010\/12\/201605260281.jpg?resize=480%2C320&#038;ssl=1\" alt=\"Nackenheim: Die Weinbergstra\u00dfe von oben - Bild Nr. 201605260281\" width=\"480\" height=\"320\" \/><\/a><figcaption id=\"caption-attachment-24217\" class=\"wp-caption-text\">Nackenheim: Die Weinbergstra\u00dfe von oben &#8211; Bild Nr. 201605260281<\/figcaption><\/figure>\n<figure id=\"attachment_24218\" aria-describedby=\"caption-attachment-24218\" style=\"width: 480px\" class=\"wp-caption aligncenter\"><a href=\"https:\/\/i0.wp.com\/georg-dahlhoff.de\/wp\/wp-content\/uploads\/2010\/12\/201605260298.jpg?ssl=1\"><img data-recalc-dims=\"1\" loading=\"lazy\" decoding=\"async\" class=\"size-large wp-image-24218\" src=\"https:\/\/i0.wp.com\/georg-dahlhoff.de\/wp\/wp-content\/uploads\/2010\/12\/201605260298.jpg?resize=480%2C320&#038;ssl=1\" alt=\"Wohnsiedlung nordwestlich der Weinbergstra\u00dfe - Bild Nr. 201605260298\" width=\"480\" height=\"320\" \/><\/a><figcaption id=\"caption-attachment-24218\" class=\"wp-caption-text\">Wohnsiedlung nordwestlich der Weinbergstra\u00dfe &#8211; Bild Nr. 201605260298<\/figcaption><\/figure>\n<figure id=\"attachment_27066\" aria-describedby=\"caption-attachment-27066\" style=\"width: 600px\" class=\"wp-caption aligncenter\"><a href=\"https:\/\/i0.wp.com\/georg-dahlhoff.de\/wp\/wp-content\/uploads\/2018\/03\/201803296447.jpg?ssl=1\"><img data-recalc-dims=\"1\" loading=\"lazy\" decoding=\"async\" data-attachment-id=\"27066\" data-permalink=\"https:\/\/georg-dahlhoff.de\/wp\/?attachment_id=27066\" data-orig-file=\"https:\/\/i0.wp.com\/georg-dahlhoff.de\/wp\/wp-content\/uploads\/2018\/03\/201803296447.jpg?fit=1500%2C1000&amp;ssl=1\" data-orig-size=\"1500,1000\" data-comments-opened=\"1\" data-image-meta=\"{&quot;aperture&quot;:&quot;0&quot;,&quot;credit&quot;:&quot;&quot;,&quot;camera&quot;:&quot;&quot;,&quot;caption&quot;:&quot;&quot;,&quot;created_timestamp&quot;:&quot;0&quot;,&quot;copyright&quot;:&quot;&quot;,&quot;focal_length&quot;:&quot;0&quot;,&quot;iso&quot;:&quot;0&quot;,&quot;shutter_speed&quot;:&quot;0&quot;,&quot;title&quot;:&quot;&quot;,&quot;orientation&quot;:&quot;0&quot;}\" data-image-title=\"201803296447\" data-image-description=\"\" data-image-caption=\"&lt;p&gt;Brunnen in der Weinbergstra\u00dfe &amp;#8211; Bild Nr. 201803296447&lt;\/p&gt;\n\" data-large-file=\"https:\/\/i0.wp.com\/georg-dahlhoff.de\/wp\/wp-content\/uploads\/2018\/03\/201803296447.jpg?fit=600%2C400&amp;ssl=1\" class=\"size-large wp-image-27066\" src=\"https:\/\/i0.wp.com\/georg-dahlhoff.de\/wp\/wp-content\/uploads\/2018\/03\/201803296447.jpg?resize=600%2C400&#038;ssl=1\" alt=\"\" width=\"600\" height=\"400\" srcset=\"https:\/\/i0.wp.com\/georg-dahlhoff.de\/wp\/wp-content\/uploads\/2018\/03\/201803296447.jpg?resize=600%2C400&amp;ssl=1 600w, https:\/\/i0.wp.com\/georg-dahlhoff.de\/wp\/wp-content\/uploads\/2018\/03\/201803296447.jpg?resize=300%2C200&amp;ssl=1 300w, https:\/\/i0.wp.com\/georg-dahlhoff.de\/wp\/wp-content\/uploads\/2018\/03\/201803296447.jpg?resize=768%2C512&amp;ssl=1 768w, https:\/\/i0.wp.com\/georg-dahlhoff.de\/wp\/wp-content\/uploads\/2018\/03\/201803296447.jpg?w=1500&amp;ssl=1 1500w\" sizes=\"auto, (max-width: 600px) 100vw, 600px\" \/><\/a><figcaption id=\"caption-attachment-27066\" class=\"wp-caption-text\">Brunnen in der Weinbergstra\u00dfe &#8211; Bild Nr. 201803296447<\/figcaption><\/figure>\n<figure id=\"attachment_23118\" aria-describedby=\"caption-attachment-23118\" style=\"width: 480px\" class=\"wp-caption aligncenter\"><a href=\"https:\/\/i0.wp.com\/georg-dahlhoff.de\/wp\/wp-content\/uploads\/2015\/04\/201504034542.jpg?ssl=1\" rel=\"attachment wp-att-23118\"><img data-recalc-dims=\"1\" loading=\"lazy\" decoding=\"async\" class=\"size-large wp-image-23118\" src=\"https:\/\/i0.wp.com\/georg-dahlhoff.de\/wp\/wp-content\/uploads\/2015\/04\/201504034542.jpg?resize=480%2C321&#038;ssl=1\" alt=\"Bergkapelle auf der Kuppe oberhalb von Nackenheim - Bild Nr. 201504034542\" width=\"480\" height=\"321\" \/><\/a><figcaption id=\"caption-attachment-23118\" class=\"wp-caption-text\">Bergkapelle auf der Kuppe oberhalb von Nackenheim &#8211; Bild Nr. 201504034542<\/figcaption><\/figure>\n<figure id=\"attachment_23870\" aria-describedby=\"caption-attachment-23870\" style=\"width: 480px\" class=\"wp-caption aligncenter\"><a href=\"https:\/\/i0.wp.com\/georg-dahlhoff.de\/wp\/wp-content\/uploads\/2010\/12\/201504031857.jpg?ssl=1\" rel=\"attachment wp-att-23870\"><img data-recalc-dims=\"1\" loading=\"lazy\" decoding=\"async\" class=\"size-large wp-image-23870\" src=\"https:\/\/i0.wp.com\/georg-dahlhoff.de\/wp\/wp-content\/uploads\/2010\/12\/201504031857.jpg?resize=480%2C320&#038;ssl=1\" alt=\"Kapelle - Bild Nr. 201504031857\" width=\"480\" height=\"320\" \/><\/a><figcaption id=\"caption-attachment-23870\" class=\"wp-caption-text\">Bergkapelle &#8211; Bild Nr. 201504031857<\/figcaption><\/figure>\n<p style=\"text-align: center;\">Oben auf der\u00a0<strong>Kuppel<\/strong>, so nennt sich der kleine H\u00fcgel innerhalb des Ortes, steht die\u00a0<strong>Bergkapelle<\/strong>.\u00a0Von der Kuppel hat man einen sch\u00f6nen Ausblick \u00fcber die Gemeinde und zur Pfarrkirche St. Gereon.<\/p>\n<p style=\"text-align: center;\">Zum Schluss noch ein Winterbild von Nackenheim<\/p>\n<figure id=\"attachment_23131\" aria-describedby=\"caption-attachment-23131\" style=\"width: 580px\" class=\"wp-caption aligncenter\"><a href=\"https:\/\/i0.wp.com\/georg-dahlhoff.de\/wp\/wp-content\/uploads\/2010\/12\/201012021095-nak.jpg?ssl=1\"><img data-recalc-dims=\"1\" loading=\"lazy\" decoding=\"async\" class=\"size-large wp-image-23131\" src=\"https:\/\/i0.wp.com\/georg-dahlhoff.de\/wp\/wp-content\/uploads\/2010\/12\/201012021095-nak.jpg?resize=580%2C326&#038;ssl=1\" alt=\"Nackenheim im Winter - Bild Nr. 201012021095\" width=\"580\" height=\"326\" \/><\/a><figcaption id=\"caption-attachment-23131\" class=\"wp-caption-text\">Nackenheim im Winter &#8211; Bild Nr. 201012021095<\/figcaption><\/figure>\n<p style=\"text-align: center;\"><em>&#8230;<\/em><\/p>\n<p style=\"text-align: center;\"><em>F\u00fcr die Fotografien gilt das Urheberrecht! Jegliche Verwendung des Bildmaterials ohne Genehmigung des Fotografen ist untersagt. Informationen zum Erwerb von Ver\u00f6ffentlichungsrechten finden Sie <\/em><a title=\"Ver\u00f6ffentlichungsrechte\" href=\"https:\/\/georg-dahlhoff.de\/wp\/?page_id=11938\"><em>hier<\/em><\/a><em>.<\/em><\/p>\n","protected":false},"excerpt":{"rendered":"<p>Gemeinde Nackenheim, Verbandsgemeinde Bodenheim, ca. 5.650 Einwohner http:\/\/www.nackenheim.de\/ Nackenheim ist eine idyllisch zwischen Rebh\u00fcgeln und dem Rhein gelegene Gemeinde, deren Weinberge vor mehr als 1.200 Jahren erstmals urkundlich erw\u00e4hnt wurden. [&hellip;]<\/p>\n","protected":false},"author":1,"featured_media":27068,"parent":902,"menu_order":0,"comment_status":"closed","ping_status":"open","template":"","meta":{"jetpack_post_was_ever_published":false,"footnotes":""},"class_list":["post-957","page","type-page","status-publish","has-post-thumbnail","hentry"],"jetpack_shortlink":"https:\/\/wp.me\/P8MzOO-fr","jetpack-related-posts":[],"jetpack_likes_enabled":true,"jetpack_sharing_enabled":true,"_links":{"self":[{"href":"https:\/\/georg-dahlhoff.de\/wp\/index.php?rest_route=\/wp\/v2\/pages\/957","targetHints":{"allow":["GET"]}}],"collection":[{"href":"https:\/\/georg-dahlhoff.de\/wp\/index.php?rest_route=\/wp\/v2\/pages"}],"about":[{"href":"https:\/\/georg-dahlhoff.de\/wp\/index.php?rest_route=\/wp\/v2\/types\/page"}],"author":[{"embeddable":true,"href":"https:\/\/georg-dahlhoff.de\/wp\/index.php?rest_route=\/wp\/v2\/users\/1"}],"replies":[{"embeddable":true,"href":"https:\/\/georg-dahlhoff.de\/wp\/index.php?rest_route=%2Fwp%2Fv2%2Fcomments&post=957"}],"version-history":[{"count":3,"href":"https:\/\/georg-dahlhoff.de\/wp\/index.php?rest_route=\/wp\/v2\/pages\/957\/revisions"}],"predecessor-version":[{"id":27069,"href":"https:\/\/georg-dahlhoff.de\/wp\/index.php?rest_route=\/wp\/v2\/pages\/957\/revisions\/27069"}],"up":[{"embeddable":true,"href":"https:\/\/georg-dahlhoff.de\/wp\/index.php?rest_route=\/wp\/v2\/pages\/902"}],"wp:featuredmedia":[{"embeddable":true,"href":"https:\/\/georg-dahlhoff.de\/wp\/index.php?rest_route=\/wp\/v2\/media\/27068"}],"wp:attachment":[{"href":"https:\/\/georg-dahlhoff.de\/wp\/index.php?rest_route=%2Fwp%2Fv2%2Fmedia&parent=957"}],"curies":[{"name":"wp","href":"https:\/\/api.w.org\/{rel}","templated":true}]}}