{"id":950,"date":"2010-12-01T21:54:30","date_gmt":"2010-12-01T20:54:30","guid":{"rendered":"http:\/\/georg-dahlhoff.de\/blog\/"},"modified":"2010-12-01T21:54:30","modified_gmt":"2010-12-01T20:54:30","slug":"munster-sarmsheim","status":"publish","type":"page","link":"https:\/\/georg-dahlhoff.de\/wp\/?page_id=950","title":{"rendered":"M\u00fcnster-Sarmsheim"},"content":{"rendered":"<p style=\"text-align: center;\"><a href=\"https:\/\/georg-dahlhoff.de\/wp\/?page_id=11740\"><img data-recalc-dims=\"1\" loading=\"lazy\" decoding=\"async\" class=\"size-full wp-image-1809 aligncenter\" title=\"mainz-bingen-foto.de\" src=\"https:\/\/i0.wp.com\/georg-dahlhoff.de\/blog\/wp-content\/uploads\/2010\/11\/titelbanner.jpg?resize=623%2C80\" alt=\"\" width=\"623\" height=\"80\" \/><\/a><\/p>\n<p style=\"text-align: center;\"><strong>Gemeinde M\u00fcnster-Sarmsheim<\/strong>, Verbandgemeinde Rhein-Nahe, ca. 3.000 Einwohner,<br \/>\n<a href=\"http:\/\/www.nahetor.com\/\" target=\"_blank\">http:\/\/www.nahetor.com\/<\/a><\/p>\n<figure id=\"attachment_1482\" aria-describedby=\"caption-attachment-1482\" style=\"width: 300px\" class=\"wp-caption aligncenter\"><a href=\"https:\/\/i0.wp.com\/georg-dahlhoff.de\/blog\/wp-content\/uploads\/2010\/12\/200407310850-msa.jpg\" target=\"_blank\"><img data-recalc-dims=\"1\" loading=\"lazy\" decoding=\"async\" class=\"size-medium wp-image-1482 \" title=\"200407310850 - M\u00fcnster-Sarmsheim\" src=\"https:\/\/i0.wp.com\/georg-dahlhoff.de\/blog\/wp-content\/uploads\/2010\/12\/200407310850-msa-300x225.jpg?resize=300%2C225\" alt=\"\" width=\"300\" height=\"225\" \/><\/a><figcaption id=\"caption-attachment-1482\" class=\"wp-caption-text\">M\u00fcnster-Sarmsheim &#8211; Bild Nr. 200407310850<\/figcaption><\/figure>\n<p style=\"text-align: center;\">Die Gemeinde\u00a0<strong>M\u00fcnster-Sarmsheim<\/strong> liegt am westlichen Ufer der Nahe gegen\u00fcber Bingen-B\u00fcdesheim.<\/p>\n<figure id=\"attachment_1483\" aria-describedby=\"caption-attachment-1483\" style=\"width: 300px\" class=\"wp-caption aligncenter\"><a href=\"https:\/\/i0.wp.com\/georg-dahlhoff.de\/blog\/wp-content\/uploads\/2010\/12\/200407310824-msa.jpg\" target=\"_blank\"><img data-recalc-dims=\"1\" loading=\"lazy\" decoding=\"async\" class=\"size-medium wp-image-1483\" title=\"200407310824 - M\u00fcnster-Sarmsheim: Stumpfer Turm\" src=\"https:\/\/i0.wp.com\/georg-dahlhoff.de\/blog\/wp-content\/uploads\/2010\/12\/200407310824-msa-300x225.jpg?resize=300%2C225\" alt=\"\" width=\"300\" height=\"225\" \/><\/a><figcaption id=\"caption-attachment-1483\" class=\"wp-caption-text\">M\u00fcnster-Sarmsheim: Stumpfer Turm &#8211; Bild Nr. 200407310824<\/figcaption><\/figure>\n<p style=\"text-align: center;\">Das Wahrzeichen der Gemeinde ist die Burgruine\u00a0<strong>Stumpfer Turm (Trutz Bingen)<\/strong> am n\u00f6rdlichen Ortsrand. Der Turm wurde 1493 errichtet.<\/p>\n<figure id=\"attachment_1484\" aria-describedby=\"caption-attachment-1484\" style=\"width: 225px\" class=\"wp-caption aligncenter\"><a href=\"https:\/\/i0.wp.com\/georg-dahlhoff.de\/blog\/wp-content\/uploads\/2010\/12\/200407310855msa.jpg\"><img data-recalc-dims=\"1\" loading=\"lazy\" decoding=\"async\" class=\"size-medium wp-image-1484\" title=\"200407310855 - M\u00fcnster-Sarmsheim: Katholische Pfarrkirche St. Peter und Paul\" src=\"https:\/\/i0.wp.com\/georg-dahlhoff.de\/blog\/wp-content\/uploads\/2010\/12\/200407310855msa-225x300.jpg?resize=225%2C300\" alt=\"\" width=\"225\" height=\"300\" \/><\/a><figcaption id=\"caption-attachment-1484\" class=\"wp-caption-text\">M\u00fcnster-Sarmsheim: Katholische Pfarrkirche St. Peter und Paul &#8211; Bild Nr. 200407310855<\/figcaption><\/figure>\n<p style=\"text-align: center;\">Der markanteste Blickfang der Gemeinde ist der Turm der\u00a0<strong>katholischen Pfarrkirche St. Peter und Paul<\/strong>.<\/p>\n<figure id=\"attachment_1485\" aria-describedby=\"caption-attachment-1485\" style=\"width: 225px\" class=\"wp-caption aligncenter\"><a href=\"https:\/\/i0.wp.com\/georg-dahlhoff.de\/blog\/wp-content\/uploads\/2010\/12\/200407310836msa.jpg\" target=\"_blank\"><img data-recalc-dims=\"1\" loading=\"lazy\" decoding=\"async\" class=\"size-medium wp-image-1485\" title=\"200407310836 - M\u00fcnster-Sarmsheim: Katholische Pfarrkirche St. Peter und Paul\" src=\"https:\/\/i0.wp.com\/georg-dahlhoff.de\/blog\/wp-content\/uploads\/2010\/12\/200407310836msa-225x300.jpg?resize=225%2C300\" alt=\"\" width=\"225\" height=\"300\" \/><\/a><figcaption id=\"caption-attachment-1485\" class=\"wp-caption-text\">M\u00fcnster-Sarmsheim: Katholische Pfarrkirche St. Peter und Paul &#8211; Bild Nr. 200407310836<\/figcaption><\/figure>\n<p style=\"text-align: center;\">Die\u00a0<strong>Katholische Pfarrkirche St.Peter und Paul<\/strong>wurde im Jahr 1189 erbaut. Sie ist damit \u00e4lteste Kirche in der Gemeinde.<\/p>\n<figure id=\"attachment_1486\" aria-describedby=\"caption-attachment-1486\" style=\"width: 225px\" class=\"wp-caption aligncenter\"><a href=\"https:\/\/i0.wp.com\/georg-dahlhoff.de\/blog\/wp-content\/uploads\/2010\/12\/200407310805-msa.jpg\" target=\"_blank\"><img data-recalc-dims=\"1\" loading=\"lazy\" decoding=\"async\" class=\"size-medium wp-image-1486\" title=\"200407310805 - M\u00fcnster-Sarmsheim: Evangelische Kirche\" src=\"https:\/\/i0.wp.com\/georg-dahlhoff.de\/blog\/wp-content\/uploads\/2010\/12\/200407310805-msa-225x300.jpg?resize=225%2C300\" alt=\"\" width=\"225\" height=\"300\" \/><\/a><figcaption id=\"caption-attachment-1486\" class=\"wp-caption-text\">M\u00fcnster-Sarmsheim: Evangelische Kirche &#8211; Bild Nr. 200407310805<\/figcaption><\/figure>\n<p style=\"text-align: center;\">Die\u00a0<strong>Evangelische Kirche<\/strong> stammt aus dem Jahr 1810.<\/p>\n<figure id=\"attachment_1487\" aria-describedby=\"caption-attachment-1487\" style=\"width: 300px\" class=\"wp-caption aligncenter\"><a href=\"https:\/\/i0.wp.com\/georg-dahlhoff.de\/blog\/wp-content\/uploads\/2010\/12\/200409052434-msa.jpg\" target=\"_blank\"><img data-recalc-dims=\"1\" loading=\"lazy\" decoding=\"async\" class=\"size-medium wp-image-1487\" title=\"200409052434 - M\u00fcnster-Sarmsheim: Altes Rathaus\" src=\"https:\/\/i0.wp.com\/georg-dahlhoff.de\/blog\/wp-content\/uploads\/2010\/12\/200409052434-msa-300x225.jpg?resize=300%2C225\" alt=\"\" width=\"300\" height=\"225\" \/><\/a><figcaption id=\"caption-attachment-1487\" class=\"wp-caption-text\">M\u00fcnster-Sarmsheim: Altes Rathaus &#8211; Bild Nr. 200409052434<\/figcaption><\/figure>\n<p style=\"text-align: center;\">Das\u00a0<strong>Alte Rathaus<\/strong> von M\u00fcnster mit seiner sch\u00f6n verzierten Au\u00dfentreppe wurde im Jahr 1520 erbaut.<\/p>\n<figure id=\"attachment_1488\" aria-describedby=\"caption-attachment-1488\" style=\"width: 225px\" class=\"wp-caption aligncenter\"><a href=\"https:\/\/i0.wp.com\/georg-dahlhoff.de\/blog\/wp-content\/uploads\/2010\/12\/200407310800-msa.jpg\" target=\"_blank\"><img data-recalc-dims=\"1\" loading=\"lazy\" decoding=\"async\" class=\"size-medium wp-image-1488\" title=\"200407310800 - M\u00fcnster-Sarmsheim: Rathaus\" src=\"https:\/\/i0.wp.com\/georg-dahlhoff.de\/blog\/wp-content\/uploads\/2010\/12\/200407310800-msa-225x300.jpg?resize=225%2C300\" alt=\"\" width=\"225\" height=\"300\" \/><\/a><figcaption id=\"caption-attachment-1488\" class=\"wp-caption-text\">M\u00fcnster-Sarmsheim: Rathaus &#8211; Bild Nr. 200407310800<\/figcaption><\/figure>\n<p style=\"text-align: center;\">Das\u00a0<strong>Rathaus<\/strong> der Gemeinde hat seinen Platz zwischen den beiden Kirchen.<\/p>\n<p style=\"text-align: center;\"><strong><span style=\"text-decoration: underline;\">Impressionen<\/span><\/strong>:<\/p>\n<p style=\"text-align: center;\"><a href=\"https:\/\/i0.wp.com\/georg-dahlhoff.de\/blog\/wp-content\/uploads\/2010\/12\/200407310826-msa.jpg\" target=\"_blank\"><img data-recalc-dims=\"1\" loading=\"lazy\" decoding=\"async\" class=\"alignnone size-medium wp-image-1490\" title=\"200407310826 - M\u00fcnster-Sarmsheim\" src=\"https:\/\/i0.wp.com\/georg-dahlhoff.de\/blog\/wp-content\/uploads\/2010\/12\/200407310826-msa-225x300.jpg?resize=225%2C300\" alt=\"\" width=\"225\" height=\"300\" \/><\/a> <a href=\"https:\/\/i0.wp.com\/georg-dahlhoff.de\/blog\/wp-content\/uploads\/2010\/12\/200407310830-msa.jpg\" target=\"_blank\"><img data-recalc-dims=\"1\" loading=\"lazy\" decoding=\"async\" class=\"alignnone size-medium wp-image-1491\" title=\"200407310830 - M\u00fcnster-Sarmsheim\" src=\"https:\/\/i0.wp.com\/georg-dahlhoff.de\/blog\/wp-content\/uploads\/2010\/12\/200407310830-msa-225x300.jpg?resize=225%2C300\" alt=\"\" width=\"225\" height=\"300\" \/><\/a><\/p>\n<p style=\"text-align: center;\"><em>Bild Nr. 200407310826, 200407310830<\/em><\/p>\n<p style=\"text-align: center;\"><em><a href=\"https:\/\/i0.wp.com\/georg-dahlhoff.de\/blog\/wp-content\/uploads\/2010\/12\/200407310831-msa.jpg\" target=\"_blank\"><img data-recalc-dims=\"1\" loading=\"lazy\" decoding=\"async\" class=\"alignnone size-medium wp-image-1492\" title=\"200407310831 - M\u00fcnster-Sarmsheim\" src=\"https:\/\/i0.wp.com\/georg-dahlhoff.de\/blog\/wp-content\/uploads\/2010\/12\/200407310831-msa-225x300.jpg?resize=225%2C300\" alt=\"\" width=\"225\" height=\"300\" \/><\/a> <a href=\"https:\/\/i0.wp.com\/georg-dahlhoff.de\/blog\/wp-content\/uploads\/2010\/12\/200407310833-msa.jpg\" target=\"_blank\"><img data-recalc-dims=\"1\" loading=\"lazy\" decoding=\"async\" class=\"alignnone size-medium wp-image-1493\" title=\"200407310833 - M\u00fcnster-Sarmsheim\" src=\"https:\/\/i0.wp.com\/georg-dahlhoff.de\/blog\/wp-content\/uploads\/2010\/12\/200407310833-msa-225x300.jpg?resize=225%2C300\" alt=\"\" width=\"225\" height=\"300\" \/><\/a><\/em><\/p>\n<p style=\"text-align: center;\"><em>Bild Nr. 200407310831, 200407310833<\/em><\/p>\n<p style=\"text-align: center;\"><em>&#8230;<\/em><\/p>\n<p style=\"text-align: center;\"><em>F\u00fcr die Fotografien gilt das Urheberrecht! Jegliche Verwendung des Bildmaterials ohne Genehmigung des Fotografen ist untersagt. Informationen zum Erwerb von Ver\u00f6ffentlichungsrechten finden Sie <\/em><a title=\"Ver\u00f6ffentlichungsrechte\" href=\"https:\/\/georg-dahlhoff.de\/wp\/?page_id=11938\"><em>hier<\/em><\/a><em>.<\/em><\/p>\n","protected":false},"excerpt":{"rendered":"<p>Gemeinde M\u00fcnster-Sarmsheim, Verbandgemeinde Rhein-Nahe, ca. 3.000 Einwohner, http:\/\/www.nahetor.com\/ Die Gemeinde\u00a0M\u00fcnster-Sarmsheim liegt am westlichen Ufer der Nahe gegen\u00fcber Bingen-B\u00fcdesheim. Das Wahrzeichen der Gemeinde ist die Burgruine\u00a0Stumpfer Turm (Trutz Bingen) am n\u00f6rdlichen [&hellip;]<\/p>\n","protected":false},"author":1,"featured_media":0,"parent":900,"menu_order":8,"comment_status":"closed","ping_status":"open","template":"tpl_fullwidth-page.php","meta":{"jetpack_post_was_ever_published":false,"footnotes":""},"class_list":["post-950","page","type-page","status-publish","hentry"],"jetpack_shortlink":"https:\/\/wp.me\/P8MzOO-fk","jetpack-related-posts":[],"jetpack_likes_enabled":true,"jetpack_sharing_enabled":true,"_links":{"self":[{"href":"https:\/\/georg-dahlhoff.de\/wp\/index.php?rest_route=\/wp\/v2\/pages\/950","targetHints":{"allow":["GET"]}}],"collection":[{"href":"https:\/\/georg-dahlhoff.de\/wp\/index.php?rest_route=\/wp\/v2\/pages"}],"about":[{"href":"https:\/\/georg-dahlhoff.de\/wp\/index.php?rest_route=\/wp\/v2\/types\/page"}],"author":[{"embeddable":true,"href":"https:\/\/georg-dahlhoff.de\/wp\/index.php?rest_route=\/wp\/v2\/users\/1"}],"replies":[{"embeddable":true,"href":"https:\/\/georg-dahlhoff.de\/wp\/index.php?rest_route=%2Fwp%2Fv2%2Fcomments&post=950"}],"version-history":[{"count":0,"href":"https:\/\/georg-dahlhoff.de\/wp\/index.php?rest_route=\/wp\/v2\/pages\/950\/revisions"}],"up":[{"embeddable":true,"href":"https:\/\/georg-dahlhoff.de\/wp\/index.php?rest_route=\/wp\/v2\/pages\/900"}],"wp:attachment":[{"href":"https:\/\/georg-dahlhoff.de\/wp\/index.php?rest_route=%2Fwp%2Fv2%2Fmedia&parent=950"}],"curies":[{"name":"wp","href":"https:\/\/api.w.org\/{rel}","templated":true}]}}