{"id":944,"date":"2010-12-01T21:52:46","date_gmt":"2010-12-01T20:52:46","guid":{"rendered":"http:\/\/georg-dahlhoff.de\/blog\/"},"modified":"2018-09-01T08:49:56","modified_gmt":"2018-09-01T06:49:56","slug":"ludwigshohe","status":"publish","type":"page","link":"https:\/\/georg-dahlhoff.de\/wp\/?page_id=944","title":{"rendered":"Ludwigsh\u00f6he"},"content":{"rendered":"<p style=\"text-align: center;\"><a href=\"https:\/\/georg-dahlhoff.de\/wp\/?page_id=11740\"><img data-recalc-dims=\"1\" loading=\"lazy\" decoding=\"async\" class=\"wp-image-11771 aligncenter\" title=\"mainz-bingen-foto.de\" src=\"https:\/\/i0.wp.com\/georg-dahlhoff.de\/wp\/wp-content\/uploads\/2012\/09\/titelbanner.jpg?resize=623%2C80&#038;ssl=1\" alt=\"\" width=\"623\" height=\"80\" \/><\/a><\/p>\n<p style=\"text-align: center;\"><strong>Gemeinde Ludwigsh\u00f6he<\/strong>, Verbandsgemeinde Rhein-Selz, ca. 550 Einwohner,<br \/>\n<a title=\"Geimeinde Ludwigsh\u00f6he\" href=\"http:\/\/www.vg-rhein-selz.de\/vg_rhein_selz\/Ortsgemeinden\/Ludwigsh%C3%B6he\/Gru%C3%9Fwort\/\" target=\"_blank\" rel=\"noopener\">Homepage der Gemeinde<\/a><\/p>\n<figure id=\"attachment_1508\" aria-describedby=\"caption-attachment-1508\" style=\"width: 300px\" class=\"wp-caption aligncenter\"><a href=\"https:\/\/i0.wp.com\/georg-dahlhoff.de\/blog\/wp-content\/uploads\/2010\/12\/200308255354-lud.jpg\" target=\"_blank\" rel=\"noopener\"><img data-recalc-dims=\"1\" loading=\"lazy\" decoding=\"async\" class=\"size-medium wp-image-1508\" title=\"200308255354 - Ludwigsh\u00f6he\" src=\"https:\/\/i0.wp.com\/georg-dahlhoff.de\/blog\/wp-content\/uploads\/2010\/12\/200308255354-lud-300x225.jpg?resize=300%2C225\" alt=\"\" width=\"300\" height=\"225\" \/><\/a><figcaption id=\"caption-attachment-1508\" class=\"wp-caption-text\">Ludwigsh\u00f6he &#8211; Bild Nr. 200308255354<\/figcaption><\/figure>\n<p style=\"text-align: center;\"><strong>Ludwigsh\u00f6he<\/strong>, an der ehemaligen B9 auf halbem Wege zwischen Mainz und Worms gelegen, ist noch ein sehr junger Ort. Er entstand 1822 aus dem fr\u00fcheren Ort\u00a0<strong>Rudelsheim<\/strong>, der weiter am Rhein lag. Nachdem Rudelsheim immer wieder von schweren Hochwassern heimgesucht wurde, entschloss man sich, den Ort zu verlegen. So entstand an h\u00f6hergelegener Stelle die Gemeinde Ludwigsh\u00f6he.<\/p>\n<figure id=\"attachment_1512\" aria-describedby=\"caption-attachment-1512\" style=\"width: 300px\" class=\"wp-caption aligncenter\"><a href=\"https:\/\/i0.wp.com\/georg-dahlhoff.de\/blog\/wp-content\/uploads\/2010\/12\/200308255341-lud.jpg\" target=\"_blank\" rel=\"noopener\"><img data-recalc-dims=\"1\" loading=\"lazy\" decoding=\"async\" class=\"size-medium wp-image-1512\" title=\"200308255341 - Ludwigsh\u00f6he: St. Vitus\" src=\"https:\/\/i0.wp.com\/georg-dahlhoff.de\/blog\/wp-content\/uploads\/2010\/12\/200308255341-lud-300x225.jpg?resize=300%2C225\" alt=\"\" width=\"300\" height=\"225\" \/><\/a><figcaption id=\"caption-attachment-1512\" class=\"wp-caption-text\">Ludwigsh\u00f6he: St. Vitus &#8211; Bild Nr. 200308255341<\/figcaption><\/figure>\n<p style=\"text-align: center;\"><strong>Katholische \u00a0Kirche St. Vitus:<\/strong> Der kleine Saalbau wurde 1848 von Pfarrer Kilian errichtet, der von 1847 bis 1850 Seelsorger hier war. Die neue katholische Kirche wurde am 7.10.1849 durch Dekan Hertel benediziert. Der Marmoraltar stammt aus dem Ende des 18. Jahrhunderts aufgehobenen Kart\u00e4userkloster in Mainz, gestiftet 1715 von Kurf\u00fcrst Lothar Franz von Sch\u00f6nborn. Das Altarblatt ist verloren. Im Inneren Alabasterfiguren der hl. Elisabeth und des hl. Franz von Saley.<br \/>\n<em>(Quelle: <\/em><a href=\"http:\/\/www.regionalgeschichte.net\" target=\"_blank\" rel=\"noopener\"><em>regionalgeschichte.net<\/em><\/a><em>)<\/em><\/p>\n<figure id=\"attachment_27431\" aria-describedby=\"caption-attachment-27431\" style=\"width: 400px\" class=\"wp-caption aligncenter\"><a href=\"https:\/\/i0.wp.com\/georg-dahlhoff.de\/wp\/wp-content\/uploads\/2018\/09\/201808311963.jpg?ssl=1\"><img data-recalc-dims=\"1\" loading=\"lazy\" decoding=\"async\" data-attachment-id=\"27431\" data-permalink=\"https:\/\/georg-dahlhoff.de\/wp\/?attachment_id=27431\" data-orig-file=\"https:\/\/i0.wp.com\/georg-dahlhoff.de\/wp\/wp-content\/uploads\/2018\/09\/201808311963.jpg?fit=1400%2C2100&amp;ssl=1\" data-orig-size=\"1400,2100\" data-comments-opened=\"1\" data-image-meta=\"{&quot;aperture&quot;:&quot;0&quot;,&quot;credit&quot;:&quot;&quot;,&quot;camera&quot;:&quot;&quot;,&quot;caption&quot;:&quot;&quot;,&quot;created_timestamp&quot;:&quot;0&quot;,&quot;copyright&quot;:&quot;&quot;,&quot;focal_length&quot;:&quot;0&quot;,&quot;iso&quot;:&quot;0&quot;,&quot;shutter_speed&quot;:&quot;0&quot;,&quot;title&quot;:&quot;&quot;,&quot;orientation&quot;:&quot;0&quot;}\" data-image-title=\"201808311963\" data-image-description=\"\" data-image-caption=\"&lt;p&gt;Altes Friedhofskreuz in Ludwigsh\u00f6he &amp;#8211; Bild Nr. 201808311963&lt;\/p&gt;\n\" data-large-file=\"https:\/\/i0.wp.com\/georg-dahlhoff.de\/wp\/wp-content\/uploads\/2018\/09\/201808311963.jpg?fit=400%2C600&amp;ssl=1\" class=\"size-large wp-image-27431\" src=\"https:\/\/i0.wp.com\/georg-dahlhoff.de\/wp\/wp-content\/uploads\/2018\/09\/201808311963.jpg?resize=400%2C600&#038;ssl=1\" alt=\"\" width=\"400\" height=\"600\" srcset=\"https:\/\/i0.wp.com\/georg-dahlhoff.de\/wp\/wp-content\/uploads\/2018\/09\/201808311963.jpg?resize=400%2C600&amp;ssl=1 400w, https:\/\/i0.wp.com\/georg-dahlhoff.de\/wp\/wp-content\/uploads\/2018\/09\/201808311963.jpg?resize=200%2C300&amp;ssl=1 200w, https:\/\/i0.wp.com\/georg-dahlhoff.de\/wp\/wp-content\/uploads\/2018\/09\/201808311963.jpg?resize=768%2C1152&amp;ssl=1 768w, https:\/\/i0.wp.com\/georg-dahlhoff.de\/wp\/wp-content\/uploads\/2018\/09\/201808311963.jpg?w=1400&amp;ssl=1 1400w\" sizes=\"auto, (max-width: 400px) 100vw, 400px\" \/><\/a><figcaption id=\"caption-attachment-27431\" class=\"wp-caption-text\">Altes Friedhofskreuz in Ludwigsh\u00f6he &#8211; Bild Nr. 201808311963<\/figcaption><\/figure>\n<figure id=\"attachment_27310\" aria-describedby=\"caption-attachment-27310\" style=\"width: 400px\" class=\"wp-caption aligncenter\"><a href=\"https:\/\/i0.wp.com\/georg-dahlhoff.de\/wp\/wp-content\/uploads\/2018\/05\/201805260494.jpg?ssl=1\"><img data-recalc-dims=\"1\" loading=\"lazy\" decoding=\"async\" data-attachment-id=\"27310\" data-permalink=\"https:\/\/georg-dahlhoff.de\/wp\/?attachment_id=27310\" data-orig-file=\"https:\/\/i0.wp.com\/georg-dahlhoff.de\/wp\/wp-content\/uploads\/2018\/05\/201805260494.jpg?fit=1000%2C1500&amp;ssl=1\" data-orig-size=\"1000,1500\" data-comments-opened=\"1\" data-image-meta=\"{&quot;aperture&quot;:&quot;0&quot;,&quot;credit&quot;:&quot;&quot;,&quot;camera&quot;:&quot;&quot;,&quot;caption&quot;:&quot;&quot;,&quot;created_timestamp&quot;:&quot;0&quot;,&quot;copyright&quot;:&quot;&quot;,&quot;focal_length&quot;:&quot;0&quot;,&quot;iso&quot;:&quot;0&quot;,&quot;shutter_speed&quot;:&quot;0&quot;,&quot;title&quot;:&quot;&quot;,&quot;orientation&quot;:&quot;0&quot;}\" data-image-title=\"201805260494\" data-image-description=\"\" data-image-caption=\"&lt;p&gt;Gedenkstein Rudelsheim &amp;#8211; Bild Nr. 201805260494&lt;\/p&gt;\n\" data-large-file=\"https:\/\/i0.wp.com\/georg-dahlhoff.de\/wp\/wp-content\/uploads\/2018\/05\/201805260494.jpg?fit=400%2C600&amp;ssl=1\" class=\"size-large wp-image-27310\" src=\"https:\/\/i0.wp.com\/georg-dahlhoff.de\/wp\/wp-content\/uploads\/2018\/05\/201805260494.jpg?resize=400%2C600&#038;ssl=1\" alt=\"\" width=\"400\" height=\"600\" srcset=\"https:\/\/i0.wp.com\/georg-dahlhoff.de\/wp\/wp-content\/uploads\/2018\/05\/201805260494.jpg?resize=400%2C600&amp;ssl=1 400w, https:\/\/i0.wp.com\/georg-dahlhoff.de\/wp\/wp-content\/uploads\/2018\/05\/201805260494.jpg?resize=200%2C300&amp;ssl=1 200w, https:\/\/i0.wp.com\/georg-dahlhoff.de\/wp\/wp-content\/uploads\/2018\/05\/201805260494.jpg?resize=768%2C1152&amp;ssl=1 768w, https:\/\/i0.wp.com\/georg-dahlhoff.de\/wp\/wp-content\/uploads\/2018\/05\/201805260494.jpg?w=1000&amp;ssl=1 1000w\" sizes=\"auto, (max-width: 400px) 100vw, 400px\" \/><\/a><figcaption id=\"caption-attachment-27310\" class=\"wp-caption-text\">Gedenkstein Rudelsheim &#8211; Bild Nr. 201805260494<\/figcaption><\/figure>\n<figure id=\"attachment_27312\" aria-describedby=\"caption-attachment-27312\" style=\"width: 400px\" class=\"wp-caption aligncenter\"><a href=\"https:\/\/i0.wp.com\/georg-dahlhoff.de\/wp\/wp-content\/uploads\/2018\/05\/201805260499.jpg?ssl=1\"><img data-recalc-dims=\"1\" loading=\"lazy\" decoding=\"async\" data-attachment-id=\"27312\" data-permalink=\"https:\/\/georg-dahlhoff.de\/wp\/?attachment_id=27312\" data-orig-file=\"https:\/\/i0.wp.com\/georg-dahlhoff.de\/wp\/wp-content\/uploads\/2018\/05\/201805260499.jpg?fit=1000%2C1500&amp;ssl=1\" data-orig-size=\"1000,1500\" data-comments-opened=\"1\" data-image-meta=\"{&quot;aperture&quot;:&quot;0&quot;,&quot;credit&quot;:&quot;&quot;,&quot;camera&quot;:&quot;&quot;,&quot;caption&quot;:&quot;&quot;,&quot;created_timestamp&quot;:&quot;0&quot;,&quot;copyright&quot;:&quot;&quot;,&quot;focal_length&quot;:&quot;0&quot;,&quot;iso&quot;:&quot;0&quot;,&quot;shutter_speed&quot;:&quot;0&quot;,&quot;title&quot;:&quot;&quot;,&quot;orientation&quot;:&quot;0&quot;}\" data-image-title=\"201805260499\" data-image-description=\"\" data-image-caption=\"&lt;p&gt;Bildstock des ehemaligen Friedhofs von Rudelsheim &amp;#8211; Bild Nr. 201805260499&lt;\/p&gt;\n\" data-large-file=\"https:\/\/i0.wp.com\/georg-dahlhoff.de\/wp\/wp-content\/uploads\/2018\/05\/201805260499.jpg?fit=400%2C600&amp;ssl=1\" class=\"size-large wp-image-27312\" src=\"https:\/\/i0.wp.com\/georg-dahlhoff.de\/wp\/wp-content\/uploads\/2018\/05\/201805260499.jpg?resize=400%2C600&#038;ssl=1\" alt=\"\" width=\"400\" height=\"600\" srcset=\"https:\/\/i0.wp.com\/georg-dahlhoff.de\/wp\/wp-content\/uploads\/2018\/05\/201805260499.jpg?resize=400%2C600&amp;ssl=1 400w, https:\/\/i0.wp.com\/georg-dahlhoff.de\/wp\/wp-content\/uploads\/2018\/05\/201805260499.jpg?resize=200%2C300&amp;ssl=1 200w, https:\/\/i0.wp.com\/georg-dahlhoff.de\/wp\/wp-content\/uploads\/2018\/05\/201805260499.jpg?resize=768%2C1152&amp;ssl=1 768w, https:\/\/i0.wp.com\/georg-dahlhoff.de\/wp\/wp-content\/uploads\/2018\/05\/201805260499.jpg?w=1000&amp;ssl=1 1000w\" sizes=\"auto, (max-width: 400px) 100vw, 400px\" \/><\/a><figcaption id=\"caption-attachment-27312\" class=\"wp-caption-text\">Bildstock des ehemaligen Friedhofs von Rudelsheim &#8211; Bild Nr. 201805260499<\/figcaption><\/figure>\n<p style=\"text-align: center;\">\u2026<\/p>\n<p style=\"text-align: center;\"><em>F<\/em><em>\u00fcr die Fotografien gilt das Urheberrecht! Jegliche Verwendung des Bildmaterials ohne Genehmigung des Fotografen ist untersagt. Informationen zum Erwerb von Ver\u00f6ffentlichungsrechten finden Sie\u00a0<a title=\"Ver\u00f6ffentlichungsrechte\" href=\"https:\/\/georg-dahlhoff.de\/wp\/?page_id=11938\">hier<\/a>.<\/em><\/p>\n","protected":false},"excerpt":{"rendered":"<p>Gemeinde Ludwigsh\u00f6he, Verbandsgemeinde Rhein-Selz, ca. 550 Einwohner, Homepage der Gemeinde Ludwigsh\u00f6he, an der ehemaligen B9 auf halbem Wege zwischen Mainz und Worms gelegen, ist noch ein sehr junger Ort. Er [&hellip;]<\/p>\n","protected":false},"author":1,"featured_media":0,"parent":900,"menu_order":5,"comment_status":"closed","ping_status":"open","template":"","meta":{"jetpack_post_was_ever_published":false,"footnotes":""},"class_list":["post-944","page","type-page","status-publish","hentry"],"jetpack_shortlink":"https:\/\/wp.me\/P8MzOO-fe","jetpack-related-posts":[],"jetpack_likes_enabled":true,"jetpack_sharing_enabled":true,"_links":{"self":[{"href":"https:\/\/georg-dahlhoff.de\/wp\/index.php?rest_route=\/wp\/v2\/pages\/944","targetHints":{"allow":["GET"]}}],"collection":[{"href":"https:\/\/georg-dahlhoff.de\/wp\/index.php?rest_route=\/wp\/v2\/pages"}],"about":[{"href":"https:\/\/georg-dahlhoff.de\/wp\/index.php?rest_route=\/wp\/v2\/types\/page"}],"author":[{"embeddable":true,"href":"https:\/\/georg-dahlhoff.de\/wp\/index.php?rest_route=\/wp\/v2\/users\/1"}],"replies":[{"embeddable":true,"href":"https:\/\/georg-dahlhoff.de\/wp\/index.php?rest_route=%2Fwp%2Fv2%2Fcomments&post=944"}],"version-history":[{"count":3,"href":"https:\/\/georg-dahlhoff.de\/wp\/index.php?rest_route=\/wp\/v2\/pages\/944\/revisions"}],"predecessor-version":[{"id":27432,"href":"https:\/\/georg-dahlhoff.de\/wp\/index.php?rest_route=\/wp\/v2\/pages\/944\/revisions\/27432"}],"up":[{"embeddable":true,"href":"https:\/\/georg-dahlhoff.de\/wp\/index.php?rest_route=\/wp\/v2\/pages\/900"}],"wp:attachment":[{"href":"https:\/\/georg-dahlhoff.de\/wp\/index.php?rest_route=%2Fwp%2Fv2%2Fmedia&parent=944"}],"curies":[{"name":"wp","href":"https:\/\/api.w.org\/{rel}","templated":true}]}}