{"id":934,"date":"2010-12-01T21:50:13","date_gmt":"2010-12-01T20:50:13","guid":{"rendered":"http:\/\/georg-dahlhoff.de\/blog\/"},"modified":"2018-02-16T17:37:58","modified_gmt":"2018-02-16T16:37:58","slug":"ingelheim","status":"publish","type":"page","link":"https:\/\/georg-dahlhoff.de\/wp\/?page_id=934","title":{"rendered":"Ingelheim"},"content":{"rendered":"<p style=\"text-align: center;\"><a href=\"https:\/\/georg-dahlhoff.de\/wp\/?page_id=11740\"><img data-recalc-dims=\"1\" loading=\"lazy\" decoding=\"async\" data-attachment-id=\"26915\" data-permalink=\"https:\/\/georg-dahlhoff.de\/wp\/?attachment_id=26915\" data-orig-file=\"https:\/\/i0.wp.com\/georg-dahlhoff.de\/wp\/wp-content\/uploads\/2018\/02\/Fotosammlung_MZ-BIN.jpg?fit=623%2C80&amp;ssl=1\" data-orig-size=\"623,80\" data-comments-opened=\"1\" data-image-meta=\"{&quot;aperture&quot;:&quot;0&quot;,&quot;credit&quot;:&quot;&quot;,&quot;camera&quot;:&quot;&quot;,&quot;caption&quot;:&quot;&quot;,&quot;created_timestamp&quot;:&quot;0&quot;,&quot;copyright&quot;:&quot;&quot;,&quot;focal_length&quot;:&quot;0&quot;,&quot;iso&quot;:&quot;0&quot;,&quot;shutter_speed&quot;:&quot;0&quot;,&quot;title&quot;:&quot;&quot;,&quot;orientation&quot;:&quot;1&quot;}\" data-image-title=\"Fotosammlung_MZ-BIN\" data-image-description=\"\" data-image-caption=\"\" data-large-file=\"https:\/\/i0.wp.com\/georg-dahlhoff.de\/wp\/wp-content\/uploads\/2018\/02\/Fotosammlung_MZ-BIN.jpg?fit=600%2C77&amp;ssl=1\" class=\"aligncenter size-large wp-image-26915\" src=\"https:\/\/i0.wp.com\/georg-dahlhoff.de\/wp\/wp-content\/uploads\/2018\/02\/Fotosammlung_MZ-BIN.jpg?resize=600%2C77&#038;ssl=1\" alt=\"\" width=\"600\" height=\"77\" srcset=\"https:\/\/i0.wp.com\/georg-dahlhoff.de\/wp\/wp-content\/uploads\/2018\/02\/Fotosammlung_MZ-BIN.jpg?resize=600%2C77&amp;ssl=1 600w, https:\/\/i0.wp.com\/georg-dahlhoff.de\/wp\/wp-content\/uploads\/2018\/02\/Fotosammlung_MZ-BIN.jpg?resize=300%2C39&amp;ssl=1 300w, https:\/\/i0.wp.com\/georg-dahlhoff.de\/wp\/wp-content\/uploads\/2018\/02\/Fotosammlung_MZ-BIN.jpg?w=623&amp;ssl=1 623w\" sizes=\"auto, (max-width: 600px) 100vw, 600px\" \/><\/a><\/p>\n<p style=\"text-align: center;\"><strong>Stadt Ingelheim am Rhein<\/strong>, Kreisstadt Kreis Mainz-Bingen, ca. 26.000 Einwohner,<br \/>\n<a href=\"http:\/\/www.ingelheim.de\/\" target=\"_blank\">http:\/\/www.ingelheim.de\/<\/a><\/p>\n<figure style=\"width: 189px\" class=\"wp-caption aligncenter\"><a href=\"https:\/\/i0.wp.com\/georg-dahlhoff.de\/blog\/wp-content\/uploads\/2010\/10\/200808280045.jpg\"><img data-recalc-dims=\"1\" loading=\"lazy\" decoding=\"async\" class=\"  \" title=\"Ingelheim: Bismarckturm\" src=\"https:\/\/i0.wp.com\/georg-dahlhoff.de\/blog\/wp-content\/uploads\/2010\/10\/200808280045.jpg?resize=189%2C252\" alt=\"\" width=\"189\" height=\"252\" \/><\/a><figcaption class=\"wp-caption-text\">Bismarckturm &#8211; Bild Nr. 200808280045<\/figcaption><\/figure>\n<p style=\"text-align: center;\">Ingelheim spielte schon im 8. Jahrhundert, zu Zeiten Karls des Gro\u00dfen, eine bedeutende Rolle, baute doch der Kaiser hier eine seiner Kaiserpfalzen. Regiert wurde damals dezentral, so dass der Sitz des Kaisers an verschiedenen Orten war, einer davon war Nieder-Ingelheim, wo heute noch Reste der ehemaligen <strong>Kaiserpfalz<\/strong> vorhanden sind.<\/p>\n<p style=\"text-align: center;\">In der heutigen Form gibt es die Stadt <strong>Ingelheim am Rhein<\/strong> erst seit 1939, als die Gemeinden <strong>Ober-Ingelheim<\/strong>, <strong>Nieder-Ingelheim<\/strong> und <strong>Frei-Weinheim<\/strong> zu einer Stadt zusammengeschlossen wurde, hinzu kamen noch <strong>Gro\u00dfwinternheim<\/strong> und <strong>Sporkenheim<\/strong>.<\/p>\n<p style=\"text-align: center;\">Der Ingelheimer <strong>Bismarckturm <\/strong>(rechts),\u00a0eines der Wahrzeichen der Stadt, wurde vom Rheinhessischen Bismarck-Verein in den Jahren von 1907 bis 1912 nach einem Entwurf des Mainzer Architekten Professor Wilhelm Kreis errichtet. Der Aussichtsturm hat eine H\u00f6he von 31 m und steht auf dem <strong>Westerberg<\/strong> in der Gemarkung <strong>Ober-Ingelheim<\/strong>.<\/p>\n<figure id=\"attachment_2803\" aria-describedby=\"caption-attachment-2803\" style=\"width: 300px\" class=\"wp-caption aligncenter\"><a href=\"https:\/\/i0.wp.com\/georg-dahlhoff.de\/blog\/wp-content\/uploads\/2010\/12\/201104080082-1.jpg\"><img data-recalc-dims=\"1\" loading=\"lazy\" decoding=\"async\" class=\"size-medium wp-image-2803 \" title=\"201104080082 - Die Evangelische Burgkirche in Ingelheim\" src=\"https:\/\/i0.wp.com\/georg-dahlhoff.de\/blog\/wp-content\/uploads\/2010\/12\/201104080082-1-300x300.jpg?resize=300%2C300\" alt=\"\" width=\"300\" height=\"300\" \/><\/a><figcaption id=\"caption-attachment-2803\" class=\"wp-caption-text\">Die Evangelische Burgkirche in Ingelheim &#8211; Bild Nr. 201104080082<\/figcaption><\/figure>\n<figure id=\"attachment_2832\" aria-describedby=\"caption-attachment-2832\" style=\"width: 200px\" class=\"wp-caption aligncenter\"><img data-recalc-dims=\"1\" loading=\"lazy\" decoding=\"async\" class=\"size-medium wp-image-2832 \" title=\"201104091101 - Burgkirche Ingelheim\" src=\"https:\/\/i0.wp.com\/georg-dahlhoff.de\/blog\/wp-content\/uploads\/2010\/12\/201104091101-1-200x300.jpg?resize=200%2C300\" alt=\"\" width=\"200\" height=\"300\" \/><figcaption id=\"caption-attachment-2832\" class=\"wp-caption-text\">Burgkirche Ingelheim &#8211; Bild Nr. 201104091101<\/figcaption><\/figure>\n<p style=\"text-align: center;\">Die Evangelische <strong>Burgkirche<\/strong> (oben + rechts) im Stadtteil <strong>Ober-Ingelheim<\/strong> verdankt ihren Namen der Tatsache, dass sie von starken Wehrmauern umschlossen ist, die Teil der mittelalterlichen Stadtmauer Ober-Ingelheims sind. Bereits im 7. Jahrhundert stand hier an dieser Stelle eine Kapelle, die im 12. Jahrhundert durch einen romanischen Neubau ersetzt wurde, von dem heute nur noch der Turm steht. Anfang des 15. Jahrhunderts wurde die Kirche im Sp\u00e4tgotischen Stil ausgebaut, wobei z.T. die romanische Bausubstanz \u00fcberbaut wurde.<\/p>\n<p style=\"text-align: center;\">Die Burgkirche wurde ab 1690 von der katholischen und evangelischen Gemeinde simultan genutzt. Seit 1707 ist sie rein evangelisch. Die letzten umfangreichen Renovierungen haben in den Jahren von 1950 bis 1960 sowie von 1998 bis 2006 stattgefunden.<\/p>\n<p style=\"text-align: center;\"><em>Ausf\u00fchrliche Informationen \u00fcber die Burgkirche auf <a href=\"http:\/\/de.wikipedia.org\/wiki\/Burgkirche_(Ingelheim)\" target=\"_blank\">Wikipedia<\/a>.<\/em><br \/>\n<em>Homepage der <a href=\"http:\/\/www.burgkirche-ingelheim.de\/\" target=\"_blank\">Burgkirchen-Gemeinde<\/a>.<\/em><\/p>\n<p style=\"text-align: center;\">Als bei der Gebietsreform 1972 die Landkreise Mainz und Bingen sowie Teile des Kreises Bad Kreuznach und des ehemaligen Landkreise Sankt Goar zum Landkreis Mainz-Bingen zusammengefasst wurden, beschloss man, dass <strong>Ingelheim<\/strong> k\u00fcnftig die Kreisstadt sein sollte. Da aber noch ein entsprechendes Geb\u00e4ude fehlte, zog die Verwaltung zun\u00e4chst in den Erthaler Hof in Mainz ein. Seit im Jahr 1996 das neue Geb\u00e4ude der <strong>Kreisverwaltung<\/strong> in Ingelheims Stadtmitte fertiggestellt wurde, hat der <strong>Landkreis Mainz-Bingen<\/strong> ein pr\u00e4sentables Zuhause und Ingelheim kann sich zurecht Kreisstadt nennen. Auf dem gro\u00dfen Platz vor der Kreisverwaltung steht der <strong>Karlsbrunnen<\/strong>, des\u00a0rheinhessische K\u00fcnstler Eberhard Linke,\u00a0und weist auf die gro\u00dfe Vergangenheit Ingelheims hin, als hier Karl der Gro\u00dfe eine seiner Residenzen hatte (Ingelheimer Kaiserpfalz).<\/p>\n<figure id=\"attachment_2849\" aria-describedby=\"caption-attachment-2849\" style=\"width: 300px\" class=\"wp-caption aligncenter\"><img data-recalc-dims=\"1\" loading=\"lazy\" decoding=\"async\" class=\"size-medium wp-image-2849 \" title=\"201104091069 - Kreisverwaltung Mainz-Bingen\" src=\"https:\/\/i0.wp.com\/georg-dahlhoff.de\/blog\/wp-content\/uploads\/2010\/12\/201104091069-1-300x225.jpg?resize=300%2C225\" alt=\"\" width=\"300\" height=\"225\" \/><figcaption id=\"caption-attachment-2849\" class=\"wp-caption-text\">Kreisverwaltung Mainz-Bingen &#8211; Bild Nr. 201104091069<\/figcaption><\/figure>\n<figure id=\"attachment_2852\" aria-describedby=\"caption-attachment-2852\" style=\"width: 300px\" class=\"wp-caption aligncenter\"><a href=\"https:\/\/i0.wp.com\/georg-dahlhoff.de\/blog\/wp-content\/uploads\/2010\/12\/201104091060-1.jpg\"><img data-recalc-dims=\"1\" loading=\"lazy\" decoding=\"async\" class=\"size-medium wp-image-2852 \" title=\"201104091060 - Neues Rathaus in der Ingelheimer Mitte\" src=\"https:\/\/i0.wp.com\/georg-dahlhoff.de\/blog\/wp-content\/uploads\/2010\/12\/201104091060-1-300x225.jpg?resize=300%2C225\" alt=\"\" width=\"300\" height=\"225\" \/><\/a><figcaption id=\"caption-attachment-2852\" class=\"wp-caption-text\">Neues Rathaus in der Ingelheimer Mitte &#8211; Bild Nr. 201104091060<\/figcaption><\/figure>\n<p style=\"text-align: center;\">Als Ingelheim im Jahr 1939 entstand, hatte die Stadt noch keine richtige Mitte und war immer noch recht dezentral. Im Jahr 1976 beschloss man, eine neues Zentrum zu schaffen mit Marktplatz, Gesch\u00e4ften, Gastronomie und nat\u00fcrlich einem Rathaus f\u00fcr die ganze Stadt. Das neue <strong>Rathaus<\/strong> (rechts im Bild) wurde 1982 seiner Bestimmung \u00fcbergeben.<\/p>\n<p style=\"text-align: center;\">Um die Stadtmitte noch attraktiver zu gestalten wird auf dem Areal zwischen Bahnhof und Kreisverwaltung zur Zeit ein neues Gesch\u00e4ftszentrum gebaut, das Ende 2011 fertig sein soll.<\/p>\n<p style=\"text-align: center;\">Das denkmalgesch\u00fctzte <strong>Alte Rathaus<\/strong> im alten Ortskern von\u00a0<strong>Nieder-Ingelheim<\/strong> (links) am <strong>Fran\u00e7ois-Lachenal-Platz<\/strong> in unmittelbarer N\u00e4he zur Kaiserpfalz ist seit 1984 Veranstaltungsort der Ausstellungen im Rahmen der &#8222;Internationalen Tage&#8220;, welche seit 1959 von der Firma Boeringer veranstaltet werden. Die alten Amtstuben des ehemaligen Rathauses wurde hierzu in zeitgem\u00e4\u00dfes Ausstellungsr\u00e4ume umgebaut.<\/p>\n<figure id=\"attachment_2854\" aria-describedby=\"caption-attachment-2854\" style=\"width: 300px\" class=\"wp-caption aligncenter\"><a href=\"https:\/\/i0.wp.com\/georg-dahlhoff.de\/blog\/wp-content\/uploads\/2010\/12\/201104091027-1.jpg\"><img data-recalc-dims=\"1\" loading=\"lazy\" decoding=\"async\" class=\"size-medium wp-image-2854 \" title=\"201104091027 - Altes Rathaus in Nieder-Ingelheim\" src=\"https:\/\/i0.wp.com\/georg-dahlhoff.de\/blog\/wp-content\/uploads\/2010\/12\/201104091027-1-300x225.jpg?resize=300%2C225\" alt=\"\" width=\"300\" height=\"225\" \/><\/a><figcaption id=\"caption-attachment-2854\" class=\"wp-caption-text\">Altes Rathaus in Nieder-Ingelheim &#8211; Bild Nr. 201104091027<\/figcaption><\/figure>\n<p style=\"text-align: center;\"><em>Homepage der Internationalen Tage: <a href=\"http:\/\/www.internationale-tage.de\" target=\"_blank\">http:\/\/www.internationale-tage.de<\/a><\/em><\/p>\n<figure id=\"attachment_4967\" aria-describedby=\"caption-attachment-4967\" style=\"width: 300px\" class=\"wp-caption aligncenter\"><a href=\"https:\/\/i0.wp.com\/georg-dahlhoff.de\/blog\/wp-content\/uploads\/2011\/09\/201109272334.jpg\"><img data-recalc-dims=\"1\" loading=\"lazy\" decoding=\"async\" class=\"size-medium wp-image-4967 \" title=\"201109272334 - Ingelheim: Ohrenbr\u00fccker Tor\" src=\"https:\/\/i0.wp.com\/georg-dahlhoff.de\/blog\/wp-content\/uploads\/2011\/09\/201109272334-300x300.jpg?resize=300%2C300\" alt=\"\" width=\"300\" height=\"300\" \/><\/a><figcaption id=\"caption-attachment-4967\" class=\"wp-caption-text\">Ingelheim: Ohrenbr\u00fccker Tor &#8211; Bild Nr. 201109272334<\/figcaption><\/figure>\n<p style=\"text-align: center;\">Das\u00a0<strong>Ohrenbr\u00fccker Tor<\/strong>, ein Teil der mittelalterlichen Stadtbefestigung von\u00a0<strong>Ober-Ingelheim<\/strong>\u00a0(Stadtteil von\u00a0<strong>Ingelheim am Rhein<\/strong>), wurde erstmals im Jahr 1381 urkundlich erw\u00e4hnt. An dieser Stelle in unmittelbarer N\u00e4he zum ehemaligen Kloster Engelthal bestand ein \u00dcbergang \u00fcber die\u00a0<strong>Selz<\/strong>, von einer Br\u00fccke aus fr\u00fcheren Zeiten ist allerdings nichts bekannt, gesichert ist nur, dass es eine Furt durch die Selz gab.<\/p>\n<p style=\"text-align: center;\">Im Jahr 1906 wurde s\u00fcdlich neben dem Tor die heutige Stra\u00dfenbr\u00fccke gebaut, der das M\u00fchlengeb\u00e4ude des Klosters weichen musste. In den verbliebenen Klostergeb\u00e4uden befindet sich heute ein Weingut. Das\u00a0<strong>Ohrenbr\u00fccker Tor<\/strong>\u00a0wurde 2010\/2011 gr\u00fcndlich renoviert.<\/p>\n<p style=\"text-align: center;\">&#8212;<\/p>\n<p style=\"text-align: center;\"><strong><span style=\"text-decoration: underline;\">Winteraufnahmen<\/span><\/strong>:<\/p>\n<figure id=\"attachment_1744\" aria-describedby=\"caption-attachment-1744\" style=\"width: 300px\" class=\"wp-caption aligncenter\"><a href=\"https:\/\/i0.wp.com\/georg-dahlhoff.de\/blog\/wp-content\/uploads\/2010\/12\/200601297132-ing.jpg\" target=\"_blank\"><img data-recalc-dims=\"1\" loading=\"lazy\" decoding=\"async\" class=\"size-medium wp-image-1744\" title=\"200601297132 - Ingelheim: Die M\u00fcndung der Selz in den Rhein\" src=\"https:\/\/i0.wp.com\/georg-dahlhoff.de\/blog\/wp-content\/uploads\/2010\/12\/200601297132-ing-300x225.jpg?resize=300%2C225\" alt=\"\" width=\"300\" height=\"225\" \/><\/a><figcaption id=\"caption-attachment-1744\" class=\"wp-caption-text\">Ingelheim: Die M\u00fcndung der Selz in den Rhein &#8211; Bild Nr. 200601297132<\/figcaption><\/figure>\n<figure id=\"attachment_1745\" aria-describedby=\"caption-attachment-1745\" style=\"width: 300px\" class=\"wp-caption aligncenter\"><a href=\"https:\/\/i0.wp.com\/georg-dahlhoff.de\/blog\/wp-content\/uploads\/2010\/12\/200601297133-ing.jpg\" target=\"_blank\"><img data-recalc-dims=\"1\" loading=\"lazy\" decoding=\"async\" class=\"size-medium wp-image-1745\" title=\"200601297133 - Ingelheim: Die zugefrorene Selz\" src=\"https:\/\/i0.wp.com\/georg-dahlhoff.de\/blog\/wp-content\/uploads\/2010\/12\/200601297133-ing-300x225.jpg?resize=300%2C225\" alt=\"\" width=\"300\" height=\"225\" \/><\/a><figcaption id=\"caption-attachment-1745\" class=\"wp-caption-text\">Ingelheim: Die zugefrorene Selz &#8211; Bild nr. 200601297133<\/figcaption><\/figure>\n<figure id=\"attachment_1746\" aria-describedby=\"caption-attachment-1746\" style=\"width: 300px\" class=\"wp-caption aligncenter\"><a href=\"https:\/\/i0.wp.com\/georg-dahlhoff.de\/blog\/wp-content\/uploads\/2010\/12\/200601287981-ing.jpg\" target=\"_blank\"><img data-recalc-dims=\"1\" loading=\"lazy\" decoding=\"async\" class=\"size-medium wp-image-1746\" title=\"200601287981 - Ingelheim: Stadttor &quot;Ohrenbr\u00fccke&quot;\" src=\"https:\/\/i0.wp.com\/georg-dahlhoff.de\/blog\/wp-content\/uploads\/2010\/12\/200601287981-ing-300x225.jpg?resize=300%2C225\" alt=\"\" width=\"300\" height=\"225\" \/><\/a><figcaption id=\"caption-attachment-1746\" class=\"wp-caption-text\">Ingelheim: Ohrenbr\u00fccker Tor &#8211; Bild Nr. 200601287981<\/figcaption><\/figure>\n<figure id=\"attachment_1747\" aria-describedby=\"caption-attachment-1747\" style=\"width: 300px\" class=\"wp-caption aligncenter\"><a href=\"https:\/\/i0.wp.com\/georg-dahlhoff.de\/blog\/wp-content\/uploads\/2010\/12\/200601297147-ing.jpg\" target=\"_blank\"><img data-recalc-dims=\"1\" loading=\"lazy\" decoding=\"async\" class=\"size-medium wp-image-1747\" title=\"200601297147 - Ingelheim: Rheinufer im Winter\" src=\"https:\/\/i0.wp.com\/georg-dahlhoff.de\/blog\/wp-content\/uploads\/2010\/12\/200601297147-ing-300x225.jpg?resize=300%2C225\" alt=\"\" width=\"300\" height=\"225\" \/><\/a><figcaption id=\"caption-attachment-1747\" class=\"wp-caption-text\">Ingelheim: Rheinufer im Winter &#8211; Bild Nr. 200601297147<\/figcaption><\/figure>\n<figure id=\"attachment_1748\" aria-describedby=\"caption-attachment-1748\" style=\"width: 300px\" class=\"wp-caption aligncenter\"><a href=\"https:\/\/i0.wp.com\/georg-dahlhoff.de\/blog\/wp-content\/uploads\/2010\/12\/200601297143-ing.jpg\" target=\"_blank\"><img data-recalc-dims=\"1\" loading=\"lazy\" decoding=\"async\" class=\"size-medium wp-image-1748\" title=\"200601297143 - Ingelheim: Rheinufer im Winter\" src=\"https:\/\/i0.wp.com\/georg-dahlhoff.de\/blog\/wp-content\/uploads\/2010\/12\/200601297143-ing-300x225.jpg?resize=300%2C225\" alt=\"\" width=\"300\" height=\"225\" \/><\/a><figcaption id=\"caption-attachment-1748\" class=\"wp-caption-text\">Ingelheim: Rheinufer im Winter &#8211; Bild Nr. 200601297143<\/figcaption><\/figure>\n<figure id=\"attachment_1749\" aria-describedby=\"caption-attachment-1749\" style=\"width: 300px\" class=\"wp-caption aligncenter\"><a href=\"https:\/\/i0.wp.com\/georg-dahlhoff.de\/blog\/wp-content\/uploads\/2010\/12\/200601297144-ing.jpg\" target=\"_blank\"><img data-recalc-dims=\"1\" loading=\"lazy\" decoding=\"async\" class=\"size-medium wp-image-1749\" title=\"200601297144 - Ingelheim: Rheinufer im Winter\" src=\"https:\/\/i0.wp.com\/georg-dahlhoff.de\/blog\/wp-content\/uploads\/2010\/12\/200601297144-ing-300x225.jpg?resize=300%2C225\" alt=\"\" width=\"300\" height=\"225\" \/><\/a><figcaption id=\"caption-attachment-1749\" class=\"wp-caption-text\">Ingelheim: Rheinufer im Winter &#8211; Bild Nr. 200601297144<\/figcaption><\/figure>\n<p style=\"text-align: center;\">\u2026<\/p>\n<p style=\"text-align: center;\"><em>F<\/em><em>\u00fcr die Fotografien gilt das Urheberrecht! Jegliche Verwendung des Bildmaterials ohne Genehmigung des Fotografen ist untersagt. Informationen zum Erwerb von Ver\u00f6ffentlichungsrechten finden Sie <a title=\"Ver\u00f6ffentlichungsrechte\" href=\"https:\/\/georg-dahlhoff.de\/wp\/?page_id=11938\">hier<\/a>.<\/em><\/p>\n","protected":false},"excerpt":{"rendered":"<p>Stadt Ingelheim am Rhein, Kreisstadt Kreis Mainz-Bingen, ca. 26.000 Einwohner, http:\/\/www.ingelheim.de\/ Ingelheim spielte schon im 8. Jahrhundert, zu Zeiten Karls des Gro\u00dfen, eine bedeutende Rolle, baute doch der Kaiser hier [&hellip;]<\/p>\n","protected":false},"author":1,"featured_media":0,"parent":900,"menu_order":0,"comment_status":"closed","ping_status":"open","template":"","meta":{"jetpack_post_was_ever_published":false,"footnotes":""},"class_list":["post-934","page","type-page","status-publish","hentry"],"jetpack_shortlink":"https:\/\/wp.me\/P8MzOO-f4","jetpack-related-posts":[],"jetpack_likes_enabled":true,"jetpack_sharing_enabled":true,"_links":{"self":[{"href":"https:\/\/georg-dahlhoff.de\/wp\/index.php?rest_route=\/wp\/v2\/pages\/934","targetHints":{"allow":["GET"]}}],"collection":[{"href":"https:\/\/georg-dahlhoff.de\/wp\/index.php?rest_route=\/wp\/v2\/pages"}],"about":[{"href":"https:\/\/georg-dahlhoff.de\/wp\/index.php?rest_route=\/wp\/v2\/types\/page"}],"author":[{"embeddable":true,"href":"https:\/\/georg-dahlhoff.de\/wp\/index.php?rest_route=\/wp\/v2\/users\/1"}],"replies":[{"embeddable":true,"href":"https:\/\/georg-dahlhoff.de\/wp\/index.php?rest_route=%2Fwp%2Fv2%2Fcomments&post=934"}],"version-history":[{"count":1,"href":"https:\/\/georg-dahlhoff.de\/wp\/index.php?rest_route=\/wp\/v2\/pages\/934\/revisions"}],"predecessor-version":[{"id":26960,"href":"https:\/\/georg-dahlhoff.de\/wp\/index.php?rest_route=\/wp\/v2\/pages\/934\/revisions\/26960"}],"up":[{"embeddable":true,"href":"https:\/\/georg-dahlhoff.de\/wp\/index.php?rest_route=\/wp\/v2\/pages\/900"}],"wp:attachment":[{"href":"https:\/\/georg-dahlhoff.de\/wp\/index.php?rest_route=%2Fwp%2Fv2%2Fmedia&parent=934"}],"curies":[{"name":"wp","href":"https:\/\/api.w.org\/{rel}","templated":true}]}}