{"id":932,"date":"2010-12-01T21:48:35","date_gmt":"2010-12-01T20:48:35","guid":{"rendered":"http:\/\/georg-dahlhoff.de\/blog\/"},"modified":"2018-02-16T17:08:29","modified_gmt":"2018-02-16T16:08:29","slug":"horrweiler","status":"publish","type":"page","link":"https:\/\/georg-dahlhoff.de\/wp\/?page_id=932","title":{"rendered":"Horrweiler"},"content":{"rendered":"<p style=\"text-align: center;\"><a href=\"https:\/\/georg-dahlhoff.de\/wp\/?page_id=11740\"><img data-recalc-dims=\"1\" loading=\"lazy\" decoding=\"async\" data-attachment-id=\"26915\" data-permalink=\"https:\/\/georg-dahlhoff.de\/wp\/?attachment_id=26915\" data-orig-file=\"https:\/\/i0.wp.com\/georg-dahlhoff.de\/wp\/wp-content\/uploads\/2018\/02\/Fotosammlung_MZ-BIN.jpg?fit=623%2C80&amp;ssl=1\" data-orig-size=\"623,80\" data-comments-opened=\"1\" data-image-meta=\"{&quot;aperture&quot;:&quot;0&quot;,&quot;credit&quot;:&quot;&quot;,&quot;camera&quot;:&quot;&quot;,&quot;caption&quot;:&quot;&quot;,&quot;created_timestamp&quot;:&quot;0&quot;,&quot;copyright&quot;:&quot;&quot;,&quot;focal_length&quot;:&quot;0&quot;,&quot;iso&quot;:&quot;0&quot;,&quot;shutter_speed&quot;:&quot;0&quot;,&quot;title&quot;:&quot;&quot;,&quot;orientation&quot;:&quot;1&quot;}\" data-image-title=\"Fotosammlung_MZ-BIN\" data-image-description=\"\" data-image-caption=\"\" data-large-file=\"https:\/\/i0.wp.com\/georg-dahlhoff.de\/wp\/wp-content\/uploads\/2018\/02\/Fotosammlung_MZ-BIN.jpg?fit=600%2C77&amp;ssl=1\" class=\"aligncenter size-large wp-image-26915\" src=\"https:\/\/i0.wp.com\/georg-dahlhoff.de\/wp\/wp-content\/uploads\/2018\/02\/Fotosammlung_MZ-BIN.jpg?resize=600%2C77&#038;ssl=1\" alt=\"\" width=\"600\" height=\"77\" srcset=\"https:\/\/i0.wp.com\/georg-dahlhoff.de\/wp\/wp-content\/uploads\/2018\/02\/Fotosammlung_MZ-BIN.jpg?resize=600%2C77&amp;ssl=1 600w, https:\/\/i0.wp.com\/georg-dahlhoff.de\/wp\/wp-content\/uploads\/2018\/02\/Fotosammlung_MZ-BIN.jpg?resize=300%2C39&amp;ssl=1 300w, https:\/\/i0.wp.com\/georg-dahlhoff.de\/wp\/wp-content\/uploads\/2018\/02\/Fotosammlung_MZ-BIN.jpg?w=623&amp;ssl=1 623w\" sizes=\"auto, (max-width: 600px) 100vw, 600px\" \/><\/a><\/p>\n<p style=\"text-align: center;\"><strong>Gemeinde Horrweiler<\/strong>,Verbandsgemeinde Sprendlingen-Gensingen, ca. 750 Einwohner,<br \/>\n<a href=\"http:\/\/horrweiler.de\/\" target=\"_blank\">http:\/\/horrweiler.de\/<\/a><\/p>\n<figure id=\"attachment_1397\" aria-describedby=\"caption-attachment-1397\" style=\"width: 225px\" class=\"wp-caption aligncenter\"><a href=\"https:\/\/i0.wp.com\/georg-dahlhoff.de\/blog\/wp-content\/uploads\/2010\/12\/200504020727-hor.jpg\" target=\"_blank\"><img data-recalc-dims=\"1\" loading=\"lazy\" decoding=\"async\" class=\"size-medium wp-image-1397 \" title=\"200504020727 - Horrweiler: Kirchhof\" src=\"https:\/\/i0.wp.com\/georg-dahlhoff.de\/blog\/wp-content\/uploads\/2010\/12\/200504020727-hor-225x300.jpg?resize=225%2C300\" alt=\"\" width=\"225\" height=\"300\" \/><\/a><figcaption id=\"caption-attachment-1397\" class=\"wp-caption-text\">Horrweiler: Kirchhof &#8211; Bild Nr. 200504020727<\/figcaption><\/figure>\n<p style=\"text-align: center;\">Der <strong>Kirchhof<\/strong>, in dessen Mitte die <strong>Evangelische Kirche<\/strong> liegt, war fr\u00fcher mit einer mit T\u00fcrmen versehenen Mauer befestigt, die von einem Graben umgeben war. Einer der Wehrt\u00fcrme, das Eingangsportal zum Kirchhof, dient heute als freistehender Kirchturm.\u00a0Die ehemalige Befestigungsanlage war Anfang des 20. Jahrhunderts noch teilweise erhalten.<\/p>\n<figure id=\"attachment_1398\" aria-describedby=\"caption-attachment-1398\" style=\"width: 225px\" class=\"wp-caption aligncenter\"><a href=\"https:\/\/i0.wp.com\/georg-dahlhoff.de\/blog\/wp-content\/uploads\/2010\/12\/200504020728.jpg\" target=\"_blank\"><img data-recalc-dims=\"1\" loading=\"lazy\" decoding=\"async\" class=\"size-medium wp-image-1398\" title=\"200504020728 - Horrweiler: Kirchhof Portal\" src=\"https:\/\/i0.wp.com\/georg-dahlhoff.de\/blog\/wp-content\/uploads\/2010\/12\/200504020728-225x300.jpg?resize=225%2C300\" alt=\"\" width=\"225\" height=\"300\" \/><\/a><figcaption id=\"caption-attachment-1398\" class=\"wp-caption-text\">Horrweiler: Kirchhof Portal &#8211; Bild Nr. 200504020728<\/figcaption><\/figure>\n<p style=\"text-align: center;\">Das Eingangsportal zum <strong>Kirchhof<\/strong> f\u00fchrt durch den letzten verbliebenen <strong>Wehrturm<\/strong> des ehemaligen Friedhofs.<\/p>\n<figure id=\"attachment_1399\" aria-describedby=\"caption-attachment-1399\" style=\"width: 300px\" class=\"wp-caption aligncenter\"><a href=\"https:\/\/i0.wp.com\/georg-dahlhoff.de\/blog\/wp-content\/uploads\/2010\/12\/200504020084-hor.jpg\" target=\"_blank\"><img data-recalc-dims=\"1\" loading=\"lazy\" decoding=\"async\" class=\"size-medium wp-image-1399\" title=\"200504020084 - Horrweiler: Kirchhof\" src=\"https:\/\/i0.wp.com\/georg-dahlhoff.de\/blog\/wp-content\/uploads\/2010\/12\/200504020084-hor-300x225.jpg?resize=300%2C225\" alt=\"\" width=\"300\" height=\"225\" \/><\/a><figcaption id=\"caption-attachment-1399\" class=\"wp-caption-text\">Horrweiler: Kirchhof &#8211; Bild Nr. 200504020084<\/figcaption><\/figure>\n<p style=\"text-align: center;\">Die <strong>Evangelische Kirche<\/strong> ist auf einer Anh\u00f6he in einem ehemalig befestigten Friedhof gelegen. Die Umfassungsmauern des sp\u00e4tgotischen Saalbaus sind zum Teil noch romanisch ( z.B. die Rundbogenfenster an der Ostseite). Der Bau wurde 1706 ver\u00e4ndert und mit dreiseitigem Chorschlu\u00df nach Osten verl\u00e4ngert. Die Fenster sind zum Teil mit sp\u00e4tgotischen Ma\u00dfwerk verziert, das Westportal tr\u00e4gt die Kennzeichnung 1764. Im Inneren findet sich eine Flachdecke auf einer Mittelst\u00fctz und eine barocke, an drei Seiten umlaufende Empore, an der freien S\u00fcdseite die Kanzel aus dem 17. Jahrhundert.<br \/>\n<em>(Quelle: <\/em><a href=\"http:\/\/www.regionalgeschichte.net\" target=\"_blank\"><em>regionalgeschichte.net<\/em><\/a><em>)<\/em><\/p>\n<p style=\"text-align: center;\"><strong><span style=\"text-decoration: underline;\">Impressionen:<\/span><\/strong><\/p>\n<figure id=\"attachment_1400\" aria-describedby=\"caption-attachment-1400\" style=\"width: 300px\" class=\"wp-caption aligncenter\"><a href=\"https:\/\/i0.wp.com\/georg-dahlhoff.de\/blog\/wp-content\/uploads\/2010\/12\/200504020715-hor.jpg\" target=\"_blank\"><img data-recalc-dims=\"1\" loading=\"lazy\" decoding=\"async\" class=\"size-medium wp-image-1400\" title=\"200504020715 - Horrweiler: Dorfplatz\" src=\"https:\/\/i0.wp.com\/georg-dahlhoff.de\/blog\/wp-content\/uploads\/2010\/12\/200504020715-hor-300x225.jpg?resize=300%2C225\" alt=\"\" width=\"300\" height=\"225\" \/><\/a><figcaption id=\"caption-attachment-1400\" class=\"wp-caption-text\">Horrweiler: Dorfplatz &#8211; Bild Nr. 200504020715<\/figcaption><\/figure>\n<figure id=\"attachment_1401\" aria-describedby=\"caption-attachment-1401\" style=\"width: 300px\" class=\"wp-caption aligncenter\"><a href=\"https:\/\/i0.wp.com\/georg-dahlhoff.de\/blog\/wp-content\/uploads\/2010\/12\/200504020087.jpg\" target=\"_blank\"><img data-recalc-dims=\"1\" loading=\"lazy\" decoding=\"async\" class=\"size-medium wp-image-1401\" title=\"200504020087 - Horrweiler: Dorfplatz\" src=\"https:\/\/i0.wp.com\/georg-dahlhoff.de\/blog\/wp-content\/uploads\/2010\/12\/200504020087-300x225.jpg?resize=300%2C225\" alt=\"\" width=\"300\" height=\"225\" \/><\/a><figcaption id=\"caption-attachment-1401\" class=\"wp-caption-text\">Horrweiler: Dorfplatz &#8211; Bild Nr. 200504020087<\/figcaption><\/figure>\n<figure id=\"attachment_1402\" aria-describedby=\"caption-attachment-1402\" style=\"width: 300px\" class=\"wp-caption aligncenter\"><a href=\"https:\/\/i0.wp.com\/georg-dahlhoff.de\/blog\/wp-content\/uploads\/2010\/12\/200504020719-hor.jpg\" target=\"_blank\"><img data-recalc-dims=\"1\" loading=\"lazy\" decoding=\"async\" class=\"size-medium wp-image-1402\" title=\"200504020719 -  Gasthaus &quot;Horrweiler Hecht&quot;\" src=\"https:\/\/i0.wp.com\/georg-dahlhoff.de\/blog\/wp-content\/uploads\/2010\/12\/200504020719-hor-300x225.jpg?resize=300%2C225\" alt=\"\" width=\"300\" height=\"225\" \/><\/a><figcaption id=\"caption-attachment-1402\" class=\"wp-caption-text\">Gasthaus &#8222;Horrweiler Hecht&#8220; &#8211; Bild Nr. 200504020719<\/figcaption><\/figure>\n<figure id=\"attachment_1404\" aria-describedby=\"caption-attachment-1404\" style=\"width: 225px\" class=\"wp-caption aligncenter\"><a href=\"https:\/\/i0.wp.com\/georg-dahlhoff.de\/blog\/wp-content\/uploads\/2010\/12\/200504020722-hor.jpg\" target=\"_blank\"><img data-recalc-dims=\"1\" loading=\"lazy\" decoding=\"async\" class=\"size-medium wp-image-1404\" title=\"200504020722 - Horrweiler: Fachwerkhaus\" src=\"https:\/\/i0.wp.com\/georg-dahlhoff.de\/blog\/wp-content\/uploads\/2010\/12\/200504020722-hor-225x300.jpg?resize=225%2C300\" alt=\"\" width=\"225\" height=\"300\" \/><\/a><figcaption id=\"caption-attachment-1404\" class=\"wp-caption-text\">Horrweiler: Fachwerkhaus &#8211; Bild Nr. 200504020722<\/figcaption><\/figure>\n<figure id=\"attachment_1405\" aria-describedby=\"caption-attachment-1405\" style=\"width: 225px\" class=\"wp-caption aligncenter\"><a href=\"https:\/\/i0.wp.com\/georg-dahlhoff.de\/blog\/wp-content\/uploads\/2010\/12\/200504020724-hor.jpg\" target=\"_blank\"><img data-recalc-dims=\"1\" loading=\"lazy\" decoding=\"async\" class=\"size-medium wp-image-1405\" title=\"200504020724 - Horrweiler: Fachwerkhaus T\u00fcr\" src=\"https:\/\/i0.wp.com\/georg-dahlhoff.de\/blog\/wp-content\/uploads\/2010\/12\/200504020724-hor-225x300.jpg?resize=225%2C300\" alt=\"\" width=\"225\" height=\"300\" \/><\/a><figcaption id=\"caption-attachment-1405\" class=\"wp-caption-text\">Horrweiler: Fachwerkhaus T\u00fcr &#8211; Bild Nr. 200504020724<\/figcaption><\/figure>\n<p style=\"text-align: center;\">\u2026<\/p>\n<p style=\"text-align: center;\"><em>F<\/em><em>\u00fcr die Fotografien gilt das Urheberrecht! Jegliche Verwendung des Bildmaterials ohne Genehmigung des Fotografen ist untersagt. Informationen zum Erwerb von Ver\u00f6ffentlichungsrechten finden Sie\u00a0<a title=\"Ver\u00f6ffentlichungsrechte\" href=\"https:\/\/georg-dahlhoff.de\/wp\/?page_id=11938\">hier<\/a>.<\/em><\/p>\n","protected":false},"excerpt":{"rendered":"<p>Gemeinde Horrweiler,Verbandsgemeinde Sprendlingen-Gensingen, ca. 750 Einwohner, http:\/\/horrweiler.de\/ Der Kirchhof, in dessen Mitte die Evangelische Kirche liegt, war fr\u00fcher mit einer mit T\u00fcrmen versehenen Mauer befestigt, die von einem Graben umgeben [&hellip;]<\/p>\n","protected":false},"author":1,"featured_media":0,"parent":898,"menu_order":9,"comment_status":"closed","ping_status":"open","template":"","meta":{"jetpack_post_was_ever_published":false,"footnotes":""},"class_list":["post-932","page","type-page","status-publish","hentry"],"jetpack_shortlink":"https:\/\/wp.me\/P8MzOO-f2","jetpack-related-posts":[],"jetpack_likes_enabled":true,"jetpack_sharing_enabled":true,"_links":{"self":[{"href":"https:\/\/georg-dahlhoff.de\/wp\/index.php?rest_route=\/wp\/v2\/pages\/932","targetHints":{"allow":["GET"]}}],"collection":[{"href":"https:\/\/georg-dahlhoff.de\/wp\/index.php?rest_route=\/wp\/v2\/pages"}],"about":[{"href":"https:\/\/georg-dahlhoff.de\/wp\/index.php?rest_route=\/wp\/v2\/types\/page"}],"author":[{"embeddable":true,"href":"https:\/\/georg-dahlhoff.de\/wp\/index.php?rest_route=\/wp\/v2\/users\/1"}],"replies":[{"embeddable":true,"href":"https:\/\/georg-dahlhoff.de\/wp\/index.php?rest_route=%2Fwp%2Fv2%2Fcomments&post=932"}],"version-history":[{"count":1,"href":"https:\/\/georg-dahlhoff.de\/wp\/index.php?rest_route=\/wp\/v2\/pages\/932\/revisions"}],"predecessor-version":[{"id":26959,"href":"https:\/\/georg-dahlhoff.de\/wp\/index.php?rest_route=\/wp\/v2\/pages\/932\/revisions\/26959"}],"up":[{"embeddable":true,"href":"https:\/\/georg-dahlhoff.de\/wp\/index.php?rest_route=\/wp\/v2\/pages\/898"}],"wp:attachment":[{"href":"https:\/\/georg-dahlhoff.de\/wp\/index.php?rest_route=%2Fwp%2Fv2%2Fmedia&parent=932"}],"curies":[{"name":"wp","href":"https:\/\/api.w.org\/{rel}","templated":true}]}}