{"id":924,"date":"2010-12-01T21:46:11","date_gmt":"2010-12-01T20:46:11","guid":{"rendered":"http:\/\/georg-dahlhoff.de\/blog\/"},"modified":"2018-02-16T17:04:03","modified_gmt":"2018-02-16T16:04:03","slug":"hahnheim","status":"publish","type":"page","link":"https:\/\/georg-dahlhoff.de\/wp\/?page_id=924","title":{"rendered":"Hahnheim"},"content":{"rendered":"<p style=\"text-align: center;\"><a href=\"https:\/\/georg-dahlhoff.de\/wp\/?page_id=11740\"><img data-recalc-dims=\"1\" loading=\"lazy\" decoding=\"async\" data-attachment-id=\"26915\" data-permalink=\"https:\/\/georg-dahlhoff.de\/wp\/?attachment_id=26915\" data-orig-file=\"https:\/\/i0.wp.com\/georg-dahlhoff.de\/wp\/wp-content\/uploads\/2018\/02\/Fotosammlung_MZ-BIN.jpg?fit=623%2C80&amp;ssl=1\" data-orig-size=\"623,80\" data-comments-opened=\"1\" data-image-meta=\"{&quot;aperture&quot;:&quot;0&quot;,&quot;credit&quot;:&quot;&quot;,&quot;camera&quot;:&quot;&quot;,&quot;caption&quot;:&quot;&quot;,&quot;created_timestamp&quot;:&quot;0&quot;,&quot;copyright&quot;:&quot;&quot;,&quot;focal_length&quot;:&quot;0&quot;,&quot;iso&quot;:&quot;0&quot;,&quot;shutter_speed&quot;:&quot;0&quot;,&quot;title&quot;:&quot;&quot;,&quot;orientation&quot;:&quot;1&quot;}\" data-image-title=\"Fotosammlung_MZ-BIN\" data-image-description=\"\" data-image-caption=\"\" data-large-file=\"https:\/\/i0.wp.com\/georg-dahlhoff.de\/wp\/wp-content\/uploads\/2018\/02\/Fotosammlung_MZ-BIN.jpg?fit=600%2C77&amp;ssl=1\" class=\"aligncenter size-large wp-image-26915\" src=\"https:\/\/i0.wp.com\/georg-dahlhoff.de\/wp\/wp-content\/uploads\/2018\/02\/Fotosammlung_MZ-BIN.jpg?resize=600%2C77&#038;ssl=1\" alt=\"\" width=\"600\" height=\"77\" srcset=\"https:\/\/i0.wp.com\/georg-dahlhoff.de\/wp\/wp-content\/uploads\/2018\/02\/Fotosammlung_MZ-BIN.jpg?resize=600%2C77&amp;ssl=1 600w, https:\/\/i0.wp.com\/georg-dahlhoff.de\/wp\/wp-content\/uploads\/2018\/02\/Fotosammlung_MZ-BIN.jpg?resize=300%2C39&amp;ssl=1 300w, https:\/\/i0.wp.com\/georg-dahlhoff.de\/wp\/wp-content\/uploads\/2018\/02\/Fotosammlung_MZ-BIN.jpg?w=623&amp;ssl=1 623w\" sizes=\"auto, (max-width: 600px) 100vw, 600px\" \/><\/a><\/p>\n<p style=\"text-align: center;\"><strong>Gemeinde Hahnheim<\/strong>, Verbandsgemeinde Rhein-Selz, ca. 1.700 Einwohner<br \/>\n<a href=\"http:\/\/www.hahnheim.de\/\" target=\"_blank\">http:\/\/www.hahnheim.de\/<\/a><\/p>\n<figure id=\"attachment_1424\" aria-describedby=\"caption-attachment-1424\" style=\"width: 300px\" class=\"wp-caption aligncenter\"><a href=\"https:\/\/i0.wp.com\/georg-dahlhoff.de\/blog\/wp-content\/uploads\/2010\/12\/200207200305-han.jpg\" target=\"_blank\"><img data-recalc-dims=\"1\" loading=\"lazy\" decoding=\"async\" class=\"size-medium wp-image-1424\" title=\"200207200305 - Hahnheim: Evangelische Kirche\" src=\"https:\/\/i0.wp.com\/georg-dahlhoff.de\/blog\/wp-content\/uploads\/2010\/12\/200207200305-han-300x225.jpg?resize=300%2C225\" alt=\"\" width=\"300\" height=\"225\" \/><\/a><figcaption id=\"caption-attachment-1424\" class=\"wp-caption-text\">Hahnheim: Evangelische Kirche &#8211; Bild Nr. 200207200305<\/figcaption><\/figure>\n<p style=\"text-align: center;\">Die Evangelische Kirche am Ortsausgang Richtung K\u00f6ngernheim wurde 1834-1836 als Simultankirche gebaut.\u00a0In ganz fr\u00fcher Zeit gab es in Hahnheim schon mal eine Pfarrkirche, die den Heiligen Drei K\u00f6nigen geweiht war. Nach der Reformation wurde die Kirche Simultankirche und wurde von Gl\u00e4ubigen beider Konfessionen genutzt. Wegen Bauf\u00e4lligkeit wurde sie abgerissen und im Jahre 1834 durch diese Kirche ersetzt.<\/p>\n<figure id=\"attachment_1425\" aria-describedby=\"caption-attachment-1425\" style=\"width: 225px\" class=\"wp-caption aligncenter\"><a href=\"https:\/\/i0.wp.com\/georg-dahlhoff.de\/blog\/wp-content\/uploads\/2010\/12\/200207200306-han.jpg\" target=\"_blank\"><img data-recalc-dims=\"1\" loading=\"lazy\" decoding=\"async\" class=\"size-medium wp-image-1425\" title=\"200207200306 - Hahnheim: Katholische Dreik\u00f6nigskirche\" src=\"https:\/\/i0.wp.com\/georg-dahlhoff.de\/blog\/wp-content\/uploads\/2010\/12\/200207200306-han-225x300.jpg?resize=225%2C300\" alt=\"\" width=\"225\" height=\"300\" \/><\/a><figcaption id=\"caption-attachment-1425\" class=\"wp-caption-text\">Hahnheim: Katholische Dreik\u00f6nigskirche &#8211; Bild Nr. 200207200306<\/figcaption><\/figure>\n<p style=\"text-align: center;\">Die Katholische Dreik\u00f6nigskirche in der Neugasse wurde im Jahr 1935 gebaut.<\/p>\n<figure id=\"attachment_1426\" aria-describedby=\"caption-attachment-1426\" style=\"width: 225px\" class=\"wp-caption aligncenter\"><a href=\"https:\/\/i0.wp.com\/georg-dahlhoff.de\/blog\/wp-content\/uploads\/2010\/12\/200207200302-han.jpg\" target=\"_blank\"><img data-recalc-dims=\"1\" loading=\"lazy\" decoding=\"async\" class=\"size-medium wp-image-1426\" title=\"200207200302 - Hahnheimer Schloss\" src=\"https:\/\/i0.wp.com\/georg-dahlhoff.de\/blog\/wp-content\/uploads\/2010\/12\/200207200302-han-225x300.jpg?resize=225%2C300\" alt=\"\" width=\"225\" height=\"300\" \/><\/a><figcaption id=\"caption-attachment-1426\" class=\"wp-caption-text\">Hahnheimer Schloss &#8211; Bild Nr. 200207200302<\/figcaption><\/figure>\n<p style=\"text-align: center;\">Besonders stolz sind die Hahnheimer B\u00fcrger auf ihr Renaissanceschl\u00f6sschen aus dem 16. Jahrhundert. Es wurde von den Herren von Dienheim erbaut und &#8211; da v\u00f6llig zerfallen &#8211; im Jahre 1961 von Bernhard Sucker erworben und in m\u00fchevoller Kleinarbeit wieder renoviert. Heute geh\u00f6rt das Schl\u00f6sschen der Familie Sayn-Wittgenstein.<\/p>\n<figure id=\"attachment_23524\" aria-describedby=\"caption-attachment-23524\" style=\"width: 580px\" class=\"wp-caption aligncenter\"><a href=\"https:\/\/i0.wp.com\/georg-dahlhoff.de\/wp\/wp-content\/uploads\/2010\/12\/201508260850.jpg?ssl=1\"><img data-recalc-dims=\"1\" loading=\"lazy\" decoding=\"async\" class=\"size-large wp-image-23524\" src=\"https:\/\/i0.wp.com\/georg-dahlhoff.de\/wp\/wp-content\/uploads\/2010\/12\/201508260850.jpg?resize=580%2C326&#038;ssl=1\" alt=\"Wahlheimer Hof - Bild Nr. 201508260850\" width=\"580\" height=\"326\" \/><\/a><figcaption id=\"caption-attachment-23524\" class=\"wp-caption-text\">Wahlheimer Hof &#8211; Bild Nr. 201508260850<\/figcaption><\/figure>\n<p>Etwas au\u00dferhalb von Hahnheim liegt der beschauliche kleine Ort <strong>Wahlheimer Hof,<\/strong>\u00a0welcher zur Gemeinde Hahnheim geh\u00f6rt.<\/p>\n<p style=\"text-align: center;\">\u2026<\/p>\n<p style=\"text-align: center;\"><em>F<\/em><em>\u00fcr die Fotografien gilt das Urheberrecht! Jegliche Verwendung des Bildmaterials ohne Genehmigung des Fotografen ist untersagt. Informationen zum Erwerb von Ver\u00f6ffentlichungsrechten finden Sie\u00a0<a title=\"Ver\u00f6ffentlichungsrechte\" href=\"https:\/\/georg-dahlhoff.de\/wp\/?page_id=11938\">hier<\/a>.<\/em><\/p>\n","protected":false},"excerpt":{"rendered":"<p>Gemeinde Hahnheim, Verbandsgemeinde Rhein-Selz, ca. 1.700 Einwohner http:\/\/www.hahnheim.de\/ Die Evangelische Kirche am Ortsausgang Richtung K\u00f6ngernheim wurde 1834-1836 als Simultankirche gebaut.\u00a0In ganz fr\u00fcher Zeit gab es in Hahnheim schon mal eine [&hellip;]<\/p>\n","protected":false},"author":1,"featured_media":0,"parent":898,"menu_order":5,"comment_status":"closed","ping_status":"open","template":"","meta":{"jetpack_post_was_ever_published":false,"footnotes":""},"class_list":["post-924","page","type-page","status-publish","hentry"],"jetpack_shortlink":"https:\/\/wp.me\/P8MzOO-eU","jetpack-related-posts":[],"jetpack_likes_enabled":true,"jetpack_sharing_enabled":true,"_links":{"self":[{"href":"https:\/\/georg-dahlhoff.de\/wp\/index.php?rest_route=\/wp\/v2\/pages\/924","targetHints":{"allow":["GET"]}}],"collection":[{"href":"https:\/\/georg-dahlhoff.de\/wp\/index.php?rest_route=\/wp\/v2\/pages"}],"about":[{"href":"https:\/\/georg-dahlhoff.de\/wp\/index.php?rest_route=\/wp\/v2\/types\/page"}],"author":[{"embeddable":true,"href":"https:\/\/georg-dahlhoff.de\/wp\/index.php?rest_route=\/wp\/v2\/users\/1"}],"replies":[{"embeddable":true,"href":"https:\/\/georg-dahlhoff.de\/wp\/index.php?rest_route=%2Fwp%2Fv2%2Fcomments&post=924"}],"version-history":[{"count":1,"href":"https:\/\/georg-dahlhoff.de\/wp\/index.php?rest_route=\/wp\/v2\/pages\/924\/revisions"}],"predecessor-version":[{"id":26955,"href":"https:\/\/georg-dahlhoff.de\/wp\/index.php?rest_route=\/wp\/v2\/pages\/924\/revisions\/26955"}],"up":[{"embeddable":true,"href":"https:\/\/georg-dahlhoff.de\/wp\/index.php?rest_route=\/wp\/v2\/pages\/898"}],"wp:attachment":[{"href":"https:\/\/georg-dahlhoff.de\/wp\/index.php?rest_route=%2Fwp%2Fv2%2Fmedia&parent=924"}],"curies":[{"name":"wp","href":"https:\/\/api.w.org\/{rel}","templated":true}]}}