{"id":912,"date":"2010-12-01T21:42:00","date_gmt":"2010-12-01T20:42:00","guid":{"rendered":"http:\/\/georg-dahlhoff.de\/blog\/"},"modified":"2018-02-16T16:59:14","modified_gmt":"2018-02-16T15:59:14","slug":"friesenheim","status":"publish","type":"page","link":"https:\/\/georg-dahlhoff.de\/wp\/?page_id=912","title":{"rendered":"Friesenheim"},"content":{"rendered":"<p style=\"text-align: center;\"><a href=\"https:\/\/georg-dahlhoff.de\/wp\/?page_id=11740\"><img data-recalc-dims=\"1\" loading=\"lazy\" decoding=\"async\" data-attachment-id=\"26915\" data-permalink=\"https:\/\/georg-dahlhoff.de\/wp\/?attachment_id=26915\" data-orig-file=\"https:\/\/i0.wp.com\/georg-dahlhoff.de\/wp\/wp-content\/uploads\/2018\/02\/Fotosammlung_MZ-BIN.jpg?fit=623%2C80&amp;ssl=1\" data-orig-size=\"623,80\" data-comments-opened=\"1\" data-image-meta=\"{&quot;aperture&quot;:&quot;0&quot;,&quot;credit&quot;:&quot;&quot;,&quot;camera&quot;:&quot;&quot;,&quot;caption&quot;:&quot;&quot;,&quot;created_timestamp&quot;:&quot;0&quot;,&quot;copyright&quot;:&quot;&quot;,&quot;focal_length&quot;:&quot;0&quot;,&quot;iso&quot;:&quot;0&quot;,&quot;shutter_speed&quot;:&quot;0&quot;,&quot;title&quot;:&quot;&quot;,&quot;orientation&quot;:&quot;1&quot;}\" data-image-title=\"Fotosammlung_MZ-BIN\" data-image-description=\"\" data-image-caption=\"\" data-large-file=\"https:\/\/i0.wp.com\/georg-dahlhoff.de\/wp\/wp-content\/uploads\/2018\/02\/Fotosammlung_MZ-BIN.jpg?fit=600%2C77&amp;ssl=1\" class=\"aligncenter size-large wp-image-26915\" src=\"https:\/\/i0.wp.com\/georg-dahlhoff.de\/wp\/wp-content\/uploads\/2018\/02\/Fotosammlung_MZ-BIN.jpg?resize=600%2C77&#038;ssl=1\" alt=\"\" width=\"600\" height=\"77\" srcset=\"https:\/\/i0.wp.com\/georg-dahlhoff.de\/wp\/wp-content\/uploads\/2018\/02\/Fotosammlung_MZ-BIN.jpg?resize=600%2C77&amp;ssl=1 600w, https:\/\/i0.wp.com\/georg-dahlhoff.de\/wp\/wp-content\/uploads\/2018\/02\/Fotosammlung_MZ-BIN.jpg?resize=300%2C39&amp;ssl=1 300w, https:\/\/i0.wp.com\/georg-dahlhoff.de\/wp\/wp-content\/uploads\/2018\/02\/Fotosammlung_MZ-BIN.jpg?w=623&amp;ssl=1 623w\" sizes=\"auto, (max-width: 600px) 100vw, 600px\" \/><\/a><\/p>\n<p style=\"text-align: center;\"><strong>Gemeinde Friesenheim<\/strong>, Verbandsgemeinde Rhein-Selz, ca. 750 Einwohner<br \/>\n<a title=\"Homepage Gemeinde Friesenheim\" href=\"http:\/\/www.friesenheim-rheinhessen.de\/\" target=\"_blank\">http:\/\/www.friesenheim-rheinhessen.de\/<\/a><\/p>\n<figure id=\"attachment_1264\" aria-describedby=\"caption-attachment-1264\" style=\"width: 300px\" class=\"wp-caption aligncenter\"><a href=\"https:\/\/i0.wp.com\/georg-dahlhoff.de\/blog\/wp-content\/uploads\/2010\/12\/200306214412-fri.jpg\" target=\"_blank\"><img data-recalc-dims=\"1\" loading=\"lazy\" decoding=\"async\" class=\"size-medium wp-image-1264 \" title=\"200306214412 - Friesenheim\" src=\"https:\/\/i0.wp.com\/georg-dahlhoff.de\/blog\/wp-content\/uploads\/2010\/12\/200306214412-fri-300x225.jpg?resize=300%2C225\" alt=\"\" width=\"300\" height=\"225\" \/><\/a><figcaption id=\"caption-attachment-1264\" class=\"wp-caption-text\">Friesenheim in Rheinhessen &#8211; Bild Nr. 200306214412<\/figcaption><\/figure>\n<p style=\"text-align: center;\">Friesenheim wird urkundlich erstmals im Jahr 803 in einer Schenkungsurkunde f\u00fcr das Kloster Fulda genannt. Es lag zun\u00e4chst im alten Wormsgau, sp\u00e4ter im Nahegau und hie\u00df damals Friesenhaim, sp\u00e4ter Vrisinheim (1130), Frisinheim (1268). Im Jahr 1190 trug Werner II. von Bolanden die Vogtei \u00fcber Friesenheim von den Wildgrafen zu Lehen. Im Jahr 1322 belehnte Otto von Bolanden den Wigand von Dienheim mit dem ihm vom Ritter Heinrich von Selzen aufgesagten Lehen zu Friesenheim. Im Jahr 1380 sind der Vasall Heinrich II. von Sponheim-Dannenfels sowie Wigand und Sifried von Dienheim mit Dorf, Gericht, Kirchensatz und Zehnt in Friesenheim belehnt.\u00a0Das Dorf war ritterschaftlich und geh\u00f6rte den Freiherren von Dienheim bis zur franz\u00f6sischen Okkupation am Ende des 18. Jahrhunderts.<br \/>\n<em>(Quelle: <a href=\"http:\/\/www.regionalgeschichte.net\" target=\"_blank\">regionalgeschichte.net<\/a>) <\/em><\/p>\n<figure id=\"attachment_1265\" aria-describedby=\"caption-attachment-1265\" style=\"width: 224px\" class=\"wp-caption aligncenter\"><a href=\"https:\/\/i0.wp.com\/georg-dahlhoff.de\/blog\/wp-content\/uploads\/2010\/12\/200208150889-fri.jpg\" target=\"_blank\"><img data-recalc-dims=\"1\" loading=\"lazy\" decoding=\"async\" class=\"size-medium wp-image-1265\" title=\"200208150889 - Friesenheim: Evangelische Kirche\" src=\"https:\/\/i0.wp.com\/georg-dahlhoff.de\/blog\/wp-content\/uploads\/2010\/12\/200208150889-fri-224x300.jpg?resize=224%2C300\" alt=\"\" width=\"224\" height=\"300\" \/><\/a><figcaption id=\"caption-attachment-1265\" class=\"wp-caption-text\">Friesenheim: Evangelische Kirche &#8211; Bild Nr. 200208150889<\/figcaption><\/figure>\n<p style=\"text-align: center;\"><em>Die 1885-1886 erbaute Evangelische Kirche besitzt sehenswerte Buntglasfenster aus dem 19. Jahrhundert.<\/em><\/p>\n<figure id=\"attachment_1266\" aria-describedby=\"caption-attachment-1266\" style=\"width: 225px\" class=\"wp-caption aligncenter\"><a href=\"https:\/\/i0.wp.com\/georg-dahlhoff.de\/blog\/wp-content\/uploads\/2010\/12\/200207200324-fri.jpg\" target=\"_blank\"><img data-recalc-dims=\"1\" loading=\"lazy\" decoding=\"async\" class=\"size-medium wp-image-1266\" title=\"200207200324 - Friesenheim: St. Walburga\" src=\"https:\/\/i0.wp.com\/georg-dahlhoff.de\/blog\/wp-content\/uploads\/2010\/12\/200207200324-fri-225x300.jpg?resize=225%2C300\" alt=\"\" width=\"225\" height=\"300\" \/><\/a><figcaption id=\"caption-attachment-1266\" class=\"wp-caption-text\">Friesenheim: St. Walburga &#8211; Bild Nr. 200207200324<\/figcaption><\/figure>\n<p style=\"text-align: center;\"><em>Die Katholische Pfarrkirche St. Walburga wurde 1740 erbaut. Die aus dem Jahr 1763 stammende Orgel wurd vom Mainzer Orgelbauer Josef Anton Onimus gebaut.<\/em><\/p>\n<figure id=\"attachment_1267\" aria-describedby=\"caption-attachment-1267\" style=\"width: 300px\" class=\"wp-caption aligncenter\"><a href=\"https:\/\/i0.wp.com\/georg-dahlhoff.de\/blog\/wp-content\/uploads\/2010\/12\/200208150892-fri.jpg\" target=\"_blank\"><img data-recalc-dims=\"1\" loading=\"lazy\" decoding=\"async\" class=\"size-medium wp-image-1267\" title=\"200208150892 - Friesenheim: Ortsmitte\" src=\"https:\/\/i0.wp.com\/georg-dahlhoff.de\/blog\/wp-content\/uploads\/2010\/12\/200208150892-fri-300x229.jpg?resize=300%2C229\" alt=\"\" width=\"300\" height=\"229\" \/><\/a><figcaption id=\"caption-attachment-1267\" class=\"wp-caption-text\">Friesenheim: Ortsmitte &#8211; Bild Nr. 200208150892<\/figcaption><\/figure>\n<figure id=\"attachment_1268\" aria-describedby=\"caption-attachment-1268\" style=\"width: 300px\" class=\"wp-caption aligncenter\"><a href=\"https:\/\/i0.wp.com\/georg-dahlhoff.de\/blog\/wp-content\/uploads\/2010\/12\/200207200325-fri.jpg\" target=\"_blank\"><img data-recalc-dims=\"1\" loading=\"lazy\" decoding=\"async\" class=\"size-medium wp-image-1268\" title=\"200207200325 - Friesenheim: Ehemaliges Rathaus\" src=\"https:\/\/i0.wp.com\/georg-dahlhoff.de\/blog\/wp-content\/uploads\/2010\/12\/200207200325-fri-300x225.jpg?resize=300%2C225\" alt=\"\" width=\"300\" height=\"225\" \/><\/a><figcaption id=\"caption-attachment-1268\" class=\"wp-caption-text\">Friesenheim: Ehemaliges Rathaus &#8211; Bild Nr. 200207200325<\/figcaption><\/figure>\n<p style=\"text-align: center;\">Das sch\u00f6nste Haus im Ort ist zweifellos dieses Fachwerkhaus. Es ist das ehemalige Rathaus der Gemeinde und wurde im 18. Jahrhundert gebaut.<\/p>\n<p style=\"text-align: center;\">\u2026<\/p>\n<p style=\"text-align: center;\"><em>F<\/em><em>\u00fcr die Fotografien gilt das Urheberrecht! Jegliche Verwendung des Bildmaterials ohne Genehmigung des Fotografen ist untersagt. Informationen zum Erwerb von Ver\u00f6ffentlichungsrechten finden Sie\u00a0<a title=\"Ver\u00f6ffentlichungsrechte\" href=\"https:\/\/georg-dahlhoff.de\/wp\/?page_id=11938\">hier<\/a>.<\/em><\/p>\n","protected":false},"excerpt":{"rendered":"<p>Gemeinde Friesenheim, Verbandsgemeinde Rhein-Selz, ca. 750 Einwohner http:\/\/www.friesenheim-rheinhessen.de\/ Friesenheim wird urkundlich erstmals im Jahr 803 in einer Schenkungsurkunde f\u00fcr das Kloster Fulda genannt. Es lag zun\u00e4chst im alten Wormsgau, sp\u00e4ter [&hellip;]<\/p>\n","protected":false},"author":1,"featured_media":0,"parent":889,"menu_order":8,"comment_status":"closed","ping_status":"open","template":"","meta":{"jetpack_post_was_ever_published":false,"footnotes":""},"class_list":["post-912","page","type-page","status-publish","hentry"],"jetpack_shortlink":"https:\/\/wp.me\/P8MzOO-eI","jetpack-related-posts":[],"jetpack_likes_enabled":true,"jetpack_sharing_enabled":true,"_links":{"self":[{"href":"https:\/\/georg-dahlhoff.de\/wp\/index.php?rest_route=\/wp\/v2\/pages\/912","targetHints":{"allow":["GET"]}}],"collection":[{"href":"https:\/\/georg-dahlhoff.de\/wp\/index.php?rest_route=\/wp\/v2\/pages"}],"about":[{"href":"https:\/\/georg-dahlhoff.de\/wp\/index.php?rest_route=\/wp\/v2\/types\/page"}],"author":[{"embeddable":true,"href":"https:\/\/georg-dahlhoff.de\/wp\/index.php?rest_route=\/wp\/v2\/users\/1"}],"replies":[{"embeddable":true,"href":"https:\/\/georg-dahlhoff.de\/wp\/index.php?rest_route=%2Fwp%2Fv2%2Fcomments&post=912"}],"version-history":[{"count":1,"href":"https:\/\/georg-dahlhoff.de\/wp\/index.php?rest_route=\/wp\/v2\/pages\/912\/revisions"}],"predecessor-version":[{"id":26949,"href":"https:\/\/georg-dahlhoff.de\/wp\/index.php?rest_route=\/wp\/v2\/pages\/912\/revisions\/26949"}],"up":[{"embeddable":true,"href":"https:\/\/georg-dahlhoff.de\/wp\/index.php?rest_route=\/wp\/v2\/pages\/889"}],"wp:attachment":[{"href":"https:\/\/georg-dahlhoff.de\/wp\/index.php?rest_route=%2Fwp%2Fv2%2Fmedia&parent=912"}],"curies":[{"name":"wp","href":"https:\/\/api.w.org\/{rel}","templated":true}]}}