{"id":872,"date":"2010-12-01T21:23:20","date_gmt":"2010-12-01T20:23:20","guid":{"rendered":"http:\/\/georg-dahlhoff.de\/blog\/"},"modified":"2018-02-16T16:55:17","modified_gmt":"2018-02-16T15:55:17","slug":"dorn-durkheim","status":"publish","type":"page","link":"https:\/\/georg-dahlhoff.de\/wp\/?page_id=872","title":{"rendered":"Dorn-D\u00fcrkheim"},"content":{"rendered":"<p style=\"text-align: center;\"><a href=\"https:\/\/georg-dahlhoff.de\/wp\/?page_id=11740\"><img data-recalc-dims=\"1\" loading=\"lazy\" decoding=\"async\" data-attachment-id=\"26915\" data-permalink=\"https:\/\/georg-dahlhoff.de\/wp\/?attachment_id=26915\" data-orig-file=\"https:\/\/i0.wp.com\/georg-dahlhoff.de\/wp\/wp-content\/uploads\/2018\/02\/Fotosammlung_MZ-BIN.jpg?fit=623%2C80&amp;ssl=1\" data-orig-size=\"623,80\" data-comments-opened=\"1\" data-image-meta=\"{&quot;aperture&quot;:&quot;0&quot;,&quot;credit&quot;:&quot;&quot;,&quot;camera&quot;:&quot;&quot;,&quot;caption&quot;:&quot;&quot;,&quot;created_timestamp&quot;:&quot;0&quot;,&quot;copyright&quot;:&quot;&quot;,&quot;focal_length&quot;:&quot;0&quot;,&quot;iso&quot;:&quot;0&quot;,&quot;shutter_speed&quot;:&quot;0&quot;,&quot;title&quot;:&quot;&quot;,&quot;orientation&quot;:&quot;1&quot;}\" data-image-title=\"Fotosammlung_MZ-BIN\" data-image-description=\"\" data-image-caption=\"\" data-large-file=\"https:\/\/i0.wp.com\/georg-dahlhoff.de\/wp\/wp-content\/uploads\/2018\/02\/Fotosammlung_MZ-BIN.jpg?fit=600%2C77&amp;ssl=1\" class=\"aligncenter size-large wp-image-26915\" src=\"https:\/\/i0.wp.com\/georg-dahlhoff.de\/wp\/wp-content\/uploads\/2018\/02\/Fotosammlung_MZ-BIN.jpg?resize=600%2C77&#038;ssl=1\" alt=\"\" width=\"600\" height=\"77\" srcset=\"https:\/\/i0.wp.com\/georg-dahlhoff.de\/wp\/wp-content\/uploads\/2018\/02\/Fotosammlung_MZ-BIN.jpg?resize=600%2C77&amp;ssl=1 600w, https:\/\/i0.wp.com\/georg-dahlhoff.de\/wp\/wp-content\/uploads\/2018\/02\/Fotosammlung_MZ-BIN.jpg?resize=300%2C39&amp;ssl=1 300w, https:\/\/i0.wp.com\/georg-dahlhoff.de\/wp\/wp-content\/uploads\/2018\/02\/Fotosammlung_MZ-BIN.jpg?w=623&amp;ssl=1 623w\" sizes=\"auto, (max-width: 600px) 100vw, 600px\" \/><\/a><\/p>\n<p style=\"text-align: center;\"><strong>Gemeinde Dorn-D\u00fcrkheim<\/strong>, Verbandsgemeinde Rhein-Selz, ca. 1000 Einwohner,<br \/>\n<a href=\"http:\/\/www.vg-guntersblum.de\/vg_guntersblum\/Ortsgemeinden\/Dorn-D\u00fcrkheim\/Gru\u00dfwort\/\" target=\"_blank\">Homepage der Gemeinde<\/a><\/p>\n<figure id=\"attachment_1239\" aria-describedby=\"caption-attachment-1239\" style=\"width: 300px\" class=\"wp-caption aligncenter\"><a href=\"https:\/\/i0.wp.com\/georg-dahlhoff.de\/blog\/wp-content\/uploads\/2010\/12\/200409012073-dod.jpg\" target=\"_blank\"><img data-recalc-dims=\"1\" loading=\"lazy\" decoding=\"async\" class=\"size-medium wp-image-1239\" title=\"200409012073 - Dorn-D\u00fcrkheim\" src=\"https:\/\/i0.wp.com\/georg-dahlhoff.de\/blog\/wp-content\/uploads\/2010\/12\/200409012073-dod-300x225.jpg?resize=300%2C225\" alt=\"\" width=\"300\" height=\"225\" \/><\/a><figcaption id=\"caption-attachment-1239\" class=\"wp-caption-text\">Dorn-D\u00fcrkheim &#8211; Bild Nr. 200409012073<\/figcaption><\/figure>\n<p style=\"text-align: center;\">Die Gemeinde Dorn-D\u00fcrkheim liegt am s\u00fcdlichen Rand des Landkreises Mainz-Bingen. Zusammen mit den Nachbargemeinden Dolgesheim, Eimsheim, Hillesheim und Wintersheim geh\u00f6rt sie zu den sogenannten Berggemeinden die sich von Guntersblum aus gesehen auf einer Hochebene befinden.\u00a0Dorn-D\u00fcrkheim wurde im Jahr 767 erstmalig urkundlich erw\u00e4hnt.<\/p>\n<figure id=\"attachment_1240\" aria-describedby=\"caption-attachment-1240\" style=\"width: 225px\" class=\"wp-caption aligncenter\"><a href=\"https:\/\/i0.wp.com\/georg-dahlhoff.de\/blog\/wp-content\/uploads\/2010\/12\/200409012056-dod.jpg\" target=\"_blank\"><img data-recalc-dims=\"1\" loading=\"lazy\" decoding=\"async\" class=\"size-medium wp-image-1240\" title=\"200409012056 - Dorn D\u00fcrkheim: Evangelische Kirche\" src=\"https:\/\/i0.wp.com\/georg-dahlhoff.de\/blog\/wp-content\/uploads\/2010\/12\/200409012056-dod-225x300.jpg?resize=225%2C300\" alt=\"\" width=\"225\" height=\"300\" \/><\/a><figcaption id=\"caption-attachment-1240\" class=\"wp-caption-text\">Dorn-D\u00fcrkheim: Evangelische Kirche &#8211; Bild Nr. 200409012056<\/figcaption><\/figure>\n<p style=\"text-align: center;\">Die Evangelische Kirche von Dorn-D\u00fcrkheim wurde um das Jahr 1564 erbaut und befindet sich seit 1618 im Besitz der Evangelischen Pfarrgemeinde. In den Jahren 1895, 1964 und 1989 wurde umfangreichere Renovierungsarbeiten durchgef\u00fchrt.<\/p>\n<figure id=\"attachment_1241\" aria-describedby=\"caption-attachment-1241\" style=\"width: 225px\" class=\"wp-caption aligncenter\"><a href=\"https:\/\/i0.wp.com\/georg-dahlhoff.de\/blog\/wp-content\/uploads\/2010\/12\/200409012066-dod.jpg\" target=\"_blank\"><img data-recalc-dims=\"1\" loading=\"lazy\" decoding=\"async\" class=\"size-medium wp-image-1241\" title=\"200409012066 - Dorn-D\u00fcrkheim: St. Joseph\" src=\"https:\/\/i0.wp.com\/georg-dahlhoff.de\/blog\/wp-content\/uploads\/2010\/12\/200409012066-dod-225x300.jpg?resize=225%2C300\" alt=\"\" width=\"225\" height=\"300\" \/><\/a><figcaption id=\"caption-attachment-1241\" class=\"wp-caption-text\">Dorn-D\u00fcrkheim: St. Joseph &#8211; Bild Nr. 200409012066<\/figcaption><\/figure>\n<p style=\"text-align: center;\">Die Katholische Kirche St. Joseph ist ein Saalbau aus dem Jahr 1745. Einen weitgehenden Umbau hat die Kirche im Jahr 1892 erfahren.<\/p>\n<p style=\"text-align: center;\">\u2026<\/p>\n<p style=\"text-align: center;\"><em>F<\/em><em>\u00fcr die Fotografien gilt das Urheberrecht! Jegliche Verwendung des Bildmaterials ohne Genehmigung des Fotografen ist untersagt. Informationen zum Erwerb von Ver\u00f6ffentlichungsrechten finden Sie\u00a0<a title=\"Ver\u00f6ffentlichungsrechte\" href=\"https:\/\/georg-dahlhoff.de\/wp\/?page_id=11938\">hier<\/a>.<\/em><\/p>\n","protected":false},"excerpt":{"rendered":"<p>Gemeinde Dorn-D\u00fcrkheim, Verbandsgemeinde Rhein-Selz, ca. 1000 Einwohner, Homepage der Gemeinde Die Gemeinde Dorn-D\u00fcrkheim liegt am s\u00fcdlichen Rand des Landkreises Mainz-Bingen. Zusammen mit den Nachbargemeinden Dolgesheim, Eimsheim, Hillesheim und Wintersheim geh\u00f6rt [&hellip;]<\/p>\n","protected":false},"author":1,"featured_media":0,"parent":0,"menu_order":4,"comment_status":"closed","ping_status":"closed","template":"","meta":{"jetpack_post_was_ever_published":false,"footnotes":""},"class_list":["post-872","page","type-page","status-publish","hentry"],"jetpack_shortlink":"https:\/\/wp.me\/P8MzOO-e4","jetpack-related-posts":[],"jetpack_likes_enabled":true,"jetpack_sharing_enabled":true,"_links":{"self":[{"href":"https:\/\/georg-dahlhoff.de\/wp\/index.php?rest_route=\/wp\/v2\/pages\/872","targetHints":{"allow":["GET"]}}],"collection":[{"href":"https:\/\/georg-dahlhoff.de\/wp\/index.php?rest_route=\/wp\/v2\/pages"}],"about":[{"href":"https:\/\/georg-dahlhoff.de\/wp\/index.php?rest_route=\/wp\/v2\/types\/page"}],"author":[{"embeddable":true,"href":"https:\/\/georg-dahlhoff.de\/wp\/index.php?rest_route=\/wp\/v2\/users\/1"}],"replies":[{"embeddable":true,"href":"https:\/\/georg-dahlhoff.de\/wp\/index.php?rest_route=%2Fwp%2Fv2%2Fcomments&post=872"}],"version-history":[{"count":1,"href":"https:\/\/georg-dahlhoff.de\/wp\/index.php?rest_route=\/wp\/v2\/pages\/872\/revisions"}],"predecessor-version":[{"id":26945,"href":"https:\/\/georg-dahlhoff.de\/wp\/index.php?rest_route=\/wp\/v2\/pages\/872\/revisions\/26945"}],"wp:attachment":[{"href":"https:\/\/georg-dahlhoff.de\/wp\/index.php?rest_route=%2Fwp%2Fv2%2Fmedia&parent=872"}],"curies":[{"name":"wp","href":"https:\/\/api.w.org\/{rel}","templated":true}]}}