{"id":867,"date":"2010-12-01T21:22:20","date_gmt":"2010-12-01T20:22:20","guid":{"rendered":"http:\/\/georg-dahlhoff.de\/blog\/"},"modified":"2018-02-16T16:53:16","modified_gmt":"2018-02-16T15:53:16","slug":"dienheim","status":"publish","type":"page","link":"https:\/\/georg-dahlhoff.de\/wp\/?page_id=867","title":{"rendered":"Dienheim"},"content":{"rendered":"<p style=\"text-align: center;\"><a href=\"https:\/\/georg-dahlhoff.de\/wp\/?page_id=11740\"><img data-recalc-dims=\"1\" loading=\"lazy\" decoding=\"async\" data-attachment-id=\"26915\" data-permalink=\"https:\/\/georg-dahlhoff.de\/wp\/?attachment_id=26915\" data-orig-file=\"https:\/\/i0.wp.com\/georg-dahlhoff.de\/wp\/wp-content\/uploads\/2018\/02\/Fotosammlung_MZ-BIN.jpg?fit=623%2C80&amp;ssl=1\" data-orig-size=\"623,80\" data-comments-opened=\"1\" data-image-meta=\"{&quot;aperture&quot;:&quot;0&quot;,&quot;credit&quot;:&quot;&quot;,&quot;camera&quot;:&quot;&quot;,&quot;caption&quot;:&quot;&quot;,&quot;created_timestamp&quot;:&quot;0&quot;,&quot;copyright&quot;:&quot;&quot;,&quot;focal_length&quot;:&quot;0&quot;,&quot;iso&quot;:&quot;0&quot;,&quot;shutter_speed&quot;:&quot;0&quot;,&quot;title&quot;:&quot;&quot;,&quot;orientation&quot;:&quot;1&quot;}\" data-image-title=\"Fotosammlung_MZ-BIN\" data-image-description=\"\" data-image-caption=\"\" data-large-file=\"https:\/\/i0.wp.com\/georg-dahlhoff.de\/wp\/wp-content\/uploads\/2018\/02\/Fotosammlung_MZ-BIN.jpg?fit=600%2C77&amp;ssl=1\" class=\"aligncenter size-large wp-image-26915\" src=\"https:\/\/i0.wp.com\/georg-dahlhoff.de\/wp\/wp-content\/uploads\/2018\/02\/Fotosammlung_MZ-BIN.jpg?resize=600%2C77&#038;ssl=1\" alt=\"\" width=\"600\" height=\"77\" srcset=\"https:\/\/i0.wp.com\/georg-dahlhoff.de\/wp\/wp-content\/uploads\/2018\/02\/Fotosammlung_MZ-BIN.jpg?resize=600%2C77&amp;ssl=1 600w, https:\/\/i0.wp.com\/georg-dahlhoff.de\/wp\/wp-content\/uploads\/2018\/02\/Fotosammlung_MZ-BIN.jpg?resize=300%2C39&amp;ssl=1 300w, https:\/\/i0.wp.com\/georg-dahlhoff.de\/wp\/wp-content\/uploads\/2018\/02\/Fotosammlung_MZ-BIN.jpg?w=623&amp;ssl=1 623w\" sizes=\"auto, (max-width: 600px) 100vw, 600px\" \/><\/a><\/p>\n<p style=\"text-align: center;\"><strong>Gemeinde Dienheim<\/strong>, Verbandsgemeinde Rhein-Selz, ca. 2280 Einwohner<br \/>\n<a href=\"http:\/\/www.dienheim.de\/\" target=\"_blank\" rel=\"noopener\">http:\/\/www.dienheim.de\/<\/a><\/p>\n<figure id=\"attachment_26444\" aria-describedby=\"caption-attachment-26444\" style=\"width: 600px\" class=\"wp-caption aligncenter\"><a href=\"https:\/\/i0.wp.com\/georg-dahlhoff.de\/wp\/wp-content\/uploads\/2010\/12\/201707166232.jpg?ssl=1\"><img data-recalc-dims=\"1\" loading=\"lazy\" decoding=\"async\" data-attachment-id=\"26444\" data-permalink=\"https:\/\/georg-dahlhoff.de\/wp\/?attachment_id=26444\" data-orig-file=\"https:\/\/i0.wp.com\/georg-dahlhoff.de\/wp\/wp-content\/uploads\/2010\/12\/201707166232.jpg?fit=1500%2C1000&amp;ssl=1\" data-orig-size=\"1500,1000\" data-comments-opened=\"1\" data-image-meta=\"{&quot;aperture&quot;:&quot;0&quot;,&quot;credit&quot;:&quot;&quot;,&quot;camera&quot;:&quot;&quot;,&quot;caption&quot;:&quot;&quot;,&quot;created_timestamp&quot;:&quot;0&quot;,&quot;copyright&quot;:&quot;&quot;,&quot;focal_length&quot;:&quot;0&quot;,&quot;iso&quot;:&quot;0&quot;,&quot;shutter_speed&quot;:&quot;0&quot;,&quot;title&quot;:&quot;&quot;,&quot;orientation&quot;:&quot;0&quot;}\" data-image-title=\"201707166232\" data-image-description=\"\" data-image-caption=\"&lt;p&gt;Dienheim &amp;#8211; Bild Nr. 201707166232&lt;\/p&gt;\n\" data-large-file=\"https:\/\/i0.wp.com\/georg-dahlhoff.de\/wp\/wp-content\/uploads\/2010\/12\/201707166232.jpg?fit=600%2C400&amp;ssl=1\" class=\"size-large wp-image-26444\" src=\"https:\/\/i0.wp.com\/georg-dahlhoff.de\/wp\/wp-content\/uploads\/2010\/12\/201707166232.jpg?resize=600%2C400&#038;ssl=1\" alt=\"\" width=\"600\" height=\"400\" srcset=\"https:\/\/i0.wp.com\/georg-dahlhoff.de\/wp\/wp-content\/uploads\/2010\/12\/201707166232.jpg?resize=600%2C400&amp;ssl=1 600w, https:\/\/i0.wp.com\/georg-dahlhoff.de\/wp\/wp-content\/uploads\/2010\/12\/201707166232.jpg?resize=300%2C200&amp;ssl=1 300w, https:\/\/i0.wp.com\/georg-dahlhoff.de\/wp\/wp-content\/uploads\/2010\/12\/201707166232.jpg?resize=768%2C512&amp;ssl=1 768w, https:\/\/i0.wp.com\/georg-dahlhoff.de\/wp\/wp-content\/uploads\/2010\/12\/201707166232.jpg?w=1500&amp;ssl=1 1500w\" sizes=\"auto, (max-width: 600px) 100vw, 600px\" \/><\/a><figcaption id=\"caption-attachment-26444\" class=\"wp-caption-text\">Dienheim &#8211; Bild Nr. 201707166232<\/figcaption><\/figure>\n<p style=\"text-align: justify;\">Die Gemeinde <strong>Dienheim<\/strong> schlie\u00dft sich unmittelbar an die Stadt Oppenheim an und ist vom Rheinterrassenweg aus kaum von Oppenheim abzugrenzen. In den letzen Jahren sind beide regelrecht zusammengewachsen. Besondere Attraktivit\u00e4t als Wohnort hat Dienheim erlangt seit durch den Bau ein Haltepunktes ein direkter Bahnanschluss vorhanden ist und die Bundesstra\u00dfe 9 \u00f6stlich der Bahn verl\u00e4uft und damit der Durchgangsverkehr in der Rheinstra\u00dfe weniger wurde. Auch die Einkaufsm\u00e4rkte von Oppenheim liegen direkt an Grenze zu Dienheim, womit der Ort zwar auf dem Land liegt aber dennoch mit Vorz\u00fcgen einer Kleinstadt aufwarten kann.<\/p>\n<figure id=\"attachment_1231\" aria-describedby=\"caption-attachment-1231\" style=\"width: 300px\" class=\"wp-caption aligncenter\"><a href=\"https:\/\/i0.wp.com\/georg-dahlhoff.de\/blog\/wp-content\/uploads\/2010\/12\/200308255310-din.jpg\" target=\"_blank\" rel=\"noopener\"><img data-recalc-dims=\"1\" loading=\"lazy\" decoding=\"async\" class=\"size-medium wp-image-1231\" title=\"200308255310 - Dienheim: Rheinstra\u00dfe\" src=\"https:\/\/i0.wp.com\/georg-dahlhoff.de\/blog\/wp-content\/uploads\/2010\/12\/200308255310-din-300x225.jpg?resize=300%2C225\" alt=\"\" width=\"300\" height=\"225\" \/><\/a><figcaption id=\"caption-attachment-1231\" class=\"wp-caption-text\">Dienheim: Rheinstra\u00dfe &#8211; Bild Nr. 200308255310<\/figcaption><\/figure>\n<p style=\"text-align: center;\">Bei der Durchfahrt\u00a0durch die Rheinstra\u00dfe (B9) Richtung Norden, sieht man beim Blick auf die Oppenheimer Katharinenkirche, wie dicht Oppenheim und Dienheim zusammenliegen. Tats\u00e4chlich sind beide Orte in den letzten Jahren so gut wie zusammengewachsen. Oppenheim hat sich durch sein Gewerbegebiet nach S\u00fcden und Dienheim durch neue Wohngeb\u00e4ude nach Norden ausgedehnt.<\/p>\n<figure id=\"attachment_1233\" aria-describedby=\"caption-attachment-1233\" style=\"width: 300px\" class=\"wp-caption aligncenter\"><a href=\"https:\/\/i0.wp.com\/georg-dahlhoff.de\/blog\/wp-content\/uploads\/2010\/12\/200308255331-din.jpg\" target=\"_blank\" rel=\"noopener\"><img data-recalc-dims=\"1\" loading=\"lazy\" decoding=\"async\" class=\"size-medium wp-image-1233 \" title=\"200308255331 - Dienheim\" src=\"https:\/\/i0.wp.com\/georg-dahlhoff.de\/blog\/wp-content\/uploads\/2010\/12\/200308255331-din-300x225.jpg?resize=300%2C225\" alt=\"\" width=\"300\" height=\"225\" \/><\/a><figcaption id=\"caption-attachment-1233\" class=\"wp-caption-text\">Dienheim: ehem. Feuerwehrhaus, ehem. Grundschule &#8211; Bild Nr. 200308255331<\/figcaption><\/figure>\n<p style=\"text-align: center;\">Altes Feuerwehrhaus (links) und ehemalige Grundschule in der Rheinstra\u00dfe.<\/p>\n<figure id=\"attachment_1234\" aria-describedby=\"caption-attachment-1234\" style=\"width: 200px\" class=\"wp-caption aligncenter\"><a href=\"https:\/\/i0.wp.com\/georg-dahlhoff.de\/blog\/wp-content\/uploads\/2010\/12\/200308255306-din.jpg\" target=\"_blank\" rel=\"noopener\"><img data-recalc-dims=\"1\" loading=\"lazy\" decoding=\"async\" class=\"size-medium wp-image-1234\" title=\"200308255306 - Dienheim: Evangelische Kirche\" src=\"https:\/\/i0.wp.com\/georg-dahlhoff.de\/blog\/wp-content\/uploads\/2010\/12\/200308255306-din-200x300.jpg?resize=200%2C300\" alt=\"\" width=\"200\" height=\"300\" \/><\/a><figcaption id=\"caption-attachment-1234\" class=\"wp-caption-text\">Dienheim: Evangelische Kirche &#8211; Bild Nr. 200308255306<\/figcaption><\/figure>\n<p style=\"text-align: center;\">Die Kirche, im Jahr 1317 bereits erw\u00e4hnt, war seit 1705 im Besitz der reformierten Gemeinde. Der romanische Westturm besitzt Doppelfenster. Der dreiseitig geschlossene Chor (offenbar nie gew\u00f6lbt) ist mit Wandmalereien aus der Mitte des 15. Jahrhunderts und vom Ende des 16. Jahrhunderts bemalt. Das Schiff des heute evangelischen Gotteshauses wurde 1756\/57 umgebaut und nach Norden erweitert.<br \/>\n<em>(Quelle: <a href=\"http:\/\/www.regionalgeschichte.net\" target=\"_blank\" rel=\"noopener\">regionalgeschichte.net<\/a>) <\/em><\/p>\n<figure id=\"attachment_1235\" aria-describedby=\"caption-attachment-1235\" style=\"width: 225px\" class=\"wp-caption aligncenter\"><a href=\"https:\/\/i0.wp.com\/georg-dahlhoff.de\/blog\/wp-content\/uploads\/2010\/12\/kathkirche-din.jpg\" target=\"_blank\" rel=\"noopener\"><img data-recalc-dims=\"1\" loading=\"lazy\" decoding=\"async\" class=\"size-medium wp-image-1235 \" title=\"Dienheim: Katholische Kirche St. Joseph\" src=\"https:\/\/i0.wp.com\/georg-dahlhoff.de\/blog\/wp-content\/uploads\/2010\/12\/kathkirche-din-225x300.jpg?resize=225%2C300\" alt=\"\" width=\"225\" height=\"300\" \/><\/a><figcaption id=\"caption-attachment-1235\" class=\"wp-caption-text\">Dienheim: Katholische Kirche St. Joseph<\/figcaption><\/figure>\n<p style=\"text-align: center;\"><em>Die katholische Pfarrkirche St. Joseph wurde 1873\/74 auf dem Gel\u00e4nde des Paterhofes erbaut. 1998 kam ein Gemeindehaus dazu.<\/em><\/p>\n<figure id=\"attachment_26447\" aria-describedby=\"caption-attachment-26447\" style=\"width: 600px\" class=\"wp-caption aligncenter\"><a href=\"https:\/\/i0.wp.com\/georg-dahlhoff.de\/wp\/wp-content\/uploads\/2010\/12\/201707166239.jpg?ssl=1\"><img data-recalc-dims=\"1\" loading=\"lazy\" decoding=\"async\" data-attachment-id=\"26447\" data-permalink=\"https:\/\/georg-dahlhoff.de\/wp\/?attachment_id=26447\" data-orig-file=\"https:\/\/i0.wp.com\/georg-dahlhoff.de\/wp\/wp-content\/uploads\/2010\/12\/201707166239.jpg?fit=1500%2C1000&amp;ssl=1\" data-orig-size=\"1500,1000\" data-comments-opened=\"1\" data-image-meta=\"{&quot;aperture&quot;:&quot;0&quot;,&quot;credit&quot;:&quot;&quot;,&quot;camera&quot;:&quot;&quot;,&quot;caption&quot;:&quot;&quot;,&quot;created_timestamp&quot;:&quot;0&quot;,&quot;copyright&quot;:&quot;&quot;,&quot;focal_length&quot;:&quot;0&quot;,&quot;iso&quot;:&quot;0&quot;,&quot;shutter_speed&quot;:&quot;0&quot;,&quot;title&quot;:&quot;&quot;,&quot;orientation&quot;:&quot;0&quot;}\" data-image-title=\"201707166239\" data-image-description=\"\" data-image-caption=\"&lt;p&gt;Siliusbrunnen Dienheim &amp;#8211; Bild Nr. 201707166239&lt;\/p&gt;\n\" data-large-file=\"https:\/\/i0.wp.com\/georg-dahlhoff.de\/wp\/wp-content\/uploads\/2010\/12\/201707166239.jpg?fit=600%2C400&amp;ssl=1\" class=\"size-large wp-image-26447\" src=\"https:\/\/i0.wp.com\/georg-dahlhoff.de\/wp\/wp-content\/uploads\/2010\/12\/201707166239.jpg?resize=600%2C400&#038;ssl=1\" alt=\"\" width=\"600\" height=\"400\" srcset=\"https:\/\/i0.wp.com\/georg-dahlhoff.de\/wp\/wp-content\/uploads\/2010\/12\/201707166239.jpg?resize=600%2C400&amp;ssl=1 600w, https:\/\/i0.wp.com\/georg-dahlhoff.de\/wp\/wp-content\/uploads\/2010\/12\/201707166239.jpg?resize=300%2C200&amp;ssl=1 300w, https:\/\/i0.wp.com\/georg-dahlhoff.de\/wp\/wp-content\/uploads\/2010\/12\/201707166239.jpg?resize=768%2C512&amp;ssl=1 768w, https:\/\/i0.wp.com\/georg-dahlhoff.de\/wp\/wp-content\/uploads\/2010\/12\/201707166239.jpg?w=1500&amp;ssl=1 1500w\" sizes=\"auto, (max-width: 600px) 100vw, 600px\" \/><\/a><figcaption id=\"caption-attachment-26447\" class=\"wp-caption-text\">Siliusbrunnen Dienheim &#8211; Bild Nr. 201707166239<\/figcaption><\/figure>\n<p style=\"text-align: center;\">Der Siliusbrunnen befindet sich au\u00dferhalb des Ortes am Rheinterrassenweg.<\/p>\n<p style=\"text-align: center;\">\u2026<\/p>\n<p style=\"text-align: center;\"><em>F<\/em><em>\u00fcr die Fotografien gilt das Urheberrecht! Jegliche Verwendung des Bildmaterials ohne Genehmigung des Fotografen ist untersagt. Informationen zum Erwerb von Ver\u00f6ffentlichungsrechten finden Sie\u00a0<a title=\"Ver\u00f6ffentlichungsrechte\" href=\"https:\/\/georg-dahlhoff.de\/wp\/?page_id=11938\">hier<\/a>.<\/em><\/p>\n","protected":false},"excerpt":{"rendered":"<p>Gemeinde Dienheim, Verbandsgemeinde Rhein-Selz, ca. 2280 Einwohner http:\/\/www.dienheim.de\/ Die Gemeinde Dienheim schlie\u00dft sich unmittelbar an die Stadt Oppenheim an und ist vom Rheinterrassenweg aus kaum von Oppenheim abzugrenzen. In den [&hellip;]<\/p>\n","protected":false},"author":1,"featured_media":26443,"parent":0,"menu_order":2,"comment_status":"closed","ping_status":"closed","template":"","meta":{"jetpack_post_was_ever_published":false,"footnotes":""},"class_list":["post-867","page","type-page","status-publish","has-post-thumbnail","hentry"],"jetpack_shortlink":"https:\/\/wp.me\/P8MzOO-dZ","jetpack-related-posts":[],"jetpack_likes_enabled":true,"jetpack_sharing_enabled":true,"_links":{"self":[{"href":"https:\/\/georg-dahlhoff.de\/wp\/index.php?rest_route=\/wp\/v2\/pages\/867","targetHints":{"allow":["GET"]}}],"collection":[{"href":"https:\/\/georg-dahlhoff.de\/wp\/index.php?rest_route=\/wp\/v2\/pages"}],"about":[{"href":"https:\/\/georg-dahlhoff.de\/wp\/index.php?rest_route=\/wp\/v2\/types\/page"}],"author":[{"embeddable":true,"href":"https:\/\/georg-dahlhoff.de\/wp\/index.php?rest_route=\/wp\/v2\/users\/1"}],"replies":[{"embeddable":true,"href":"https:\/\/georg-dahlhoff.de\/wp\/index.php?rest_route=%2Fwp%2Fv2%2Fcomments&post=867"}],"version-history":[{"count":5,"href":"https:\/\/georg-dahlhoff.de\/wp\/index.php?rest_route=\/wp\/v2\/pages\/867\/revisions"}],"predecessor-version":[{"id":26942,"href":"https:\/\/georg-dahlhoff.de\/wp\/index.php?rest_route=\/wp\/v2\/pages\/867\/revisions\/26942"}],"wp:featuredmedia":[{"embeddable":true,"href":"https:\/\/georg-dahlhoff.de\/wp\/index.php?rest_route=\/wp\/v2\/media\/26443"}],"wp:attachment":[{"href":"https:\/\/georg-dahlhoff.de\/wp\/index.php?rest_route=%2Fwp%2Fv2%2Fmedia&parent=867"}],"curies":[{"name":"wp","href":"https:\/\/api.w.org\/{rel}","templated":true}]}}