{"id":840,"date":"2010-12-01T19:54:33","date_gmt":"2010-12-01T18:54:33","guid":{"rendered":"http:\/\/georg-dahlhoff.de\/blog\/"},"modified":"2018-02-15T17:59:10","modified_gmt":"2018-02-15T16:59:10","slug":"budenheim","status":"publish","type":"page","link":"https:\/\/georg-dahlhoff.de\/wp\/?page_id=840","title":{"rendered":"Budenheim"},"content":{"rendered":"<p style=\"text-align: center;\"><a href=\"https:\/\/georg-dahlhoff.de\/wp\/?page_id=11740\"><img data-recalc-dims=\"1\" loading=\"lazy\" decoding=\"async\" data-attachment-id=\"26915\" data-permalink=\"https:\/\/georg-dahlhoff.de\/wp\/?attachment_id=26915\" data-orig-file=\"https:\/\/i0.wp.com\/georg-dahlhoff.de\/wp\/wp-content\/uploads\/2018\/02\/Fotosammlung_MZ-BIN.jpg?fit=623%2C80&amp;ssl=1\" data-orig-size=\"623,80\" data-comments-opened=\"1\" data-image-meta=\"{&quot;aperture&quot;:&quot;0&quot;,&quot;credit&quot;:&quot;&quot;,&quot;camera&quot;:&quot;&quot;,&quot;caption&quot;:&quot;&quot;,&quot;created_timestamp&quot;:&quot;0&quot;,&quot;copyright&quot;:&quot;&quot;,&quot;focal_length&quot;:&quot;0&quot;,&quot;iso&quot;:&quot;0&quot;,&quot;shutter_speed&quot;:&quot;0&quot;,&quot;title&quot;:&quot;&quot;,&quot;orientation&quot;:&quot;1&quot;}\" data-image-title=\"Fotosammlung_MZ-BIN\" data-image-description=\"\" data-image-caption=\"\" data-large-file=\"https:\/\/i0.wp.com\/georg-dahlhoff.de\/wp\/wp-content\/uploads\/2018\/02\/Fotosammlung_MZ-BIN.jpg?fit=600%2C77&amp;ssl=1\" class=\"aligncenter size-large wp-image-26915\" src=\"https:\/\/i0.wp.com\/georg-dahlhoff.de\/wp\/wp-content\/uploads\/2018\/02\/Fotosammlung_MZ-BIN.jpg?resize=600%2C77&#038;ssl=1\" alt=\"\" width=\"600\" height=\"77\" srcset=\"https:\/\/i0.wp.com\/georg-dahlhoff.de\/wp\/wp-content\/uploads\/2018\/02\/Fotosammlung_MZ-BIN.jpg?resize=600%2C77&amp;ssl=1 600w, https:\/\/i0.wp.com\/georg-dahlhoff.de\/wp\/wp-content\/uploads\/2018\/02\/Fotosammlung_MZ-BIN.jpg?resize=300%2C39&amp;ssl=1 300w, https:\/\/i0.wp.com\/georg-dahlhoff.de\/wp\/wp-content\/uploads\/2018\/02\/Fotosammlung_MZ-BIN.jpg?w=623&amp;ssl=1 623w\" sizes=\"auto, (max-width: 600px) 100vw, 600px\" \/><\/a><\/p>\n<p style=\"text-align: center;\"><strong>Gemeinde Budenheim<\/strong>,\u00a0Kreisangeh\u00f6rige verbandsfreie Gemeinde , ca. 8.700 Einwohner <a href=\"http:\/\/www.budenheim.de\/\" target=\"_blank\" rel=\"noopener\">http:\/\/www.budenheim.de\/<\/a><\/p>\n<figure id=\"attachment_850\" aria-describedby=\"caption-attachment-850\" style=\"width: 221px\" class=\"wp-caption aligncenter\"><a href=\"https:\/\/i0.wp.com\/georg-dahlhoff.de\/blog\/wp-content\/uploads\/2010\/12\/200506174327-bud.jpg\" target=\"_blank\" rel=\"noopener\"><img data-recalc-dims=\"1\" loading=\"lazy\" decoding=\"async\" class=\"size-medium wp-image-850\" title=\"200506174327 - Budenheim: Industrie\" src=\"https:\/\/i0.wp.com\/georg-dahlhoff.de\/blog\/wp-content\/uploads\/2010\/12\/200506174327-bud-221x300.jpg?resize=221%2C300\" alt=\"\" width=\"221\" height=\"300\" \/><\/a><figcaption id=\"caption-attachment-850\" class=\"wp-caption-text\">Budenheim: Industrie &#8211; Bild Nr. 200506174327<\/figcaption><\/figure>\n<p style=\"text-align: center;\">Budenheim &#8211; Ein Industriedorf? Ganz gewiss unterscheidet sich Budenheim wesentlich von anderen rheinhessischen Gemeinden. In fr\u00fcheren Zeiten war die noch kleine Gemeinde landwirtschaftlich gepr\u00e4gt. Der Obstanbau \u00fcberwog hierbei. Der Bau neuer Verkehrswege (Eisenbahn) und die sich ausweitenden Industrieanlagen in Mainz-Mombach beg\u00fcnstigten auch in Budenheim die Ansiedling von Industriebetrieben, die der Gemeinde ein gro\u00dfes Wachstum bescherten. Es ist ein Ort der auf Grund seiner Lage und der vielen Arbeitspl\u00e4tze ein hohes Ma\u00df an Lebensqualit\u00e4t bietet. Im Bild ist die <strong>Chemische Fabrik Budenheim<\/strong> zu sehen. Sie ist der gr\u00f6\u00dfte Arbeitgeber vor Ort.<\/p>\n<figure id=\"attachment_851\" aria-describedby=\"caption-attachment-851\" style=\"width: 300px\" class=\"wp-caption aligncenter\"><a href=\"https:\/\/i0.wp.com\/georg-dahlhoff.de\/blog\/wp-content\/uploads\/2010\/12\/200306174313-bud.jpg\" target=\"_blank\" rel=\"noopener\"><img data-recalc-dims=\"1\" loading=\"lazy\" decoding=\"async\" class=\"size-medium wp-image-851\" title=\"200306174313 - Budenheim: Evangelische Kirche\" src=\"https:\/\/i0.wp.com\/georg-dahlhoff.de\/blog\/wp-content\/uploads\/2010\/12\/200306174313-bud-300x225.jpg?resize=300%2C225\" alt=\"\" width=\"300\" height=\"225\" \/><\/a><figcaption id=\"caption-attachment-851\" class=\"wp-caption-text\">Budenheim: Evangelische Kirche &#8211; Bild Nr. 200306174313<\/figcaption><\/figure>\n<p style=\"text-align: center;\">Die <strong>Evangelische Kirche<\/strong> wurde 1912-1913 unter der Leitung von Kirchenbaumeister Friedrich P\u00fctzer aus Darmstadt errichtet.<\/p>\n<figure id=\"attachment_852\" aria-describedby=\"caption-attachment-852\" style=\"width: 225px\" class=\"wp-caption aligncenter\"><a href=\"https:\/\/i0.wp.com\/georg-dahlhoff.de\/blog\/wp-content\/uploads\/2010\/12\/200306174322-bud.jpg\" target=\"_blank\" rel=\"noopener\"><img data-recalc-dims=\"1\" loading=\"lazy\" decoding=\"async\" class=\"size-medium wp-image-852\" title=\"200306174322 - Budenheim: St. Pankratius\" src=\"https:\/\/i0.wp.com\/georg-dahlhoff.de\/blog\/wp-content\/uploads\/2010\/12\/200306174322-bud-225x300.jpg?resize=225%2C300\" alt=\"\" width=\"225\" height=\"300\" \/><\/a><figcaption id=\"caption-attachment-852\" class=\"wp-caption-text\">Budenheim: alte Pfarrkirche St. Pankratius<\/figcaption><\/figure>\n<figure id=\"attachment_23590\" aria-describedby=\"caption-attachment-23590\" style=\"width: 387px\" class=\"wp-caption aligncenter\"><a href=\"https:\/\/i0.wp.com\/georg-dahlhoff.de\/wp\/wp-content\/uploads\/2015\/09\/201509132869.jpg?ssl=1\"><img data-recalc-dims=\"1\" loading=\"lazy\" decoding=\"async\" class=\"size-large wp-image-23590\" src=\"https:\/\/i0.wp.com\/georg-dahlhoff.de\/wp\/wp-content\/uploads\/2015\/09\/201509132869.jpg?resize=387%2C580&#038;ssl=1\" alt=\"St. Pankratius in Budenheim - Bild Nr. 201509132869\" width=\"387\" height=\"580\" \/><\/a><figcaption id=\"caption-attachment-23590\" class=\"wp-caption-text\">St. Pankratius in Budenheim &#8211; Bild Nr. 201509132869<\/figcaption><\/figure>\n<figure id=\"attachment_23593\" aria-describedby=\"caption-attachment-23593\" style=\"width: 580px\" class=\"wp-caption aligncenter\"><a href=\"https:\/\/i0.wp.com\/georg-dahlhoff.de\/wp\/wp-content\/uploads\/2015\/09\/201509132858.jpg?ssl=1\"><img data-recalc-dims=\"1\" loading=\"lazy\" decoding=\"async\" class=\"size-large wp-image-23593\" src=\"https:\/\/i0.wp.com\/georg-dahlhoff.de\/wp\/wp-content\/uploads\/2015\/09\/201509132858.jpg?resize=580%2C387&#038;ssl=1\" alt=\"Empore mit der original Kohlhaas-Orgel von 1747 - Bild Nr. 201509132858\" width=\"580\" height=\"387\" \/><\/a><figcaption id=\"caption-attachment-23593\" class=\"wp-caption-text\">Empore mit der original Kohlhaas-Orgel von 1747 &#8211; Bild Nr. 201509132858<\/figcaption><\/figure>\n<p style=\"text-align: center;\">Die <strong>alte katholische Pfarrkirche St. Pankratrius<\/strong> wurde 1734 erbaut und erhielt um 1840 im Inneren die gotischen Gew\u00f6lbe.\u00a0Seit 1971 fand hier kein kirchliches Leben mehr statt, nachdem erhebliche Kosten f\u00fcr Renovierung drohten und bereits eine neue Kirche gebaut wurde. Das Geb\u00e4ude diente danach als K\u00fcnstlerwerkstatt. Nachdem auch diese Nutzung beendet war, und unklar war was mit der Kirche geschehen sollte, gr\u00fcndete sich ein F\u00f6rderverein, der sich zur Aufnahme gemacht hat, die Kirche wieder so herzurichten, dass sie f\u00fcr Gottesdienst und Feiern wieder nutzbar wurde. Die Kirche wurde von Grund auf saniert und im November 2009 fertig gestellt. Auch die urspr\u00fcngliche Kohlhaas-Orgel, die in der Zwischezeit in Mainz ihren Dienst tat, ist wieder an ihrem Platz.<\/p>\n<figure id=\"attachment_853\" aria-describedby=\"caption-attachment-853\" style=\"width: 300px\" class=\"wp-caption aligncenter\"><a href=\"https:\/\/i0.wp.com\/georg-dahlhoff.de\/blog\/wp-content\/uploads\/2010\/12\/200306174323-bud.jpg\" target=\"_blank\" rel=\"noopener\"><img data-recalc-dims=\"1\" loading=\"lazy\" decoding=\"async\" class=\"size-medium wp-image-853\" title=\"200306174323 - Budenheim: Ehemaliges Rathaus\" src=\"https:\/\/i0.wp.com\/georg-dahlhoff.de\/blog\/wp-content\/uploads\/2010\/12\/200306174323-bud-300x225.jpg?resize=300%2C225\" alt=\"\" width=\"300\" height=\"225\" \/><\/a><figcaption id=\"caption-attachment-853\" class=\"wp-caption-text\">Budenheim: Ehemaliges Rathaus &#8211; Bild Nr. 200306174323<\/figcaption><\/figure>\n<figure id=\"attachment_2221\" aria-describedby=\"caption-attachment-2221\" style=\"width: 300px\" class=\"wp-caption aligncenter\"><a href=\"https:\/\/i0.wp.com\/georg-dahlhoff.de\/blog\/wp-content\/uploads\/2011\/01\/200308165178-bud.jpg\"><img data-recalc-dims=\"1\" loading=\"lazy\" decoding=\"async\" class=\"size-medium wp-image-2221\" title=\"200308165178 - Budenheim: Schloss Waldthausen\" src=\"https:\/\/i0.wp.com\/georg-dahlhoff.de\/blog\/wp-content\/uploads\/2011\/01\/200308165178-bud-300x236.jpg?resize=300%2C236\" alt=\"\" width=\"300\" height=\"236\" \/><\/a><figcaption id=\"caption-attachment-2221\" class=\"wp-caption-text\">Budenheim: Schloss Waldthausen &#8211; Bild Nr. 200308165178<\/figcaption><\/figure>\n<p style=\"text-align: center;\">Schon vom Rheingau aus sichtbar ragt der Turm von <strong>Schloss Waldthausen<\/strong> bei Budenheim \u00fcber die Wipfel der gro\u00dfen alten Kiefern des Lennebergwaldes hinaus. Um das imposante von 1908 bis 1910 gebaute Schloss mit seinen Parkanlagen als Ganzes zu sehen muss man schon in den Lennebergwald hineingehen, denn das Gel\u00e4nde ist von keiner Stra\u00dfe aus einsehbar. In dem Schloss ist heute die Sparkassenakademie von Rheinland-Pfalz zuhause. Die Parkanlagen stehen der \u00d6ffentlichkeit als Naherholungsgebiet zur Verf\u00fcgung.<\/p>\n<p style=\"text-align: center;\">Ausf\u00fchrliche Informationen zur Geschichte des Schlosses erhalten Sie\u00a0<a href=\"http:\/\/www.rheingau-genealogie.de\/lenne.htm\" target=\"_blank\" rel=\"noopener\">hier<\/a>.<\/p>\n<figure id=\"attachment_856\" aria-describedby=\"caption-attachment-856\" style=\"width: 225px\" class=\"wp-caption aligncenter\"><a href=\"https:\/\/i0.wp.com\/georg-dahlhoff.de\/blog\/wp-content\/uploads\/2010\/12\/200308165167-bud.jpg\" target=\"_blank\" rel=\"noopener\"><img data-recalc-dims=\"1\" loading=\"lazy\" decoding=\"async\" class=\"size-medium wp-image-856\" title=\"200308165167 - Budenheim: Lennebergturm\" src=\"https:\/\/i0.wp.com\/georg-dahlhoff.de\/blog\/wp-content\/uploads\/2010\/12\/200308165167-bud-225x300.jpg?resize=225%2C300\" alt=\"\" width=\"225\" height=\"300\" \/><\/a><figcaption id=\"caption-attachment-856\" class=\"wp-caption-text\">Budenheim: Lennebergturm &#8211; Bild Nr. 200308165167<\/figcaption><\/figure>\n<p style=\"text-align: center;\">Unweit von Schloss Waldthausen befindet sich der 1880 errichtete und 2001 renovierte <strong>Lennebergturm<\/strong>. Er ist ein beliebtes Ausflugsziel an hochgelegener Stelle mitten im Lennebergwald.<\/p>\n<figure id=\"attachment_857\" aria-describedby=\"caption-attachment-857\" style=\"width: 300px\" class=\"wp-caption aligncenter\"><a href=\"https:\/\/i0.wp.com\/georg-dahlhoff.de\/blog\/wp-content\/uploads\/2010\/12\/200305204906-bud.jpg\" target=\"_blank\" rel=\"noopener\"><img data-recalc-dims=\"1\" loading=\"lazy\" decoding=\"async\" class=\"size-medium wp-image-857\" title=\"200305204906 - Lennebergwald\" src=\"https:\/\/i0.wp.com\/georg-dahlhoff.de\/blog\/wp-content\/uploads\/2010\/12\/200305204906-bud-300x300.jpg?resize=300%2C300\" alt=\"\" width=\"300\" height=\"300\" \/><\/a><figcaption id=\"caption-attachment-857\" class=\"wp-caption-text\">Lennebergwald &#8211; Bild Nr. 200305204906<\/figcaption><\/figure>\n<p style=\"text-align: center;\">Der <strong>Lennebergwald<\/strong> ist ein beliebtes Naherholungsgebiet das sich die Gemeinde Budenheim und die Mainzer Stadtteile Mombach, Gonsenheim und Finthen teilen. Typisch f\u00fcr W\u00e4lder mit sandigem Boden sind die gro\u00dfen alten Kiefern mit ihren flachen Kronen. Auf dem Bild sind drei dieser riesigen B\u00e4ume zu sehen, die aus der Vielfalt kleinerer Gew\u00e4chse herausragen.<\/p>\n<figure id=\"attachment_858\" aria-describedby=\"caption-attachment-858\" style=\"width: 300px\" class=\"wp-caption aligncenter\"><a href=\"https:\/\/i0.wp.com\/georg-dahlhoff.de\/blog\/wp-content\/uploads\/2010\/12\/200308235269-bud.jpg\" target=\"_blank\" rel=\"noopener\"><img data-recalc-dims=\"1\" loading=\"lazy\" decoding=\"async\" class=\"size-medium wp-image-858\" title=\"200308235269 - Budenheim: Schiffsanleger\" src=\"https:\/\/i0.wp.com\/georg-dahlhoff.de\/blog\/wp-content\/uploads\/2010\/12\/200308235269-bud-300x225.jpg?resize=300%2C225\" alt=\"\" width=\"300\" height=\"225\" \/><\/a><figcaption id=\"caption-attachment-858\" class=\"wp-caption-text\">Budenheim: Schiffsanleger &#8211; Bild Nr. 200308235269<\/figcaption><\/figure>\n<p style=\"text-align: center;\">An der Chemischen Fabrik vorbei kommt man zu der Anlegestelle der Fahrgastschiffe &#8222;M\u00f6we&#8220; und &#8222;Libelle&#8220; die Charter- und Ausflugsfahrten anbieten. Dahinter befi<br \/>\nndet sich ein kleiner Sandstrand. Ab hier beginnt auch ein langer Wanderweg bis nach Bingen entlang den Rheinauen, durch Auw\u00e4lder und Naturschutzgebiete.<\/p>\n<figure id=\"attachment_859\" aria-describedby=\"caption-attachment-859\" style=\"width: 300px\" class=\"wp-caption aligncenter\"><a href=\"https:\/\/i0.wp.com\/georg-dahlhoff.de\/blog\/wp-content\/uploads\/2010\/12\/200308235272-bud.jpg\" target=\"_blank\" rel=\"noopener\"><img data-recalc-dims=\"1\" loading=\"lazy\" decoding=\"async\" class=\"size-medium wp-image-859\" title=\"200308235272 Budenheim: Wald am Rheinufer\" src=\"https:\/\/i0.wp.com\/georg-dahlhoff.de\/blog\/wp-content\/uploads\/2010\/12\/200308235272-bud-300x225.jpg?resize=300%2C225\" alt=\"\" width=\"300\" height=\"225\" \/><\/a><figcaption id=\"caption-attachment-859\" class=\"wp-caption-text\">Budenheim: Auwald am Rheinufer &#8211; Bild Nr. 200308235272<\/figcaption><\/figure>\n<p style=\"text-align: center;\">Direkt hinter der Anlegestelle bei der Chemischen Fabrik Budenheim beginnt ein urw\u00fcchsiger Auwald in dem man sofort vergisst, dass man gerade noch in der N\u00e4he einer Industrieanlage war. Alte B\u00e4ume oder deren \u00dcberreste sind allesamt echte Giganten.<\/p>\n<p style=\"text-align: center;\">Hier im Blog gibt es <a href=\"https:\/\/georg-dahlhoff.de\/wp\/?p=26459\">weitere Bilder des Budenheimes Urwalds<\/a> aus dem Jahr 2017.<\/p>\n<p style=\"text-align: center;\">\u2026<\/p>\n<p style=\"text-align: center;\">F<em>\u00fcr die Fotografien gilt das Urheberrecht! Jegliche Verwendung des Bildmaterials ohne Genehmigung des Fotografen ist untersagt. Informationen zum Erwerb von Ver\u00f6ffentlichungsrechten finden Sie\u00a0<a title=\"Ver\u00f6ffenlichungsrechte\" href=\"https:\/\/georg-dahlhoff.de\/wp\/?page_id=11938\">hier<\/a>.<\/em><\/p>\n","protected":false},"excerpt":{"rendered":"<p>Gemeinde Budenheim,\u00a0Kreisangeh\u00f6rige verbandsfreie Gemeinde , ca. 8.700 Einwohner http:\/\/www.budenheim.de\/ Budenheim &#8211; Ein Industriedorf? Ganz gewiss unterscheidet sich Budenheim wesentlich von anderen rheinhessischen Gemeinden. In fr\u00fcheren Zeiten war die noch kleine [&hellip;]<\/p>\n","protected":false},"author":1,"featured_media":0,"parent":0,"menu_order":9,"comment_status":"closed","ping_status":"open","template":"","meta":{"jetpack_post_was_ever_published":false,"footnotes":""},"class_list":["post-840","page","type-page","status-publish","hentry"],"jetpack_shortlink":"https:\/\/wp.me\/P8MzOO-dy","jetpack-related-posts":[],"jetpack_likes_enabled":true,"jetpack_sharing_enabled":true,"_links":{"self":[{"href":"https:\/\/georg-dahlhoff.de\/wp\/index.php?rest_route=\/wp\/v2\/pages\/840","targetHints":{"allow":["GET"]}}],"collection":[{"href":"https:\/\/georg-dahlhoff.de\/wp\/index.php?rest_route=\/wp\/v2\/pages"}],"about":[{"href":"https:\/\/georg-dahlhoff.de\/wp\/index.php?rest_route=\/wp\/v2\/types\/page"}],"author":[{"embeddable":true,"href":"https:\/\/georg-dahlhoff.de\/wp\/index.php?rest_route=\/wp\/v2\/users\/1"}],"replies":[{"embeddable":true,"href":"https:\/\/georg-dahlhoff.de\/wp\/index.php?rest_route=%2Fwp%2Fv2%2Fcomments&post=840"}],"version-history":[{"count":2,"href":"https:\/\/georg-dahlhoff.de\/wp\/index.php?rest_route=\/wp\/v2\/pages\/840\/revisions"}],"predecessor-version":[{"id":26937,"href":"https:\/\/georg-dahlhoff.de\/wp\/index.php?rest_route=\/wp\/v2\/pages\/840\/revisions\/26937"}],"wp:attachment":[{"href":"https:\/\/georg-dahlhoff.de\/wp\/index.php?rest_route=%2Fwp%2Fv2%2Fmedia&parent=840"}],"curies":[{"name":"wp","href":"https:\/\/api.w.org\/{rel}","templated":true}]}}