{"id":824,"date":"2010-12-01T19:19:57","date_gmt":"2010-12-01T18:19:57","guid":{"rendered":"http:\/\/georg-dahlhoff.de\/blog\/"},"modified":"2018-02-15T17:58:05","modified_gmt":"2018-02-15T16:58:05","slug":"breitscheid","status":"publish","type":"page","link":"https:\/\/georg-dahlhoff.de\/wp\/?page_id=824","title":{"rendered":"Breitscheid"},"content":{"rendered":"<p style=\"text-align: center;\"><a href=\"https:\/\/georg-dahlhoff.de\/wp\/?page_id=11740\"><img data-recalc-dims=\"1\" loading=\"lazy\" decoding=\"async\" data-attachment-id=\"26915\" data-permalink=\"https:\/\/georg-dahlhoff.de\/wp\/?attachment_id=26915\" data-orig-file=\"https:\/\/i0.wp.com\/georg-dahlhoff.de\/wp\/wp-content\/uploads\/2018\/02\/Fotosammlung_MZ-BIN.jpg?fit=623%2C80&amp;ssl=1\" data-orig-size=\"623,80\" data-comments-opened=\"1\" data-image-meta=\"{&quot;aperture&quot;:&quot;0&quot;,&quot;credit&quot;:&quot;&quot;,&quot;camera&quot;:&quot;&quot;,&quot;caption&quot;:&quot;&quot;,&quot;created_timestamp&quot;:&quot;0&quot;,&quot;copyright&quot;:&quot;&quot;,&quot;focal_length&quot;:&quot;0&quot;,&quot;iso&quot;:&quot;0&quot;,&quot;shutter_speed&quot;:&quot;0&quot;,&quot;title&quot;:&quot;&quot;,&quot;orientation&quot;:&quot;1&quot;}\" data-image-title=\"Fotosammlung_MZ-BIN\" data-image-description=\"\" data-image-caption=\"\" data-large-file=\"https:\/\/i0.wp.com\/georg-dahlhoff.de\/wp\/wp-content\/uploads\/2018\/02\/Fotosammlung_MZ-BIN.jpg?fit=600%2C77&amp;ssl=1\" class=\"aligncenter size-large wp-image-26915\" src=\"https:\/\/i0.wp.com\/georg-dahlhoff.de\/wp\/wp-content\/uploads\/2018\/02\/Fotosammlung_MZ-BIN.jpg?resize=600%2C77&#038;ssl=1\" alt=\"\" width=\"600\" height=\"77\" srcset=\"https:\/\/i0.wp.com\/georg-dahlhoff.de\/wp\/wp-content\/uploads\/2018\/02\/Fotosammlung_MZ-BIN.jpg?resize=600%2C77&amp;ssl=1 600w, https:\/\/i0.wp.com\/georg-dahlhoff.de\/wp\/wp-content\/uploads\/2018\/02\/Fotosammlung_MZ-BIN.jpg?resize=300%2C39&amp;ssl=1 300w, https:\/\/i0.wp.com\/georg-dahlhoff.de\/wp\/wp-content\/uploads\/2018\/02\/Fotosammlung_MZ-BIN.jpg?w=623&amp;ssl=1 623w\" sizes=\"auto, (max-width: 600px) 100vw, 600px\" \/><\/a><\/p>\n<p style=\"text-align: center;\"><strong>Breitscheid im Hunsr\u00fcck<\/strong>, Verbandsgemeinde Rhein-Nahe, ca. 160 Einwohner<br \/>\nBreitscheid ist die kleinste Gemeinde des Landkreises Mainz-Bingen.<\/p>\n<figure id=\"attachment_825\" aria-describedby=\"caption-attachment-825\" style=\"width: 300px\" class=\"wp-caption aligncenter\"><a href=\"https:\/\/i0.wp.com\/georg-dahlhoff.de\/blog\/wp-content\/uploads\/2010\/12\/200404300030-bre.jpg\" target=\"_blank\"><img data-recalc-dims=\"1\" loading=\"lazy\" decoding=\"async\" class=\"size-medium wp-image-825\" title=\"200404300030 - Breitscheid\" src=\"https:\/\/i0.wp.com\/georg-dahlhoff.de\/blog\/wp-content\/uploads\/2010\/12\/200404300030-bre-300x225.jpg?resize=300%2C225\" alt=\"\" width=\"300\" height=\"225\" \/><\/a><figcaption id=\"caption-attachment-825\" class=\"wp-caption-text\">Breitscheid &#8211; 200404300030<\/figcaption><\/figure>\n<p style=\"text-align: center;\">An einer kleinen Kreisstra\u00dfe von Bacharach nach Rheinb\u00f6llen liegt Breitscheid im Hunsr\u00fcck. Es ist sehr ruhig hier und die Luft auf den H\u00f6hen des Hunsr\u00fcck ist frisch und klar. Durchgangsverkehr und Tourismus? &#8211; Das gibt es hier nicht. Hier herrscht noch Beschaulichkeit. Das kleinste Dorf im Landkreis Mainz-Bingen ist nur wenigen bekannt. Gelegentlich kommen hier mal Wanderer vorbei.<\/p>\n<figure id=\"attachment_826\" aria-describedby=\"caption-attachment-826\" style=\"width: 300px\" class=\"wp-caption aligncenter\"><a href=\"https:\/\/i0.wp.com\/georg-dahlhoff.de\/blog\/wp-content\/uploads\/2010\/12\/200504300028-bre.jpg\" target=\"_blank\"><img data-recalc-dims=\"1\" loading=\"lazy\" decoding=\"async\" class=\"size-medium wp-image-826 \" title=\"200404300028 - Breitscheid\" src=\"https:\/\/i0.wp.com\/georg-dahlhoff.de\/blog\/wp-content\/uploads\/2010\/12\/200504300028-bre-300x225.jpg?resize=300%2C225\" alt=\"\" width=\"300\" height=\"225\" \/><\/a><figcaption id=\"caption-attachment-826\" class=\"wp-caption-text\">Breitscheid &#8211; 200404300028<\/figcaption><\/figure>\n<p style=\"text-align: center;\">Das Besondere an Breitscheid ist seine Lage auf 430 m H\u00f6he inmitten einer besonders im Fr\u00fchjahr und Sommer wunderbaren Hunsr\u00fccklandschaft. Die Gemeinde nimmt innerhalb des vorwiegend rheinhessisch gepr\u00e4gten Landkreises als typisches kleines Hunsr\u00fcckdorf eine besondere Stellung ein. Hier wird kein Wein angebaut und auch das Klima ist schon viel rauher. Wer hier aber Ruhe sucht, der wird sie finden, denn die Hauptverkehrsadern, sowohl der Rhein mit seinen 2 Bundesstra\u00dfen und den Eisenbahntrassen, als auch die Autobahn A61 sind weit genug entfernt.<\/p>\n<figure id=\"attachment_827\" aria-describedby=\"caption-attachment-827\" style=\"width: 300px\" class=\"wp-caption aligncenter\"><a href=\"https:\/\/i0.wp.com\/georg-dahlhoff.de\/blog\/wp-content\/uploads\/2010\/12\/200404300027-bre.jpg\" target=\"_blank\"><img data-recalc-dims=\"1\" loading=\"lazy\" decoding=\"async\" class=\"size-medium wp-image-827 \" title=\"200404300027 - Breitscheid\" src=\"https:\/\/i0.wp.com\/georg-dahlhoff.de\/blog\/wp-content\/uploads\/2010\/12\/200404300027-bre-300x225.jpg?resize=300%2C225\" alt=\"\" width=\"300\" height=\"225\" \/><\/a><figcaption id=\"caption-attachment-827\" class=\"wp-caption-text\">Breitscheid &#8211; 200404300027<\/figcaption><\/figure>\n<p style=\"text-align: center;\">\u00dcber Rapsfelder hinweg geht der Blick in den Nachbarort Perscheid im Rhein-Hunsr\u00fcck-Kreis (SIM). Weitl\u00e4ufige Hochebenen, wie hier im Bild, sind typisch f\u00fcr den Hunsr\u00fcck.<\/p>\n<figure id=\"attachment_828\" aria-describedby=\"caption-attachment-828\" style=\"width: 261px\" class=\"wp-caption aligncenter\"><a href=\"https:\/\/i0.wp.com\/georg-dahlhoff.de\/blog\/wp-content\/uploads\/2010\/12\/200309215635-bre.jpg\" target=\"_blank\"><img data-recalc-dims=\"1\" loading=\"lazy\" decoding=\"async\" class=\"size-medium wp-image-828\" title=\"200309215635 - Breitscheid: Kirche\" src=\"https:\/\/i0.wp.com\/georg-dahlhoff.de\/blog\/wp-content\/uploads\/2010\/12\/200309215635-bre-261x300.jpg?resize=261%2C300\" alt=\"\" width=\"261\" height=\"300\" \/><\/a><figcaption id=\"caption-attachment-828\" class=\"wp-caption-text\">Breitscheid: Kirche &#8211; Bild Nr. 200309215635<\/figcaption><\/figure>\n<p style=\"text-align: center;\">In der Mitte des Ortes befindet sich die Kirche von Breitscheid.<\/p>\n<figure id=\"attachment_829\" aria-describedby=\"caption-attachment-829\" style=\"width: 300px\" class=\"wp-caption aligncenter\"><a href=\"https:\/\/i0.wp.com\/georg-dahlhoff.de\/blog\/wp-content\/uploads\/2010\/12\/2000309215636-bre.jpg\" target=\"_blank\"><img data-recalc-dims=\"1\" loading=\"lazy\" decoding=\"async\" class=\"size-medium wp-image-829\" title=\"2000309215636 - Breitscheid: Dorfbrunnen\" src=\"https:\/\/i0.wp.com\/georg-dahlhoff.de\/blog\/wp-content\/uploads\/2010\/12\/2000309215636-bre-300x300.jpg?resize=300%2C300\" alt=\"\" width=\"300\" height=\"300\" \/><\/a><figcaption id=\"caption-attachment-829\" class=\"wp-caption-text\">Breitscheid: Dorfbrunnen &#8211; Bild Nr. 2000309215636<\/figcaption><\/figure>\n<p style=\"text-align: center;\">Der Dorfbrunnen bildet zusammen mit der Kirche den Mittelpunkt des Ortes.<\/p>\n<figure id=\"attachment_830\" aria-describedby=\"caption-attachment-830\" style=\"width: 300px\" class=\"wp-caption aligncenter\"><a href=\"https:\/\/i0.wp.com\/georg-dahlhoff.de\/blog\/wp-content\/uploads\/2010\/12\/200404300036-bre.jpg\" target=\"_blank\"><img data-recalc-dims=\"1\" loading=\"lazy\" decoding=\"async\" class=\"size-medium wp-image-830\" title=\"200404300036 - Breitscheid\" src=\"https:\/\/i0.wp.com\/georg-dahlhoff.de\/blog\/wp-content\/uploads\/2010\/12\/200404300036-bre-300x225.jpg?resize=300%2C225\" alt=\"\" width=\"300\" height=\"225\" \/><\/a><figcaption id=\"caption-attachment-830\" class=\"wp-caption-text\">Breitscheid &#8211; Bild Nr. 200404300036<\/figcaption><\/figure>\n<p style=\"text-align: center;\">In einem Ort mit wenig Durchgangsverkehr k\u00f6nnen die Kinder noch unbek\u00fcmmert spielen, wie hier z.B. am Dorfbrunnen<\/p>\n<figure id=\"attachment_831\" aria-describedby=\"caption-attachment-831\" style=\"width: 225px\" class=\"wp-caption aligncenter\"><a href=\"https:\/\/i0.wp.com\/georg-dahlhoff.de\/blog\/wp-content\/uploads\/2010\/12\/200404300032-bre.jpg\" target=\"_blank\"><img data-recalc-dims=\"1\" loading=\"lazy\" decoding=\"async\" class=\"size-medium wp-image-831\" title=\"200404300032 - Breitscheid: Ehemaliges Backhaus\" src=\"https:\/\/i0.wp.com\/georg-dahlhoff.de\/blog\/wp-content\/uploads\/2010\/12\/200404300032-bre-225x300.jpg?resize=225%2C300\" alt=\"\" width=\"225\" height=\"300\" \/><\/a><figcaption id=\"caption-attachment-831\" class=\"wp-caption-text\">Breitscheid: Ehemaliges Backhaus &#8211; Bild Nr. 200404300032<\/figcaption><\/figure>\n<p style=\"text-align: center;\">Hier ist das fr\u00fchere Backhaus der Gemeinde, der Backes zu sehen. Das Schild neben der Eingangst\u00fcr weist noch auf die ehemelige Bestimmung des Geb\u00e4udes hin.<\/p>\n<figure id=\"attachment_832\" aria-describedby=\"caption-attachment-832\" style=\"width: 300px\" class=\"wp-caption aligncenter\"><a href=\"https:\/\/i0.wp.com\/georg-dahlhoff.de\/blog\/wp-content\/uploads\/2010\/12\/200404300033-bre.jpg\" target=\"_blank\"><img data-recalc-dims=\"1\" loading=\"lazy\" decoding=\"async\" class=\"size-medium wp-image-832\" title=\"200404300033 - Breitscheid\" src=\"https:\/\/i0.wp.com\/georg-dahlhoff.de\/blog\/wp-content\/uploads\/2010\/12\/200404300033-bre-300x225.jpg?resize=300%2C225\" alt=\"\" width=\"300\" height=\"225\" \/><\/a><figcaption id=\"caption-attachment-832\" class=\"wp-caption-text\">Breitscheid &#8211; Bild Nr. 200404300033<\/figcaption><\/figure>\n<p style=\"text-align: center;\">Noch einmal ein Blick von Breitscheid auf die umgebende Landschaft.<\/p>\n<p style=\"text-align: center;\">\u2026<\/p>\n<p style=\"text-align: center;\">F<em>\u00fcr die Fotografien gilt das Urheberrecht! Jegliche Verwendung des Bildmaterials ohne Genehmigung des Fotografen ist untersagt. Informationen zum Erwerb von Ver\u00f6ffentlichungsrechten finden Sie\u00a0<a title=\"Ver\u00f6ffentlichungsrechte\" href=\"https:\/\/georg-dahlhoff.de\/wp\/?page_id=11938\">hier<\/a>.<\/em><\/p>\n","protected":false},"excerpt":{"rendered":"<p>Breitscheid im Hunsr\u00fcck, Verbandsgemeinde Rhein-Nahe, ca. 160 Einwohner Breitscheid ist die kleinste Gemeinde des Landkreises Mainz-Bingen. An einer kleinen Kreisstra\u00dfe von Bacharach nach Rheinb\u00f6llen liegt Breitscheid im Hunsr\u00fcck. Es ist [&hellip;]<\/p>\n","protected":false},"author":1,"featured_media":0,"parent":0,"menu_order":7,"comment_status":"closed","ping_status":"open","template":"","meta":{"jetpack_post_was_ever_published":false,"footnotes":""},"class_list":["post-824","page","type-page","status-publish","hentry"],"jetpack_shortlink":"https:\/\/wp.me\/P8MzOO-di","jetpack-related-posts":[],"jetpack_likes_enabled":true,"jetpack_sharing_enabled":true,"_links":{"self":[{"href":"https:\/\/georg-dahlhoff.de\/wp\/index.php?rest_route=\/wp\/v2\/pages\/824","targetHints":{"allow":["GET"]}}],"collection":[{"href":"https:\/\/georg-dahlhoff.de\/wp\/index.php?rest_route=\/wp\/v2\/pages"}],"about":[{"href":"https:\/\/georg-dahlhoff.de\/wp\/index.php?rest_route=\/wp\/v2\/types\/page"}],"author":[{"embeddable":true,"href":"https:\/\/georg-dahlhoff.de\/wp\/index.php?rest_route=\/wp\/v2\/users\/1"}],"replies":[{"embeddable":true,"href":"https:\/\/georg-dahlhoff.de\/wp\/index.php?rest_route=%2Fwp%2Fv2%2Fcomments&post=824"}],"version-history":[{"count":1,"href":"https:\/\/georg-dahlhoff.de\/wp\/index.php?rest_route=\/wp\/v2\/pages\/824\/revisions"}],"predecessor-version":[{"id":26935,"href":"https:\/\/georg-dahlhoff.de\/wp\/index.php?rest_route=\/wp\/v2\/pages\/824\/revisions\/26935"}],"wp:attachment":[{"href":"https:\/\/georg-dahlhoff.de\/wp\/index.php?rest_route=%2Fwp%2Fv2%2Fmedia&parent=824"}],"curies":[{"name":"wp","href":"https:\/\/api.w.org\/{rel}","templated":true}]}}