{"id":766,"date":"2010-12-01T11:34:56","date_gmt":"2010-12-01T10:34:56","guid":{"rendered":"http:\/\/georg-dahlhoff.de\/blog\/"},"modified":"2022-11-15T14:54:59","modified_gmt":"2022-11-15T13:54:59","slug":"bingen","status":"publish","type":"page","link":"https:\/\/georg-dahlhoff.de\/wp\/?page_id=766","title":{"rendered":"Bingen"},"content":{"rendered":"<p style=\"text-align: center;\"><a href=\"https:\/\/georg-dahlhoff.de\/wp\/?page_id=11740\"><img data-recalc-dims=\"1\" loading=\"lazy\" decoding=\"async\" data-attachment-id=\"26915\" data-permalink=\"https:\/\/georg-dahlhoff.de\/wp\/?attachment_id=26915\" data-orig-file=\"https:\/\/i0.wp.com\/georg-dahlhoff.de\/wp\/wp-content\/uploads\/2018\/02\/Fotosammlung_MZ-BIN.jpg?fit=623%2C80&amp;ssl=1\" data-orig-size=\"623,80\" data-comments-opened=\"1\" data-image-meta=\"{&quot;aperture&quot;:&quot;0&quot;,&quot;credit&quot;:&quot;&quot;,&quot;camera&quot;:&quot;&quot;,&quot;caption&quot;:&quot;&quot;,&quot;created_timestamp&quot;:&quot;0&quot;,&quot;copyright&quot;:&quot;&quot;,&quot;focal_length&quot;:&quot;0&quot;,&quot;iso&quot;:&quot;0&quot;,&quot;shutter_speed&quot;:&quot;0&quot;,&quot;title&quot;:&quot;&quot;,&quot;orientation&quot;:&quot;1&quot;}\" data-image-title=\"Fotosammlung_MZ-BIN\" data-image-description=\"\" data-image-caption=\"\" data-large-file=\"https:\/\/i0.wp.com\/georg-dahlhoff.de\/wp\/wp-content\/uploads\/2018\/02\/Fotosammlung_MZ-BIN.jpg?fit=600%2C77&amp;ssl=1\" class=\"aligncenter size-large wp-image-26915\" src=\"https:\/\/i0.wp.com\/georg-dahlhoff.de\/wp\/wp-content\/uploads\/2018\/02\/Fotosammlung_MZ-BIN.jpg?resize=600%2C77&#038;ssl=1\" alt=\"\" width=\"600\" height=\"77\" srcset=\"https:\/\/i0.wp.com\/georg-dahlhoff.de\/wp\/wp-content\/uploads\/2018\/02\/Fotosammlung_MZ-BIN.jpg?resize=600%2C77&amp;ssl=1 600w, https:\/\/i0.wp.com\/georg-dahlhoff.de\/wp\/wp-content\/uploads\/2018\/02\/Fotosammlung_MZ-BIN.jpg?resize=300%2C39&amp;ssl=1 300w, https:\/\/i0.wp.com\/georg-dahlhoff.de\/wp\/wp-content\/uploads\/2018\/02\/Fotosammlung_MZ-BIN.jpg?w=623&amp;ssl=1 623w\" sizes=\"auto, (max-width: 600px) 100vw, 600px\" \/><\/a><\/p>\n<p style=\"text-align: center;\"><strong>Stadt Bingen am Rhein<\/strong>, Gro\u00dfe kreisangeh\u00f6rige Stadt, ca. 26.000 Einwohner, <a href=\"http:\/\/www.bingen.de\" target=\"_blank\" rel=\"noopener\">http:\/\/www.bingen.de<\/a><\/p>\n<figure id=\"attachment_770\" aria-describedby=\"caption-attachment-770\" style=\"width: 300px\" class=\"wp-caption alignleft\"><a href=\"https:\/\/i0.wp.com\/georg-dahlhoff.de\/blog\/wp-content\/uploads\/2010\/12\/200607100372-bin.jpg\" target=\"_blank\" rel=\"noopener\"><img data-recalc-dims=\"1\" loading=\"lazy\" decoding=\"async\" class=\"size-medium wp-image-770 \" title=\"200607100372 - Bingen am Rhein\" src=\"https:\/\/i0.wp.com\/georg-dahlhoff.de\/blog\/wp-content\/uploads\/2010\/12\/200607100372-bin-300x225.jpg?resize=300%2C225\" alt=\"\" width=\"300\" height=\"225\" \/><\/a><figcaption id=\"caption-attachment-770\" class=\"wp-caption-text\">Bingen am Rhein: Stadtmitte &#8211; Bild Nr. 200607100372<\/figcaption><\/figure>\n<p>Die Stadt Bingen liegt am Zusammenfluss von Rhein und Nahe, geh\u00f6rt sowohl zu Rheinhessen, wie auch zum Weltkulturerbe Oberes Mittelrheintal. Bingen&#8217;s Geschichte reicht ca. 2000 Jahre bis in die Zeit der R\u00f6mer zur\u00fcck. An der Stelle, an der die Burg Klopp heute steht, befand sich einst das Kastell Bingium, um das herum allm\u00e4hlich die Stadt Bingen entstand. Die Drususbr\u00fccke \u00fcber die Nahe, war schon zur damaligen Zeit eine wichtige Querung der Nahe. Somit war Bingen damals bereits ein bedeutender Verkehrsknotenpunkt zu Land und zu Wasser. Im Stadtteil Bingerbr\u00fcck, links der Nahe, gr\u00fcndete im 12. Jahrhundert Hildegard von Bingen das Kloster Rupertsberg. Leider ist von dem ehemaligen Kloster nur noch ein kleines Fragment \u00fcbrig geblieben. Die Anlage musste im 19. Jahrhundert der Eisenbahnlinie \u00a0nach Saarbr\u00fccken weichen. Bingen wurde infolge des Eisenbahnbaus erneut ein wichtiger Verkehrsknoten f\u00fcr den Schienenverkehr mit ausgedehnten Gleisanlagen am Bahnhof Bingerbr\u00fcck (heute Bingen Hauptbahnhof), einem gro\u00dfen Bahnbetriebswerk und Rangierm\u00f6glichkeiten f\u00fcr den G\u00fcterverkehr. Infolge der Elektrifizierung der Bahn, konnte die Eisenbahn-Infrastruktur deutlich verkleinert werden, so dass Bingen seine Stellung als Eisenbahnerstadt verlor.<\/p>\n<figure id=\"attachment_2952\" aria-describedby=\"caption-attachment-2952\" style=\"width: 300px\" class=\"wp-caption alignright\"><a href=\"https:\/\/i0.wp.com\/georg-dahlhoff.de\/blog\/wp-content\/uploads\/2010\/12\/201104231167-1.jpg\"><img data-recalc-dims=\"1\" loading=\"lazy\" decoding=\"async\" class=\"size-medium wp-image-2952\" title=\"201104231167 - Rathaus der Stadt Bingen auf Burg Klopp\" src=\"https:\/\/i0.wp.com\/georg-dahlhoff.de\/blog\/wp-content\/uploads\/2010\/12\/201104231167-1-300x225.jpg?resize=300%2C225\" alt=\"\" width=\"300\" height=\"225\" \/><\/a><figcaption id=\"caption-attachment-2952\" class=\"wp-caption-text\">Rathaus der Stadt Bingen auf Burg Klopp &#8211; Bild Nr. 201104231167<\/figcaption><\/figure>\n<p>\u00dcberhaupt hatte es Bingen nach dem zweiten Weltkrieg nicht leicht. Die Stadt erlitt auf Grund ihrer Bedeutung im Krieg schwere Zerst\u00f6rungen. Der Wiederaufbau war m\u00fchsam, und viele Wiederaufbauten mussten zweckm\u00e4\u00dfig sein, so dass sich das Stadtbild sehr gewandelt hat. Zun\u00e4chst war Bingen wieder eine Eisenbahnerstadt und bis 1969 auch Kreisstadt des ehemaligen Landkreises Bingen. Nachdem die Stadt weder das eine noch das andere war, musste sie sich wieder neu erfinden, was ihr in all den Jahren aber gut gelungen ist. Bingen ist heute Verwaltungssitz der Verbandgemeinde Rhein-Nahe. Seit 1897 gibt es in Bingen die Fachhochschule, die sich damals noch &#8222;Rheinisches Technikum&#8220; nannte. Hier konnte Maschinenbau und Elektrotechnik studiert werden. Heute kann hier neben den klassischen Ingenieurwissenschaften u.a. noch Agrarwissenschaft, Informatik und Umwelttechnik studiert werden.<\/p>\n<p style=\"text-align: Center;\"><script src=\"\/\/pagead2.googlesyndication.com\/pagead\/js\/adsbygoogle.js\" async=\"\" type=\"text\/javascript\"><\/script><!-- mbf-blog --> <ins class=\"adsbygoogle\" style=\"display: inline-block; width: 468px; height: 60px;\" data-ad-client=\"ca-pub-1724874997428610\" data-ad-slot=\"5271556774\"><\/ins><script type=\"text\/javascript\">\/\/ <![CDATA[ (adsbygoogle = window.adsbygoogle || []).push({}); \/\/ ]]><\/script><\/p>\n<p>Die <a href=\"http:\/\/georg-dahlhoff.de\/db\/LGS2008\/index.html\" target=\"_blank\" rel=\"noopener\">Landesgartenschau<\/a> im Jahr 2008 brachte der Stadt eine hohe Attraktivit\u00e4t ein. Durch die Umgestaltung des Rheinufers und der Rheinuferpromenade ist Bingen ein beliebtes Ausflugsziel geworden. Von hier aus bieten sich auch Schiffstouren auf dem Rhein an. Auch der Binger Wald mit seinen Wanderwegen bietet sich Naturfreunden als ausgedehntes Refugium an.<\/p>\n<p style=\"text-align: center;\"><strong><span style=\"text-decoration: underline;\">Sehensw\u00fcrdigkeiten:<\/span><\/strong><\/p>\n<figure id=\"attachment_774\" aria-describedby=\"caption-attachment-774\" style=\"width: 300px\" class=\"wp-caption aligncenter\"><a href=\"https:\/\/i0.wp.com\/georg-dahlhoff.de\/blog\/wp-content\/uploads\/2010\/12\/200409012053-bin.jpg\" target=\"_blank\" rel=\"noopener\"><img data-recalc-dims=\"1\" loading=\"lazy\" decoding=\"async\" class=\"size-medium wp-image-774 \" title=\"200409012053 - Bingen: Burg Klopp\" src=\"https:\/\/i0.wp.com\/georg-dahlhoff.de\/blog\/wp-content\/uploads\/2010\/12\/200409012053-bin-300x225.jpg?resize=300%2C225\" alt=\"\" width=\"300\" height=\"225\" \/><\/a><figcaption id=\"caption-attachment-774\" class=\"wp-caption-text\">Bingen: Burg Klopp &#8211; Bild Nr. 200409012053<\/figcaption><\/figure>\n<figure id=\"attachment_772\" aria-describedby=\"caption-attachment-772\" style=\"width: 300px\" class=\"wp-caption aligncenter\"><a href=\"https:\/\/i0.wp.com\/georg-dahlhoff.de\/blog\/wp-content\/uploads\/2010\/12\/200409012043-bin.jpg\"><img data-recalc-dims=\"1\" loading=\"lazy\" decoding=\"async\" class=\"size-medium wp-image-772 \" title=\"200409012043 - Bingen: Burg Klopp\" src=\"https:\/\/i0.wp.com\/georg-dahlhoff.de\/blog\/wp-content\/uploads\/2010\/12\/200409012043-bin-300x225.jpg?resize=300%2C225\" alt=\"\" width=\"300\" height=\"225\" \/><\/a><figcaption id=\"caption-attachment-772\" class=\"wp-caption-text\">Burg Klopp, Rathaus der Stadt Bingen &#8211; Bild Nr. 200409012043<\/figcaption><\/figure>\n<p style=\"text-align: center;\"><strong>Burg Klopp<\/strong> am westlichen Rand des Rochusberges, mitten in der Stadt ist heute das Rathaus der Stadt Bingen. Im Bergfried befindet sich das <strong>Heimatmuseum<\/strong>.<\/p>\n<figure id=\"attachment_775\" aria-describedby=\"caption-attachment-775\" style=\"width: 300px\" class=\"wp-caption aligncenter\"><a href=\"https:\/\/i0.wp.com\/georg-dahlhoff.de\/blog\/wp-content\/uploads\/2010\/12\/200307134803-bin.jpg\" target=\"_blank\" rel=\"noopener\"><img data-recalc-dims=\"1\" loading=\"lazy\" decoding=\"async\" class=\"size-medium wp-image-775\" title=\"200307134803 - Bingen: Drususbr\u00fccke\" src=\"https:\/\/i0.wp.com\/georg-dahlhoff.de\/blog\/wp-content\/uploads\/2010\/12\/200307134803-bin-300x300.jpg?resize=300%2C300\" alt=\"\" width=\"300\" height=\"300\" \/><\/a><figcaption id=\"caption-attachment-775\" class=\"wp-caption-text\">Bingen: Die Drususbr\u00fccke \u00fcber die Nahe &#8211; Bild Nr. 200307134803<\/figcaption><\/figure>\n<p style=\"text-align: center;\">Die <strong>Drususbr\u00fccke<\/strong>, verdankt ihren Namen dem r\u00f6mischen Feldherren Drusus, der die erste h\u00f6lzerne Br\u00fccke in Bingen \u00fcber die Nahe baute. Die Drususbr\u00fccke ist eine der \u00e4ltesten Steinbr\u00fccken Deutschlands. In den rechten Uferbr\u00fcckenpfeiler ist eine Br\u00fcckenkapelle eingebaut, in der \u00fcber Jahrhunderte hinweg Reisende um einen guten Verlauf ihrer Reise gebetet haben.<\/p>\n<figure id=\"attachment_778\" aria-describedby=\"caption-attachment-778\" style=\"width: 300px\" class=\"wp-caption aligncenter\"><a href=\"https:\/\/i0.wp.com\/georg-dahlhoff.de\/blog\/wp-content\/uploads\/2010\/12\/200805058913-bin.jpg\" target=\"_blank\" rel=\"noopener\"><img data-recalc-dims=\"1\" loading=\"lazy\" decoding=\"async\" class=\"size-medium wp-image-778 \" title=\"200805058913 - Bingen: M\u00e4useturm\" src=\"https:\/\/i0.wp.com\/georg-dahlhoff.de\/blog\/wp-content\/uploads\/2010\/12\/200805058913-bin-300x225.jpg?resize=300%2C225\" alt=\"\" width=\"300\" height=\"225\" \/><\/a><figcaption id=\"caption-attachment-778\" class=\"wp-caption-text\">Bingen: Der M\u00e4useturm und Burgruine Ehrenfels &#8211; Bild Nr. 200805058913<\/figcaption><\/figure>\n<p style=\"text-align: center;\">Die Stadt Bingen hat viele attraktive Wahrzeichen, der <strong>M\u00e4useturm<\/strong> ist sicher das bekannteste. Seine Geschichte ist lang: Schon die R\u00f6mer hatten hier Befestigungsanlagen. Im 13. Jahrhundert bildetet die im Bild oberhalb zu sehende Burg Ehrenfels mit dem M\u00e4useturm eine Einheit als Zoll-Erhebungsstelle. Ab Mitte des 19. Jahrhundert wurde der Turm als Signalturm benutzt. Heute wird er nicht mehr genutzt. Der Turm steht auf einer kleinen Insel, der M\u00e4useturminsel vor den ehemaligen Bahnanlagen des Stadtteils Bingerbr\u00fcck, dem heutigen <strong>Park am M\u00e4useturm. <\/strong>Der M\u00e4useturm bildet zusammen mit <strong>Burg Ehrenfels<\/strong> das s\u00fcdliche Tor des romantischen Mittelrheintales.<\/p>\n<figure id=\"attachment_28819\" aria-describedby=\"caption-attachment-28819\" style=\"width: 429px\" class=\"wp-caption aligncenter\"><a href=\"https:\/\/i0.wp.com\/georg-dahlhoff.de\/wp\/wp-content\/uploads\/2022\/11\/202205222420.jpg?ssl=1\"><img data-recalc-dims=\"1\" loading=\"lazy\" decoding=\"async\" data-attachment-id=\"28819\" data-permalink=\"https:\/\/georg-dahlhoff.de\/wp\/?attachment_id=28819\" data-orig-file=\"https:\/\/i0.wp.com\/georg-dahlhoff.de\/wp\/wp-content\/uploads\/2022\/11\/202205222420.jpg?fit=1500%2C2100&amp;ssl=1\" data-orig-size=\"1500,2100\" data-comments-opened=\"1\" data-image-meta=\"{&quot;aperture&quot;:&quot;0&quot;,&quot;credit&quot;:&quot;&quot;,&quot;camera&quot;:&quot;&quot;,&quot;caption&quot;:&quot;&quot;,&quot;created_timestamp&quot;:&quot;0&quot;,&quot;copyright&quot;:&quot;&quot;,&quot;focal_length&quot;:&quot;0&quot;,&quot;iso&quot;:&quot;0&quot;,&quot;shutter_speed&quot;:&quot;0&quot;,&quot;title&quot;:&quot;&quot;,&quot;orientation&quot;:&quot;0&quot;}\" data-image-title=\"202205222420\" data-image-description=\"&lt;p&gt;Bingen &amp;#8211; Museum am Strom &amp;#8211; ehem. Elektrizit\u00e4tswerk &amp;#8211; Bild Nr. 202205222420&lt;\/p&gt;\n\" data-image-caption=\"&lt;p&gt;Bingen &amp;#8211; Museum am Strom &amp;#8211; ehem. Elektrizit\u00e4tswerk &amp;#8211; Bild Nr. 202205222420&lt;\/p&gt;\n\" data-large-file=\"https:\/\/i0.wp.com\/georg-dahlhoff.de\/wp\/wp-content\/uploads\/2022\/11\/202205222420.jpg?fit=429%2C600&amp;ssl=1\" class=\"size-large wp-image-28819\" src=\"https:\/\/i0.wp.com\/georg-dahlhoff.de\/wp\/wp-content\/uploads\/2022\/11\/202205222420.jpg?resize=429%2C600&#038;ssl=1\" alt=\"\" width=\"429\" height=\"600\" srcset=\"https:\/\/i0.wp.com\/georg-dahlhoff.de\/wp\/wp-content\/uploads\/2022\/11\/202205222420.jpg?resize=429%2C600&amp;ssl=1 429w, https:\/\/i0.wp.com\/georg-dahlhoff.de\/wp\/wp-content\/uploads\/2022\/11\/202205222420.jpg?resize=214%2C300&amp;ssl=1 214w, https:\/\/i0.wp.com\/georg-dahlhoff.de\/wp\/wp-content\/uploads\/2022\/11\/202205222420.jpg?resize=768%2C1075&amp;ssl=1 768w, https:\/\/i0.wp.com\/georg-dahlhoff.de\/wp\/wp-content\/uploads\/2022\/11\/202205222420.jpg?resize=1097%2C1536&amp;ssl=1 1097w, https:\/\/i0.wp.com\/georg-dahlhoff.de\/wp\/wp-content\/uploads\/2022\/11\/202205222420.jpg?resize=1463%2C2048&amp;ssl=1 1463w, https:\/\/i0.wp.com\/georg-dahlhoff.de\/wp\/wp-content\/uploads\/2022\/11\/202205222420.jpg?w=1500&amp;ssl=1 1500w\" sizes=\"auto, (max-width: 429px) 100vw, 429px\" \/><\/a><figcaption id=\"caption-attachment-28819\" class=\"wp-caption-text\">Bingen &#8211; Museum am Strom &#8211; ehem. Elektrizit\u00e4tswerk &#8211; Bild Nr. 202205222420<\/figcaption><\/figure>\n<p style=\"text-align: center;\">Das ehemalige Elektrizit\u00e4tswerk am Rheinufer wurde im Jahr 1898 erbaut. 100 Jahre sp\u00e4ter, im Jahr 1998 wird hier das Regionalmuseum, <strong>Museum am Strom<\/strong>, mit einer sehenswerten Daueraustellung \u00fcber <strong>Hildegard von Bingen<\/strong> er\u00f6ffnet.<\/p>\n<figure id=\"attachment_23643\" aria-describedby=\"caption-attachment-23643\" style=\"width: 580px\" class=\"wp-caption aligncenter\"><a href=\"https:\/\/i0.wp.com\/georg-dahlhoff.de\/wp\/wp-content\/uploads\/2010\/12\/201510111105.jpg?ssl=1\"><img data-recalc-dims=\"1\" loading=\"lazy\" decoding=\"async\" class=\"size-large wp-image-23643\" src=\"https:\/\/i0.wp.com\/georg-dahlhoff.de\/wp\/wp-content\/uploads\/2010\/12\/201510111105.jpg?resize=580%2C363&#038;ssl=1\" alt=\"Poseidon-Skulptur am Rhein-Nahe-Eck - Bild Nr. 201510111105\" width=\"580\" height=\"363\" \/><\/a><figcaption id=\"caption-attachment-23643\" class=\"wp-caption-text\">Poseidon-Skulptur am Rhein-Nahe-Eck &#8211; Bild Nr. 201510111105<\/figcaption><\/figure>\n<p style=\"text-align: center;\">Am <strong>Rhein-Nahe Eck<\/strong>, dem Zusammenfluss von Rhein und Nahe, steht seit der Landesgartenschau im Jahr 2008 die abstrakte <strong>Poseidon-Skulptur<\/strong> des Bildhauers Jo Kley.<\/p>\n<figure id=\"attachment_782\" aria-describedby=\"caption-attachment-782\" style=\"width: 300px\" class=\"wp-caption aligncenter\"><a href=\"https:\/\/i0.wp.com\/georg-dahlhoff.de\/blog\/wp-content\/uploads\/2010\/12\/200506031575-bin.jpg\" target=\"_blank\" rel=\"noopener\"><img data-recalc-dims=\"1\" loading=\"lazy\" decoding=\"async\" class=\"size-medium wp-image-782\" title=\"200506031575 - Bingen: Basilika St. Martin\" src=\"https:\/\/i0.wp.com\/georg-dahlhoff.de\/blog\/wp-content\/uploads\/2010\/12\/200506031575-bin-300x225.jpg?resize=300%2C225\" alt=\"\" width=\"300\" height=\"225\" \/><\/a><figcaption id=\"caption-attachment-782\" class=\"wp-caption-text\">Bingen: Basilika St. Martin &#8211; Bild Nr. 200506031575<\/figcaption><\/figure>\n<p style=\"text-align: center;\">Die <strong>Basilika St. Martin<\/strong> steht an der Stelle eines fr\u00fcheren Merkurtempels. Eine Kirche wurde hier erstmals im Jahr 793 erw\u00e4hnt. Im Jahr 1006 wurde die Kirche unter Bischoff Williges aus Mainz zur Stiftskirche. Die Erhebung zur p\u00e4pstlichen Basilica minor geschah im Jahre 1930. Die Kirche hat zahlreiche bauliche Ver\u00e4nderungen hinter sich, hat aber bis auf die barocke Innenausstattung ihren gotischen Baustil gewahrt.<\/p>\n<p style=\"text-align: center;\">Weitere Bilder der Basilika St. Martin:<\/p>\n<p style=\"text-align: center;\">\u00a0<a href=\"https:\/\/i0.wp.com\/georg-dahlhoff.de\/blog\/wp-content\/uploads\/2010\/12\/200506031537-bin.jpg\" target=\"_blank\" rel=\"noopener\"><img data-recalc-dims=\"1\" loading=\"lazy\" decoding=\"async\" class=\"alignnone size-medium wp-image-783\" title=\"200506031537 - Bingen: Basilika St. Martin\" src=\"https:\/\/i0.wp.com\/georg-dahlhoff.de\/blog\/wp-content\/uploads\/2010\/12\/200506031537-bin-225x300.jpg?resize=225%2C300\" alt=\"\" width=\"225\" height=\"300\" \/><\/a> <a href=\"https:\/\/i0.wp.com\/georg-dahlhoff.de\/blog\/wp-content\/uploads\/2010\/12\/200607100349-bin.jpg\" target=\"_blank\" rel=\"noopener\"><img data-recalc-dims=\"1\" loading=\"lazy\" decoding=\"async\" class=\"alignnone size-medium wp-image-784\" title=\"200607100349 - Bingen Basilika St. Martin\" src=\"https:\/\/i0.wp.com\/georg-dahlhoff.de\/blog\/wp-content\/uploads\/2010\/12\/200607100349-bin-225x300.jpg?resize=225%2C300\" alt=\"\" width=\"225\" height=\"300\" \/><\/a><\/p>\n<p style=\"text-align: center;\"><em>Bild Nr. 200506031537, 200607100349 <\/em><\/p>\n<p style=\"text-align: center;\"><a href=\"https:\/\/i0.wp.com\/georg-dahlhoff.de\/blog\/wp-content\/uploads\/2010\/12\/200409122590-bin.jpg\" target=\"_blank\" rel=\"noopener\"><img data-recalc-dims=\"1\" loading=\"lazy\" decoding=\"async\" class=\"alignnone size-medium wp-image-785\" title=\"200409122590 - Bingen: Basilika St. Martin\" src=\"https:\/\/i0.wp.com\/georg-dahlhoff.de\/blog\/wp-content\/uploads\/2010\/12\/200409122590-bin-225x300.jpg?resize=225%2C300\" alt=\"\" width=\"225\" height=\"300\" \/><\/a> <a href=\"https:\/\/i0.wp.com\/georg-dahlhoff.de\/blog\/wp-content\/uploads\/2010\/12\/200409122600-bin.jpg\" target=\"_blank\" rel=\"noopener\"><img data-recalc-dims=\"1\" loading=\"lazy\" decoding=\"async\" class=\"alignnone size-medium wp-image-786\" title=\"200409122600 - Bingen: Basilika St. Martin\" src=\"https:\/\/i0.wp.com\/georg-dahlhoff.de\/blog\/wp-content\/uploads\/2010\/12\/200409122600-bin-225x300.jpg?resize=225%2C300\" alt=\"\" width=\"225\" height=\"300\" \/> <\/a><\/p>\n<p style=\"text-align: center;\"><em>Bild Nr. 200409122590, 200409122600<\/em><\/p>\n<figure id=\"attachment_787\" aria-describedby=\"caption-attachment-787\" style=\"width: 300px\" class=\"wp-caption aligncenter\"><a href=\"https:\/\/i0.wp.com\/georg-dahlhoff.de\/blog\/wp-content\/uploads\/2010\/12\/200306014030-bin.jpg\" target=\"_blank\" rel=\"noopener\"><img data-recalc-dims=\"1\" loading=\"lazy\" decoding=\"async\" class=\"size-medium wp-image-787\" title=\"200306014030 - Bingen: St. Rochus-Kapelle\" src=\"https:\/\/i0.wp.com\/georg-dahlhoff.de\/blog\/wp-content\/uploads\/2010\/12\/200306014030-bin-300x300.jpg?resize=300%2C300\" alt=\"\" width=\"300\" height=\"300\" \/><\/a><figcaption id=\"caption-attachment-787\" class=\"wp-caption-text\">Bingen: St. Rochus-Kapelle &#8211; Bild Nr. 200306014030<\/figcaption><\/figure>\n<p style=\"text-align: center;\">Die <strong>St. Rochus-Kapelle&lt;\/st rong&gt; auf dem Rochusberg wurde 1666 zu Ehren des heilgen Rochus an dieser Stelle gebaut. Leider fiel sie in ihrer leidvollen Geschichte mehrfach Pl\u00fcnderungen, Kriegen und Br\u00e4nden zum Opfer. Der heutige sp\u00e4tgotische Bau wurde Ende des 19. Jahrhundert auf den Fundamenten der urspr\u00fcnglich barocken Kirche gebaut und 1895 eingeweiht.<\/strong><\/p>\n<p style=\"text-align: center;\">Weitere Bilder von der Rochuskapelle:<\/p>\n<p style=\"text-align: center;\"><a href=\"https:\/\/i0.wp.com\/georg-dahlhoff.de\/blog\/wp-content\/uploads\/2010\/12\/200409122673-bin.jpg\" target=\"_blank\" rel=\"noopener\"><img data-recalc-dims=\"1\" loading=\"lazy\" decoding=\"async\" class=\"alignnone size-medium wp-image-788\" title=\"200409122673 - Bingen: St. Rochus-Kapelle\" src=\"https:\/\/i0.wp.com\/georg-dahlhoff.de\/blog\/wp-content\/uploads\/2010\/12\/200409122673-bin-225x300.jpg?resize=225%2C300\" alt=\"\" width=\"225\" height=\"300\" \/><\/a> <a href=\"https:\/\/i0.wp.com\/georg-dahlhoff.de\/blog\/wp-content\/uploads\/2010\/12\/200409122670-bin.jpg\" target=\"_blank\" rel=\"noopener\"><img data-recalc-dims=\"1\" loading=\"lazy\" decoding=\"async\" class=\"alignnone size-medium wp-image-789\" title=\"200409122670 - BIngen: St. Rochus-Kapelle\" src=\"https:\/\/i0.wp.com\/georg-dahlhoff.de\/blog\/wp-content\/uploads\/2010\/12\/200409122670-bin-225x300.jpg?resize=225%2C300\" alt=\"\" width=\"225\" height=\"300\" \/><\/a><\/p>\n<p style=\"text-align: center;\"><em>Bild Nr. 200409122673, 200409122670<\/em><\/p>\n<p style=\"text-align: center;\"><strong><span style=\"text-decoration: underline;\">Ansichten aus dem Rheingau auf Bingen:<\/span><\/strong><\/p>\n<p style=\"text-align: center;\"><a href=\"https:\/\/i0.wp.com\/georg-dahlhoff.de\/blog\/wp-content\/uploads\/2010\/12\/200707223079.jpg\"><img data-recalc-dims=\"1\" loading=\"lazy\" decoding=\"async\" class=\"alignnone size-medium wp-image-2303\" title=\"200707223079 - Bingen am Rhein\" src=\"https:\/\/i0.wp.com\/georg-dahlhoff.de\/blog\/wp-content\/uploads\/2010\/12\/200707223079-300x200.jpg?resize=300%2C200\" alt=\"\" width=\"300\" height=\"200\" \/><\/a> <a href=\"https:\/\/i0.wp.com\/georg-dahlhoff.de\/blog\/wp-content\/uploads\/2010\/12\/200707223081.jpg\"><img data-recalc-dims=\"1\" loading=\"lazy\" decoding=\"async\" class=\"alignnone size-medium wp-image-2304\" title=\"200707223081 - Bingen am Rhein\" src=\"https:\/\/i0.wp.com\/georg-dahlhoff.de\/blog\/wp-content\/uploads\/2010\/12\/200707223081-300x200.jpg?resize=300%2C200\" alt=\"\" width=\"300\" height=\"200\" \/><\/a><\/p>\n<p style=\"text-align: center;\"><em>Bild Nr. 200707223079, \u00a0200707223081<\/em><\/p>\n<p style=\"text-align: center;\"><a href=\"https:\/\/i0.wp.com\/georg-dahlhoff.de\/blog\/wp-content\/uploads\/2010\/12\/200707223090.jpg\"><img data-recalc-dims=\"1\" loading=\"lazy\" decoding=\"async\" class=\"alignnone size-medium wp-image-2305\" title=\"200707223090 - Bingen am Rhein\" src=\"https:\/\/i0.wp.com\/georg-dahlhoff.de\/blog\/wp-content\/uploads\/2010\/12\/200707223090-300x200.jpg?resize=300%2C200\" alt=\"\" width=\"300\" height=\"200\" \/><\/a> <a href=\"https:\/\/i0.wp.com\/georg-dahlhoff.de\/blog\/wp-content\/uploads\/2010\/12\/200707223103.jpg\"><img data-recalc-dims=\"1\" loading=\"lazy\" decoding=\"async\" class=\"alignnone size-medium wp-image-2306\" title=\"200707223103 - Der M\u008a\u00e4useturm im Rhein bei Bingen\" src=\"https:\/\/i0.wp.com\/georg-dahlhoff.de\/blog\/wp-content\/uploads\/2010\/12\/200707223103-300x200.jpg?resize=300%2C200\" alt=\"\" width=\"300\" height=\"200\" \/><\/a><\/p>\n<p style=\"text-align: center;\"><em>Bild Nr. 200707223090, 200707223103<\/em><\/p>\n<p style=\"text-align: center;\"><strong><span style=\"text-decoration: underline;\">Winteraufnahmen:<\/span><\/strong><\/p>\n<figure id=\"attachment_1741\" aria-describedby=\"caption-attachment-1741\" style=\"width: 300px\" class=\"wp-caption aligncenter\"><a href=\"https:\/\/i0.wp.com\/georg-dahlhoff.de\/blog\/wp-content\/uploads\/2010\/12\/200601287100.jpg\" target=\"_blank\" rel=\"noopener\"><img data-recalc-dims=\"1\" loading=\"lazy\" decoding=\"async\" class=\"size-medium wp-image-1741\" title=\"200601287100 - Bingen: St. Rochuskapelle im Winter\" src=\"https:\/\/i0.wp.com\/georg-dahlhoff.de\/blog\/wp-content\/uploads\/2010\/12\/200601287100-300x228.jpg?resize=300%2C228\" alt=\"\" width=\"300\" height=\"228\" \/><\/a><figcaption id=\"caption-attachment-1741\" class=\"wp-caption-text\">Bingen: St. Rochuskapelle im Winter &#8211; Bild Nr. 200601287100<\/figcaption><\/figure>\n<figure id=\"attachment_1742\" aria-describedby=\"caption-attachment-1742\" style=\"width: 300px\" class=\"wp-caption aligncenter\"><a href=\"https:\/\/i0.wp.com\/georg-dahlhoff.de\/blog\/wp-content\/uploads\/2010\/12\/200601287129.jpg\" target=\"_blank\" rel=\"noopener\"><img data-recalc-dims=\"1\" loading=\"lazy\" decoding=\"async\" class=\"size-medium wp-image-1742\" title=\"200601287129 - Bingen: Stadtmitte\" src=\"https:\/\/i0.wp.com\/georg-dahlhoff.de\/blog\/wp-content\/uploads\/2010\/12\/200601287129-300x225.jpg?resize=300%2C225\" alt=\"\" width=\"300\" height=\"225\" \/><\/a><figcaption id=\"caption-attachment-1742\" class=\"wp-caption-text\">Bingen am Rhein: Stadtmitte im Winter &#8211; Bild Nr. 200601287129<\/figcaption><\/figure>\n<p style=\"text-align: center;\"><em>&#8230;<\/em><\/p>\n<p style=\"text-align: center;\"><em>F<\/em><em>\u00fcr die Fotografien gilt das Urheberrecht! Jegliche Verwendung des Bildmaterials ohne Genehmigung des Fotografen ist untersagt. Informationen zum Erwerb von Ver\u00f6ffentlichungsrechten finden Sie\u00a0<a title=\"Ver\u00f6ffentlichungsrechte\" href=\"https:\/\/georg-dahlhoff.de\/wp\/?page_id=11938\">hier<\/a>.<\/em><\/p>\n","protected":false},"excerpt":{"rendered":"<p>Stadt Bingen am Rhein, Gro\u00dfe kreisangeh\u00f6rige Stadt, ca. 26.000 Einwohner, http:\/\/www.bingen.de Die Stadt Bingen liegt am Zusammenfluss von Rhein und Nahe, geh\u00f6rt sowohl zu Rheinhessen, wie auch zum Weltkulturerbe Oberes [&hellip;]<\/p>\n","protected":false},"author":1,"featured_media":23511,"parent":0,"menu_order":5,"comment_status":"closed","ping_status":"open","template":"","meta":{"jetpack_post_was_ever_published":false,"footnotes":""},"class_list":["post-766","page","type-page","status-publish","has-post-thumbnail","hentry"],"jetpack_shortlink":"https:\/\/wp.me\/P8MzOO-cm","jetpack-related-posts":[],"jetpack_likes_enabled":true,"jetpack_sharing_enabled":true,"_links":{"self":[{"href":"https:\/\/georg-dahlhoff.de\/wp\/index.php?rest_route=\/wp\/v2\/pages\/766","targetHints":{"allow":["GET"]}}],"collection":[{"href":"https:\/\/georg-dahlhoff.de\/wp\/index.php?rest_route=\/wp\/v2\/pages"}],"about":[{"href":"https:\/\/georg-dahlhoff.de\/wp\/index.php?rest_route=\/wp\/v2\/types\/page"}],"author":[{"embeddable":true,"href":"https:\/\/georg-dahlhoff.de\/wp\/index.php?rest_route=\/wp\/v2\/users\/1"}],"replies":[{"embeddable":true,"href":"https:\/\/georg-dahlhoff.de\/wp\/index.php?rest_route=%2Fwp%2Fv2%2Fcomments&post=766"}],"version-history":[{"count":3,"href":"https:\/\/georg-dahlhoff.de\/wp\/index.php?rest_route=\/wp\/v2\/pages\/766\/revisions"}],"predecessor-version":[{"id":28821,"href":"https:\/\/georg-dahlhoff.de\/wp\/index.php?rest_route=\/wp\/v2\/pages\/766\/revisions\/28821"}],"wp:featuredmedia":[{"embeddable":true,"href":"https:\/\/georg-dahlhoff.de\/wp\/index.php?rest_route=\/"}],"wp:attachment":[{"href":"https:\/\/georg-dahlhoff.de\/wp\/index.php?rest_route=%2Fwp%2Fv2%2Fmedia&parent=766"}],"curies":[{"name":"wp","href":"https:\/\/api.w.org\/{rel}","templated":true}]}}