{"id":22827,"date":"2014-11-16T11:42:12","date_gmt":"2014-11-16T10:42:12","guid":{"rendered":"http:\/\/georg-dahlhoff.de\/wp\/?page_id=22827"},"modified":"2018-02-15T17:13:01","modified_gmt":"2018-02-15T16:13:01","slug":"mittelrhein-foto-de","status":"publish","type":"page","link":"https:\/\/georg-dahlhoff.de\/wp\/?page_id=22827","title":{"rendered":"Oberes Mittelrheintal"},"content":{"rendered":"<figure id=\"attachment_22595\" aria-describedby=\"caption-attachment-22595\" style=\"width: 580px\" class=\"wp-caption aligncenter\"><a href=\"https:\/\/i0.wp.com\/georg-dahlhoff.de\/wp\/wp-content\/uploads\/2011\/12\/201409271390.jpg?ssl=1\"><img data-recalc-dims=\"1\" loading=\"lazy\" decoding=\"async\" class=\"size-large wp-image-22595\" src=\"https:\/\/i0.wp.com\/georg-dahlhoff.de\/wp\/wp-content\/uploads\/2011\/12\/201409271390.jpg?resize=580%2C362&#038;ssl=1\" alt=\"Der Mittelrhein bei Sankt Goarshausen - Bild Nr. 201409271390\" width=\"580\" height=\"362\" \/><\/a><figcaption id=\"caption-attachment-22595\" class=\"wp-caption-text\">Der Mittelrhein bei Sankt Goarshausen &#8211; Bild Nr. 201409271390<\/figcaption><\/figure>\n<p>Das <strong>Weltkulturerbe Oberes Mittelrheintal<\/strong>, das sich von der Nahem\u00fcndung in Bingen bis zum Deutschen Eck (Moselm\u00fcndung) in Koblenz erstreckt, ist ein international beliebtes Ausflugsziel, welches ich vom benachbarten\u00a0Rheinhessen aus immer wieder gerne besuche. Allein die Fahrt per Auto oder Schiff bietet tolle Aussichten, und richtig interessant wird es wenn man sich auf die H\u00f6hen des Hunsr\u00fcck oder des Taunus begibt und die Ansichten von oben genie\u00dft.<\/p>\n<p>Um immer wieder neue Fotos\u00a0meiner Ausfl\u00fcge an den Mittelrhein zu zeigen, hatte ich einst die Domain <strong>mittelrhein-foto.de<\/strong> eingerichtet. Da ich aber auf Dauer nicht mehrere Internetpr\u00e4senzen pflegen m\u00f6chte, habe ich meine Fotos und Informationen von Rheinhessen, Rheingau, Mittelrhein sowie anderen Regionen Deutschlands sowie\u00a0von Auslandsreisen seit 2010\u00a0in dieses Blog zusammengefasst. Um \u00a0ausschlie\u00dflich Beitr\u00e4ge vom Mittelrhein angezeigt zu bekommen,\u00a0w\u00e4hlen Sie einfach\u00a0die <a title=\"Beitr\u00e4ge zum Mittelrhein\" href=\"https:\/\/georg-dahlhoff.de\/wp\/?cat=1173\">Kategorie &#8218;Mittelrhein&#8216;<\/a>\u00a0aus.<\/p>\n<figure id=\"attachment_22619\" aria-describedby=\"caption-attachment-22619\" style=\"width: 580px\" class=\"wp-caption aligncenter\"><a href=\"https:\/\/i0.wp.com\/georg-dahlhoff.de\/wp\/wp-content\/uploads\/2014\/09\/201409271307.jpg?ssl=1\"><img data-recalc-dims=\"1\" loading=\"lazy\" decoding=\"async\" class=\"size-large wp-image-22619\" src=\"https:\/\/i0.wp.com\/georg-dahlhoff.de\/wp\/wp-content\/uploads\/2014\/09\/201409271307.jpg?resize=580%2C386&#038;ssl=1\" alt=\"Der Rhein zwischen Bingen und Trechtingshausen - Bild Nr. 201409271307\" width=\"580\" height=\"386\" \/><\/a><figcaption id=\"caption-attachment-22619\" class=\"wp-caption-text\">Der Rhein zwischen Bingen und Trechtingshausen &#8211; Bild Nr. 201409271307<\/figcaption><\/figure>\n<figure id=\"attachment_22608\" aria-describedby=\"caption-attachment-22608\" style=\"width: 580px\" class=\"wp-caption aligncenter\"><a href=\"https:\/\/i0.wp.com\/georg-dahlhoff.de\/wp\/wp-content\/uploads\/2011\/12\/201409271302.jpg?ssl=1\"><img data-recalc-dims=\"1\" loading=\"lazy\" decoding=\"async\" class=\"size-large wp-image-22608\" src=\"https:\/\/i0.wp.com\/georg-dahlhoff.de\/wp\/wp-content\/uploads\/2011\/12\/201409271302.jpg?resize=580%2C386&#038;ssl=1\" alt=\"Burg Rheinstein - Bild Nr. 201409271302\" width=\"580\" height=\"386\" \/><\/a><figcaption id=\"caption-attachment-22608\" class=\"wp-caption-text\">Burg Rheinstein &#8211; Bild Nr. 201409271302<\/figcaption><\/figure>\n<figure id=\"attachment_22623\" aria-describedby=\"caption-attachment-22623\" style=\"width: 580px\" class=\"wp-caption aligncenter\"><a href=\"https:\/\/i0.wp.com\/georg-dahlhoff.de\/wp\/wp-content\/uploads\/2011\/12\/201409271313.jpg?ssl=1\"><img data-recalc-dims=\"1\" loading=\"lazy\" decoding=\"async\" class=\"size-large wp-image-22623\" src=\"https:\/\/i0.wp.com\/georg-dahlhoff.de\/wp\/wp-content\/uploads\/2011\/12\/201409271313.jpg?resize=580%2C386&#038;ssl=1\" alt=\"Blick von Burg Stahleck ins Mittelrheintal - Bild Nr. 201409271313\" width=\"580\" height=\"386\" \/><\/a><figcaption id=\"caption-attachment-22623\" class=\"wp-caption-text\">Blick von Burg Stahleck ins Mittelrheintal &#8211; Bild Nr. 201409271313<\/figcaption><\/figure>\n<figure id=\"attachment_22056\" aria-describedby=\"caption-attachment-22056\" style=\"width: 580px\" class=\"wp-caption aligncenter\"><a href=\"https:\/\/i0.wp.com\/georg-dahlhoff.de\/wp\/wp-content\/uploads\/2014\/05\/201405252981.jpg?ssl=1\"><img data-recalc-dims=\"1\" loading=\"lazy\" decoding=\"async\" class=\"size-large wp-image-22056\" src=\"https:\/\/i0.wp.com\/georg-dahlhoff.de\/wp\/wp-content\/uploads\/2014\/05\/201405252981.jpg?resize=580%2C388&#038;ssl=1\" alt=\"Schloss Stolzenfels am Mittelrhein - Bild Nr. 201405252981\" width=\"580\" height=\"388\" \/><\/a><figcaption id=\"caption-attachment-22056\" class=\"wp-caption-text\">Schloss Stolzenfels am Mittelrhein &#8211; Bild Nr. 201405252981<\/figcaption><\/figure>\n<figure id=\"attachment_21786\" aria-describedby=\"caption-attachment-21786\" style=\"width: 580px\" class=\"wp-caption aligncenter\"><a href=\"https:\/\/i0.wp.com\/georg-dahlhoff.de\/wp\/wp-content\/uploads\/2014\/04\/201404132861-1.jpg?ssl=1\"><img data-recalc-dims=\"1\" loading=\"lazy\" decoding=\"async\" class=\"size-large wp-image-21786\" src=\"https:\/\/i0.wp.com\/georg-dahlhoff.de\/wp\/wp-content\/uploads\/2014\/04\/201404132861-1.jpg?resize=580%2C388&#038;ssl=1\" alt=\"Die Rheinschleife bei Boppard - Bild Nr. 201404132861\" width=\"580\" height=\"388\" \/><\/a><figcaption id=\"caption-attachment-21786\" class=\"wp-caption-text\">Die Rheinschleife bei Boppard &#8211; Bild Nr. 201404132861<\/figcaption><\/figure>\n<figure id=\"attachment_20747\" aria-describedby=\"caption-attachment-20747\" style=\"width: 580px\" class=\"wp-caption aligncenter\"><a href=\"https:\/\/i0.wp.com\/georg-dahlhoff.de\/wp\/wp-content\/uploads\/2010\/10\/201309060808.jpg?ssl=1\"><img data-recalc-dims=\"1\" loading=\"lazy\" decoding=\"async\" class=\"size-large wp-image-20747\" src=\"https:\/\/i0.wp.com\/georg-dahlhoff.de\/wp\/wp-content\/uploads\/2010\/10\/201309060808.jpg?resize=580%2C386&#038;ssl=1\" alt=\"Burg Pfalzgrafenstein - Bild Nr. 201309060808\" width=\"580\" height=\"386\" \/><\/a><figcaption id=\"caption-attachment-20747\" class=\"wp-caption-text\">Burg Pfalzgrafenstein &#8211; Bild Nr. 201309060808<\/figcaption><\/figure>\n<figure id=\"attachment_25799\" aria-describedby=\"caption-attachment-25799\" style=\"width: 600px\" class=\"wp-caption aligncenter\"><a href=\"https:\/\/i0.wp.com\/georg-dahlhoff.de\/wp\/wp-content\/uploads\/2014\/11\/201705061276.jpg?ssl=1\"><img data-recalc-dims=\"1\" loading=\"lazy\" decoding=\"async\" data-attachment-id=\"25799\" data-permalink=\"https:\/\/georg-dahlhoff.de\/wp\/?attachment_id=25799\" data-orig-file=\"https:\/\/i0.wp.com\/georg-dahlhoff.de\/wp\/wp-content\/uploads\/2014\/11\/201705061276.jpg?fit=1500%2C1000&amp;ssl=1\" data-orig-size=\"1500,1000\" data-comments-opened=\"1\" data-image-meta=\"{&quot;aperture&quot;:&quot;0&quot;,&quot;credit&quot;:&quot;&quot;,&quot;camera&quot;:&quot;&quot;,&quot;caption&quot;:&quot;&quot;,&quot;created_timestamp&quot;:&quot;0&quot;,&quot;copyright&quot;:&quot;&quot;,&quot;focal_length&quot;:&quot;0&quot;,&quot;iso&quot;:&quot;0&quot;,&quot;shutter_speed&quot;:&quot;0&quot;,&quot;title&quot;:&quot;&quot;,&quot;orientation&quot;:&quot;0&quot;}\" data-image-title=\"201705061276\" data-image-description=\"\" data-image-caption=\"&lt;p&gt;Der Binger M\u00e4useturm und Burgruine Ehrenfels &amp;#8211; Bild Nr. 201705061276&lt;\/p&gt;\n\" data-large-file=\"https:\/\/i0.wp.com\/georg-dahlhoff.de\/wp\/wp-content\/uploads\/2014\/11\/201705061276.jpg?fit=600%2C400&amp;ssl=1\" class=\"size-large wp-image-25799\" src=\"https:\/\/i0.wp.com\/georg-dahlhoff.de\/wp\/wp-content\/uploads\/2014\/11\/201705061276.jpg?resize=600%2C400&#038;ssl=1\" alt=\"\" width=\"600\" height=\"400\" srcset=\"https:\/\/i0.wp.com\/georg-dahlhoff.de\/wp\/wp-content\/uploads\/2014\/11\/201705061276.jpg?resize=600%2C400&amp;ssl=1 600w, https:\/\/i0.wp.com\/georg-dahlhoff.de\/wp\/wp-content\/uploads\/2014\/11\/201705061276.jpg?resize=300%2C200&amp;ssl=1 300w, https:\/\/i0.wp.com\/georg-dahlhoff.de\/wp\/wp-content\/uploads\/2014\/11\/201705061276.jpg?resize=768%2C512&amp;ssl=1 768w, https:\/\/i0.wp.com\/georg-dahlhoff.de\/wp\/wp-content\/uploads\/2014\/11\/201705061276.jpg?w=1500&amp;ssl=1 1500w\" sizes=\"auto, (max-width: 600px) 100vw, 600px\" \/><\/a><figcaption id=\"caption-attachment-25799\" class=\"wp-caption-text\">Der Binger M\u00e4useturm und Burgruine Ehrenfels &#8211; Bild Nr. 201705061276<\/figcaption><\/figure>\n<figure id=\"attachment_26490\" aria-describedby=\"caption-attachment-26490\" style=\"width: 600px\" class=\"wp-caption aligncenter\"><a href=\"https:\/\/i0.wp.com\/georg-dahlhoff.de\/wp\/wp-content\/uploads\/2017\/07\/201707301845.jpg?ssl=1\"><img data-recalc-dims=\"1\" loading=\"lazy\" decoding=\"async\" data-attachment-id=\"26490\" data-permalink=\"https:\/\/georg-dahlhoff.de\/wp\/?attachment_id=26490\" data-orig-file=\"https:\/\/i0.wp.com\/georg-dahlhoff.de\/wp\/wp-content\/uploads\/2017\/07\/201707301845.jpg?fit=1500%2C1000&amp;ssl=1\" data-orig-size=\"1500,1000\" data-comments-opened=\"1\" data-image-meta=\"{&quot;aperture&quot;:&quot;0&quot;,&quot;credit&quot;:&quot;&quot;,&quot;camera&quot;:&quot;&quot;,&quot;caption&quot;:&quot;&quot;,&quot;created_timestamp&quot;:&quot;0&quot;,&quot;copyright&quot;:&quot;&quot;,&quot;focal_length&quot;:&quot;0&quot;,&quot;iso&quot;:&quot;0&quot;,&quot;shutter_speed&quot;:&quot;0&quot;,&quot;title&quot;:&quot;&quot;,&quot;orientation&quot;:&quot;0&quot;}\" data-image-title=\"201707301845\" data-image-description=\"\" data-image-caption=\"&lt;p&gt;Ruine Ehrenfels &amp;#8211; Bild Nr. 201707301845&lt;\/p&gt;\n\" data-large-file=\"https:\/\/i0.wp.com\/georg-dahlhoff.de\/wp\/wp-content\/uploads\/2017\/07\/201707301845.jpg?fit=600%2C400&amp;ssl=1\" class=\"size-large wp-image-26490\" src=\"https:\/\/i0.wp.com\/georg-dahlhoff.de\/wp\/wp-content\/uploads\/2017\/07\/201707301845.jpg?resize=600%2C400&#038;ssl=1\" alt=\"\" width=\"600\" height=\"400\" srcset=\"https:\/\/i0.wp.com\/georg-dahlhoff.de\/wp\/wp-content\/uploads\/2017\/07\/201707301845.jpg?resize=600%2C400&amp;ssl=1 600w, https:\/\/i0.wp.com\/georg-dahlhoff.de\/wp\/wp-content\/uploads\/2017\/07\/201707301845.jpg?resize=300%2C200&amp;ssl=1 300w, https:\/\/i0.wp.com\/georg-dahlhoff.de\/wp\/wp-content\/uploads\/2017\/07\/201707301845.jpg?resize=768%2C512&amp;ssl=1 768w, https:\/\/i0.wp.com\/georg-dahlhoff.de\/wp\/wp-content\/uploads\/2017\/07\/201707301845.jpg?w=1500&amp;ssl=1 1500w\" sizes=\"auto, (max-width: 600px) 100vw, 600px\" \/><\/a><figcaption id=\"caption-attachment-26490\" class=\"wp-caption-text\">Burgruine Ehrenfels &#8211; Bild Nr. 201707301845<\/figcaption><\/figure>\n<figure id=\"attachment_26385\" aria-describedby=\"caption-attachment-26385\" style=\"width: 600px\" class=\"wp-caption aligncenter\"><a href=\"https:\/\/i0.wp.com\/georg-dahlhoff.de\/wp\/wp-content\/uploads\/2017\/07\/201707071182.jpg?ssl=1\"><img data-recalc-dims=\"1\" loading=\"lazy\" decoding=\"async\" data-attachment-id=\"26385\" data-permalink=\"https:\/\/georg-dahlhoff.de\/wp\/?attachment_id=26385\" data-orig-file=\"https:\/\/i0.wp.com\/georg-dahlhoff.de\/wp\/wp-content\/uploads\/2017\/07\/201707071182.jpg?fit=1500%2C1000&amp;ssl=1\" data-orig-size=\"1500,1000\" data-comments-opened=\"1\" data-image-meta=\"{&quot;aperture&quot;:&quot;0&quot;,&quot;credit&quot;:&quot;&quot;,&quot;camera&quot;:&quot;&quot;,&quot;caption&quot;:&quot;&quot;,&quot;created_timestamp&quot;:&quot;0&quot;,&quot;copyright&quot;:&quot;&quot;,&quot;focal_length&quot;:&quot;0&quot;,&quot;iso&quot;:&quot;0&quot;,&quot;shutter_speed&quot;:&quot;0&quot;,&quot;title&quot;:&quot;&quot;,&quot;orientation&quot;:&quot;0&quot;}\" data-image-title=\"201707071182\" data-image-description=\"\" data-image-caption=\"&lt;p&gt;Die Marksburg bei Braubach am Mittelrhein &amp;#8211; Bild Nr. 201707071182&lt;\/p&gt;\n\" data-large-file=\"https:\/\/i0.wp.com\/georg-dahlhoff.de\/wp\/wp-content\/uploads\/2017\/07\/201707071182.jpg?fit=600%2C400&amp;ssl=1\" class=\"size-large wp-image-26385\" src=\"https:\/\/i0.wp.com\/georg-dahlhoff.de\/wp\/wp-content\/uploads\/2017\/07\/201707071182.jpg?resize=600%2C400&#038;ssl=1\" alt=\"\" width=\"600\" height=\"400\" srcset=\"https:\/\/i0.wp.com\/georg-dahlhoff.de\/wp\/wp-content\/uploads\/2017\/07\/201707071182.jpg?resize=600%2C400&amp;ssl=1 600w, https:\/\/i0.wp.com\/georg-dahlhoff.de\/wp\/wp-content\/uploads\/2017\/07\/201707071182.jpg?resize=300%2C200&amp;ssl=1 300w, https:\/\/i0.wp.com\/georg-dahlhoff.de\/wp\/wp-content\/uploads\/2017\/07\/201707071182.jpg?resize=768%2C512&amp;ssl=1 768w, https:\/\/i0.wp.com\/georg-dahlhoff.de\/wp\/wp-content\/uploads\/2017\/07\/201707071182.jpg?w=1500&amp;ssl=1 1500w\" sizes=\"auto, (max-width: 600px) 100vw, 600px\" \/><\/a><figcaption id=\"caption-attachment-26385\" class=\"wp-caption-text\">Die Marksburg bei Braubach am Mittelrhein &#8211; Bild Nr. 201707071182<\/figcaption><\/figure>\n<h2 style=\"text-align: center;\"><a href=\"https:\/\/georg-dahlhoff.de\/wp\/?cat=25\">Blog-Beitr\u00e4ge zum\u00a0Mittelrhein&#8230;<\/a><\/h2>\n","protected":false},"excerpt":{"rendered":"<p>Das Weltkulturerbe Oberes Mittelrheintal, das sich von der Nahem\u00fcndung in Bingen bis zum Deutschen Eck (Moselm\u00fcndung) in Koblenz erstreckt, ist ein international beliebtes Ausflugsziel, welches ich vom benachbarten\u00a0Rheinhessen aus immer [&hellip;]<\/p>\n","protected":false},"author":1,"featured_media":25530,"parent":0,"menu_order":0,"comment_status":"closed","ping_status":"closed","template":"","meta":{"jetpack_post_was_ever_published":false,"footnotes":""},"class_list":["post-22827","page","type-page","status-publish","has-post-thumbnail","hentry"],"jetpack_shortlink":"https:\/\/wp.me\/P8MzOO-5Wb","jetpack-related-posts":[],"jetpack_likes_enabled":true,"jetpack_sharing_enabled":true,"_links":{"self":[{"href":"https:\/\/georg-dahlhoff.de\/wp\/index.php?rest_route=\/wp\/v2\/pages\/22827","targetHints":{"allow":["GET"]}}],"collection":[{"href":"https:\/\/georg-dahlhoff.de\/wp\/index.php?rest_route=\/wp\/v2\/pages"}],"about":[{"href":"https:\/\/georg-dahlhoff.de\/wp\/index.php?rest_route=\/wp\/v2\/types\/page"}],"author":[{"embeddable":true,"href":"https:\/\/georg-dahlhoff.de\/wp\/index.php?rest_route=\/wp\/v2\/users\/1"}],"replies":[{"embeddable":true,"href":"https:\/\/georg-dahlhoff.de\/wp\/index.php?rest_route=%2Fwp%2Fv2%2Fcomments&post=22827"}],"version-history":[{"count":7,"href":"https:\/\/georg-dahlhoff.de\/wp\/index.php?rest_route=\/wp\/v2\/pages\/22827\/revisions"}],"predecessor-version":[{"id":26914,"href":"https:\/\/georg-dahlhoff.de\/wp\/index.php?rest_route=\/wp\/v2\/pages\/22827\/revisions\/26914"}],"wp:featuredmedia":[{"embeddable":true,"href":"https:\/\/georg-dahlhoff.de\/wp\/index.php?rest_route=\/wp\/v2\/media\/25530"}],"wp:attachment":[{"href":"https:\/\/georg-dahlhoff.de\/wp\/index.php?rest_route=%2Fwp%2Fv2%2Fmedia&parent=22827"}],"curies":[{"name":"wp","href":"https:\/\/api.w.org\/{rel}","templated":true}]}}