{"id":2248,"date":"2011-01-21T15:43:24","date_gmt":"2011-01-21T14:43:24","guid":{"rendered":"http:\/\/georg-dahlhoff.de\/blog\/"},"modified":"2011-01-21T15:43:24","modified_gmt":"2011-01-21T14:43:24","slug":"schillerplatz","status":"publish","type":"page","link":"https:\/\/georg-dahlhoff.de\/wp\/?page_id=2248","title":{"rendered":"Rund um den Schillerplatz"},"content":{"rendered":"<p style=\"text-align: center;\"><a href=\"https:\/\/georg-dahlhoff.de\/wp\/?page_id=11740\"><img data-recalc-dims=\"1\" loading=\"lazy\" decoding=\"async\" class=\"wp-image-11771 aligncenter\" title=\"mainz-bingen-foto.de\" alt=\"\" src=\"https:\/\/i0.wp.com\/georg-dahlhoff.de\/wp\/wp-content\/uploads\/2012\/09\/titelbanner.jpg?resize=623%2C80&#038;ssl=1\" width=\"623\" height=\"80\" \/><\/a><\/p>\n<p style=\"text-align: center;\"><a href=\"https:\/\/georg-dahlhoff.de\/wp\/?page_id=583\">Einleitung<\/a>\u00a0\u2013\u00a0<a href=\"https:\/\/georg-dahlhoff.de\/wp\/?page_id=1757\">Altstadt und Mitte<\/a>\u00a0\u2013\u00a0<a href=\"https:\/\/georg-dahlhoff.de\/wp\/?page_id=1933\">Neustadt<\/a>\u00a0\u2013\u00a0<a href=\"https:\/\/georg-dahlhoff.de\/wp\/?page_id=1954\">Regierungsviertel<\/a>\u00a0\u2013\u00a0Schillerplatz<\/p>\n<p style=\"text-align: center;\">Am\u00a0<strong>Schillerplatz<\/strong> befinden sich zahlreiche gro\u00dfe historisch bedeutsame Geb\u00e4ude. Es ist damit ein besonders attraktiver Platz im Herzen von Mainz.<\/p>\n<figure id=\"attachment_260\" aria-describedby=\"caption-attachment-260\" style=\"width: 200px\" class=\"wp-caption aligncenter\"><a href=\"https:\/\/i0.wp.com\/georg-dahlhoff.de\/blog\/wp-content\/uploads\/2010\/10\/200807200281-1.jpg\"><img data-recalc-dims=\"1\" loading=\"lazy\" decoding=\"async\" class=\"size-medium wp-image-260\" title=\" 200807200281 - Mainz: Fastnachtsbrunnen\" alt=\"\" src=\"https:\/\/i0.wp.com\/georg-dahlhoff.de\/blog\/wp-content\/uploads\/2010\/10\/200807200281-1-200x300.jpg?resize=200%2C300\" width=\"200\" height=\"300\" \/><\/a><figcaption id=\"caption-attachment-260\" class=\"wp-caption-text\">Mainz: Fastnachtsbrunnen &#8211; Bild Nr. 200807200281<\/figcaption><\/figure>\n<p style=\"text-align: center;\">Der am 14. Januar 1967 eingeweihte und 9 Meter hohe\u00a0<strong>Fastnachtsbrunnen<\/strong> bildet den markenten Blickpunkt dieses attraktiven Platzes. Der Brunnen wurde von der Firma Eckes (Nieder-Olm) gestiftet und von Professor Blasius Spreng und dem Mainzer Architekten Helmut Gr\u00e4f errichtet.<\/p>\n<figure id=\"attachment_2251\" aria-describedby=\"caption-attachment-2251\" style=\"width: 225px\" class=\"wp-caption aligncenter\"><a href=\"https:\/\/i0.wp.com\/georg-dahlhoff.de\/blog\/wp-content\/uploads\/2011\/01\/200408191532.jpg\"><img data-recalc-dims=\"1\" loading=\"lazy\" decoding=\"async\" class=\"size-medium wp-image-2251 \" title=\"200408191532 - Mainz: Schillerplatz, Osteiner Hof, Fastnachtsbrunnen\" alt=\"\" src=\"https:\/\/i0.wp.com\/georg-dahlhoff.de\/blog\/wp-content\/uploads\/2011\/01\/200408191532-225x300.jpg?resize=225%2C300\" width=\"225\" height=\"300\" \/><\/a><figcaption id=\"caption-attachment-2251\" class=\"wp-caption-text\">Mainz: Schillerplatz, Osteiner Hof, Fastnachtsbrunnen &#8211; Bild Nr. 200408191532<\/figcaption><\/figure>\n<p style=\"text-align: center;\">Im Hintergrund des Bildes rechts ist der barocke\u00a0<strong>Osteiner Hof <\/strong>zu sehen. In franz\u00f6sischer Zeit war im Osteiner Hof der Sitz der Verwaltung des D\u00e9partements Donnersberg (Mont-Tonn\u00e8rre). Im 19. Jahrhundert befand sich hier die Milit\u00e4rverwaltung der preu\u00dfischen und \u00f6sterreichischen Festungstruppen (&#8222;Gouvernement&#8220;). Ab 1890 wurde auch die Festungskommandantur in den Osteiner Hof verlegt. In der Zeit des Nationalsozialismus wurde das Geb\u00e4ude von der NSDAP sowie der SA und SS genutzt. W\u00e4hrend der Besatzungszeit wurde das 1947\/48 wiederhergestellte Gouvernement dann vom franz\u00f6sischen Oberbefehlshabern genutzt. Von 1958 bis 1999 war der Adelhof auch Sitz des frz. Verbindungsoffiziers zur Landesregierung von Rheinland-Pfalz.<\/p>\n<p style=\"text-align: Center;\"><script type=\"text\/javascript\" src=\"\/\/pagead2.googlesyndication.com\/pagead\/js\/adsbygoogle.js\" async=\"\"><\/script><!-- mbf-blog --> <ins class=\"adsbygoogle\" style=\"display: inline-block; width: 468px; height: 60px;\" data-ad-client=\"ca-pub-1724874997428610\" data-ad-slot=\"5271556774\"><\/ins><script type=\"text\/javascript\">\/\/ <![CDATA[\n(adsbygoogle = window.adsbygoogle || []).push({});\n\/\/ ]]><\/script><\/p>\n<figure id=\"attachment_2252\" aria-describedby=\"caption-attachment-2252\" style=\"width: 300px\" class=\"wp-caption aligncenter\"><a href=\"https:\/\/i0.wp.com\/georg-dahlhoff.de\/blog\/wp-content\/uploads\/2011\/01\/200408191534.jpg\"><img data-recalc-dims=\"1\" loading=\"lazy\" decoding=\"async\" class=\"size-medium wp-image-2252 \" title=\"200408191534 - Mainz: Bassenheimer Hof\" alt=\"\" src=\"https:\/\/i0.wp.com\/georg-dahlhoff.de\/blog\/wp-content\/uploads\/2011\/01\/200408191534-300x225.jpg?resize=300%2C225\" width=\"300\" height=\"225\" \/><\/a><figcaption id=\"caption-attachment-2252\" class=\"wp-caption-text\">Mainz: Bassenheimer Hof am Schillerplatz &#8211; Bild Nr. 200408191534<\/figcaption><\/figure>\n<p style=\"text-align: center;\">Der\u00a0<strong>Bassenheimer Hof<\/strong> wurde um 1750 zusammen mit dem Osteiner Hof errichtet. In franz\u00f6sischer Zeit erfreute sich der in klassischem, franz\u00f6sischen Stil errichtete Hof besonderer Wertsch\u00e4tzung. Er diente als Blickpunkt f\u00fcr die franz\u00f6sische Stadtplanung. Heute befindet sich hier das Innenministerium.<\/p>\n<figure id=\"attachment_2253\" aria-describedby=\"caption-attachment-2253\" style=\"width: 300px\" class=\"wp-caption aligncenter\"><a href=\"https:\/\/i0.wp.com\/georg-dahlhoff.de\/blog\/wp-content\/uploads\/2011\/01\/200408191531.jpg\"><img data-recalc-dims=\"1\" loading=\"lazy\" decoding=\"async\" class=\"size-medium wp-image-2253\" title=\"200408191531 - Mainz: Institut f\u00fcr Vor und Fr\u00fchgeschichte\" alt=\"\" src=\"https:\/\/i0.wp.com\/georg-dahlhoff.de\/blog\/wp-content\/uploads\/2011\/01\/200408191531-300x225.jpg?resize=300%2C225\" width=\"300\" height=\"225\" \/><\/a><figcaption id=\"caption-attachment-2253\" class=\"wp-caption-text\">Mainz: Institut f\u00fcr Vor und Fr\u00fchgeschichte &#8211; Bild Nr. 200408191531<\/figcaption><\/figure>\n<p style=\"text-align: center;\">Das\u00a0<strong>Institut f\u00fcr Vor- und Fr\u00fchgeschichte<\/strong> der Universit\u00e4t Mainz schlie\u00dft sich an den Sch\u00f6nborner Hof an.<\/p>\n<figure id=\"attachment_2254\" aria-describedby=\"caption-attachment-2254\" style=\"width: 300px\" class=\"wp-caption aligncenter\"><a href=\"https:\/\/i0.wp.com\/georg-dahlhoff.de\/blog\/wp-content\/uploads\/2011\/01\/200408191530.jpg\"><img data-recalc-dims=\"1\" loading=\"lazy\" decoding=\"async\" class=\"size-medium wp-image-2254\" title=\"200408191530 - Mainz: Sch\u00f6nborner Hof\" alt=\"\" src=\"https:\/\/i0.wp.com\/georg-dahlhoff.de\/blog\/wp-content\/uploads\/2011\/01\/200408191530-300x225.jpg?resize=300%2C225\" width=\"300\" height=\"225\" \/><\/a><figcaption id=\"caption-attachment-2254\" class=\"wp-caption-text\">Mainz: Sch\u00f6nborner Hof am Schillerplatz &#8211; Bild Nr. 200408191530<\/figcaption><\/figure>\n<p style=\"text-align: center;\">Der\u00a0<strong>Sch\u00f6nborner Hof<\/strong> war der erste der zahlreichen Adelsh\u00f6fe, welche im Randbereich der fr\u00fchneuzeitlichen Stadt entstanden. Der Adelshof wurde als Palais der Grafenfamilie von Sch\u00f6nborn zwischen 1668 und 1670 von Clemens Hinck im Stil der Sp\u00e4trenaissance errichtet. Bauherr war Philipp Erwein von Sch\u00f6nborn, der Bruder des Kurf\u00fcrsten. Heute ist im Sch\u00f6nborner Hof unter anderem das <strong>Institut Francais<\/strong> zu Hause.<\/p>\n<p style=\"text-align: center;\"><strong>Fastnachts-Gardisten<\/strong> rund um den Fastnachtsbrunnen:<br \/>\n<a href=\"https:\/\/i0.wp.com\/georg-dahlhoff.de\/blog\/wp-content\/uploads\/2011\/01\/200408191540.jpg\"><img data-recalc-dims=\"1\" loading=\"lazy\" decoding=\"async\" class=\"alignnone size-medium wp-image-2256\" title=\"200408191540 - Mainz: Fastnachtsgardist auf dem Schillerplatz\" alt=\"\" src=\"https:\/\/i0.wp.com\/georg-dahlhoff.de\/blog\/wp-content\/uploads\/2011\/01\/200408191540-225x300.jpg?resize=225%2C300\" width=\"225\" height=\"300\" \/><\/a> <a href=\"https:\/\/i0.wp.com\/georg-dahlhoff.de\/blog\/wp-content\/uploads\/2011\/01\/200408191546.jpg\"><img data-recalc-dims=\"1\" loading=\"lazy\" decoding=\"async\" class=\"alignnone size-medium wp-image-2257\" title=\"200408191546 - Mainz: der Gardetrommler am Schillerplatz\" alt=\"\" src=\"https:\/\/i0.wp.com\/georg-dahlhoff.de\/blog\/wp-content\/uploads\/2011\/01\/200408191546-225x300.jpg?resize=225%2C300\" width=\"225\" height=\"300\" \/><\/a><br \/>\n<em>Bild Nr. 200408191540, 200408191546<\/em><\/p>\n<figure id=\"attachment_2258\" aria-describedby=\"caption-attachment-2258\" style=\"width: 300px\" class=\"wp-caption aligncenter\"><a href=\"https:\/\/i0.wp.com\/georg-dahlhoff.de\/blog\/wp-content\/uploads\/2011\/01\/200408191520.jpg\"><img data-recalc-dims=\"1\" loading=\"lazy\" decoding=\"async\" class=\"size-medium wp-image-2258\" title=\"200408191520 - Mainz: Proviantmagazin\" alt=\"\" src=\"https:\/\/i0.wp.com\/georg-dahlhoff.de\/blog\/wp-content\/uploads\/2011\/01\/200408191520-300x225.jpg?resize=300%2C225\" width=\"300\" height=\"225\" \/><\/a><figcaption id=\"caption-attachment-2258\" class=\"wp-caption-text\">Mainz: Proviantmagazin (Proviantamt) &#8211; Bild Nr. 200408191520<\/figcaption><\/figure>\n<p style=\"text-align: center;\">Das\u00a0<strong>Proviantmagazin<\/strong> auch\u00a0<strong>Proviantamt <\/strong>genannt wurde zwischen 1863 und 1867 als universelles Lagerhaus f\u00fcr das damalige Milit\u00e4r im Garten des Sch\u00f6nborner Hofes errichtet.\u00a0Das Proviantamt wurde vor wenigen Jahren zu Wohnraum umgebaut, und auch die Gastronomie ist hier vertreten.<\/p>\n<figure id=\"attachment_2259\" aria-describedby=\"caption-attachment-2259\" style=\"width: 300px\" class=\"wp-caption aligncenter\"><a href=\"https:\/\/i0.wp.com\/georg-dahlhoff.de\/blog\/wp-content\/uploads\/2011\/01\/200408191525.jpg\"><img data-recalc-dims=\"1\" loading=\"lazy\" decoding=\"async\" class=\"size-medium wp-image-2259\" title=\"200408191525 - Mainz: Teilst\u00fcck einer r\u00f6mischen Fu\u00dfbodenheizung\" alt=\"\" src=\"https:\/\/i0.wp.com\/georg-dahlhoff.de\/blog\/wp-content\/uploads\/2011\/01\/200408191525-300x225.jpg?resize=300%2C225\" width=\"300\" height=\"225\" \/><\/a><figcaption id=\"caption-attachment-2259\" class=\"wp-caption-text\">Mainz: Teilst\u00fcck einer r\u00f6mischen Fu\u00dfbodenheizung &#8211; Bild Nr. 200408191525<\/figcaption><\/figure>\n<p style=\"text-align: center;\"><strong>Spuren aus der R\u00f6merzeit<\/strong> finden sich \u00fcberall in Mainz: Hier, neben dem Sch\u00f6nborner Hof, ist ein Teilst\u00fcck einer alten Fu\u00dfbodenheizung zu sehen.<\/p>\n<figure id=\"attachment_2260\" aria-describedby=\"caption-attachment-2260\" style=\"width: 225px\" class=\"wp-caption aligncenter\"><a href=\"https:\/\/i0.wp.com\/georg-dahlhoff.de\/blog\/wp-content\/uploads\/2011\/01\/200408191523.jpg\"><img data-recalc-dims=\"1\" loading=\"lazy\" decoding=\"async\" class=\"size-medium wp-image-2260\" title=\"200408191523 - Der Mainzer Schoppenstecher\" alt=\"\" src=\"https:\/\/i0.wp.com\/georg-dahlhoff.de\/blog\/wp-content\/uploads\/2011\/01\/200408191523-225x300.jpg?resize=225%2C300\" width=\"225\" height=\"300\" \/><\/a><figcaption id=\"caption-attachment-2260\" class=\"wp-caption-text\">Der Mainzer Schoppenstecher &#8211; Bild Nr. 200408191523<\/figcaption><\/figure>\n<p style=\"text-align: center;\">Der\u00a0<strong>Mainzer Schoppenstecher<\/strong> genie\u00dft seit den siebziger jahren neben dem Sch\u00f6nborner Hof seinen Schoppen Wein. Die Figur des Schoppenstechers wurde von dem Mainzer Porzellanhersteller Heinz Schaubach (1886-1970) entworfen, und zu seinen Andenken als Schaubild angefertig und hier aufgestellt.<\/p>\n<figure id=\"attachment_2261\" aria-describedby=\"caption-attachment-2261\" style=\"width: 300px\" class=\"wp-caption aligncenter\"><a href=\"https:\/\/i0.wp.com\/georg-dahlhoff.de\/blog\/wp-content\/uploads\/2011\/01\/200508174645.jpg\"><img data-recalc-dims=\"1\" loading=\"lazy\" decoding=\"async\" class=\"size-medium wp-image-2261\" title=\"200508174645 - Mainz: Erthaler Hof\" alt=\"\" src=\"https:\/\/i0.wp.com\/georg-dahlhoff.de\/blog\/wp-content\/uploads\/2011\/01\/200508174645-300x225.jpg?resize=300%2C225\" width=\"300\" height=\"225\" \/><\/a><figcaption id=\"caption-attachment-2261\" class=\"wp-caption-text\">Mainz: Erthaler Hof &#8211; Bild Nr. 200508174645<\/figcaption><\/figure>\n<p style=\"text-align: center;\">Der\u00a0<strong>Erthaler Hof<\/strong> wurde zwischen 1734 und 1743 als Familienpalais von Philipp Christoph Reichsfreiherr von und zu Erthal (1689-1748) errichtet.\u00a0Bis zur Fertigstellung des Kreishauses in Ingelheim war hier die Kreisverwaltung des Landkreises Mainz-Bingen zuhause. Heute befindet sich hier, nach gr\u00fcndlicher Renovierung, das\u00a0<strong>Landesamt f\u00fcr Denkmalschutz<\/strong>.<\/p>\n<p style=\"text-align: center;\">&#8230;<\/p>\n<p style=\"text-align: center;\"><em>F<\/em><em>\u00fcr die Fotografien gilt das Urheberrecht! Jegliche Verwendung des Bildmaterials ohne Genehmigung des Fotografen ist untersagt. Informationen zum Erwerb von Ver\u00f6ffentlichungsrechten finden Sie\u00a0<a title=\"Ver\u00f6ffentlichungsrechte\" href=\"https:\/\/georg-dahlhoff.de\/wp\/?page_id=11938\">hier<\/a>.<\/em><\/p>\n","protected":false},"excerpt":{"rendered":"<p>Einleitung\u00a0\u2013\u00a0Altstadt und Mitte\u00a0\u2013\u00a0Neustadt\u00a0\u2013\u00a0Regierungsviertel\u00a0\u2013\u00a0Schillerplatz Am\u00a0Schillerplatz befinden sich zahlreiche gro\u00dfe historisch bedeutsame Geb\u00e4ude. Es ist damit ein besonders attraktiver Platz im Herzen von Mainz. Der am 14. Januar 1967 eingeweihte und 9 [&hellip;]<\/p>\n","protected":false},"author":1,"featured_media":0,"parent":1752,"menu_order":4,"comment_status":"closed","ping_status":"open","template":"","meta":{"jetpack_post_was_ever_published":false,"footnotes":""},"class_list":["post-2248","page","type-page","status-publish","hentry"],"jetpack_shortlink":"https:\/\/wp.me\/P8MzOO-Ag","jetpack-related-posts":[],"jetpack_likes_enabled":true,"jetpack_sharing_enabled":true,"_links":{"self":[{"href":"https:\/\/georg-dahlhoff.de\/wp\/index.php?rest_route=\/wp\/v2\/pages\/2248","targetHints":{"allow":["GET"]}}],"collection":[{"href":"https:\/\/georg-dahlhoff.de\/wp\/index.php?rest_route=\/wp\/v2\/pages"}],"about":[{"href":"https:\/\/georg-dahlhoff.de\/wp\/index.php?rest_route=\/wp\/v2\/types\/page"}],"author":[{"embeddable":true,"href":"https:\/\/georg-dahlhoff.de\/wp\/index.php?rest_route=\/wp\/v2\/users\/1"}],"replies":[{"embeddable":true,"href":"https:\/\/georg-dahlhoff.de\/wp\/index.php?rest_route=%2Fwp%2Fv2%2Fcomments&post=2248"}],"version-history":[{"count":0,"href":"https:\/\/georg-dahlhoff.de\/wp\/index.php?rest_route=\/wp\/v2\/pages\/2248\/revisions"}],"up":[{"embeddable":true,"href":"https:\/\/georg-dahlhoff.de\/wp\/index.php?rest_route=\/wp\/v2\/pages\/1752"}],"wp:attachment":[{"href":"https:\/\/georg-dahlhoff.de\/wp\/index.php?rest_route=%2Fwp%2Fv2%2Fmedia&parent=2248"}],"curies":[{"name":"wp","href":"https:\/\/api.w.org\/{rel}","templated":true}]}}