{"id":1933,"date":"2010-12-22T14:49:02","date_gmt":"2010-12-22T13:49:02","guid":{"rendered":"http:\/\/georg-dahlhoff.de\/blog\/"},"modified":"2018-07-17T13:16:55","modified_gmt":"2018-07-17T11:16:55","slug":"mainz-neustadt","status":"publish","type":"page","link":"https:\/\/georg-dahlhoff.de\/wp\/?page_id=1933","title":{"rendered":"Mainz Neustadt"},"content":{"rendered":"<p style=\"text-align: center;\"><a href=\"https:\/\/georg-dahlhoff.de\/wp\/?page_id=11740\"><img data-recalc-dims=\"1\" loading=\"lazy\" decoding=\"async\" class=\"wp-image-11771 aligncenter\" title=\"mainz-bingen-foto.de\" src=\"https:\/\/i0.wp.com\/georg-dahlhoff.de\/wp\/wp-content\/uploads\/2012\/09\/titelbanner.jpg?resize=623%2C80&#038;ssl=1\" alt=\"\" width=\"623\" height=\"80\" \/><\/a><\/p>\n<p style=\"text-align: center;\"><a href=\"https:\/\/georg-dahlhoff.de\/wp\/?page_id=583\">Einleitung<\/a>\u00a0\u2013\u00a0<a href=\"https:\/\/georg-dahlhoff.de\/wp\/?page_id=1757\">Altstadt und Mitte<\/a>\u00a0\u2013\u00a0Neustadt\u00a0\u2013\u00a0<a href=\"https:\/\/georg-dahlhoff.de\/wp\/?page_id=1954\">Regierungsviertel<\/a>\u00a0\u2013\u00a0<a href=\"https:\/\/georg-dahlhoff.de\/wp\/?page_id=2248\">Schillerplatz<\/a><\/p>\n<figure id=\"attachment_27397\" aria-describedby=\"caption-attachment-27397\" style=\"width: 600px\" class=\"wp-caption aligncenter\"><a href=\"https:\/\/i0.wp.com\/georg-dahlhoff.de\/wp\/wp-content\/uploads\/2018\/07\/201807171115.jpg?ssl=1\"><img data-recalc-dims=\"1\" loading=\"lazy\" decoding=\"async\" data-attachment-id=\"27397\" data-permalink=\"https:\/\/georg-dahlhoff.de\/wp\/?attachment_id=27397\" data-orig-file=\"https:\/\/i0.wp.com\/georg-dahlhoff.de\/wp\/wp-content\/uploads\/2018\/07\/201807171115.jpg?fit=2100%2C1400&amp;ssl=1\" data-orig-size=\"2100,1400\" data-comments-opened=\"1\" data-image-meta=\"{&quot;aperture&quot;:&quot;0&quot;,&quot;credit&quot;:&quot;&quot;,&quot;camera&quot;:&quot;&quot;,&quot;caption&quot;:&quot;&quot;,&quot;created_timestamp&quot;:&quot;0&quot;,&quot;copyright&quot;:&quot;&quot;,&quot;focal_length&quot;:&quot;0&quot;,&quot;iso&quot;:&quot;0&quot;,&quot;shutter_speed&quot;:&quot;0&quot;,&quot;title&quot;:&quot;&quot;,&quot;orientation&quot;:&quot;0&quot;}\" data-image-title=\"201807171115\" data-image-description=\"\" data-image-caption=\"&lt;p&gt;Die Mainzer Neustadt vom Turm B der Bonifaziust\u00fcrme aus gesehen &amp;#8211; Bild Nr. 201807171115&lt;\/p&gt;\n\" data-large-file=\"https:\/\/i0.wp.com\/georg-dahlhoff.de\/wp\/wp-content\/uploads\/2018\/07\/201807171115.jpg?fit=600%2C400&amp;ssl=1\" class=\"size-large wp-image-27397\" src=\"https:\/\/i0.wp.com\/georg-dahlhoff.de\/wp\/wp-content\/uploads\/2018\/07\/201807171115.jpg?resize=600%2C400&#038;ssl=1\" alt=\"\" width=\"600\" height=\"400\" srcset=\"https:\/\/i0.wp.com\/georg-dahlhoff.de\/wp\/wp-content\/uploads\/2018\/07\/201807171115.jpg?resize=600%2C400&amp;ssl=1 600w, https:\/\/i0.wp.com\/georg-dahlhoff.de\/wp\/wp-content\/uploads\/2018\/07\/201807171115.jpg?resize=300%2C200&amp;ssl=1 300w, https:\/\/i0.wp.com\/georg-dahlhoff.de\/wp\/wp-content\/uploads\/2018\/07\/201807171115.jpg?resize=768%2C512&amp;ssl=1 768w, https:\/\/i0.wp.com\/georg-dahlhoff.de\/wp\/wp-content\/uploads\/2018\/07\/201807171115.jpg?w=1620&amp;ssl=1 1620w\" sizes=\"auto, (max-width: 600px) 100vw, 600px\" \/><\/a><figcaption id=\"caption-attachment-27397\" class=\"wp-caption-text\">Die Mainzer Neustadt vom Turm B der Bonifaziust\u00fcrme aus gesehen &#8211; Bild Nr. 201807171115<\/figcaption><\/figure>\n<figure id=\"attachment_1934\" aria-describedby=\"caption-attachment-1934\" style=\"width: 300px\" class=\"wp-caption aligncenter\"><a href=\"https:\/\/i0.wp.com\/georg-dahlhoff.de\/blog\/wp-content\/uploads\/2010\/12\/201009054710mzneu.jpg\" target=\"_blank\" rel=\"noopener\"><img data-recalc-dims=\"1\" loading=\"lazy\" decoding=\"async\" class=\"size-medium wp-image-1934 \" title=\"201009054710 - Mainz: Christuskirche\" src=\"https:\/\/i0.wp.com\/georg-dahlhoff.de\/blog\/wp-content\/uploads\/2010\/12\/201009054710mzneu-300x214.jpg?resize=300%2C214\" alt=\"\" width=\"300\" height=\"214\" \/><\/a><figcaption id=\"caption-attachment-1934\" class=\"wp-caption-text\">Mainz: Evangelische Christuskirche &#8211; Bild Nr. 201009054710<\/figcaption><\/figure>\n<p style=\"text-align: center;\">Die evangelische\u00a0<strong>Christuskirche<\/strong> ist das weithin sichtbare Wahrzeichen der Neustadt. Die Kirche wurde von 1897 bis 1903 von Stadtbaumeister Eduad Kreyssig im Renaissance-Stil erbaut, der auch die Kaiserstra\u00dfe mit ihrem als Park angelegten breiten Gr\u00fcnstreifen in der Mitte geplant hat.<\/p>\n<figure id=\"attachment_1935\" aria-describedby=\"caption-attachment-1935\" style=\"width: 300px\" class=\"wp-caption aligncenter\"><a href=\"https:\/\/i0.wp.com\/georg-dahlhoff.de\/blog\/wp-content\/uploads\/2010\/12\/200508174726-mzneu.jpg\" target=\"_blank\" rel=\"noopener\"><img data-recalc-dims=\"1\" loading=\"lazy\" decoding=\"async\" class=\"size-medium wp-image-1935\" title=\"200508174726 - Mainz: Christuskirche\" src=\"https:\/\/i0.wp.com\/georg-dahlhoff.de\/blog\/wp-content\/uploads\/2010\/12\/200508174726-mzneu-300x225.jpg?resize=300%2C225\" alt=\"\" width=\"300\" height=\"225\" \/><\/a><figcaption id=\"caption-attachment-1935\" class=\"wp-caption-text\">Mainz: Evangelische Christuskirche &#8211; Bild Nr. 200508174726<\/figcaption><\/figure>\n<p style=\"text-align: center;\">Anders als der \u00e4u\u00dfere Schein vermuten l\u00e4\u00dft, zeichnet sich der Innenraum der evangelischen\u00a0<strong>Christuskirche<\/strong> trotz majest\u00e4tischer Gr\u00f6\u00dfe durch schlichte Sch\u00f6nheit aus. Der neue Altar (seit 2001) steht in der Mitte und die Gemeinde versammelt sich um diesen. Auch die Emporen bilden in dem kreuzf\u00f6rmigen Raum ein Dreiviertelrund, was zusammen eine besondere Atmosph\u00e4re hervorbringt und den Gedanken der Gemeinschaft der Gl\u00e4ubigen im Gottesdienst f\u00f6rdert.<\/p>\n<figure id=\"attachment_1938\" aria-describedby=\"caption-attachment-1938\" style=\"width: 200px\" class=\"wp-caption aligncenter\"><a href=\"https:\/\/i0.wp.com\/georg-dahlhoff.de\/blog\/wp-content\/uploads\/2010\/12\/201009054718-mzneu.jpg\" target=\"_blank\" rel=\"noopener\"><img data-recalc-dims=\"1\" loading=\"lazy\" decoding=\"async\" class=\"size-medium wp-image-1938 \" title=\"201009054718 - Mainz: Christuskirche\" src=\"https:\/\/i0.wp.com\/georg-dahlhoff.de\/blog\/wp-content\/uploads\/2010\/12\/201009054718-mzneu-200x300.jpg?resize=200%2C300\" alt=\"\" width=\"200\" height=\"300\" \/><\/a><figcaption id=\"caption-attachment-1938\" class=\"wp-caption-text\">Mainz: Evangelische Christuskirche &#8211; Bild Nr. 201009054718<\/figcaption><\/figure>\n<p style=\"text-align: Center;\"><script src=\"\/\/pagead2.googlesyndication.com\/pagead\/js\/adsbygoogle.js\" async=\"\" type=\"text\/javascript\"><\/script><!-- mbf-blog --> <ins class=\"adsbygoogle\" style=\"display: inline-block; width: 468px; height: 60px;\" data-ad-client=\"ca-pub-1724874997428610\" data-ad-slot=\"5271556774\"><\/ins><script type=\"text\/javascript\">\/\/ <![CDATA[ (adsbygoogle = window.adsbygoogle || []).push({}); \/\/ ]]><\/script><\/p>\n<figure id=\"attachment_1940\" aria-describedby=\"caption-attachment-1940\" style=\"width: 300px\" class=\"wp-caption aligncenter\"><a href=\"https:\/\/i0.wp.com\/georg-dahlhoff.de\/blog\/wp-content\/uploads\/2010\/12\/200806121026-mzneu.jpg\" target=\"_blank\" rel=\"noopener\"><img data-recalc-dims=\"1\" loading=\"lazy\" decoding=\"async\" class=\"size-medium wp-image-1940 \" title=\"200806121026 - Mainz: Lavendelfeld am Binger Schlag\" src=\"https:\/\/i0.wp.com\/georg-dahlhoff.de\/blog\/wp-content\/uploads\/2010\/12\/200806121026-mzneu-300x225.jpg?resize=300%2C225\" alt=\"\" width=\"300\" height=\"225\" \/><\/a><figcaption id=\"caption-attachment-1940\" class=\"wp-caption-text\">Mainz: Lavendelfeld am Binger Schlag &#8211; Bild Nr. 200806121026<\/figcaption><\/figure>\n<p style=\"text-align: center;\">Der neugestaltete Hauptbahnhof hat nun auch auf der R\u00fcckseite einen Eingang und einen Parkplatz. Der Bereich vor diesem Eingang wurde attraktiv gestaltet. Im Juni bl\u00fcht hier der Lavendel. Die beiden Hochhaus-Zwillingst\u00fcrme sind die <strong>Bonifazius-T\u00fcrme<\/strong>, ein weiteres markantes Wahrzeichen der Mainzer Neustadt.<\/p>\n<figure id=\"attachment_1942\" aria-describedby=\"caption-attachment-1942\" style=\"width: 300px\" class=\"wp-caption aligncenter\"><a href=\"https:\/\/i0.wp.com\/georg-dahlhoff.de\/blog\/wp-content\/uploads\/2010\/12\/200806120961-mzneu.jpg\" target=\"_blank\" rel=\"noopener\"><img data-recalc-dims=\"1\" loading=\"lazy\" decoding=\"async\" class=\"size-medium wp-image-1942\" title=\"200806120961 - Mainz: Bonifaziust\u00fcrme\" src=\"https:\/\/i0.wp.com\/georg-dahlhoff.de\/blog\/wp-content\/uploads\/2010\/12\/200806120961-mzneu-300x225.jpg?resize=300%2C225\" alt=\"\" width=\"300\" height=\"225\" \/><\/a><figcaption id=\"caption-attachment-1942\" class=\"wp-caption-text\">Mainz: Bonifaziust\u00fcrme &#8211; Bild Nr. 200806120961<\/figcaption><\/figure>\n<figure id=\"attachment_1943\" aria-describedby=\"caption-attachment-1943\" style=\"width: 300px\" class=\"wp-caption aligncenter\"><a href=\"https:\/\/i0.wp.com\/georg-dahlhoff.de\/blog\/wp-content\/uploads\/2010\/12\/201009054722-mzneu.jpg\" target=\"_blank\" rel=\"noopener\"><img data-recalc-dims=\"1\" loading=\"lazy\" decoding=\"async\" class=\"wp-image-1943 size-medium\" title=\"201009054722 - Mainz: Die Frauenlob-Barke\" src=\"https:\/\/i0.wp.com\/georg-dahlhoff.de\/blog\/wp-content\/uploads\/2010\/12\/201009054722-mzneu-300x200.jpg?resize=300%2C200\" alt=\"\" width=\"300\" height=\"200\" \/><\/a><figcaption id=\"caption-attachment-1943\" class=\"wp-caption-text\">Mainz: Die Frauenlob-Barke &#8211; Bild Nr. 201009054722<\/figcaption><\/figure>\n<p style=\"text-align: center;\">Am Ende der Frauenlobstra\u00dfe, am Rheinufer, steht dieser Brunnen, die <strong>Frauenlob-Barke<\/strong>, 1981 von Richard He\u00df.<\/p>\n<figure id=\"attachment_1945\" aria-describedby=\"caption-attachment-1945\" style=\"width: 200px\" class=\"wp-caption aligncenter\"><a href=\"https:\/\/i0.wp.com\/georg-dahlhoff.de\/blog\/wp-content\/uploads\/2010\/12\/201010180039-mzneu.jpg\" target=\"_blank\" rel=\"noopener\"><img data-recalc-dims=\"1\" loading=\"lazy\" decoding=\"async\" class=\"size-medium wp-image-1945\" title=\"201010180039 - Mainz: Kunsthalle am Zollhafen\" src=\"https:\/\/i0.wp.com\/georg-dahlhoff.de\/blog\/wp-content\/uploads\/2010\/12\/201010180039-mzneu-200x300.jpg?resize=200%2C300\" alt=\"\" width=\"200\" height=\"300\" \/><\/a><figcaption id=\"caption-attachment-1945\" class=\"wp-caption-text\">Mainz: Kunsthalle am Zollhafen &#8211; Bild Nr. 201010180039<\/figcaption><\/figure>\n<p style=\"text-align: center;\">Durch eine Umgestaltung des Zollhafens k\u00f6nnen einige Geb\u00e4ude neuen Bestimmungen zugef\u00fchrt werden. Dieses Geb\u00e4ude wurde zur <strong>Kunsthalle<\/strong> umgebaut. Der schr\u00e4ge Turm wurde in das vorhandene Geb\u00e4ude integriert.<\/p>\n<figure id=\"attachment_1947\" aria-describedby=\"caption-attachment-1947\" style=\"width: 300px\" class=\"wp-caption aligncenter\"><a href=\"https:\/\/i0.wp.com\/georg-dahlhoff.de\/blog\/wp-content\/uploads\/2010\/12\/201009060057-mzneu.jpg\" target=\"_blank\" rel=\"noopener\"><img data-recalc-dims=\"1\" loading=\"lazy\" decoding=\"async\" class=\"size-medium wp-image-1947 \" title=\"201009060057 - Mainz: Neue Synagoge\" src=\"https:\/\/i0.wp.com\/georg-dahlhoff.de\/blog\/wp-content\/uploads\/2010\/12\/201009060057-mzneu-300x229.jpg?resize=300%2C229\" alt=\"\" width=\"300\" height=\"229\" \/><\/a><figcaption id=\"caption-attachment-1947\" class=\"wp-caption-text\">Mainz: Neue Synagoge &#8211; Bild Nr. 201009060057<\/figcaption><\/figure>\n<p style=\"text-align: center;\">Die <strong>neue Synagoge<\/strong> wurde im Jahr 2010 fertiggestellt und am 3. September 2010 feierlich ihrer Bestimmung als Gotteshaus der j\u00fcdischen Gemeinde in Mainz \u00fcbergeben. Sie steht an gleicher Stelle, wie die alte Synagoge, die w\u00e4hrend der Novemberprogrome im Jahr 1938 zerst\u00f6rt wurde. Mit dem neuen Wachstum der Gemeinde in den 1990er Jahren, wurde dieser Neubau notwendig. 1999 wurde ein Wettbewerb f\u00fcr den Neubau einer Synagoge und eines J\u00fcdischen Gemeindezentrums durchgef\u00fchrt, der von dem Architekten\u00a0Manuel Herz gewonnen wurde. Die Baukosten wurden von der Stadt, dem Land Rhinland-Pfalz und dem Bund \u00fcbernommen. Eine Baugenehmigung wurde bereits im Jahr 2000 erteilt. Der Abriss des Hauptzollamtsgeb\u00e4udes von 1955, das sich auf dem Grundst\u00fcck befand, erfolgte aber erst im Oktober 2008.<\/p>\n<p style=\"text-align: center;\">Die neue Synagoge steht als Gemeindezentrum am Platz der alten Hauptsynagoge in der Hindenburgstra\u00dfe\u00a0in der\u00a0Mainzer Neustadt. Der Platz in der Hindenburgstra\u00dfe wurde in\u00a0<strong>Synagogenplatz<\/strong> umbenannt.<\/p>\n<figure id=\"attachment_1949\" aria-describedby=\"caption-attachment-1949\" style=\"width: 300px\" class=\"wp-caption aligncenter\"><a href=\"https:\/\/i0.wp.com\/georg-dahlhoff.de\/blog\/wp-content\/uploads\/2010\/12\/201009060050-mzneu.jpg\" target=\"_blank\" rel=\"noopener\"><img data-recalc-dims=\"1\" loading=\"lazy\" decoding=\"async\" class=\"size-medium wp-image-1949 \" title=\"201009060050 - Mainz: Neue Synagoge\" src=\"https:\/\/i0.wp.com\/georg-dahlhoff.de\/blog\/wp-content\/uploads\/2010\/12\/201009060050-mzneu-300x195.jpg?resize=300%2C195\" alt=\"\" width=\"300\" height=\"195\" \/><\/a><figcaption id=\"caption-attachment-1949\" class=\"wp-caption-text\">Mainz: T\u00fcr der neuen Synagoge &#8211; Bild Nr. 201009060050<\/figcaption><\/figure>\n<figure id=\"attachment_4339\" aria-describedby=\"caption-attachment-4339\" style=\"width: 300px\" class=\"wp-caption aligncenter\"><a href=\"https:\/\/i0.wp.com\/georg-dahlhoff.de\/blog\/wp-content\/uploads\/2011\/08\/201108282056.jpg\"><img data-recalc-dims=\"1\" loading=\"lazy\" decoding=\"async\" class=\"size-medium wp-image-4339 \" title=\"201108282056 - Mainz: Kaponniere am Feldbergplatz\" src=\"https:\/\/i0.wp.com\/georg-dahlhoff.de\/blog\/wp-content\/uploads\/2011\/08\/201108282056-300x200.jpg?resize=300%2C200\" alt=\"\" width=\"300\" height=\"200\" \/><\/a><figcaption id=\"caption-attachment-4339\" class=\"wp-caption-text\">Kaponniere am Feldbergplatz &#8211; Bild Nr. 201108282056<\/figcaption><\/figure>\n<p style=\"text-align: center;\">Anfang des 19. Jahrhunderts, als die Stadt\u00a0<strong>Mainz<\/strong>\u00a0um die Neustadt erweitert wurde, begann die damalige franz\u00f6sische Besatzungsmacht die\u00a0<strong>Stadtbefestigung<\/strong>\u00a0am linken Rheinufer zu erweiteren.\u00a0Entlang des Rheinufers wurden Festungsmauern errichtet, in der N\u00e4he der Tore wurden sogenannte Kaponnieren errichtet, das sind besonders massive Geb\u00e4ude, von denen aus m\u00f6gliche Eindringlinge unter Beschuss genommen werden konnten. Die\u00a0<strong>Kaponniere\u00a0<\/strong>am\u00a0<strong>Feldbergtor<\/strong>\u00a0in der N\u00e4he des ehemaligen Zollhafens und etliche Abschnitte der Festungsmauer sind noch erhalten.<\/p>\n<p style=\"text-align: center;\">\u2026<\/p>\n<p style=\"text-align: center;\"><em>F<\/em><em>\u00fcr die Fotografien gilt das Urheberrecht! Jegliche Verwendung des Bildmaterials ohne Genehmigung des Fotografen ist untersagt. Informationen zum Erwerb von Ver\u00f6ffentlichungsrechten finden Sie\u00a0<a title=\"Ver\u00f6ffentlichungsrechte\" href=\"https:\/\/georg-dahlhoff.de\/wp\/?page_id=11938\">hier<\/a>.<\/em><\/p>\n","protected":false},"excerpt":{"rendered":"<p>Einleitung\u00a0\u2013\u00a0Altstadt und Mitte\u00a0\u2013\u00a0Neustadt\u00a0\u2013\u00a0Regierungsviertel\u00a0\u2013\u00a0Schillerplatz Die evangelische\u00a0Christuskirche ist das weithin sichtbare Wahrzeichen der Neustadt. Die Kirche wurde von 1897 bis 1903 von Stadtbaumeister Eduad Kreyssig im Renaissance-Stil erbaut, der auch die Kaiserstra\u00dfe [&hellip;]<\/p>\n","protected":false},"author":1,"featured_media":0,"parent":1752,"menu_order":1,"comment_status":"closed","ping_status":"open","template":"","meta":{"jetpack_post_was_ever_published":false,"footnotes":""},"class_list":["post-1933","page","type-page","status-publish","hentry"],"jetpack_shortlink":"https:\/\/wp.me\/P8MzOO-vb","jetpack-related-posts":[],"jetpack_likes_enabled":true,"jetpack_sharing_enabled":true,"_links":{"self":[{"href":"https:\/\/georg-dahlhoff.de\/wp\/index.php?rest_route=\/wp\/v2\/pages\/1933","targetHints":{"allow":["GET"]}}],"collection":[{"href":"https:\/\/georg-dahlhoff.de\/wp\/index.php?rest_route=\/wp\/v2\/pages"}],"about":[{"href":"https:\/\/georg-dahlhoff.de\/wp\/index.php?rest_route=\/wp\/v2\/types\/page"}],"author":[{"embeddable":true,"href":"https:\/\/georg-dahlhoff.de\/wp\/index.php?rest_route=\/wp\/v2\/users\/1"}],"replies":[{"embeddable":true,"href":"https:\/\/georg-dahlhoff.de\/wp\/index.php?rest_route=%2Fwp%2Fv2%2Fcomments&post=1933"}],"version-history":[{"count":1,"href":"https:\/\/georg-dahlhoff.de\/wp\/index.php?rest_route=\/wp\/v2\/pages\/1933\/revisions"}],"predecessor-version":[{"id":27398,"href":"https:\/\/georg-dahlhoff.de\/wp\/index.php?rest_route=\/wp\/v2\/pages\/1933\/revisions\/27398"}],"up":[{"embeddable":true,"href":"https:\/\/georg-dahlhoff.de\/wp\/index.php?rest_route=\/wp\/v2\/pages\/1752"}],"wp:attachment":[{"href":"https:\/\/georg-dahlhoff.de\/wp\/index.php?rest_route=%2Fwp%2Fv2%2Fmedia&parent=1933"}],"curies":[{"name":"wp","href":"https:\/\/api.w.org\/{rel}","templated":true}]}}