{"id":12460,"date":"2012-09-28T13:03:48","date_gmt":"2012-09-28T11:03:48","guid":{"rendered":"http:\/\/georg-dahlhoff.de\/wp\/?page_id=12460"},"modified":"2021-10-09T08:13:38","modified_gmt":"2021-10-09T06:13:38","slug":"links-2","status":"publish","type":"page","link":"https:\/\/georg-dahlhoff.de\/wp\/?page_id=12460","title":{"rendered":"Links"},"content":{"rendered":"<h2>Meine Blogroll<\/h2>\n<ul>\n<li><a href=\"http:\/\/agnes-welt.de\/juvare\" target=\"_blank\" rel=\"noopener\">Agnes: Gedanken, Tatsachen und Tr\u00e4ume<\/a><\/li>\n<li><a href=\"http:\/\/nachtbuch.designblog.de\" target=\"_blank\" rel=\"noopener\">Das Nachtbuch<\/a><\/li>\n<li><a title=\"Escaras Schwarzwei\u00df-Blog\" href=\"http:\/\/escara-fotoprojekte.blogspot.ch\" target=\"_blank\" rel=\"noopener\">Escara Fotoprojekte<\/a><\/li>\n<li><a href=\"http:\/\/www.mein-blumenbild-des-tages.de\/\" target=\"_blank\" rel=\"contact noopener\">Fiona: Mein Blumenbild des Tages<\/a><\/li>\n<li><a href=\"http:\/\/gerd-kluge.de\" target=\"_blank\" rel=\"noopener\">Gerd Kluge \u2013 Photography and Music<\/a><\/li>\n<li><a href=\"http:\/\/bjorstad.wordpress.com\/\" target=\"_blank\" rel=\"noopener\">Hans H. Bj\u00f8rstad Fotoblogg<\/a><\/li>\n<li><a href=\"http:\/\/hhsiegrist.wordpress.com\/\" target=\"_blank\" rel=\"noopener\">Hans H. Siegrist&#8217;s Nature Photography<\/a><\/li>\n<li><a title=\"Fotografien von den Halligen, den Nordseeinseln und dem Wendland\" href=\"http:\/\/halligbilder.wordpress.com\/\" target=\"_blank\" rel=\"noopener\">Helmut Wiege: Halligbilder<\/a><\/li>\n<li><a href=\"https:\/\/bikeandsail.jimdofree.com\/\" target=\"_blank\" rel=\"noopener\">Kerstin-Horn Photografie<\/a><\/li>\n<li><a href=\"http:\/\/meichelmeichel.wordpress.com\" target=\"_blank\" rel=\"noopener\">Meichels Blog<\/a><\/li>\n<li><a href=\"http:\/\/myfotohome.at\" target=\"_blank\" rel=\"noopener\">MyFotohome<\/a><\/li>\n<li><a href=\"http:\/\/fotografie-pg.de\/cms\/\" target=\"_blank\" rel=\"noopener\">Petra Geritschke \u2013\u00a0fotografie-pg &#8230; die Magie des Klicks &#8230;\u00a0<\/a><\/li>\n<li><a title=\"Rolfs Fotoalbum\" href=\"http:\/\/rolfs.photos\" target=\"_blank\" rel=\"noopener\">Rolfs Fotoalbum<\/a><\/li>\n<li><a href=\"http:\/\/www.sarahboehm.de\" target=\"_blank\" rel=\"noopener\">Sarah B\u00f6hm Fotografie<\/a><\/li>\n<li><a href=\"http:\/\/ute42.wordpress.com\" target=\"_blank\" rel=\"noopener\">Ute42&#8217;s Blog<\/a><\/li>\n<\/ul>\n<h2>Internetauftritte befreundeter Hobbyfotografen:<\/h2>\n<ul>\n<li>Eduard Toni Bauduin\u00a0<a href=\"http:\/\/tonis-fotoseite.de\" target=\"_blank\" rel=\"noopener\">http:\/\/tonis-fotoseite.de<\/a><\/li>\n<li>J\u00fcrgen von Esenwein\u00a0<a href=\"http:\/\/www.von-esenwein.de\/\" target=\"_blank\" rel=\"noopener\">http:\/\/www.von-esenwein.de <\/a><\/li>\n<li>Roland Klinge\u00a0<a href=\"http:\/\/www.gb-pro.de\/Foto-hp\/\" target=\"_blank\" rel=\"noopener\">http:\/\/www.gb-pro.de\/Foto-hp\/<\/a><\/li>\n<li>Hans-Dieter M\u00fcller\u00a0<a title=\"Hans-Dieter M\u00fcller\" href=\"http:\/\/www.hdm-fotos.de\/\" target=\"_blank\" rel=\"noopener\">http:\/\/www.hdm-fotos.de\/<\/a><\/li>\n<li>Uwe M\u00fcller\u00a0<a href=\"http:\/\/www.fotoalb-um.de\/\" target=\"_blank\" rel=\"noopener\">http:\/\/www.fotoalb-um.de <\/a><\/li>\n<li>Peter Nennstiel\u00a0<a href=\"http:\/\/www.nennstiel-foto.de\/\" target=\"_blank\" rel=\"noopener\">http:\/\/www.nennstiel-foto.de <\/a><\/li>\n<li>Doroth\u00e9e Rapp\u00a0<a href=\"http:\/\/www.dorothee-rapp.de\/\" target=\"_blank\" rel=\"noopener\">http:\/\/www.dorothee-rapp.de <\/a><\/li>\n<li>Horst Schneider\u00a0<a href=\"http:\/\/www.horst-schneider.eu\/\" target=\"_blank\" rel=\"noopener\">http:\/\/www.horst-schneider.eu<\/a><\/li>\n<li>Yvonne Steinmann\u00a0<a href=\"http:\/\/www.yvonnesteinmann.ch\/\" target=\"_blank\" rel=\"noopener\">http:\/\/www.yvonnesteinmann.ch<\/a><\/li>\n<li>Andreas Zapp:\u00a0<a href=\"http:\/\/zapparazzi.de\" target=\"_blank\" rel=\"noopener\">http:\/\/zapparazzi.de<\/a><\/li>\n<\/ul>\n<h2>Internetauftritte befreundeter Berufsfotografen:<\/h2>\n<ul>\n<li>Guenter Hamich\u00a0<a href=\"http:\/\/guenterhamich.de\/\" target=\"_blank\" rel=\"noopener\">http:\/\/guenterhamich.de<\/a><\/li>\n<li>Thomas Hieronymi\u00a0<a href=\"http:\/\/www.skyzoom.de\/\" target=\"_blank\" rel=\"noopener\">http:\/\/www.skyzoom.de<\/a>\u00a0<a href=\"http:\/\/www.fotohiero.de\/\" target=\"_blank\" rel=\"noopener\">http:\/\/www.fotohiero.de<\/a><\/li>\n<\/ul>\n<h2>Nachrichten aus der Fotowelt:<\/h2>\n<p><a href=\"http:\/\/photoscala.de\" target=\"_blank\" rel=\"noopener\">www.photoscala.de<\/a><br \/>\n<a href=\"http:\/\/www.digitalkamera.de\/\" target=\"_blank\" rel=\"noopener\">www.digitalkamera.de<br \/>\n<\/a><a href=\"http:\/\/www.dpreview.com\/\" target=\"_blank\" rel=\"noopener\">www.dpreview.com<\/a>\u00a0(englisch)<\/p>\n<h2>Fotografisches Fachwissen:<\/h2>\n<ul>\n<li>Nikon F-Bajonett \u2013 was passt zusammen?\u00a0<a href=\"http:\/\/www.horst-schneider.eu\/nikon-f.htm\" target=\"_blank\" rel=\"noopener\">http:\/\/www.horst-schneider.eu\/nikon-f.htm<\/a><\/li>\n<li>Die richtige Belichtungsmessung und Belichtung:\u00a0<a href=\"http:\/\/www.horst-schneider.eu\/belichtung.htm\" target=\"_blank\" rel=\"noopener\">http:\/\/www.horst-schneider.eu\/belichtung.htm<\/a><\/li>\n<li>Die Bildgestaltung:\u00a0<a href=\"http:\/\/www.horst-schneider.eu\/bild.htm\" target=\"_blank\" rel=\"noopener\">http:\/\/www.horst-schneider.eu\/bild.htm<\/a><\/li>\n<li>Sch\u00e4rfentieferechner:\u00a0<a href=\"http:\/\/www.striewisch-fotodesign.de\/lehrgang\/anmerk\/ts_kb.htm\" target=\"_blank\" rel=\"noopener\">http:\/\/www.striewisch-fotodesign.de\/lehrgang\/anmerk\/ts_kb.htm<\/a><\/li>\n<\/ul>\n<h2>Regionalgeschichte:<\/h2>\n<p>Portal des Instituts f\u00fcr geschichtliche Landeskunde der Universit\u00e4t Mainz: <a title=\"regionalgeschichte.net\" href=\"http:\/\/www.regionalgeschichte.net\/hauptportal\/startseite.html\" target=\"_blank\" rel=\"noopener\">http:\/\/www.regionalgeschichte.net\/hauptportal\/startseite.html<br \/>\n<\/a><\/p>\n<hr \/>\n<p><strong>Rechtlicher Hinweis:<\/strong> Ich weise ausdr\u00fccklich darauf hin, dass f\u00fcr den Inhalt von verlinkten Internetseiten ausschlie\u00dflich deren Betreiber verantwortlich sind. Somit distanziere ich mich, trotz sorgf\u00e4ltiger Auswahl, von deren Inhalten. Sollte einer der Links zwischenzeitlich auf eine Seite mit rechtswidrigen Inhalten welcher Art auch immer oder auch zu gar keiner Seite mehr verweisen, bitte ich Sie mir diesen zu nennen, um ihn schnellstm\u00f6glich zu entfernen. Vielen Dank f\u00fcr Ihr Verst\u00e4ndnis und Ihre Mithilfe!<\/p>\n","protected":false},"excerpt":{"rendered":"<p>Meine Blogroll Agnes: Gedanken, Tatsachen und Tr\u00e4ume Das Nachtbuch Escara Fotoprojekte Fiona: Mein Blumenbild des Tages Gerd Kluge \u2013 Photography and Music Hans H. Bj\u00f8rstad Fotoblogg Hans H. Siegrist&#8217;s Nature [&hellip;]<\/p>\n","protected":false},"author":1,"featured_media":0,"parent":0,"menu_order":0,"comment_status":"closed","ping_status":"closed","template":"","meta":{"jetpack_post_was_ever_published":false,"footnotes":""},"class_list":["post-12460","page","type-page","status-publish","hentry"],"jetpack_shortlink":"https:\/\/wp.me\/P8MzOO-3eY","jetpack-related-posts":[],"jetpack_likes_enabled":true,"jetpack_sharing_enabled":true,"_links":{"self":[{"href":"https:\/\/georg-dahlhoff.de\/wp\/index.php?rest_route=\/wp\/v2\/pages\/12460","targetHints":{"allow":["GET"]}}],"collection":[{"href":"https:\/\/georg-dahlhoff.de\/wp\/index.php?rest_route=\/wp\/v2\/pages"}],"about":[{"href":"https:\/\/georg-dahlhoff.de\/wp\/index.php?rest_route=\/wp\/v2\/types\/page"}],"author":[{"embeddable":true,"href":"https:\/\/georg-dahlhoff.de\/wp\/index.php?rest_route=\/wp\/v2\/users\/1"}],"replies":[{"embeddable":true,"href":"https:\/\/georg-dahlhoff.de\/wp\/index.php?rest_route=%2Fwp%2Fv2%2Fcomments&post=12460"}],"version-history":[{"count":4,"href":"https:\/\/georg-dahlhoff.de\/wp\/index.php?rest_route=\/wp\/v2\/pages\/12460\/revisions"}],"predecessor-version":[{"id":28701,"href":"https:\/\/georg-dahlhoff.de\/wp\/index.php?rest_route=\/wp\/v2\/pages\/12460\/revisions\/28701"}],"wp:attachment":[{"href":"https:\/\/georg-dahlhoff.de\/wp\/index.php?rest_route=%2Fwp%2Fv2%2Fmedia&parent=12460"}],"curies":[{"name":"wp","href":"https:\/\/api.w.org\/{rel}","templated":true}]}}