{"id":11739,"date":"2010-12-01T21:45:27","date_gmt":"2010-12-01T20:45:27","guid":{"rendered":"http:\/\/georg-dahlhoff.de\/blog\/"},"modified":"2018-02-16T17:03:17","modified_gmt":"2018-02-16T16:03:17","slug":"guntersblum","status":"publish","type":"page","link":"https:\/\/georg-dahlhoff.de\/wp\/?page_id=11739","title":{"rendered":"Guntersblum"},"content":{"rendered":"<p style=\"text-align: center;\"><a href=\"https:\/\/georg-dahlhoff.de\/wp\/?page_id=11740\"><img data-recalc-dims=\"1\" loading=\"lazy\" decoding=\"async\" data-attachment-id=\"26915\" data-permalink=\"https:\/\/georg-dahlhoff.de\/wp\/?attachment_id=26915\" data-orig-file=\"https:\/\/i0.wp.com\/georg-dahlhoff.de\/wp\/wp-content\/uploads\/2018\/02\/Fotosammlung_MZ-BIN.jpg?fit=623%2C80&amp;ssl=1\" data-orig-size=\"623,80\" data-comments-opened=\"1\" data-image-meta=\"{&quot;aperture&quot;:&quot;0&quot;,&quot;credit&quot;:&quot;&quot;,&quot;camera&quot;:&quot;&quot;,&quot;caption&quot;:&quot;&quot;,&quot;created_timestamp&quot;:&quot;0&quot;,&quot;copyright&quot;:&quot;&quot;,&quot;focal_length&quot;:&quot;0&quot;,&quot;iso&quot;:&quot;0&quot;,&quot;shutter_speed&quot;:&quot;0&quot;,&quot;title&quot;:&quot;&quot;,&quot;orientation&quot;:&quot;1&quot;}\" data-image-title=\"Fotosammlung_MZ-BIN\" data-image-description=\"\" data-image-caption=\"\" data-large-file=\"https:\/\/i0.wp.com\/georg-dahlhoff.de\/wp\/wp-content\/uploads\/2018\/02\/Fotosammlung_MZ-BIN.jpg?fit=600%2C77&amp;ssl=1\" class=\"aligncenter size-large wp-image-26915\" src=\"https:\/\/i0.wp.com\/georg-dahlhoff.de\/wp\/wp-content\/uploads\/2018\/02\/Fotosammlung_MZ-BIN.jpg?resize=600%2C77&#038;ssl=1\" alt=\"\" width=\"600\" height=\"77\" srcset=\"https:\/\/i0.wp.com\/georg-dahlhoff.de\/wp\/wp-content\/uploads\/2018\/02\/Fotosammlung_MZ-BIN.jpg?resize=600%2C77&amp;ssl=1 600w, https:\/\/i0.wp.com\/georg-dahlhoff.de\/wp\/wp-content\/uploads\/2018\/02\/Fotosammlung_MZ-BIN.jpg?resize=300%2C39&amp;ssl=1 300w, https:\/\/i0.wp.com\/georg-dahlhoff.de\/wp\/wp-content\/uploads\/2018\/02\/Fotosammlung_MZ-BIN.jpg?w=623&amp;ssl=1 623w\" sizes=\"auto, (max-width: 600px) 100vw, 600px\" \/><\/a><\/p>\n<p style=\"text-align: center;\"><strong>Gemeinde Guntersblum<\/strong>, Verbandsgemeinde Rhein-Selz, ca. 3.950 Einwohner <a title=\"Gemeinde Guntersblum\" href=\"http:\/\/www.guntersblum.eu\/\" target=\"_blank\" rel=\"noopener noreferrer\">http:\/\/www.guntersblum.eu\/<\/a><\/p>\n<figure id=\"attachment_25880\" aria-describedby=\"caption-attachment-25880\" style=\"width: 600px\" class=\"wp-caption aligncenter\"><a href=\"https:\/\/i0.wp.com\/georg-dahlhoff.de\/wp\/wp-content\/uploads\/2010\/12\/201705181382.jpg?ssl=1\"><img data-recalc-dims=\"1\" loading=\"lazy\" decoding=\"async\" data-attachment-id=\"25880\" data-permalink=\"https:\/\/georg-dahlhoff.de\/wp\/?attachment_id=25880\" data-orig-file=\"https:\/\/i0.wp.com\/georg-dahlhoff.de\/wp\/wp-content\/uploads\/2010\/12\/201705181382.jpg?fit=1500%2C1000&amp;ssl=1\" data-orig-size=\"1500,1000\" data-comments-opened=\"1\" data-image-meta=\"{&quot;aperture&quot;:&quot;0&quot;,&quot;credit&quot;:&quot;&quot;,&quot;camera&quot;:&quot;&quot;,&quot;caption&quot;:&quot;&quot;,&quot;created_timestamp&quot;:&quot;0&quot;,&quot;copyright&quot;:&quot;&quot;,&quot;focal_length&quot;:&quot;0&quot;,&quot;iso&quot;:&quot;0&quot;,&quot;shutter_speed&quot;:&quot;0&quot;,&quot;title&quot;:&quot;&quot;,&quot;orientation&quot;:&quot;0&quot;}\" data-image-title=\"201705181382\" data-image-description=\"\" data-image-caption=\"\" data-large-file=\"https:\/\/i0.wp.com\/georg-dahlhoff.de\/wp\/wp-content\/uploads\/2010\/12\/201705181382.jpg?fit=600%2C400&amp;ssl=1\" class=\"wp-image-25880 size-large\" src=\"https:\/\/i0.wp.com\/georg-dahlhoff.de\/wp\/wp-content\/uploads\/2010\/12\/201705181382.jpg?resize=600%2C400&#038;ssl=1\" alt=\"\" width=\"600\" height=\"400\" srcset=\"https:\/\/i0.wp.com\/georg-dahlhoff.de\/wp\/wp-content\/uploads\/2010\/12\/201705181382.jpg?resize=600%2C400&amp;ssl=1 600w, https:\/\/i0.wp.com\/georg-dahlhoff.de\/wp\/wp-content\/uploads\/2010\/12\/201705181382.jpg?resize=300%2C200&amp;ssl=1 300w, https:\/\/i0.wp.com\/georg-dahlhoff.de\/wp\/wp-content\/uploads\/2010\/12\/201705181382.jpg?resize=768%2C512&amp;ssl=1 768w, https:\/\/i0.wp.com\/georg-dahlhoff.de\/wp\/wp-content\/uploads\/2010\/12\/201705181382.jpg?w=1500&amp;ssl=1 1500w\" sizes=\"auto, (max-width: 600px) 100vw, 600px\" \/><\/a><figcaption id=\"caption-attachment-25880\" class=\"wp-caption-text\">Guntersblum &#8211; Bild Nr. 201705181382<\/figcaption><\/figure>\n<p style=\"text-align: center;\">Guntersblum liegt am s\u00fcdlichen Ende des Landkreises an der Rheinhessischen Rheinfront. Der Ort ist in erster Linie durch den Weinbau gepr\u00e4gt. Die meisten Winzerh\u00f6fe liegen interessanter Weise in einer Stra\u00dfe, dem Kellerweg. So war es naheliegend einmal im Jahr alle Keller zu \u00f6ffnen, und die \u00d6ffentlichkeit an 2 Wochenenden im August zum weithin bekannten Kellerwegfest einzuladen.<\/p>\n<figure id=\"attachment_1370\" aria-describedby=\"caption-attachment-1370\" style=\"width: 225px\" class=\"wp-caption aligncenter\"><a href=\"https:\/\/i0.wp.com\/georg-dahlhoff.de\/blog\/wp-content\/uploads\/2010\/12\/200407190369-gun.jpg\" target=\"_blank\" rel=\"noopener noreferrer\"><img data-recalc-dims=\"1\" loading=\"lazy\" decoding=\"async\" class=\"size-medium wp-image-1370\" title=\"200407190369 - Guntersblum: Evangelische Kirche\" src=\"https:\/\/i0.wp.com\/georg-dahlhoff.de\/blog\/wp-content\/uploads\/2010\/12\/200407190369-gun-225x300.jpg?resize=225%2C300\" alt=\"\" width=\"225\" height=\"300\" \/><\/a><figcaption id=\"caption-attachment-1370\" class=\"wp-caption-text\">Guntersblum: Evangelische Kirche &#8211; Bild Nr. 200407190369<\/figcaption><\/figure>\n<p style=\"text-align: center;\">Das Wahrzeichen von Guntersblum ist die Evangelische Kirche aus dem 12. Jahrhundert mit ihren imposanten Zwillingst\u00fcrmen. Zu Ihren F\u00fc\u00dfen befindet sich der Marktplatz.\u00a0Die Zwillingst\u00fcrme wurden 2003-2004 gr\u00fcndlich renoviert, wie man hier sieht: Es hat sich gelohnt.<\/p>\n<figure id=\"attachment_1371\" aria-describedby=\"caption-attachment-1371\" style=\"width: 300px\" class=\"wp-caption aligncenter\"><a href=\"https:\/\/i0.wp.com\/georg-dahlhoff.de\/blog\/wp-content\/uploads\/2010\/12\/200211171772-gun.jpg\" target=\"_blank\" rel=\"noopener noreferrer\"><img data-recalc-dims=\"1\" loading=\"lazy\" decoding=\"async\" class=\"size-medium wp-image-1371\" title=\"200211171772 - Guntersblum: St. Viktor\" src=\"https:\/\/i0.wp.com\/georg-dahlhoff.de\/blog\/wp-content\/uploads\/2010\/12\/200211171772-gun-300x225.jpg?resize=300%2C225\" alt=\"\" width=\"300\" height=\"225\" \/><\/a><figcaption id=\"caption-attachment-1371\" class=\"wp-caption-text\">Gunterblum: Katholische Pfarrkirche St. Viktor &#8211; Bild Nr. 200211171772<\/figcaption><\/figure>\n<p style=\"text-align: center;\">Die Katholische Pfarrkirche St. Viktor wurde zwischen 1843 und 1845 im Hof des alten Schlosses erbaut.<\/p>\n<figure id=\"attachment_1373\" aria-describedby=\"caption-attachment-1373\" style=\"width: 300px\" class=\"wp-caption aligncenter\"><a href=\"https:\/\/i0.wp.com\/georg-dahlhoff.de\/blog\/wp-content\/uploads\/2010\/12\/200211171788-gun.jpg\" target=\"_blank\" rel=\"noopener noreferrer\"><img data-recalc-dims=\"1\" loading=\"lazy\" decoding=\"async\" class=\"size-medium wp-image-1373\" title=\"200211171788 - Guntersblum: Rathaus\" src=\"https:\/\/i0.wp.com\/georg-dahlhoff.de\/blog\/wp-content\/uploads\/2010\/12\/200211171788-gun-300x225.jpg?resize=300%2C225\" alt=\"\" width=\"300\" height=\"225\" \/><\/a><figcaption id=\"caption-attachment-1373\" class=\"wp-caption-text\">Guntersblum: Rathaus &#8211; Bild Nr. 200211171788<\/figcaption><\/figure>\n<p style=\"text-align: center;\">Das Rathaus (ehemaliges Schloss) wurde 1704 von Graf Carl Wilhelm von Leiningen erbaut.<\/p>\n<figure id=\"attachment_1374\" aria-describedby=\"caption-attachment-1374\" style=\"width: 225px\" class=\"wp-caption aligncenter\"><a href=\"https:\/\/i0.wp.com\/georg-dahlhoff.de\/blog\/wp-content\/uploads\/2010\/12\/200211171781-gun.jpg\" target=\"_blank\" rel=\"noopener noreferrer\"><img data-recalc-dims=\"1\" loading=\"lazy\" decoding=\"async\" class=\"size-medium wp-image-1374\" title=\"200211171781 - Guntersblum: Kellereingang\" src=\"https:\/\/i0.wp.com\/georg-dahlhoff.de\/blog\/wp-content\/uploads\/2010\/12\/200211171781-gun-225x300.jpg?resize=225%2C300\" alt=\"\" width=\"225\" height=\"300\" \/><\/a><figcaption id=\"caption-attachment-1374\" class=\"wp-caption-text\">Guntersblum: Kellereingang am Kellerweg &#8211; Bild Nr. 200211171781<\/figcaption><\/figure>\n<p style=\"text-align: center;\">Wenden wir uns jetzt dem Kellerweg zu: Die Schrift \u00fcber diesem Kellereingang zeigt, dass die Guntersblumer stolz auf Ihren guten Tropfen sind, und die Besucherzahlen beim Kellerwegfest best\u00e4tigen dies eindrucksvoll.<\/p>\n<figure id=\"attachment_1375\" aria-describedby=\"caption-attachment-1375\" style=\"width: 300px\" class=\"wp-caption aligncenter\"><a href=\"https:\/\/i0.wp.com\/georg-dahlhoff.de\/blog\/wp-content\/uploads\/2010\/12\/200211171782-gun.jpg\" target=\"_blank\" rel=\"noopener noreferrer\"><img data-recalc-dims=\"1\" loading=\"lazy\" decoding=\"async\" class=\"size-medium wp-image-1375\" title=\"200211171782 - Guntersblum: Denkmalzone\" src=\"https:\/\/i0.wp.com\/georg-dahlhoff.de\/blog\/wp-content\/uploads\/2010\/12\/200211171782-gun-300x225.jpg?resize=300%2C225\" alt=\"\" width=\"300\" height=\"225\" \/><\/a><figcaption id=\"caption-attachment-1375\" class=\"wp-caption-text\">Guntersblum: Denkmalzone &#8211; Bild Nr. 200211171782<\/figcaption><\/figure>\n<p style=\"text-align: center;\">Vor diesem sch\u00f6nen Fachwerkhaus am Kellerweg befindet sich die Denkmalzone, es handelt sich um eine bauliche Gesamtanlage einer Gruppe von ehemaligen Kelterh\u00e4usern aus der 2. H\u00e4lfte des 19. Jahrhunderts.<\/p>\n<figure id=\"attachment_1377\" aria-describedby=\"caption-attachment-1377\" style=\"width: 225px\" class=\"wp-caption aligncenter\"><a href=\"https:\/\/i0.wp.com\/georg-dahlhoff.de\/blog\/wp-content\/uploads\/2010\/12\/200211171783-gun.jpg\" target=\"_blank\" rel=\"noopener noreferrer\"><img data-recalc-dims=\"1\" loading=\"lazy\" decoding=\"async\" class=\"size-medium wp-image-1377\" title=\"200211171783 - Guntersblum: Fachwerkvilla\" src=\"https:\/\/i0.wp.com\/georg-dahlhoff.de\/blog\/wp-content\/uploads\/2010\/12\/200211171783-gun-225x300.jpg?resize=225%2C300\" alt=\"\" width=\"225\" height=\"300\" \/><\/a><figcaption id=\"caption-attachment-1377\" class=\"wp-caption-text\">Guntersblum: Fachwerkvilla am Kellerweg &#8211; Bild Nr. 200211171783<\/figcaption><\/figure>\n<figure id=\"attachment_1378\" aria-describedby=\"caption-attachment-1378\" style=\"width: 300px\" class=\"wp-caption aligncenter\"><a href=\"https:\/\/i0.wp.com\/georg-dahlhoff.de\/blog\/wp-content\/uploads\/2010\/12\/200407190383-gun.jpg\" target=\"_blank\" rel=\"noopener noreferrer\"><img data-recalc-dims=\"1\" loading=\"lazy\" decoding=\"async\" class=\"size-medium wp-image-1378\" title=\"200407190383 - Guntersblum: Weingut Schlosshof\" src=\"https:\/\/i0.wp.com\/georg-dahlhoff.de\/blog\/wp-content\/uploads\/2010\/12\/200407190383-gun-300x225.jpg?resize=300%2C225\" alt=\"\" width=\"300\" height=\"225\" \/><\/a><figcaption id=\"caption-attachment-1378\" class=\"wp-caption-text\">Guntersblum: Weingut Schlosshof &#8211; Bild Nr. 200407190383<\/figcaption><\/figure>\n<p style=\"text-align: center;\">Dieses 1787-1789 erbaute ehemalige Schloss an der Hauptstra\u00dfe ist heute in Privatbesitz und beherbergt das Weingut Schlosshof.<\/p>\n<h2 style=\"text-align: center;\">Wasserwerk:<\/h2>\n<figure id=\"attachment_1379\" aria-describedby=\"caption-attachment-1379\" style=\"width: 300px\" class=\"wp-caption alignleft\"><a href=\"https:\/\/i0.wp.com\/georg-dahlhoff.de\/blog\/wp-content\/uploads\/2010\/12\/200211171794.jpg\" target=\"_blank\" rel=\"noopener noreferrer\"><img data-recalc-dims=\"1\" loading=\"lazy\" decoding=\"async\" class=\"size-medium wp-image-1379 \" title=\"200211171794 - Guntersblum: Wasserwerk\" src=\"https:\/\/i0.wp.com\/georg-dahlhoff.de\/blog\/wp-content\/uploads\/2010\/12\/200211171794-300x225.jpg?resize=300%2C225\" alt=\"\" width=\"300\" height=\"225\" \/><\/a><figcaption id=\"caption-attachment-1379\" class=\"wp-caption-text\">Guntersblum: Wasserwerk &#8211; Bild Nr. 200211171794<\/figcaption><\/figure>\n<p style=\"text-align: left;\"><strong>Vorgeschichte<\/strong><\/p>\n<p style=\"text-align: left;\">F\u00fcr die rheinhessischen Orte direkt am Rhein war die Wasserversorgung nie ein Problem. Im Gegensatz dazu herrschte im Hinterland der gro\u00dfherzoglich-hessischen Provinz Rheinhessen in trockenen Jahren oft Wassermangel in den kleinen Gemeinden. Um diese Missst\u00e4nde zu beheben richtete der Gro\u00dfherzog Ernst Ludwig (1892-1918) am 24. Juni 1895 in seinen Provinzen sog. &#8222;Kulturinspektionen&#8220; ein, die Vorl\u00e4ufer der heutigen Wasserwirtschafts\u00e4mter. Die f\u00fcr Rheinhessen zust\u00e4ndige Kulturinspektion Mainz gliederte die Wasserversorgung daraufhin in f\u00fcnf Gruppen. Der Wassergewinn zur Versorgung des Rhein-Selz-Gebietes (Gruppe V) sollte von Guntersblum aus erfolgen, nachdem Probebohrungen gezeigt hatte, dass sich dort ausreichend Wasser gewinnen lie\u00dfe. Es wurde beschlossen, in Guntersblum ein Wasserpumpwerk zu bauen. Am 11.10.1905 erfolgte die Gr\u00fcndung des &#8222;Wasserverbandes Rhein-Selz-Gebiet&#8220;.<\/p>\n<p style=\"text-align: left;\"><strong>Planung und Bau der Anlage<\/strong><\/p>\n<p style=\"text-align: left;\">Nach Abluss der Planungen und der Vergabe der Bauauftr\u00e4ge begann die Firma Oltsch &amp; Co aus Zweibr\u00fccken am 02. Mai 1906 mit dem Bau der Rohrleitungen, Pumpanlagen, Pumpwerkshallen, Wohnungen und Nebengeb\u00e4uden. Die umfangreichen und arbeitskr\u00e4ftelastigen Bauma\u00dfnahmen erfolgten mit gro\u00dfer Schnelligkeit, sodass die Anlage schon am 11. Septmeber 1907 in Betrieb genommen werden konnte. Die offzielle Einweihung mit zahlreichen promineten G\u00e4sten geschah am 12. Oktober des selben Jahres.<\/p>\n<p style=\"text-align: left;\">Neben einer soliden Vorplanung und einer effizienten Bauweise war im Vorfeld besonderer Wert auf die \u00e4u\u00dfere Gestaltung der Anlage gelegt worden. Der Architekt Wilhelm Lenz lie\u00df alle Geb\u00e4ude aus rotem Pf\u00e4lzer Sandstein in barockisierenden Jugendstilformen erbauen und gr\u00f6\u00dfere Fl\u00e4chen mit gelbem Rauhputz verkleiden.<\/p>\n<p style=\"text-align: le ft;\">Die Anlage erliet in beiden Weltkriegen erhebliche Beeintr\u00e4chtigungen durch fehlendes Personal und mangeldes Wartungsmaterial, \u00fcberstand den Bombenkrieg aber unversehrt. Nach dem Krieg wurden die Pumpanlagen und Hochbeh\u00e4lter mehrfach erweitert und ausgebaut, um den steigenden Wasserbedarf, aufgrund der stark wachsenden Bev\u00f6lkerung, bedienen zu k\u00f6nnen. 1998\/99 erfolgte die Inbetriebnahme einer\u00a0Uferfiltratanlage.<\/p>\n<p style=\"text-align: left;\">Seit 1993 sorgt die Gesellschaft\u00a0&#8222;Wasserversorgung Rheinhessen GmbH&#8220; f\u00fcr das Wasserwerk in Guntersblum und die Trinkwassserversorgung in Rheinhessen. (Quelle: <a href=\"http:\/\/www.regionalgeschichte.net\/\" target=\"_blank\" rel=\"noopener noreferrer\">regionalgeschichte.net<\/a>)<\/p>\n<p style=\"text-align: left;\">Weitere Bilder vom Wasserwerk (aufgenommen beim Tag der offenen T\u00fcr am 11.09.205):<\/p>\n<p style=\"text-align: center;\"><a href=\"https:\/\/i0.wp.com\/georg-dahlhoff.de\/blog\/wp-content\/uploads\/2010\/12\/200509114157-gun.jpg\" target=\"_blank\" rel=\"noopener noreferrer\"><img data-recalc-dims=\"1\" loading=\"lazy\" decoding=\"async\" class=\"alignnone size-medium wp-image-1380\" title=\"200509114157 - Wasserwerk Guntersblum\" src=\"https:\/\/i0.wp.com\/georg-dahlhoff.de\/blog\/wp-content\/uploads\/2010\/12\/200509114157-gun-184x300.jpg?resize=184%2C300\" alt=\"\" width=\"184\" height=\"300\" \/><\/a> <a href=\"https:\/\/i0.wp.com\/georg-dahlhoff.de\/blog\/wp-content\/uploads\/2010\/12\/200509114159-gun.jpg\" target=\"_blank\" rel=\"noopener noreferrer\"><img data-recalc-dims=\"1\" loading=\"lazy\" decoding=\"async\" class=\"alignnone size-medium wp-image-1381\" title=\"200509114159 - Wasserwerk Gunterblum\" src=\"https:\/\/i0.wp.com\/georg-dahlhoff.de\/blog\/wp-content\/uploads\/2010\/12\/200509114159-gun-225x300.jpg?resize=225%2C300\" alt=\"\" width=\"225\" height=\"300\" \/><\/a><\/p>\n<p style=\"text-align: center;\">Bild Nr. 200509114157, 200509114159<\/p>\n<p style=\"text-align: center;\"><a href=\"https:\/\/i0.wp.com\/georg-dahlhoff.de\/blog\/wp-content\/uploads\/2010\/12\/200509114161-gun.jpg\" target=\"_blank\" rel=\"noopener noreferrer\"><img data-recalc-dims=\"1\" loading=\"lazy\" decoding=\"async\" class=\"alignnone size-medium wp-image-1382\" title=\"200509114161 - Wasserwerk Guntersblum\" src=\"https:\/\/i0.wp.com\/georg-dahlhoff.de\/blog\/wp-content\/uploads\/2010\/12\/200509114161-gun-225x300.jpg?resize=225%2C300\" alt=\"\" width=\"225\" height=\"300\" \/><\/a> <a href=\"https:\/\/i0.wp.com\/georg-dahlhoff.de\/blog\/wp-content\/uploads\/2010\/12\/200509114165-gun.jpg\" target=\"_blank\" rel=\"noopener noreferrer\"><img data-recalc-dims=\"1\" loading=\"lazy\" decoding=\"async\" class=\"alignnone size-medium wp-image-1383\" title=\"200509114165 - Wasserwerk Guntersblum\" src=\"https:\/\/i0.wp.com\/georg-dahlhoff.de\/blog\/wp-content\/uploads\/2010\/12\/200509114165-gun-225x300.jpg?resize=225%2C300\" alt=\"\" width=\"225\" height=\"300\" \/><\/a><\/p>\n<p style=\"text-align: center;\">Bild Nr. 200509114161, 200509114165<\/p>\n<p style=\"text-align: center;\"><a href=\"https:\/\/i0.wp.com\/georg-dahlhoff.de\/blog\/wp-content\/uploads\/2010\/12\/200509114173-gun.jpg\" target=\"_blank\" rel=\"noopener noreferrer\"><img data-recalc-dims=\"1\" loading=\"lazy\" decoding=\"async\" class=\"alignnone size-medium wp-image-1384\" title=\"200509114173 - Wasserwerk Guntersblum\" src=\"https:\/\/i0.wp.com\/georg-dahlhoff.de\/blog\/wp-content\/uploads\/2010\/12\/200509114173-gun-300x225.jpg?resize=300%2C225\" alt=\"\" width=\"300\" height=\"225\" \/><\/a> <a href=\"https:\/\/i0.wp.com\/georg-dahlhoff.de\/blog\/wp-content\/uploads\/2010\/12\/200509114181-gun.jpg\" target=\"_blank\" rel=\"noopener noreferrer\"><img data-recalc-dims=\"1\" loading=\"lazy\" decoding=\"async\" class=\"alignnone size-medium wp-image-1385\" title=\"200509114181 - Wasserwerk Guntersblum\" src=\"https:\/\/i0.wp.com\/georg-dahlhoff.de\/blog\/wp-content\/uploads\/2010\/12\/200509114181-gun-300x225.jpg?resize=300%2C225\" alt=\"\" width=\"300\" height=\"225\" \/><\/a><\/p>\n<p style=\"text-align: center;\">Bild Nr. 200509114173, 200509114181<\/p>\n<p style=\"text-align: center;\">\u2026<\/p>\n<p style=\"text-align: center;\"><em>F<\/em><em>\u00fcr die Fotografien gilt das Urheberrecht! Jegliche Verwendung des Bildmaterials ohne Genehmigung des Fotografen ist untersagt. Informationen zum Erwerb von Ver\u00f6ffentlichungsrechten finden Sie\u00a0<a title=\"Ver\u00f6ffentlichungsrechte\" href=\"https:\/\/georg-dahlhoff.de\/wp\/?page_id=11938\">hier<\/a>.<\/em><\/p>\n","protected":false},"excerpt":{"rendered":"<p>Gemeinde Guntersblum, Verbandsgemeinde Rhein-Selz, ca. 3.950 Einwohner http:\/\/www.guntersblum.eu\/ Guntersblum liegt am s\u00fcdlichen Ende des Landkreises an der Rheinhessischen Rheinfront. Der Ort ist in erster Linie durch den Weinbau gepr\u00e4gt. Die [&hellip;]<\/p>\n","protected":false},"author":1,"featured_media":25880,"parent":898,"menu_order":4,"comment_status":"closed","ping_status":"open","template":"","meta":{"jetpack_post_was_ever_published":false,"footnotes":""},"class_list":["post-11739","page","type-page","status-publish","has-post-thumbnail","hentry"],"jetpack_shortlink":"https:\/\/wp.me\/P8MzOO-33l","jetpack-related-posts":[],"jetpack_likes_enabled":true,"jetpack_sharing_enabled":true,"_links":{"self":[{"href":"https:\/\/georg-dahlhoff.de\/wp\/index.php?rest_route=\/wp\/v2\/pages\/11739","targetHints":{"allow":["GET"]}}],"collection":[{"href":"https:\/\/georg-dahlhoff.de\/wp\/index.php?rest_route=\/wp\/v2\/pages"}],"about":[{"href":"https:\/\/georg-dahlhoff.de\/wp\/index.php?rest_route=\/wp\/v2\/types\/page"}],"author":[{"embeddable":true,"href":"https:\/\/georg-dahlhoff.de\/wp\/index.php?rest_route=\/wp\/v2\/users\/1"}],"replies":[{"embeddable":true,"href":"https:\/\/georg-dahlhoff.de\/wp\/index.php?rest_route=%2Fwp%2Fv2%2Fcomments&post=11739"}],"version-history":[{"count":2,"href":"https:\/\/georg-dahlhoff.de\/wp\/index.php?rest_route=\/wp\/v2\/pages\/11739\/revisions"}],"predecessor-version":[{"id":26954,"href":"https:\/\/georg-dahlhoff.de\/wp\/index.php?rest_route=\/wp\/v2\/pages\/11739\/revisions\/26954"}],"up":[{"embeddable":true,"href":"https:\/\/georg-dahlhoff.de\/wp\/index.php?rest_route=\/wp\/v2\/pages\/898"}],"wp:featuredmedia":[{"embeddable":true,"href":"https:\/\/georg-dahlhoff.de\/wp\/index.php?rest_route=\/wp\/v2\/media\/25880"}],"wp:attachment":[{"href":"https:\/\/georg-dahlhoff.de\/wp\/index.php?rest_route=%2Fwp%2Fv2%2Fmedia&parent=11739"}],"curies":[{"name":"wp","href":"https:\/\/api.w.org\/{rel}","templated":true}]}}