{"id":1021,"date":"2010-12-01T22:24:28","date_gmt":"2010-12-01T21:24:28","guid":{"rendered":"http:\/\/georg-dahlhoff.de\/blog\/"},"modified":"2017-05-18T10:40:44","modified_gmt":"2017-05-18T08:40:44","slug":"uelversheim","status":"publish","type":"page","link":"https:\/\/georg-dahlhoff.de\/wp\/?page_id=1021","title":{"rendered":"Uelversheim"},"content":{"rendered":"<p style=\"text-align: center;\"><a href=\"https:\/\/georg-dahlhoff.de\/wp\/?page_id=11740\"><img data-recalc-dims=\"1\" loading=\"lazy\" decoding=\"async\" class=\"size-full wp-image-1809 aligncenter\" title=\"mainz-bingen-foto.de\" src=\"https:\/\/i0.wp.com\/georg-dahlhoff.de\/blog\/wp-content\/uploads\/2010\/11\/titelbanner.jpg?resize=623%2C80\" alt=\"\" width=\"623\" height=\"80\" \/><\/a><\/p>\n<p style=\"text-align: center;\"><strong>Gemeinde Uelversheim<\/strong>, Verbandsgemeinde Guntersblum, ca. 1.100 Einwohner,<br \/>\n<a href=\"http:\/\/www.uelversheim.de\/\" target=\"_blank\" rel=\"noopener noreferrer\">http:\/\/www.uelversheim.de<\/a>\/<\/p>\n<figure id=\"attachment_25878\" aria-describedby=\"caption-attachment-25878\" style=\"width: 600px\" class=\"wp-caption aligncenter\"><a href=\"https:\/\/i0.wp.com\/georg-dahlhoff.de\/wp\/wp-content\/uploads\/2010\/12\/201705181386.jpg?ssl=1\"><img data-recalc-dims=\"1\" loading=\"lazy\" decoding=\"async\" data-attachment-id=\"25878\" data-permalink=\"https:\/\/georg-dahlhoff.de\/wp\/?attachment_id=25878\" data-orig-file=\"https:\/\/i0.wp.com\/georg-dahlhoff.de\/wp\/wp-content\/uploads\/2010\/12\/201705181386.jpg?fit=1500%2C1000&amp;ssl=1\" data-orig-size=\"1500,1000\" data-comments-opened=\"1\" data-image-meta=\"{&quot;aperture&quot;:&quot;0&quot;,&quot;credit&quot;:&quot;&quot;,&quot;camera&quot;:&quot;&quot;,&quot;caption&quot;:&quot;&quot;,&quot;created_timestamp&quot;:&quot;0&quot;,&quot;copyright&quot;:&quot;&quot;,&quot;focal_length&quot;:&quot;0&quot;,&quot;iso&quot;:&quot;0&quot;,&quot;shutter_speed&quot;:&quot;0&quot;,&quot;title&quot;:&quot;&quot;,&quot;orientation&quot;:&quot;0&quot;}\" data-image-title=\"201705181386\" data-image-description=\"\" data-image-caption=\"&lt;p&gt;Uelversheim: Historisches Rathaus \u2013 Bild Nr. 201705181386&lt;\/p&gt;\n\" data-large-file=\"https:\/\/i0.wp.com\/georg-dahlhoff.de\/wp\/wp-content\/uploads\/2010\/12\/201705181386.jpg?fit=600%2C400&amp;ssl=1\" class=\"size-large wp-image-25878\" src=\"https:\/\/i0.wp.com\/georg-dahlhoff.de\/wp\/wp-content\/uploads\/2010\/12\/201705181386.jpg?resize=600%2C400&#038;ssl=1\" alt=\"\" width=\"600\" height=\"400\" srcset=\"https:\/\/i0.wp.com\/georg-dahlhoff.de\/wp\/wp-content\/uploads\/2010\/12\/201705181386.jpg?resize=600%2C400&amp;ssl=1 600w, https:\/\/i0.wp.com\/georg-dahlhoff.de\/wp\/wp-content\/uploads\/2010\/12\/201705181386.jpg?resize=300%2C200&amp;ssl=1 300w, https:\/\/i0.wp.com\/georg-dahlhoff.de\/wp\/wp-content\/uploads\/2010\/12\/201705181386.jpg?resize=768%2C512&amp;ssl=1 768w, https:\/\/i0.wp.com\/georg-dahlhoff.de\/wp\/wp-content\/uploads\/2010\/12\/201705181386.jpg?w=1500&amp;ssl=1 1500w\" sizes=\"auto, (max-width: 600px) 100vw, 600px\" \/><\/a><figcaption id=\"caption-attachment-25878\" class=\"wp-caption-text\">Uelversheim: Historisches Rathaus \u2013 Bild Nr. 201705181386<\/figcaption><\/figure>\n<p style=\"text-align: center;\">Das historische\u00a0<strong>Rathaus<\/strong> von Uelversheim wurde im Jahr 1797 erbaut und 1985 renoviert.<\/p>\n<figure id=\"attachment_1920\" aria-describedby=\"caption-attachment-1920\" style=\"width: 225px\" class=\"wp-caption aligncenter\"><a href=\"https:\/\/i0.wp.com\/georg-dahlhoff.de\/blog\/wp-content\/uploads\/2010\/12\/200307184838-ulv.jpg\" target=\"_blank\" rel=\"noopener noreferrer\"><img data-recalc-dims=\"1\" loading=\"lazy\" decoding=\"async\" class=\"size-medium wp-image-1920\" title=\"200307184838 - Uelversheim: Evangelische Kirche\" src=\"https:\/\/i0.wp.com\/georg-dahlhoff.de\/blog\/wp-content\/uploads\/2010\/12\/200307184838-ulv-225x300.jpg?resize=225%2C300\" alt=\"\" width=\"225\" height=\"300\" \/><\/a><figcaption id=\"caption-attachment-1920\" class=\"wp-caption-text\">Uelversheim: Evangelische Kirche &#8211; Bild Nr. 200307184838<\/figcaption><\/figure>\n<p style=\"text-align: center;\">Die 1722 erbaute\u00a0<strong>Evangelische Kirche<\/strong> von Uelversheim hat den Grundriss eines regelm\u00e4\u00dfigen Achtecks, was f\u00fcr diese Region einzigartig ist.\u00a0Eine Chronik berichtet, dass damals die B\u00fcrger der Gemeinde mit der eigenwilligen Arbeit des Baumeisters garnicht einverstanden waren, und diesen deshalb mit Schimpf und Schande aus dem Dorf gejagt haben. Heute ist man aber stolz auf dieses einmalige Gotteshaus.<\/p>\n<figure id=\"attachment_1921\" aria-describedby=\"caption-attachment-1921\" style=\"width: 225px\" class=\"wp-caption aligncenter\"><a href=\"https:\/\/i0.wp.com\/georg-dahlhoff.de\/blog\/wp-content\/uploads\/2010\/12\/200306214398-ulv.jpg\" target=\"_blank\" rel=\"noopener noreferrer\"><img data-recalc-dims=\"1\" loading=\"lazy\" decoding=\"async\" class=\"size-medium wp-image-1921\" title=\"200306214398 - Uelversheim\" src=\"https:\/\/i0.wp.com\/georg-dahlhoff.de\/blog\/wp-content\/uploads\/2010\/12\/200306214398-ulv-225x300.jpg?resize=225%2C300\" alt=\"\" width=\"225\" height=\"300\" \/><\/a><figcaption id=\"caption-attachment-1921\" class=\"wp-caption-text\">Uelversheim &#8211; Bild Nr. 200306214398<\/figcaption><\/figure>\n<p style=\"text-align: center;\">Ein Stra\u00dfenbild von Uelverheim: Am Ende der Stra\u00dfe steht das\u00a0<strong>Dorfgemeinschaftshaus<\/strong>.<\/p>\n<figure id=\"attachment_1922\" aria-describedby=\"caption-attachment-1922\" style=\"width: 300px\" class=\"wp-caption aligncenter\"><a href=\"https:\/\/i0.wp.com\/georg-dahlhoff.de\/blog\/wp-content\/uploads\/2010\/12\/200306214400-ulv.jpg\" target=\"_blank\" rel=\"noopener noreferrer\"><img data-recalc-dims=\"1\" loading=\"lazy\" decoding=\"async\" class=\"size-medium wp-image-1922\" title=\"200306214400 - Uelversheim: Dorfbrunnen\" src=\"https:\/\/i0.wp.com\/georg-dahlhoff.de\/blog\/wp-content\/uploads\/2010\/12\/200306214400-ulv-300x225.jpg?resize=300%2C225\" alt=\"\" width=\"300\" height=\"225\" \/><\/a><figcaption id=\"caption-attachment-1922\" class=\"wp-caption-text\">Uelversheim: Dorfbrunnen &#8211; Bild-Nr. 200306214400<\/figcaption><\/figure>\n<p style=\"text-align: center;\">Der\u00a0<strong>Dorfbrunnen<\/strong> steht vor dem Dorfgemeinschaftshaus.<\/p>\n<p style=\"text-align: center;\"><em>&#8230;<\/em><\/p>\n<p style=\"text-align: center;\"><em>F\u00fcr die Fotografien gilt das Urheberrecht! Jegliche Verwendung des Bildmaterials ohne Genehmigung des Fotografen ist untersagt. Informationen zum Erwerb von Ver\u00f6ffentlichungsrechten finden Sie <\/em><a title=\"Ver\u00f6ffentlichungsrechte\" href=\"https:\/\/georg-dahlhoff.de\/wp\/?page_id=11938\"><em>hier<\/em><\/a><em>.<\/em><\/p>\n","protected":false},"excerpt":{"rendered":"<p>Gemeinde Uelversheim, Verbandsgemeinde Guntersblum, ca. 1.100 Einwohner, http:\/\/www.uelversheim.de\/ Das historische\u00a0Rathaus von Uelversheim wurde im Jahr 1797 erbaut und 1985 renoviert. Die 1722 erbaute\u00a0Evangelische Kirche von Uelversheim hat den Grundriss eines [&hellip;]<\/p>\n","protected":false},"author":1,"featured_media":25878,"parent":906,"menu_order":7,"comment_status":"open","ping_status":"open","template":"","meta":{"jetpack_post_was_ever_published":false,"footnotes":""},"class_list":["post-1021","page","type-page","status-publish","has-post-thumbnail","hentry"],"jetpack_shortlink":"https:\/\/wp.me\/P8MzOO-gt","jetpack-related-posts":[],"jetpack_likes_enabled":true,"jetpack_sharing_enabled":true,"_links":{"self":[{"href":"https:\/\/georg-dahlhoff.de\/wp\/index.php?rest_route=\/wp\/v2\/pages\/1021","targetHints":{"allow":["GET"]}}],"collection":[{"href":"https:\/\/georg-dahlhoff.de\/wp\/index.php?rest_route=\/wp\/v2\/pages"}],"about":[{"href":"https:\/\/georg-dahlhoff.de\/wp\/index.php?rest_route=\/wp\/v2\/types\/page"}],"author":[{"embeddable":true,"href":"https:\/\/georg-dahlhoff.de\/wp\/index.php?rest_route=\/wp\/v2\/users\/1"}],"replies":[{"embeddable":true,"href":"https:\/\/georg-dahlhoff.de\/wp\/index.php?rest_route=%2Fwp%2Fv2%2Fcomments&post=1021"}],"version-history":[{"count":1,"href":"https:\/\/georg-dahlhoff.de\/wp\/index.php?rest_route=\/wp\/v2\/pages\/1021\/revisions"}],"predecessor-version":[{"id":25879,"href":"https:\/\/georg-dahlhoff.de\/wp\/index.php?rest_route=\/wp\/v2\/pages\/1021\/revisions\/25879"}],"up":[{"embeddable":true,"href":"https:\/\/georg-dahlhoff.de\/wp\/index.php?rest_route=\/wp\/v2\/pages\/906"}],"wp:featuredmedia":[{"embeddable":true,"href":"https:\/\/georg-dahlhoff.de\/wp\/index.php?rest_route=\/wp\/v2\/media\/25878"}],"wp:attachment":[{"href":"https:\/\/georg-dahlhoff.de\/wp\/index.php?rest_route=%2Fwp%2Fv2%2Fmedia&parent=1021"}],"curies":[{"name":"wp","href":"https:\/\/api.w.org\/{rel}","templated":true}]}}