{"id":1019,"date":"2010-12-01T22:24:02","date_gmt":"2010-12-01T21:24:02","guid":{"rendered":"http:\/\/georg-dahlhoff.de\/blog\/"},"modified":"2010-12-01T22:24:02","modified_gmt":"2010-12-01T21:24:02","slug":"trechtingshausen","status":"publish","type":"page","link":"https:\/\/georg-dahlhoff.de\/wp\/?page_id=1019","title":{"rendered":"Trechtingshausen"},"content":{"rendered":"<p style=\"text-align: center;\"><a href=\"https:\/\/georg-dahlhoff.de\/wp\/?page_id=11740\"><img data-recalc-dims=\"1\" loading=\"lazy\" decoding=\"async\" class=\"size-full wp-image-1809 aligncenter\" title=\"mainz-bingen-foto.de\" src=\"https:\/\/i0.wp.com\/georg-dahlhoff.de\/blog\/wp-content\/uploads\/2010\/11\/titelbanner.jpg?resize=623%2C80\" alt=\"\" width=\"623\" height=\"80\" \/><\/a><\/p>\n<p style=\"text-align: center;\"><strong>Gemeinde Trechtingshausen<\/strong>, Verbandsgemeinde Rhein-Nahe, ca. 1.100 Einwohner<br \/>\n<a href=\"http:\/\/www.trechtingshausen.de\/\" target=\"_blank\">http:\/\/www.trechtingshausen.de\/<\/a><\/p>\n<p style=\"text-align: center;\">Beginnt im S\u00fcden bei Bingen das Mittelrheintal am M\u00e4useturm, so ist man 7 km weiter n\u00f6rdlich in Trechtingshausen schon mittendrin. Die Gemeinde verk\u00f6rpert die Rheinromantik in besonderer Weise. Die Burgen Rheinstein und Reichenstein, die Klemenskapelle, der enge Ortskern mit seinen schmalen Gassen, das gro\u00dfe Angebot an Gastronomie und nicht zuletzt die M\u00f6glichkeiten zum Wandern und Radfahren, machen Trechtingshausen zu einem der Orte, an die man ziemlich zuerst denkt, wenn vom Mittelrhein die Rede ist.<\/p>\n<figure id=\"attachment_1310\" aria-describedby=\"caption-attachment-1310\" style=\"width: 300px\" class=\"wp-caption aligncenter\"><a href=\"https:\/\/i0.wp.com\/georg-dahlhoff.de\/blog\/wp-content\/uploads\/2010\/12\/201007129131-tre.jpg\" target=\"_blank\"><img data-recalc-dims=\"1\" loading=\"lazy\" decoding=\"async\" class=\"size-medium wp-image-1310\" title=\"201007129131 - Trechtingshausen\" src=\"https:\/\/i0.wp.com\/georg-dahlhoff.de\/blog\/wp-content\/uploads\/2010\/12\/201007129131-tre-300x199.jpg?resize=300%2C199\" alt=\"\" width=\"300\" height=\"199\" \/><\/a><figcaption id=\"caption-attachment-1310\" class=\"wp-caption-text\">Trechtingshausen &#8211; Bild Nr. 20107129131<\/figcaption><\/figure>\n<p style=\"text-align: center;\">Trechtingshausen liegt im engen\u00a0<strong>Mittelrheintal <\/strong>etwa 7 km n\u00f6rdlich von Bingen. Meistens wird der Ort nur beim Durchfahren von der B9 aus wahrgenommen. Es lohnt sich aber etwas genauer hinzusehen, denn der kleine enge Ort erweist sich besonderes Kleinod am Rhein, liegen doch 2 der sch\u00f6nsten Rheinburgen in seiner Gemarkung.\u00a0Dieses Bild zeigt die Ortsmitte mit der\u00a0<strong>katholischen Pfarrkirche St. Clemens<\/strong>.<\/p>\n<figure id=\"attachment_1311\" aria-describedby=\"caption-attachment-1311\" style=\"width: 300px\" class=\"wp-caption aligncenter\"><a href=\"https:\/\/i0.wp.com\/georg-dahlhoff.de\/blog\/wp-content\/uploads\/2010\/12\/201007129068-tre.jpg\" target=\"_blank\"><img data-recalc-dims=\"1\" loading=\"lazy\" decoding=\"async\" class=\"size-medium wp-image-1311\" title=\"201007129068 - Burg Rheinstein (Trechtingshausen)\" src=\"https:\/\/i0.wp.com\/georg-dahlhoff.de\/blog\/wp-content\/uploads\/2010\/12\/201007129068-tre-300x199.jpg?resize=300%2C199\" alt=\"\" width=\"300\" height=\"199\" \/><\/a><figcaption id=\"caption-attachment-1311\" class=\"wp-caption-text\">Burg Rheinstein (Trechtingshausen) &#8211; Bild Nr. 201007129068<\/figcaption><\/figure>\n<p style=\"text-align: center;\">Um das Jahr 900 wurde\u00a0<strong>Burg Rheinstein<\/strong> bei\u00a0<strong>Trechtingshausen<\/strong> als Zollst\u00e4tte gebaut. Im 11. Jahrhundert kam sie in den Besitz der Erzbisch\u00f6fe und Kurf\u00fcrsten von Mainz. Ende des 17. Jahrhunderts wurde Sie zerst\u00f6rt und zwischen 1825 und 1829 wieder aufgebaut. Die Burg ist heute in privatem Besitz und wird liebevoll instandgehalten. Eine Besichtigung lohnt sich. <a href=\"http:\/\/www.burg-rheinstein.de\/\" target=\"_blank\">http:\/\/www.burg-rheinstein.de\/<\/a><\/p>\n<figure id=\"attachment_1312\" aria-describedby=\"caption-attachment-1312\" style=\"width: 300px\" class=\"wp-caption aligncenter\"><a href=\"https:\/\/i0.wp.com\/georg-dahlhoff.de\/blog\/wp-content\/uploads\/2010\/12\/201007129104-tre.jpg\" target=\"_blank\"><img data-recalc-dims=\"1\" loading=\"lazy\" decoding=\"async\" class=\"size-medium wp-image-1312\" title=\"201007129104 - Trechtingshausen: Klemenskapelle\" src=\"https:\/\/i0.wp.com\/georg-dahlhoff.de\/blog\/wp-content\/uploads\/2010\/12\/201007129104-tre-300x199.jpg?resize=300%2C199\" alt=\"\" width=\"300\" height=\"199\" \/><\/a><figcaption id=\"caption-attachment-1312\" class=\"wp-caption-text\">Trechtingshausen: Klemenskapelle &#8211; Bild Nr. 201007129104<\/figcaption><\/figure>\n<p style=\"text-align: center;\">Unterhalb der Burg Reichenstein, direkt am Rhein, liegt die\u00a0<strong>Klemenskapelle<\/strong>, eine sp\u00e4tromanische Pfeilerbasilika. Funde weisen darauf hin, da\u00df ihre Urspr\u00fcnge bereits im 4. Jh. liegen. Der heutige Bau d\u00fcrfte zu Beginn des 13. Jh. entstanden sein. Im Inneren der Kapelle befinden sich einige Grabmale aus dem 15. und 17. Jh..<\/p>\n<figure id=\"attachment_1313\" aria-describedby=\"caption-attachment-1313\" style=\"width: 300px\" class=\"wp-caption aligncenter\"><a href=\"https:\/\/i0.wp.com\/georg-dahlhoff.de\/blog\/wp-content\/uploads\/2010\/12\/201007129106-tre.jpg\" target=\"_blank\"><img data-recalc-dims=\"1\" loading=\"lazy\" decoding=\"async\" class=\"size-medium wp-image-1313\" title=\"201007129106 - Burg Reichenstein (Trechtingshausen)\" src=\"https:\/\/i0.wp.com\/georg-dahlhoff.de\/blog\/wp-content\/uploads\/2010\/12\/201007129106-tre-300x199.jpg?resize=300%2C199\" alt=\"\" width=\"300\" height=\"199\" \/><\/a><figcaption id=\"caption-attachment-1313\" class=\"wp-caption-text\">Burg Reichenstein (Trechtingshausen) &#8211; Bild Nr. 201007129106<\/figcaption><\/figure>\n<p style=\"text-align: center;\">Die im 11. Jahrhundert gebaute\u00a0<strong>Burg Reichenstein<\/strong> war mitte des 13. Jahrhunderts ein gef\u00fcrchtetes Raubritternest. Danach \u00e4nderten sich st\u00e4ndig die Besitzverh\u00e4ltnisse. Die Burg verfiel zusehends. Als im 19. Jahrhundert die Rheinromantik aufkam, wurde Burg Reichenstein, wie viele andere Burgen auch wieder aufgebaut; dies verdankt sie insbesondere der Industriellenfamilie Puricelli.\u00a0Burg Reichenstein befindet sich auch heute als Museum und Hotel in Privatbesitz. <a href=\"http:\/\/www.burg-reichenstein.de\/\" target=\"_blank\">http:\/\/www.burg-reichenstein.de\/ <\/a><\/p>\n<figure id=\"attachment_1315\" aria-describedby=\"caption-attachment-1315\" style=\"width: 300px\" class=\"wp-caption aligncenter\"><a href=\"https:\/\/i0.wp.com\/georg-dahlhoff.de\/blog\/wp-content\/uploads\/2010\/12\/200409052425-tre.jpg\" target=\"_blank\"><img data-recalc-dims=\"1\" loading=\"lazy\" decoding=\"async\" class=\"size-medium wp-image-1315\" title=\"200409052425 - Der Mittelrhein\" src=\"https:\/\/i0.wp.com\/georg-dahlhoff.de\/blog\/wp-content\/uploads\/2010\/12\/200409052425-tre-300x225.jpg?resize=300%2C225\" alt=\"\" width=\"300\" height=\"225\" \/><\/a><figcaption id=\"caption-attachment-1315\" class=\"wp-caption-text\">Der Mittelrhein mit der Silhouette von Burg Rheinstein &#8211; Bild Nr. 200409052425<\/figcaption><\/figure>\n<figure id=\"attachment_1316\" aria-describedby=\"caption-attachment-1316\" style=\"width: 300px\" class=\"wp-caption aligncenter\"><a href=\"https:\/\/i0.wp.com\/georg-dahlhoff.de\/blog\/wp-content\/uploads\/2010\/12\/200305293940-tre.jpg\" target=\"_blank\"><img data-recalc-dims=\"1\" loading=\"lazy\" decoding=\"async\" class=\"size-medium wp-image-1316\" title=\"200305293940 - Morgenbachtal bei Trechtingshausen\" src=\"https:\/\/i0.wp.com\/georg-dahlhoff.de\/blog\/wp-content\/uploads\/2010\/12\/200305293940-tre-300x225.jpg?resize=300%2C225\" alt=\"\" width=\"300\" height=\"225\" \/><\/a><figcaption id=\"caption-attachment-1316\" class=\"wp-caption-text\">Das Morgenbachtal bei Trechtingshausen &#8211; Bild Nr. 200305293940<\/figcaption><\/figure>\n<p style=\"text-align: center;\">Trechtingshausen ist auch f\u00fcr Wanderer ein beliebter Ausgangspunkt. Unterhalb von Burg Reichenstein beginnt der in der Region beliebte Wanderweg durch das wildromatische\u00a0<strong>Morgenbachtal<\/strong>. Hier erwarten einem neben dem Bach urw\u00fcchsiger Wald und schroffe Felsen. Das Bild macht Lust sofort die Wanderstiefel bereit zu stellen&#8230;<\/p>\n<figure id=\"attachment_1317\" aria-describedby=\"caption-attachment-1317\" style=\"width: 300px\" class=\"wp-caption aligncenter\"><a href=\"https:\/\/i0.wp.com\/georg-dahlhoff.de\/blog\/wp-content\/uploads\/2010\/12\/200305293933-tre.jpg\" target=\"_blank\"><img data-recalc-dims=\"1\" loading=\"lazy\" decoding=\"async\" class=\"size-medium wp-image-1317\" title=\"200305293933 - Morgenbachtal bei Trechtingshausen\" src=\"https:\/\/i0.wp.com\/georg-dahlhoff.de\/blog\/wp-content\/uploads\/2010\/12\/200305293933-tre-300x225.jpg?resize=300%2C225\" alt=\"\" width=\"300\" height=\"225\" \/><\/a><figcaption id=\"caption-attachment-1317\" class=\"wp-caption-text\">Das Morgenbachtal bei Trechtingshausen &#8211; Bild Nr. 200305293933<\/figcaption><\/figure>\n<p style=\"text-align: center;\">Das\u00a0<strong>Morgenbachtal<\/strong> schneidet sich tief in die Landschaft ein. Es ist ein anschauliches Beispiel daf\u00fcr, wie selbst ein f\u00fcr unser Empfinden kleiner Bach \u00fcber die Zeit seinen Weg selbst bahnt. Das Bild zeigt eine der vielen Stufen die der\u00a0<strong>Morgenbach<\/strong> hinunterflie\u00dft bis er in den Rhein m\u00fcndet.<\/p>\n<p style=\"text-align: center;\"><em>&#8230;<\/em><\/p>\n<p style=\"text-align: center;\"><em>F\u00fcr die Fotografien gilt das Urheberrecht! Jegliche Verwendung des Bildmaterials ohne Genehmigung des Fotografen ist untersagt. Informationen zum Erwerb von Ver\u00f6ffentlichungsrechten finden Sie <\/em><a title=\"Ver\u00f6ffentlichungsrechte\" href=\"https:\/\/georg-dahlhoff.de\/wp\/?page_id=11938\"><em>hier<\/em><\/a><em>.<\/em><\/p>\n","protected":false},"excerpt":{"rendered":"<p>Gemeinde Trechtingshausen, Verbandsgemeinde Rhein-Nahe, ca. 1.100 Einwohner http:\/\/www.trechtingshausen.de\/ Beginnt im S\u00fcden bei Bingen das Mittelrheintal am M\u00e4useturm, so ist man 7 km weiter n\u00f6rdlich in Trechtingshausen schon mittendrin. Die Gemeinde [&hellip;]<\/p>\n","protected":false},"author":1,"featured_media":0,"parent":906,"menu_order":6,"comment_status":"open","ping_status":"open","template":"tpl_fullwidth-page.php","meta":{"jetpack_post_was_ever_published":false,"footnotes":""},"class_list":["post-1019","page","type-page","status-publish","hentry"],"jetpack_shortlink":"https:\/\/wp.me\/P8MzOO-gr","jetpack-related-posts":[],"jetpack_likes_enabled":true,"jetpack_sharing_enabled":true,"_links":{"self":[{"href":"https:\/\/georg-dahlhoff.de\/wp\/index.php?rest_route=\/wp\/v2\/pages\/1019","targetHints":{"allow":["GET"]}}],"collection":[{"href":"https:\/\/georg-dahlhoff.de\/wp\/index.php?rest_route=\/wp\/v2\/pages"}],"about":[{"href":"https:\/\/georg-dahlhoff.de\/wp\/index.php?rest_route=\/wp\/v2\/types\/page"}],"author":[{"embeddable":true,"href":"https:\/\/georg-dahlhoff.de\/wp\/index.php?rest_route=\/wp\/v2\/users\/1"}],"replies":[{"embeddable":true,"href":"https:\/\/georg-dahlhoff.de\/wp\/index.php?rest_route=%2Fwp%2Fv2%2Fcomments&post=1019"}],"version-history":[{"count":0,"href":"https:\/\/georg-dahlhoff.de\/wp\/index.php?rest_route=\/wp\/v2\/pages\/1019\/revisions"}],"up":[{"embeddable":true,"href":"https:\/\/georg-dahlhoff.de\/wp\/index.php?rest_route=\/wp\/v2\/pages\/906"}],"wp:attachment":[{"href":"https:\/\/georg-dahlhoff.de\/wp\/index.php?rest_route=%2Fwp%2Fv2%2Fmedia&parent=1019"}],"curies":[{"name":"wp","href":"https:\/\/api.w.org\/{rel}","templated":true}]}}