{"id":1012,"date":"2010-12-01T22:21:54","date_gmt":"2010-12-01T21:21:54","guid":{"rendered":"http:\/\/georg-dahlhoff.de\/blog\/"},"modified":"2010-12-01T22:21:54","modified_gmt":"2010-12-01T21:21:54","slug":"sorgenloch","status":"publish","type":"page","link":"https:\/\/georg-dahlhoff.de\/wp\/?page_id=1012","title":{"rendered":"S\u00f6rgenloch"},"content":{"rendered":"<p style=\"text-align: center;\"><a href=\"https:\/\/georg-dahlhoff.de\/wp\/?page_id=11740\"><img data-recalc-dims=\"1\" loading=\"lazy\" decoding=\"async\" class=\"size-full wp-image-1809 aligncenter\" title=\"mainz-bingen-foto.de\" src=\"https:\/\/i0.wp.com\/georg-dahlhoff.de\/blog\/wp-content\/uploads\/2010\/11\/titelbanner.jpg?resize=623%2C80\" alt=\"\" width=\"623\" height=\"80\" \/><\/a><\/p>\n<p style=\"text-align: center;\"><strong>Gemeinde S\u00f6rgenloch<\/strong>, Verbandsgemeinde Nieder-Olm, ca. 1.200 Einwohner,<br \/>\n<a href=\"http:\/\/www.verbandsgemeinde-nieder-olm.de\/verbandsgemeinde\/soergenloch\/index.html\" target=\"_blank\">Homepage der Gemeinde<\/a><\/p>\n<figure id=\"attachment_23520\" aria-describedby=\"caption-attachment-23520\" style=\"width: 580px\" class=\"wp-caption aligncenter\"><a href=\"https:\/\/i0.wp.com\/georg-dahlhoff.de\/wp\/wp-content\/uploads\/2010\/12\/201508260854.jpg?ssl=1\"><img data-recalc-dims=\"1\" loading=\"lazy\" decoding=\"async\" class=\"size-large wp-image-23520\" src=\"https:\/\/i0.wp.com\/georg-dahlhoff.de\/wp\/wp-content\/uploads\/2010\/12\/201508260854.jpg?resize=580%2C326&#038;ssl=1\" alt=\"S\u00f6rgenloch - Bild Nr. 201508260854\" width=\"580\" height=\"326\" \/><\/a><figcaption id=\"caption-attachment-23520\" class=\"wp-caption-text\">S\u00f6rgenloch &#8211; Bild Nr. 201508260854<\/figcaption><\/figure>\n<p style=\"text-align: center;\">Oberhalb des Selztales liegt\u00a0<strong>S\u00f6rgenloch<\/strong> an einem Westhang und scheint die Nachmittagssonne zu genie\u00dfen. Es ist ein kleiner aber schmucker Ort, mit einem sch\u00f6nen renoviertem Landschl\u00f6sschen und einer sehenswerten Kirche.<\/p>\n<figure id=\"attachment_1908\" aria-describedby=\"caption-attachment-1908\" style=\"width: 300px\" class=\"wp-caption aligncenter\"><a href=\"https:\/\/i0.wp.com\/georg-dahlhoff.de\/blog\/wp-content\/uploads\/2010\/12\/200307064588-sor.jpg\" target=\"_blank\"><img data-recalc-dims=\"1\" loading=\"lazy\" decoding=\"async\" class=\"size-medium wp-image-1908\" title=\"200307064588 - Schloss S\u00f6rgenloch\" src=\"https:\/\/i0.wp.com\/georg-dahlhoff.de\/blog\/wp-content\/uploads\/2010\/12\/200307064588-sor-300x225.jpg?resize=300%2C225\" alt=\"\" width=\"300\" height=\"225\" \/><\/a><figcaption id=\"caption-attachment-1908\" class=\"wp-caption-text\">Schloss S\u00f6rgenloch &#8211; Bild Nr. 200307064588<\/figcaption><\/figure>\n<p style=\"text-align: center;\">Das aus der 2. H\u00e4lfte des 18. Jahrhunderts stammende\u00a0<strong>Landschl\u00f6sschen<\/strong> ist heute ein gem\u00fctlicher Landgasthof mit Hotel.<\/p>\n<figure id=\"attachment_1910\" aria-describedby=\"caption-attachment-1910\" style=\"width: 300px\" class=\"wp-caption aligncenter\"><a href=\"https:\/\/i0.wp.com\/georg-dahlhoff.de\/blog\/wp-content\/uploads\/2010\/12\/200307064584-sor.jpg\" target=\"_blank\"><img data-recalc-dims=\"1\" loading=\"lazy\" decoding=\"async\" class=\"size-medium wp-image-1910\" title=\"200307064584 - S\u00f6rgenloch: Rathaus\" src=\"https:\/\/i0.wp.com\/georg-dahlhoff.de\/blog\/wp-content\/uploads\/2010\/12\/200307064584-sor-300x225.jpg?resize=300%2C225\" alt=\"\" width=\"300\" height=\"225\" \/><\/a><figcaption id=\"caption-attachment-1910\" class=\"wp-caption-text\">S\u00f6rgenloch: Rathaus &#8211; Bild Nr. 200307064584<\/figcaption><\/figure>\n<p style=\"text-align: center;\">Das ist das\u00a0<strong>Rathaus<\/strong> von S\u00f6rgenloch am\u00a0<strong>Place de Ludes<\/strong>, benannt nach der franz\u00f6sischen Partnergemeinde<\/p>\n<figure id=\"attachment_1911\" aria-describedby=\"caption-attachment-1911\" style=\"width: 225px\" class=\"wp-caption aligncenter\"><a href=\"https:\/\/i0.wp.com\/georg-dahlhoff.de\/blog\/wp-content\/uploads\/2010\/12\/200303182866-sor.jpg\" target=\"_blank\"><img data-recalc-dims=\"1\" loading=\"lazy\" decoding=\"async\" class=\"size-medium wp-image-1911\" title=\"200303182866 - S\u00f6rgenloch: Kirche\" src=\"https:\/\/i0.wp.com\/georg-dahlhoff.de\/blog\/wp-content\/uploads\/2010\/12\/200303182866-sor-225x300.jpg?resize=225%2C300\" alt=\"\" width=\"225\" height=\"300\" \/><\/a><figcaption id=\"caption-attachment-1911\" class=\"wp-caption-text\">S\u00f6rgenloch: Kirche &#8211; Bild Nr. 200303182866<\/figcaption><\/figure>\n<p style=\"text-align: center;\">Das ist die aus dem 13. Jahrhundert stammende simultan genutzte\u00a0<strong>Pfarrkirche<\/strong> von S\u00f6rgenloch.\u00a0Nach einem verheerenden Brand im 17. Jahrhundert wurde sie so wie sie heute aussieht wieder aufgebaut. Der Innenraum ist, entsprechend der Epoche in der der Wiederaufbau stattfand, im Barockstil gehalten.<\/p>\n<p style=\"text-align: center;\"><strong><span style=\"text-decoration: underline;\">Impressionen rund um die Kirche<\/span><\/strong>:<\/p>\n<p style=\"text-align: center;\"><a href=\"https:\/\/i0.wp.com\/georg-dahlhoff.de\/blog\/wp-content\/uploads\/2010\/12\/200303182868-sor.jpg\" target=\"_blank\"><img data-recalc-dims=\"1\" loading=\"lazy\" decoding=\"async\" class=\"alignnone size-medium wp-image-1913\" title=\"200303182868 - S\u00f6rgenloch: Marienstatue\" src=\"https:\/\/i0.wp.com\/georg-dahlhoff.de\/blog\/wp-content\/uploads\/2010\/12\/200303182868-sor-225x300.jpg?resize=225%2C300\" alt=\"\" width=\"225\" height=\"300\" \/><\/a> <a href=\"https:\/\/i0.wp.com\/georg-dahlhoff.de\/blog\/wp-content\/uploads\/2010\/12\/200303182870-sor.jpg\" target=\"_blank\"><img data-recalc-dims=\"1\" loading=\"lazy\" decoding=\"async\" class=\"alignnone size-medium wp-image-1914\" title=\"200303182870 - S\u00f6rgenloch: Jesusstatue\" src=\"https:\/\/i0.wp.com\/georg-dahlhoff.de\/blog\/wp-content\/uploads\/2010\/12\/200303182870-sor-225x300.jpg?resize=225%2C300\" alt=\"\" width=\"225\" height=\"300\" \/><br \/>\n<\/a><em>Bild Nr. 200303182868, 200303182870<\/em><\/p>\n<p style=\"text-align: center;\"><a href=\"https:\/\/i0.wp.com\/georg-dahlhoff.de\/blog\/wp-content\/uploads\/2010\/12\/200303182871-sor.jpg\" target=\"_blank\"><img data-recalc-dims=\"1\" loading=\"lazy\" decoding=\"async\" class=\"alignnone size-medium wp-image-1915\" title=\"200303182871 - S\u00f6rgenloch: Bildstock\" src=\"https:\/\/i0.wp.com\/georg-dahlhoff.de\/blog\/wp-content\/uploads\/2010\/12\/200303182871-sor-225x300.jpg?resize=225%2C300\" alt=\"\" width=\"225\" height=\"300\" \/><\/a> <a href=\"https:\/\/i0.wp.com\/georg-dahlhoff.de\/blog\/wp-content\/uploads\/2010\/12\/200303182869-sor.jpg\" target=\"_blank\"><img data-recalc-dims=\"1\" loading=\"lazy\" decoding=\"async\" class=\"alignnone size-medium wp-image-1916\" title=\"200303182869 - S\u00f6rgenloch: Alte Glocke \" src=\"https:\/\/i0.wp.com\/georg-dahlhoff.de\/blog\/wp-content\/uploads\/2010\/12\/200303182869-sor-225x300.jpg?resize=225%2C300\" alt=\"\" width=\"225\" height=\"300\" \/><br \/>\n<\/a><em>Bild Nr. 200303182871, 200303182869<\/em><\/p>\n<p style=\"text-align: center;\">Zwei\u00a0<strong>alte Eisenglocken<\/strong> aus dem jahr 1918, von denen eine hier im Bild zu sehen ist, wurden j\u00fcngst durch neue besser klingende Bronzeglocken ersetzt. Sie haben ihren Platz im Garten der Pfarrkirche gefunden.<\/p>\n<p style=\"text-align: center;\"><em>&#8230;<\/em><\/p>\n<p style=\"text-align: center;\"><em>F\u00fcr die Fotografien gilt das Urheberrecht! Jegliche Verwendung des Bildmaterials ohne Genehmigung des Fotografen ist untersagt. Informationen zum Erwerb von Ver\u00f6ffentlichungsrechten finden Sie <\/em><a title=\"Ver\u00f6ffentlichungsrechte\" href=\"https:\/\/georg-dahlhoff.de\/wp\/?page_id=11938\"><em>hier<\/em><\/a><em>.<\/em><\/p>\n","protected":false},"excerpt":{"rendered":"<p>Gemeinde S\u00f6rgenloch, Verbandsgemeinde Nieder-Olm, ca. 1.200 Einwohner, Homepage der Gemeinde Oberhalb des Selztales liegt\u00a0S\u00f6rgenloch an einem Westhang und scheint die Nachmittagssonne zu genie\u00dfen. Es ist ein kleiner aber schmucker Ort, [&hellip;]<\/p>\n","protected":false},"author":1,"featured_media":23520,"parent":906,"menu_order":3,"comment_status":"open","ping_status":"open","template":"","meta":{"jetpack_post_was_ever_published":false,"footnotes":""},"class_list":["post-1012","page","type-page","status-publish","has-post-thumbnail","hentry"],"jetpack_shortlink":"https:\/\/wp.me\/P8MzOO-gk","jetpack-related-posts":[],"jetpack_likes_enabled":true,"jetpack_sharing_enabled":true,"_links":{"self":[{"href":"https:\/\/georg-dahlhoff.de\/wp\/index.php?rest_route=\/wp\/v2\/pages\/1012","targetHints":{"allow":["GET"]}}],"collection":[{"href":"https:\/\/georg-dahlhoff.de\/wp\/index.php?rest_route=\/wp\/v2\/pages"}],"about":[{"href":"https:\/\/georg-dahlhoff.de\/wp\/index.php?rest_route=\/wp\/v2\/types\/page"}],"author":[{"embeddable":true,"href":"https:\/\/georg-dahlhoff.de\/wp\/index.php?rest_route=\/wp\/v2\/users\/1"}],"replies":[{"embeddable":true,"href":"https:\/\/georg-dahlhoff.de\/wp\/index.php?rest_route=%2Fwp%2Fv2%2Fcomments&post=1012"}],"version-history":[{"count":0,"href":"https:\/\/georg-dahlhoff.de\/wp\/index.php?rest_route=\/wp\/v2\/pages\/1012\/revisions"}],"up":[{"embeddable":true,"href":"https:\/\/georg-dahlhoff.de\/wp\/index.php?rest_route=\/wp\/v2\/pages\/906"}],"wp:featuredmedia":[{"embeddable":true,"href":"https:\/\/georg-dahlhoff.de\/wp\/index.php?rest_route=\/"}],"wp:attachment":[{"href":"https:\/\/georg-dahlhoff.de\/wp\/index.php?rest_route=%2Fwp%2Fv2%2Fmedia&parent=1012"}],"curies":[{"name":"wp","href":"https:\/\/api.w.org\/{rel}","templated":true}]}}