{"id":1008,"date":"2010-12-01T22:21:04","date_gmt":"2010-12-01T21:21:04","guid":{"rendered":"http:\/\/georg-dahlhoff.de\/blog\/"},"modified":"2018-08-11T19:48:44","modified_gmt":"2018-08-11T17:48:44","slug":"schwabenheim","status":"publish","type":"page","link":"https:\/\/georg-dahlhoff.de\/wp\/?page_id=1008","title":{"rendered":"Schwabenheim"},"content":{"rendered":"<p style=\"text-align: center;\"><a href=\"https:\/\/georg-dahlhoff.de\/wp\/?page_id=11740\"><img data-recalc-dims=\"1\" loading=\"lazy\" decoding=\"async\" class=\"size-full wp-image-1809 aligncenter\" title=\"mainz-bingen-foto.de\" src=\"https:\/\/i0.wp.com\/georg-dahlhoff.de\/blog\/wp-content\/uploads\/2010\/11\/titelbanner.jpg?resize=623%2C80\" alt=\"\" width=\"623\" height=\"80\" \/><\/a><\/p>\n<p style=\"text-align: center;\"><strong>Gemeinde Schwabenheim an der Selz<\/strong>, Verbandsgemeinde Gau-Algesheim, ca. 2.700 Einwohner, <a href=\"http:\/\/www.schwabenheim.de\/\" target=\"_blank\" rel=\"noopener\">http:\/\/www.schwabenheim.de\/<\/a><\/p>\n<p style=\"text-align: center;\">Das Selztal war schon fr\u00fch besiedelt. Arch\u00e4ologische Funde lassen sich auf eine Zeit um das Jahr 600 v. Chr. datieren. Schwabenheim geht wie die meisten rheinhessischen Orte auf eine fr\u00e4nkische Siedlung zur\u00fcck. Der Ort wird erstmals im Jahre 766 in den G\u00fcterverzeichnissen des Klosters Lorsch genannt.<\/p>\n<p style=\"text-align: center;\"><a href=\"https:\/\/i0.wp.com\/georg-dahlhoff.de\/blog\/wp-content\/uploads\/2010\/12\/200307074702-swh.jpg\" target=\"_blank\" rel=\"noopener\"><img data-recalc-dims=\"1\" loading=\"lazy\" decoding=\"async\" class=\"alignnone size-medium wp-image-1559\" title=\"200307074702 - Marktbrunnen Schwabenheim\" src=\"https:\/\/i0.wp.com\/georg-dahlhoff.de\/blog\/wp-content\/uploads\/2010\/12\/200307074702-swh-225x300.jpg?resize=225%2C300\" alt=\"\" width=\"225\" height=\"300\" \/><\/a> <a href=\"https:\/\/i0.wp.com\/georg-dahlhoff.de\/blog\/wp-content\/uploads\/2010\/12\/200304043161-swh.jpg\" target=\"_blank\" rel=\"noopener\"><img data-recalc-dims=\"1\" loading=\"lazy\" decoding=\"async\" class=\"alignnone size-medium wp-image-1560\" title=\"200304043161 Schwabenheim: Marktbrunnen\" src=\"https:\/\/i0.wp.com\/georg-dahlhoff.de\/blog\/wp-content\/uploads\/2010\/12\/200304043161-swh-225x300.jpg?resize=225%2C300\" alt=\"\" width=\"225\" height=\"300\" \/><br \/>\n<\/a><em>Schwabenheim: Marktbrunnen &#8211; Bild Nr. 200307074702, 200304043161<\/em><\/p>\n<p style=\"text-align: center;\">In direkter Nachbarschaft zum Schwabenheimer Rathaus steht der gu\u00dfeisene\u00a0Marktbrunnen\u00a0der im Rahmen des Ausbaus der \u00f6ffentlichen Wasserversorgung um das Jahr 1890 entstanden ist. Die Figur des Brunnens wird liebevoll \u201cPaulchen\u201d genannt. Sie steht in einem kreisrunden Becken.\u00a0Wer sich den Brunnen genauer anschaut wird viele liebevolle Details entdecken.<\/p>\n<figure id=\"attachment_1561\" aria-describedby=\"caption-attachment-1561\" style=\"width: 225px\" class=\"wp-caption aligncenter\"><a href=\"https:\/\/i0.wp.com\/georg-dahlhoff.de\/blog\/wp-content\/uploads\/2010\/12\/200504010676-swh.jpg\" target=\"_blank\" rel=\"noopener\"><img data-recalc-dims=\"1\" loading=\"lazy\" decoding=\"async\" class=\"size-medium wp-image-1561\" title=\"200504010676 - Schwabenheim: Marktbrunnen zu Ostern\" src=\"https:\/\/i0.wp.com\/georg-dahlhoff.de\/blog\/wp-content\/uploads\/2010\/12\/200504010676-swh-225x300.jpg?resize=225%2C300\" alt=\"\" width=\"225\" height=\"300\" \/><\/a><figcaption id=\"caption-attachment-1561\" class=\"wp-caption-text\">Schwabenheim: Marktbrunnen zu Ostern &#8211; Bild Nr. 200504010676<\/figcaption><\/figure>\n<p style=\"text-align: center;\">Immer zu Ostern verwandelt sich der Marktbrunnen in den\u00a0<a title=\"Der Schwabenheimer Osterbrunnen\" href=\"http:\/\/www.schwabenheim.de\/osterbrunnen.php\" target=\"_blank\" rel=\"noopener\">Schwabenheimer Osterbrunnen<\/a>. Dann zieren \u00fcber 1.000 Ostereier in bunten Farben das \u201cPaulchen\u201d.<\/p>\n<figure id=\"attachment_1562\" aria-describedby=\"caption-attachment-1562\" style=\"width: 300px\" class=\"wp-caption aligncenter\"><a href=\"https:\/\/i0.wp.com\/georg-dahlhoff.de\/blog\/wp-content\/uploads\/2010\/12\/200303222906-swh.jpg\" target=\"_blank\" rel=\"noopener\"><img data-recalc-dims=\"1\" loading=\"lazy\" decoding=\"async\" class=\"size-medium wp-image-1562\" title=\"200303222906 - Schwabenheim: Rathaus\" src=\"https:\/\/i0.wp.com\/georg-dahlhoff.de\/blog\/wp-content\/uploads\/2010\/12\/200303222906-swh-300x225.jpg?resize=300%2C225\" alt=\"\" width=\"300\" height=\"225\" \/><\/a><figcaption id=\"caption-attachment-1562\" class=\"wp-caption-text\">Schwabenheim: Rathaus &#8211; Bild Nr. 200303222906<\/figcaption><\/figure>\n<p style=\"text-align: center;\">Das Rathausgeb\u00e4ude wurde 1742 errichtet. Bis 1944 war hier das Gemeindebackhaus untergebracht. Es wurde an der Stelle des kurpf\u00e4lzischen Amtshauses errichtet, welches im Drei\u00dfig\u00e4hrigen Krieg zerst\u00f6rt worden war. Das Geb\u00e4ude besitzt zwei gro\u00dfbogige Eing\u00e4nge.\u00a01858 wurde das T\u00fcrmchen f\u00fcr die Gemeindeglocke und Uhr gebaut. 1878 bis 1880 und 1905 bis 1908 diente das Rathaus auch der Unterbringung einzelner Klassen der &#8222;Kleinen Schule&#8220;.\u00a0Das Geb\u00e4ude wurde 1991\/92 vollst\u00e4ndig restauriert.<br \/>\n(Quelle: <a href=\"http:\/\/regionalgeschichte.net\" target=\"_blank\" rel=\"noopener\">regionalgeschichte.net<\/a>)<\/p>\n<figure id=\"attachment_1566\" aria-describedby=\"caption-attachment-1566\" style=\"width: 225px\" class=\"wp-caption aligncenter\"><a href=\"https:\/\/i0.wp.com\/georg-dahlhoff.de\/blog\/wp-content\/uploads\/2010\/12\/200303222907-swh.jpg\" target=\"_blank\" rel=\"noopener\"><img data-recalc-dims=\"1\" loading=\"lazy\" decoding=\"async\" class=\"size-medium wp-image-1566\" title=\"200303222907 - Schwabenheim: Evangelische Kirche\" src=\"https:\/\/i0.wp.com\/georg-dahlhoff.de\/blog\/wp-content\/uploads\/2010\/12\/200303222907-swh-225x300.jpg?resize=225%2C300\" alt=\"\" width=\"225\" height=\"300\" \/><\/a><figcaption id=\"caption-attachment-1566\" class=\"wp-caption-text\">Schwabenheim: Evangelische Kirche &#8211; Bild Nr. 200303222907<\/figcaption><\/figure>\n<p style=\"text-align: center;\">Die Kirche wurde 1844-46 errichtet. Der Saalbau verf\u00fcgt \u00fcber einen schlanken Achteckturm, der 8 Meter hoch ist. 1883 oder 1888 erhielt die Kirche ihre ersten drei Glocken: Die Johannesglocke,\u00a0 die Paulusglocke und die Lutherglocke. Anl\u00e4sslich des Ersten Weltkrieges mussten die beiden gr\u00f6\u00dften Glocken abgegeben werden. Die heutigen stammen aus dem Jahr 1949 und tragen andere Inschriften. 1911 wurde die Kirche im Jugendstil ausgestattet. Bei der Renovierung 1988 wurde diese nach alten Postkarten rekonstruiert.<br \/>\n(Quelle:\u00a0<a href=\"http:\/\/regionalgeschichte.net\" target=\"_blank\" rel=\"noopener\">regionalgeschichte.net<\/a>)<\/p>\n<figure id=\"attachment_27401\" aria-describedby=\"caption-attachment-27401\" style=\"width: 600px\" class=\"wp-caption aligncenter\"><a href=\"https:\/\/i0.wp.com\/georg-dahlhoff.de\/wp\/wp-content\/uploads\/2018\/08\/2018081101233.jpg?ssl=1\"><img data-recalc-dims=\"1\" loading=\"lazy\" decoding=\"async\" data-attachment-id=\"27401\" data-permalink=\"https:\/\/georg-dahlhoff.de\/wp\/?attachment_id=27401\" data-orig-file=\"https:\/\/i0.wp.com\/georg-dahlhoff.de\/wp\/wp-content\/uploads\/2018\/08\/2018081101233.jpg?fit=2100%2C1400&amp;ssl=1\" data-orig-size=\"2100,1400\" data-comments-opened=\"1\" data-image-meta=\"{&quot;aperture&quot;:&quot;0&quot;,&quot;credit&quot;:&quot;&quot;,&quot;camera&quot;:&quot;&quot;,&quot;caption&quot;:&quot;&quot;,&quot;created_timestamp&quot;:&quot;0&quot;,&quot;copyright&quot;:&quot;&quot;,&quot;focal_length&quot;:&quot;0&quot;,&quot;iso&quot;:&quot;0&quot;,&quot;shutter_speed&quot;:&quot;0&quot;,&quot;title&quot;:&quot;&quot;,&quot;orientation&quot;:&quot;0&quot;}\" data-image-title=\"201808111233\" data-image-description=\"\" data-image-caption=\"&lt;p&gt;Schwabenbeim: St. Bartholom\u00e4us &amp;#8211; Bild Nr. 201808111233&lt;\/p&gt;\n\" data-large-file=\"https:\/\/i0.wp.com\/georg-dahlhoff.de\/wp\/wp-content\/uploads\/2018\/08\/2018081101233.jpg?fit=600%2C400&amp;ssl=1\" class=\"size-large wp-image-27401\" src=\"https:\/\/i0.wp.com\/georg-dahlhoff.de\/wp\/wp-content\/uploads\/2018\/08\/2018081101233.jpg?resize=600%2C400&#038;ssl=1\" alt=\"\" width=\"600\" height=\"400\" srcset=\"https:\/\/i0.wp.com\/georg-dahlhoff.de\/wp\/wp-content\/uploads\/2018\/08\/2018081101233.jpg?resize=600%2C400&amp;ssl=1 600w, https:\/\/i0.wp.com\/georg-dahlhoff.de\/wp\/wp-content\/uploads\/2018\/08\/2018081101233.jpg?resize=300%2C200&amp;ssl=1 300w, https:\/\/i0.wp.com\/georg-dahlhoff.de\/wp\/wp-content\/uploads\/2018\/08\/2018081101233.jpg?resize=768%2C512&amp;ssl=1 768w, https:\/\/i0.wp.com\/georg-dahlhoff.de\/wp\/wp-content\/uploads\/2018\/08\/2018081101233.jpg?w=1620&amp;ssl=1 1620w\" sizes=\"auto, (max-width: 600px) 100vw, 600px\" \/><\/a><figcaption id=\"caption-attachment-27401\" class=\"wp-caption-text\">Schwabenbeim: St. Bartholom\u00e4us &#8211; Bild Nr. 201808111233<\/figcaption><\/figure>\n<figure id=\"attachment_1568\" aria-describedby=\"caption-attachment-1568\" style=\"width: 205px\" class=\"wp-caption aligncenter\"><a href=\"https:\/\/i0.wp.com\/georg-dahlhoff.de\/blog\/wp-content\/uploads\/2010\/12\/200504010673-swh.jpg\" target=\"_blank\" rel=\"noopener\"><img data-recalc-dims=\"1\" loading=\"lazy\" decoding=\"async\" class=\"size-medium wp-image-1568\" title=\"200504010673 - Schwabenheim: Altes Feuerwehrhaus\" src=\"https:\/\/i0.wp.com\/georg-dahlhoff.de\/blog\/wp-content\/uploads\/2010\/12\/200504010673-swh-205x300.jpg?resize=205%2C300\" alt=\"\" width=\"205\" height=\"300\" \/><\/a><figcaption id=\"caption-attachment-1568\" class=\"wp-caption-text\">Schwabenheim: Altes Feuerwehrhaus &#8211; Bild Nr. 200504010673<\/figcaption><\/figure>\n<p style=\"text-align: center;\"><em>&#8230;<\/em><\/p>\n<p style=\"text-align: center;\"><em>F\u00fcr die Fotografien gilt das Urheberrecht! Jegliche Verwendung des Bildmaterials ohne Genehmigung des Fotografen ist untersagt. Informationen zum Erwerb von Ver\u00f6ffentlichungsrechten finden Sie <\/em><a title=\"Ver\u00f6ffentlichungsrechte\" href=\"https:\/\/georg-dahlhoff.de\/wp\/?page_id=11938\"><em>hier<\/em><\/a><em>.<\/em><\/p>\n","protected":false},"excerpt":{"rendered":"<p>Gemeinde Schwabenheim an der Selz, Verbandsgemeinde Gau-Algesheim, ca. 2.700 Einwohner, http:\/\/www.schwabenheim.de\/ Das Selztal war schon fr\u00fch besiedelt. Arch\u00e4ologische Funde lassen sich auf eine Zeit um das Jahr 600 v. Chr. [&hellip;]<\/p>\n","protected":false},"author":1,"featured_media":0,"parent":906,"menu_order":1,"comment_status":"closed","ping_status":"open","template":"","meta":{"jetpack_post_was_ever_published":false,"footnotes":""},"class_list":["post-1008","page","type-page","status-publish","hentry"],"jetpack_shortlink":"https:\/\/wp.me\/P8MzOO-gg","jetpack-related-posts":[],"jetpack_likes_enabled":true,"jetpack_sharing_enabled":true,"_links":{"self":[{"href":"https:\/\/georg-dahlhoff.de\/wp\/index.php?rest_route=\/wp\/v2\/pages\/1008","targetHints":{"allow":["GET"]}}],"collection":[{"href":"https:\/\/georg-dahlhoff.de\/wp\/index.php?rest_route=\/wp\/v2\/pages"}],"about":[{"href":"https:\/\/georg-dahlhoff.de\/wp\/index.php?rest_route=\/wp\/v2\/types\/page"}],"author":[{"embeddable":true,"href":"https:\/\/georg-dahlhoff.de\/wp\/index.php?rest_route=\/wp\/v2\/users\/1"}],"replies":[{"embeddable":true,"href":"https:\/\/georg-dahlhoff.de\/wp\/index.php?rest_route=%2Fwp%2Fv2%2Fcomments&post=1008"}],"version-history":[{"count":2,"href":"https:\/\/georg-dahlhoff.de\/wp\/index.php?rest_route=\/wp\/v2\/pages\/1008\/revisions"}],"predecessor-version":[{"id":27403,"href":"https:\/\/georg-dahlhoff.de\/wp\/index.php?rest_route=\/wp\/v2\/pages\/1008\/revisions\/27403"}],"up":[{"embeddable":true,"href":"https:\/\/georg-dahlhoff.de\/wp\/index.php?rest_route=\/wp\/v2\/pages\/906"}],"wp:attachment":[{"href":"https:\/\/georg-dahlhoff.de\/wp\/index.php?rest_route=%2Fwp%2Fv2%2Fmedia&parent=1008"}],"curies":[{"name":"wp","href":"https:\/\/api.w.org\/{rel}","templated":true}]}}