{"id":1004,"date":"2010-12-01T22:19:28","date_gmt":"2010-12-01T21:19:28","guid":{"rendered":"http:\/\/georg-dahlhoff.de\/blog\/"},"modified":"2010-12-01T22:19:28","modified_gmt":"2010-12-01T21:19:28","slug":"ockenheim","status":"publish","type":"page","link":"https:\/\/georg-dahlhoff.de\/wp\/?page_id=1004","title":{"rendered":"Ockenheim"},"content":{"rendered":"<p style=\"text-align: center;\"><a href=\"https:\/\/georg-dahlhoff.de\/wp\/?page_id=11740\"><img data-recalc-dims=\"1\" loading=\"lazy\" decoding=\"async\" class=\"size-full wp-image-11771 aligncenter\" title=\"mainz-bingen-foto.de\" src=\"https:\/\/i0.wp.com\/georg-dahlhoff.de\/wp\/wp-content\/uploads\/2012\/09\/titelbanner.jpg?resize=623%2C80&#038;ssl=1\" alt=\"\" width=\"623\" height=\"80\" \/><\/a><\/p>\n<p style=\"text-align: center;\"><strong>Gemeinde Ockenheim<\/strong>, Verbandsgemeinde Gau-Algesheim, ca. 2.600 Einwohner,<br \/>\n<a href=\"http:\/\/www.ockenheim.de\/\" target=\"_blank\">http:\/\/www.ockenheim.de\/<\/a><\/p>\n<figure id=\"attachment_1445\" aria-describedby=\"caption-attachment-1445\" style=\"width: 300px\" class=\"wp-caption aligncenter\"><a href=\"https:\/\/i0.wp.com\/georg-dahlhoff.de\/blog\/wp-content\/uploads\/2010\/12\/200307074655-ock.jpg\" target=\"_blank\"><img data-recalc-dims=\"1\" loading=\"lazy\" decoding=\"async\" class=\"size-medium wp-image-1445\" title=\"200307074655 - Ockenheim\" src=\"https:\/\/i0.wp.com\/georg-dahlhoff.de\/blog\/wp-content\/uploads\/2010\/12\/200307074655-ock-300x225.jpg?resize=300%2C225\" alt=\"\" width=\"300\" height=\"225\" \/><\/a><figcaption id=\"caption-attachment-1445\" class=\"wp-caption-text\">Ockenheim &#8211; Bild Nr. 200307074655<\/figcaption><\/figure>\n<p style=\"text-align: center;\">Dieses \u00dcbersichtsbild zeigt die Gemeinde\u00a0<strong>Ockenheim<\/strong> vom Jakobsberg aus gesehen.\u00a0In der Mitte ist die\u00a0<strong>Katholische Pfarrkirche St. Peter und Paul<\/strong> zu sehen. Sie wurde im Jahre 1774 im Barockstil erbaut.<\/p>\n<figure id=\"attachment_1448\" aria-describedby=\"caption-attachment-1448\" style=\"width: 225px\" class=\"wp-caption aligncenter\"><a href=\"https:\/\/i0.wp.com\/georg-dahlhoff.de\/blog\/wp-content\/uploads\/2010\/12\/200307074671-ock.jpg\" target=\"_blank\"><img data-recalc-dims=\"1\" loading=\"lazy\" decoding=\"async\" class=\"size-medium wp-image-1448\" title=\"200307074671 - Ockenheim: 14-Nothelfer-Kapelle\" src=\"https:\/\/i0.wp.com\/georg-dahlhoff.de\/blog\/wp-content\/uploads\/2010\/12\/200307074671-ock-225x300.jpg?resize=225%2C300\" alt=\"\" width=\"225\" height=\"300\" \/><\/a><figcaption id=\"caption-attachment-1448\" class=\"wp-caption-text\">Ockenheim: Wallfahrtskapelle zu den Vierzehn Nothelfern &#8211; Bild Nr. 200307074671<\/figcaption><\/figure>\n<p style=\"text-align: center;\">Auf dem\u00a0<strong>Jakobsberg<\/strong> oberhalb von Ockenheim steht diese 250 Jahre alte\u00a0<strong>Wallfahrtskapelle zu den Vierzehn Nothelfern<\/strong>. Zur Kapelle geh\u00f6rt das<strong>Benediktinerkloster Jakobsberg<\/strong>. Zum Kloster geh\u00f6rt heute ein Bildungszentrum f\u00fcr die Jugend- und Erwachsenenbildung. Neben den Schulungsr\u00e4umen stehen G\u00e4steh\u00e4user und Freizeiteinrichtungen zur Verf\u00fcgung.<\/p>\n<figure id=\"attachment_1449\" aria-describedby=\"caption-attachment-1449\" style=\"width: 300px\" class=\"wp-caption aligncenter\"><a href=\"https:\/\/i0.wp.com\/georg-dahlhoff.de\/blog\/wp-content\/uploads\/2010\/12\/200307074673-ock.jpg\" target=\"_blank\"><img data-recalc-dims=\"1\" loading=\"lazy\" decoding=\"async\" class=\"size-medium wp-image-1449\" title=\"200307074673 - Ockenheim: Jakobsberger Weinlaube\" src=\"https:\/\/i0.wp.com\/georg-dahlhoff.de\/blog\/wp-content\/uploads\/2010\/12\/200307074673-ock-300x225.jpg?resize=300%2C225\" alt=\"\" width=\"300\" height=\"225\" \/><\/a><figcaption id=\"caption-attachment-1449\" class=\"wp-caption-text\">Ockenheim: Jakobsberger Weinlaube &#8211; Bild Nr. 200307074673<\/figcaption><\/figure>\n<p style=\"text-align: center;\">Die\u00a0<strong>Jakobsberger Weinlaube<\/strong> neben dem Kloster ist einmalig in Deutschland. Die jeweils 65 Weinst\u00f6cke in zwei Reihen bestehen aus\u00a0<strong>130 verschiedene Rebsorten<\/strong>, die der Betrachter hier in Aussehen, Form und Farbe vergleichen kann.<\/p>\n<p style=\"text-align: center;\"><em>&#8230;<\/em><\/p>\n<p style=\"text-align: center;\"><em>F\u00fcr die Fotografien gilt das Urheberrecht! Jegliche Verwendung des Bildmaterials ohne Genehmigung des Fotografen ist untersagt. Informationen zum Erwerb von Ver\u00f6ffentlichungsrechten finden Sie <\/em><a title=\"Ver\u00f6ffentlichungsrechte\" href=\"https:\/\/georg-dahlhoff.de\/wp\/?page_id=11938\"><em>hier<\/em><\/a><em>.<\/em><\/p>\n","protected":false},"excerpt":{"rendered":"<p>Gemeinde Ockenheim, Verbandsgemeinde Gau-Algesheim, ca. 2.600 Einwohner, http:\/\/www.ockenheim.de\/ Dieses \u00dcbersichtsbild zeigt die Gemeinde\u00a0Ockenheim vom Jakobsberg aus gesehen.\u00a0In der Mitte ist die\u00a0Katholische Pfarrkirche St. Peter und Paul zu sehen. Sie wurde [&hellip;]<\/p>\n","protected":false},"author":1,"featured_media":0,"parent":962,"menu_order":4,"comment_status":"closed","ping_status":"open","template":"tpl_fullwidth-page.php","meta":{"jetpack_post_was_ever_published":false,"footnotes":""},"class_list":["post-1004","page","type-page","status-publish","hentry"],"jetpack_shortlink":"https:\/\/wp.me\/P8MzOO-gc","jetpack-related-posts":[],"jetpack_likes_enabled":true,"jetpack_sharing_enabled":true,"_links":{"self":[{"href":"https:\/\/georg-dahlhoff.de\/wp\/index.php?rest_route=\/wp\/v2\/pages\/1004","targetHints":{"allow":["GET"]}}],"collection":[{"href":"https:\/\/georg-dahlhoff.de\/wp\/index.php?rest_route=\/wp\/v2\/pages"}],"about":[{"href":"https:\/\/georg-dahlhoff.de\/wp\/index.php?rest_route=\/wp\/v2\/types\/page"}],"author":[{"embeddable":true,"href":"https:\/\/georg-dahlhoff.de\/wp\/index.php?rest_route=\/wp\/v2\/users\/1"}],"replies":[{"embeddable":true,"href":"https:\/\/georg-dahlhoff.de\/wp\/index.php?rest_route=%2Fwp%2Fv2%2Fcomments&post=1004"}],"version-history":[{"count":0,"href":"https:\/\/georg-dahlhoff.de\/wp\/index.php?rest_route=\/wp\/v2\/pages\/1004\/revisions"}],"up":[{"embeddable":true,"href":"https:\/\/georg-dahlhoff.de\/wp\/index.php?rest_route=\/wp\/v2\/pages\/962"}],"wp:attachment":[{"href":"https:\/\/georg-dahlhoff.de\/wp\/index.php?rest_route=%2Fwp%2Fv2%2Fmedia&parent=1004"}],"curies":[{"name":"wp","href":"https:\/\/api.w.org\/{rel}","templated":true}]}}